{"id":3076,"date":"2021-05-19T03:05:33","date_gmt":"2021-05-19T03:05:33","guid":{"rendered":"https:\/\/starseedmakeup.com\/?page_id=3076"},"modified":"2022-06-10T18:28:27","modified_gmt":"2022-06-10T04:28:27","slug":"free-lash-samples","status":"publish","type":"page","link":"http:\/\/starseedmakeup.com\/es\/muestras-de-pestanas-gratuitas\/","title":{"rendered":"Muestras de pesta\u00f1as"},"content":{"rendered":"<section class=\"l-section wpb_row us_custom_51786714 height_medium\"><div class=\"l-section-h i-cf\"><div class=\"g-cols vc_row via_flex valign_top type_default stacking_default\"><div class=\"vc_col-sm-12 wpb_column vc_column_container\"><div class=\"vc_column-inner\"><div class=\"wpb_wrapper\"><div class=\"wpb_text_column\"><div class=\"wpb_wrapper\"><h1>Muestras de pesta\u00f1as<\/h1>\n<p>Eche un vistazo a nuestras pesta\u00f1as de calidad antes de realizar su pedido al por mayor con nuestro embalaje predeterminado.<\/p>\n<\/div><\/div><\/div><\/div><\/div><\/div><\/div><\/section><section class=\"l-section wpb_row us_custom_217cb94a has_text_color height_small\"><div class=\"l-section-h i-cf\"><div class=\"g-cols vc_row via_flex valign_top type_default stacking_default\"><div class=\"vc_col-sm-12 wpb_column vc_column_container\"><div class=\"vc_column-inner\"><div class=\"wpb_wrapper\"><ol class=\"g-breadcrumbs us_custom_ae99f6aa has_text_color separator_icon align_none\" itemscope itemtype=\"http:\/\/schema.org\/BreadcrumbList\"><li class=\"g-breadcrumbs-item\" itemscope itemprop=\"itemListElement\" itemtype=\"http:\/\/schema.org\/ListItem\"><a itemprop=\"item\" href=\"http:\/\/starseedmakeup.com\/es\/\"><span itemprop=\"name\">Inicio<\/span><\/a><meta itemprop=\"position\" content=\"1\"\/><\/li><li class=\"g-breadcrumbs-separator\"><i class=\"far fa-angle-right\"><\/i><\/li><li class=\"g-breadcrumbs-item\">P\u00e1ginas<\/li><\/ol><\/div><\/div><\/div><\/div><\/div><\/section><section class=\"l-section wpb_row height_medium\"><div class=\"l-section-h i-cf\"><div class=\"g-cols vc_row via_flex valign_middle type_default stacking_default\"><div class=\"vc_col-sm-2 wpb_column vc_column_container\"><div class=\"vc_column-inner\"><div class=\"wpb_wrapper\"><\/div><\/div><\/div><div class=\"vc_col-sm-8 wpb_column vc_column_container\"><div class=\"vc_column-inner\"><div class=\"wpb_wrapper\"><div class=\"wpb_text_column\"><div class=\"wpb_wrapper\"><h2 style=\"text-align: center;\">Muestras r\u00e1pidas antes de pedidos al por mayor<\/h2>\n<p style=\"text-align: center;\">Starseed ofrece muestras de extensiones de pesta\u00f1as y pesta\u00f1as postizas en tira a nuestros clientes, lo que ayudar\u00eda a nuestros clientes a saber lo buenas que son nuestras extensiones de pesta\u00f1as y pesta\u00f1as. Le enviaremos varias cajas de muestras de pesta\u00f1as y otros accesorios. La fecha de entrega ser\u00e1 <strong>5~7 d\u00edas v\u00eda Fedex o DHL Express<\/strong>.<\/p>\n<\/div><\/div><div class=\"w-separator size_medium\"><\/div><\/div><\/div><\/div><div class=\"vc_col-sm-2 wpb_column vc_column_container\"><div class=\"vc_column-inner\"><div class=\"wpb_wrapper\"><\/div><\/div><\/div><div class=\"vc_col-sm-12 wpb_column vc_column_container\"><div class=\"vc_column-inner\"><div class=\"wpb_wrapper\"><div class=\"w-grid items_valign_center type_carousel layout_gallery_default cols_5 valign_center\" id=\"us_grid_1\"><style>#us_grid_1 .w-grid-item{padding:1.5rem}#us_grid_1 .w-grid-list{margin:-1.5rem}.w-grid + #us_grid_1 .w-grid-list,.w-grid-none + #us_grid_1 .w-grid-list{margin-top:1.5rem}.layout_gallery_default .w-grid-item-h{}<\/style><div class=\"w-grid-list owl-carousel navstyle_circle navpos_outside with_dots\">\t<article class=\"w-grid-item post-4671 attachment type-attachment status-inherit hentry\" data-id=\"4671\">\r\n\t\t<div class=\"w-grid-item-h\">\r\n\t\t\t\t\t\t<div class=\"w-post-elm post_image usg_post_image_1 stretched\"><img width=\"300\" height=\"300\" src=\"http:\/\/starseedmakeup.com\/wp-content\/uploads\/2021\/06\/Starseed-free-eyelashes-sample5-300x300.jpg\" class=\"attachment-medium size-medium\" alt=\"Muestra gratuita de pesta\u00f1as Starseed\" decoding=\"async\" loading=\"lazy\" srcset=\"http:\/\/starseedmakeup.com\/wp-content\/uploads\/2021\/06\/Starseed-free-eyelashes-sample5-300x300.jpg 300w, http:\/\/starseedmakeup.com\/wp-content\/uploads\/2021\/06\/Starseed-free-eyelashes-sample5-150x150.jpg 150w, http:\/\/starseedmakeup.com\/wp-content\/uploads\/2021\/06\/Starseed-free-eyelashes-sample5.jpg 407w\" sizes=\"(max-width: 300px) 100vw, 300px\" \/><\/div>\t\t<\/div>\r\n\t<\/article>\r\n\t<article class=\"w-grid-item post-4672 attachment type-attachment status-inherit hentry\" data-id=\"4672\">\r\n\t\t<div class=\"w-grid-item-h\">\r\n\t\t\t\t\t\t<div class=\"w-post-elm post_image usg_post_image_1 stretched\"><img width=\"300\" height=\"300\" src=\"http:\/\/starseedmakeup.com\/wp-content\/uploads\/2021\/06\/Starseed-free-eyelashes-sample4-300x300.jpg\" class=\"attachment-medium size-medium\" alt=\"Muestra gratuita de pesta\u00f1as Starseed\" decoding=\"async\" loading=\"lazy\" srcset=\"http:\/\/starseedmakeup.com\/wp-content\/uploads\/2021\/06\/Starseed-free-eyelashes-sample4-300x300.jpg 300w, http:\/\/starseedmakeup.com\/wp-content\/uploads\/2021\/06\/Starseed-free-eyelashes-sample4-150x150.jpg 150w, http:\/\/starseedmakeup.com\/wp-content\/uploads\/2021\/06\/Starseed-free-eyelashes-sample4.jpg 407w\" sizes=\"(max-width: 300px) 100vw, 300px\" \/><\/div>\t\t<\/div>\r\n\t<\/article>\r\n\t<article class=\"w-grid-item post-4673 attachment type-attachment status-inherit hentry\" data-id=\"4673\">\r\n\t\t<div class=\"w-grid-item-h\">\r\n\t\t\t\t\t\t<div class=\"w-post-elm post_image usg_post_image_1 stretched\"><img width=\"300\" height=\"300\" src=\"http:\/\/starseedmakeup.com\/wp-content\/uploads\/2021\/06\/Starseed-free-eyelashes-sample3-300x300.jpg\" class=\"attachment-medium size-medium\" alt=\"Muestra gratuita de pesta\u00f1as Starseed\" decoding=\"async\" loading=\"lazy\" srcset=\"http:\/\/starseedmakeup.com\/wp-content\/uploads\/2021\/06\/Starseed-free-eyelashes-sample3-300x300.jpg 300w, http:\/\/starseedmakeup.com\/wp-content\/uploads\/2021\/06\/Starseed-free-eyelashes-sample3-150x150.jpg 150w, http:\/\/starseedmakeup.com\/wp-content\/uploads\/2021\/06\/Starseed-free-eyelashes-sample3.jpg 407w\" sizes=\"(max-width: 300px) 100vw, 300px\" \/><\/div>\t\t<\/div>\r\n\t<\/article>\r\n\t<article class=\"w-grid-item post-4674 attachment type-attachment status-inherit hentry\" data-id=\"4674\">\r\n\t\t<div class=\"w-grid-item-h\">\r\n\t\t\t\t\t\t<div class=\"w-post-elm post_image usg_post_image_1 stretched\"><img width=\"300\" height=\"300\" src=\"http:\/\/starseedmakeup.com\/wp-content\/uploads\/2021\/06\/Starseed-free-eyelashes-sample2-300x300.jpg\" class=\"attachment-medium size-medium\" alt=\"Muestra gratuita de pesta\u00f1as Starseed\" decoding=\"async\" loading=\"lazy\" srcset=\"http:\/\/starseedmakeup.com\/wp-content\/uploads\/2021\/06\/Starseed-free-eyelashes-sample2-300x300.jpg 300w, http:\/\/starseedmakeup.com\/wp-content\/uploads\/2021\/06\/Starseed-free-eyelashes-sample2-150x150.jpg 150w, http:\/\/starseedmakeup.com\/wp-content\/uploads\/2021\/06\/Starseed-free-eyelashes-sample2.jpg 407w\" sizes=\"(max-width: 300px) 100vw, 300px\" \/><\/div>\t\t<\/div>\r\n\t<\/article>\r\n\t<article class=\"w-grid-item post-4675 attachment type-attachment status-inherit hentry\" data-id=\"4675\">\r\n\t\t<div class=\"w-grid-item-h\">\r\n\t\t\t\t\t\t<div class=\"w-post-elm post_image usg_post_image_1 stretched\"><img width=\"300\" height=\"300\" src=\"http:\/\/starseedmakeup.com\/wp-content\/uploads\/2021\/06\/Starseed-free-eyelashes-sample1-300x300.jpg\" class=\"attachment-medium size-medium\" alt=\"Muestra gratuita de pesta\u00f1as Starseed\" decoding=\"async\" loading=\"lazy\" srcset=\"http:\/\/starseedmakeup.com\/wp-content\/uploads\/2021\/06\/Starseed-free-eyelashes-sample1-300x300.jpg 300w, http:\/\/starseedmakeup.com\/wp-content\/uploads\/2021\/06\/Starseed-free-eyelashes-sample1-150x150.jpg 150w, http:\/\/starseedmakeup.com\/wp-content\/uploads\/2021\/06\/Starseed-free-eyelashes-sample1.jpg 407w\" sizes=\"(max-width: 300px) 100vw, 300px\" \/><\/div>\t\t<\/div>\r\n\t<\/article>\r\n<\/div><div class=\"g-preloader type_1\">\r\n\t<div><\/div>\r\n<\/div>\r\n\t<div class=\"w-grid-json hidden\" onclick='return {&quot;action&quot;:&quot;us_ajax_grid&quot;,&quot;ajax_url&quot;:&quot;http:\\\/\\\/starseedmakeup.com\\\/wp-admin\\\/admin-ajax.php&quot;,&quot;infinite_scroll&quot;:0,&quot;max_num_pages&quot;:1,&quot;pagination&quot;:&quot;none&quot;,&quot;permalink_url&quot;:&quot;http:\\\/\\\/starseedmakeup.com\\\/es\\\/wp-json\\\/wp\\\/v2\\\/pages\\\/3076&quot;,&quot;template_vars&quot;:{&quot;columns&quot;:&quot;5&quot;,&quot;exclude_items&quot;:&quot;none&quot;,&quot;img_size&quot;:&quot;medium&quot;,&quot;ignore_items_size&quot;:false,&quot;items_layout&quot;:&quot;gallery_default&quot;,&quot;items_offset&quot;:&quot;1&quot;,&quot;load_animation&quot;:&quot;none&quot;,&quot;overriding_link&quot;:&quot;none&quot;,&quot;post_id&quot;:3076,&quot;query_args&quot;:{&quot;post_type&quot;:[&quot;attachment&quot;],&quot;post__in&quot;:[&quot;4671&quot;,&quot;4672&quot;,&quot;4673&quot;,&quot;4674&quot;,&quot;4675&quot;],&quot;post_status&quot;:&quot;inherit&quot;,&quot;post_mime_type&quot;:&quot;image&quot;,&quot;posts_per_page&quot;:&quot;5&quot;},&quot;orderby_query_args&quot;:{&quot;orderby&quot;:{&quot;post__in&quot;:&quot;ASC&quot;},&quot;order&quot;:&quot;ASC&quot;},&quot;type&quot;:&quot;carousel&quot;,&quot;us_grid_ajax_index&quot;:1,&quot;us_grid_filter_params&quot;:null,&quot;us_grid_index&quot;:1,&quot;_us_grid_post_type&quot;:&quot;attachment&quot;},&quot;carousel_settings&quot;:{&quot;autoHeight&quot;:0,&quot;autoplay&quot;:0,&quot;carousel_fade&quot;:0,&quot;center&quot;:0,&quot;dots&quot;:1,&quot;items&quot;:&quot;5&quot;,&quot;loop&quot;:false,&quot;nav&quot;:0,&quot;slideby&quot;:&quot;1&quot;,&quot;smooth_play&quot;:0,&quot;speed&quot;:250,&quot;timeout&quot;:3000,&quot;transition&quot;:&quot;&quot;},&quot;carousel_breakpoints&quot;:{&quot;0&quot;:{&quot;autoHeight&quot;:0,&quot;autoplay&quot;:1,&quot;autoplayHoverPause&quot;:1,&quot;items&quot;:2,&quot;loop&quot;:false,&quot;stagePadding&quot;:0},&quot;600&quot;:{&quot;autoHeight&quot;:0,&quot;autoplay&quot;:1,&quot;autoplayHoverPause&quot;:1,&quot;items&quot;:2,&quot;loop&quot;:false,&quot;stagePadding&quot;:0},&quot;900&quot;:{&quot;autoHeight&quot;:0,&quot;autoplay&quot;:1,&quot;autoplayHoverPause&quot;:1,&quot;items&quot;:3,&quot;loop&quot;:false,&quot;stagePadding&quot;:0},&quot;1200&quot;:{&quot;items&quot;:5,&quot;stagePadding&quot;:0}}}'><\/div>\r\n\t<\/div><\/div><\/div><\/div><\/div><\/div><\/section><section class=\"l-section wpb_row us_custom_b992cee1 height_medium\"><div class=\"l-section-h i-cf\"><div class=\"g-cols vc_row via_flex valign_top type_default stacking_default\"><div class=\"vc_col-sm-12 wpb_column vc_column_container\"><div class=\"vc_column-inner\"><div class=\"wpb_wrapper\"><div class=\"wpb_text_column\"><div class=\"wpb_wrapper\"><h2 style=\"text-align: center;\">2 formas de obtener muestras<\/h2>\n<\/div><\/div><div class=\"w-separator size_medium\"><\/div><\/div><\/div><\/div><div class=\"vc_col-sm-6 wpb_column vc_column_container\"><div class=\"vc_column-inner\"><div class=\"wpb_wrapper\"><div class=\"wpb_text_column\"><div class=\"wpb_wrapper\"><h3 style=\"text-align: center;\">\u2460 Elija su Fav &amp; Contacto<\/h3>\n<p class=\"desc\">\u00bfYa le interesan algunos productos de la lista? El siguiente paso es dejar sus requisitos en el formulario de esa p\u00e1gina y enviarlo. Nuestro equipo de ventas se pondr\u00e1 en contacto con usted en breve para facilitarle informaci\u00f3n detallada sobre las muestras.<\/p>\n<\/div><\/div><div class=\"w-separator size_small\"><\/div><div class=\"w-hwrapper align_none valign_top\"><div class=\"w-btn-wrapper align_none\"><a class=\"w-btn us-btn-style_1\" title=\"Todas las pesta\u00f1as\" href=\"http:\/\/starseedmakeup.com\/es\/todo-pestanas\/\"><span class=\"w-btn-label\">Ver todas las pesta\u00f1as<\/span><\/a><\/div><div class=\"w-btn-wrapper align_none\"><a class=\"w-btn us-btn-style_1\" title=\"P\u00f3ngase en contacto con\" href=\"http:\/\/starseedmakeup.com\/es\/pongase-en-contacto-con\/\"><span class=\"w-btn-label\">Contacto<\/span><\/a><\/div><\/div><\/div><\/div><\/div><div class=\"vc_col-sm-6 wpb_column vc_column_container\"><div class=\"vc_column-inner\"><div class=\"wpb_wrapper\"><div class=\"wpb_text_column\"><div class=\"wpb_wrapper\"><h3 style=\"text-align: center;\">\u2461 S\u00f3lo tiene que rellenar aqu\u00ed y solicitarlo<\/h3>\n<\/div><\/div><div role=\"form\" class=\"wpcf7\" id=\"wpcf7-f6-o1\" lang=\"en-US\" dir=\"ltr\">\n<div class=\"screen-reader-response\"><p role=\"status\" aria-live=\"polite\" aria-atomic=\"true\"><\/p> <ul><\/ul><\/div>\n<form action=\"\/es\/wp-json\/wp\/v2\/pages\/3076#wpcf7-f6-o1\" method=\"post\" class=\"wpcf7-form init\" novalidate=\"novalidate\" data-status=\"init\" data-trp-original-action=\"\/es\/wp-json\/wp\/v2\/pages\/3076#wpcf7-f6-o1\">\n<div style=\"display: none;\">\n<input type=\"hidden\" name=\"_wpcf7\" value=\"6\" \/>\n<input type=\"hidden\" name=\"_wpcf7_version\" value=\"5.6.4\" \/>\n<input type=\"hidden\" name=\"_wpcf7_locale\" value=\"en_US\" \/>\n<input type=\"hidden\" name=\"_wpcf7_unit_tag\" value=\"wpcf7-f6-o1\" \/>\n<input type=\"hidden\" name=\"_wpcf7_container_post\" value=\"0\" \/>\n<input type=\"hidden\" name=\"_wpcf7_posted_data_hash\" value=\"\" \/>\n<\/div>\n<p><label><span class=\"wpcf7-form-control-wrap\" data-name=\"your-name\"><input type=\"text\" name=\"your-name\" value=\"\" size=\"40\" class=\"wpcf7-form-control wpcf7-text wpcf7-validates-as-required\" aria-required=\"true\" aria-invalid=\"false\" placeholder=\"Nombre\" \/><\/span><\/label><\/p>\n<p><label><span class=\"wpcf7-form-control-wrap\" data-name=\"your-email\"><input type=\"email\" name=\"your-email\" value=\"\" size=\"40\" class=\"wpcf7-form-control wpcf7-text wpcf7-email wpcf7-validates-as-required wpcf7-validates-as-email\" aria-required=\"true\" aria-invalid=\"false\" placeholder=\"Correo electr\u00f3nico\" \/><\/span><\/label><\/p>\n<p><label><span class=\"wpcf7-form-control-wrap\" data-name=\"your-phone\"><input type=\"text\" name=\"your-phone\" value=\"\" size=\"40\" class=\"wpcf7-form-control wpcf7-text\" aria-invalid=\"false\" placeholder=\"Tel\u00e9fono\/Whatsapp\" \/><\/span><\/label><\/p>\n<p><label><span class=\"wpcf7-form-control-wrap\" data-name=\"your-country\"><input type=\"text\" name=\"your-country\" value=\"\" size=\"40\" class=\"wpcf7-form-control wpcf7-text wpcf7-validates-as-required\" aria-required=\"true\" aria-invalid=\"false\" placeholder=\"Pa\u00eds\" \/><\/span><\/label><\/p>\n<p><label><span class=\"wpcf7-form-control-wrap\" data-name=\"your-message\"><textarea name=\"your-message\" cols=\"40\" rows=\"10\" class=\"wpcf7-form-control wpcf7-textarea\" aria-invalid=\"false\" placeholder=\"Mensaje\"><\/textarea><\/span><\/label><\/p>\n<p><input type=\"submit\" value=\"Enviar solicitud\" class=\"wpcf7-form-control has-spinner wpcf7-submit\" \/><\/p>\n<p style=\"display: none !important;\"><label>&#916;<textarea name=\"_wpcf7_ak_hp_textarea\" cols=\"45\" rows=\"8\" maxlength=\"100\"><\/textarea><\/label><input type=\"hidden\" id=\"ak_js_1\" name=\"_wpcf7_ak_js\" value=\"39\"\/><script>document.getElementById( \"ak_js_1\" ).setAttribute( \"value\", ( new Date() ).getTime() );<\/script><\/p><input type='hidden' class='wpcf7-pum' value='{\"closepopup\":false,\"closedelay\":0,\"openpopup\":false,\"openpopup_id\":0}' \/><div class=\"wpcf7-response-output\" aria-hidden=\"true\"><\/div><input type=\"hidden\" name=\"trp-form-language\" value=\"es\"\/><\/form><\/div><\/div><\/div><\/div><\/div><\/div><\/section>","protected":false},"excerpt":{"rendered":"","protected":false},"author":1,"featured_media":0,"parent":0,"menu_order":0,"comment_status":"closed","ping_status":"closed","template":"","meta":[],"categories":[],"tags":[],"yoast_head":"<!-- This site is optimized with the Yoast SEO Premium plugin v20.5 (Yoast SEO v20.5) - https:\/\/yoast.com\/wordpress\/plugins\/seo\/ -->\n<title>Free Vegan Faux Mink Eyelashes Samples Manufacturer - Starseed<\/title>\n<meta name=\"description\" content=\"Get free eyelashes samples before your bulk order and get eyelashes packaging boxes wholesale! Starseed offers DHL\/FedEx delivery.\" \/>\n<meta name=\"robots\" content=\"index, follow, max-snippet:-1, max-image-preview:large, max-video-preview:-1\" \/>\n<link rel=\"canonical\" href=\"http:\/\/starseedmakeup.com\/es\/free-lash-samples\/\" \/>\n<meta property=\"og:locale\" content=\"es_ES\" \/>\n<meta property=\"og:type\" content=\"article\" \/>\n<meta property=\"og:title\" content=\"Free Vegan Faux Mink Eyelashes Samples Manufacturer - Starseed\" \/>\n<meta property=\"og:description\" content=\"Get free eyelashes samples before your bulk order and get eyelashes packaging boxes wholesale! Starseed offers DHL\/FedEx delivery.\" \/>\n<meta property=\"og:url\" content=\"http:\/\/starseedmakeup.com\/es\/free-lash-samples\/\" \/>\n<meta property=\"og:site_name\" content=\"Starseed\" \/>\n<meta property=\"article:modified_time\" content=\"2022-06-10T04:28:27+00:00\" \/>\n<meta name=\"twitter:card\" content=\"summary_large_image\" \/>\n<meta name=\"twitter:label1\" content=\"Est. reading time\" \/>\n\t<meta name=\"twitter:data1\" content=\"1 minuto\" \/>\n<script type=\"application\/ld+json\" class=\"yoast-schema-graph\">{\"@context\":\"https:\/\/schema.org\",\"@graph\":[{\"@type\":\"WebPage\",\"@id\":\"http:\/\/starseedmakeup.com\/ru\/free-lash-samples\/\",\"url\":\"http:\/\/starseedmakeup.com\/ru\/free-lash-samples\/\",\"name\":\"Free Vegan Faux Mink Eyelashes Samples Manufacturer - Starseed\",\"isPartOf\":{\"@id\":\"http:\/\/starseedmakeup.com\/#website\"},\"datePublished\":\"2021-05-19T03:05:33+00:00\",\"dateModified\":\"2022-06-10T04:28:27+00:00\",\"description\":\"Get free eyelashes samples before your bulk order and get eyelashes packaging boxes wholesale! Starseed offers DHL\/FedEx delivery.\",\"inLanguage\":\"es\",\"potentialAction\":[{\"@type\":\"ReadAction\",\"target\":[\"http:\/\/starseedmakeup.com\/ru\/free-lash-samples\/\"]}]},{\"@type\":\"WebSite\",\"@id\":\"http:\/\/starseedmakeup.com\/#website\",\"url\":\"http:\/\/starseedmakeup.com\/\",\"name\":\"Starseed\",\"description\":\"Just another WordPress site\",\"potentialAction\":[{\"@type\":\"SearchAction\",\"target\":{\"@type\":\"EntryPoint\",\"urlTemplate\":\"http:\/\/starseedmakeup.com\/?s={search_term_string}\"},\"query-input\":\"required name=search_term_string\"}],\"inLanguage\":\"es\"}]}<\/script>\n<!-- \/ Yoast SEO Premium plugin. -->","yoast_head_json":{"title":"Free Vegan Faux Mink Eyelashes Samples Manufacturer - Starseed","description":"Get free eyelashes samples before your bulk order and get eyelashes packaging boxes wholesale! Starseed offers DHL\/FedEx delivery.","robots":{"index":"index","follow":"follow","max-snippet":"max-snippet:-1","max-image-preview":"max-image-preview:large","max-video-preview":"max-video-preview:-1"},"canonical":"http:\/\/starseedmakeup.com\/es\/free-lash-samples\/","og_locale":"es_ES","og_type":"article","og_title":"Free Vegan Faux Mink Eyelashes Samples Manufacturer - Starseed","og_description":"Get free eyelashes samples before your bulk order and get eyelashes packaging boxes wholesale! Starseed offers DHL\/FedEx delivery.","og_url":"http:\/\/starseedmakeup.com\/es\/free-lash-samples\/","og_site_name":"Starseed","article_modified_time":"2022-06-10T04:28:27+00:00","twitter_card":"summary_large_image","twitter_misc":{"Est. reading time":"1 minuto"},"schema":{"@context":"https:\/\/schema.org","@graph":[{"@type":"WebPage","@id":"http:\/\/starseedmakeup.com\/ru\/free-lash-samples\/","url":"http:\/\/starseedmakeup.com\/ru\/free-lash-samples\/","name":"Free Vegan Faux Mink Eyelashes Samples Manufacturer - Starseed","isPartOf":{"@id":"http:\/\/starseedmakeup.com\/#website"},"datePublished":"2021-05-19T03:05:33+00:00","dateModified":"2022-06-10T04:28:27+00:00","description":"Get free eyelashes samples before your bulk order and get eyelashes packaging boxes wholesale! Starseed offers DHL\/FedEx delivery.","inLanguage":"es","potentialAction":[{"@type":"ReadAction","target":["http:\/\/starseedmakeup.com\/ru\/free-lash-samples\/"]}]},{"@type":"WebSite","@id":"http:\/\/starseedmakeup.com\/#website","url":"http:\/\/starseedmakeup.com\/","name":"Starseed","description":"Just another WordPress site","potentialAction":[{"@type":"SearchAction","target":{"@type":"EntryPoint","urlTemplate":"http:\/\/starseedmakeup.com\/?s={search_term_string}"},"query-input":"required name=search_term_string"}],"inLanguage":"es"}]}},"_links":{"self":[{"href":"http:\/\/starseedmakeup.com\/es\/wp-json\/wp\/v2\/pages\/3076"}],"collection":[{"href":"http:\/\/starseedmakeup.com\/es\/wp-json\/wp\/v2\/pages"}],"about":[{"href":"http:\/\/starseedmakeup.com\/es\/wp-json\/wp\/v2\/types\/page"}],"author":[{"embeddable":true,"href":"http:\/\/starseedmakeup.com\/es\/wp-json\/wp\/v2\/users\/1"}],"replies":[{"embeddable":true,"href":"http:\/\/starseedmakeup.com\/es\/wp-json\/wp\/v2\/comments?post=3076"}],"version-history":[{"count":25,"href":"http:\/\/starseedmakeup.com\/es\/wp-json\/wp\/v2\/pages\/3076\/revisions"}],"predecessor-version":[{"id":11850,"href":"http:\/\/starseedmakeup.com\/es\/wp-json\/wp\/v2\/pages\/3076\/revisions\/11850"}],"wp:attachment":[{"href":"http:\/\/starseedmakeup.com\/es\/wp-json\/wp\/v2\/media?parent=3076"}],"wp:term":[{"taxonomy":"category","embeddable":true,"href":"http:\/\/starseedmakeup.com\/es\/wp-json\/wp\/v2\/categories?post=3076"},{"taxonomy":"post_tag","embeddable":true,"href":"http:\/\/starseedmakeup.com\/es\/wp-json\/wp\/v2\/tags?post=3076"}],"curies":[{"name":"wp","href":"https:\/\/api.w.org\/{rel}","templated":true}]}}