{"id":3078,"date":"2021-05-19T03:05:51","date_gmt":"2021-05-19T03:05:51","guid":{"rendered":"https:\/\/starseedmakeup.com\/?page_id=3078"},"modified":"2021-06-17T09:04:57","modified_gmt":"2021-06-17T09:04:57","slug":"certified-manufacturing","status":"publish","type":"page","link":"http:\/\/starseedmakeup.com\/es\/fabricacion-certificada\/","title":{"rendered":"Fabricaci\u00f3n certificada"},"content":{"rendered":"<section class=\"l-section wpb_row us_custom_51786714 height_medium\"><div class=\"l-section-h i-cf\"><div class=\"g-cols vc_row via_flex valign_top type_default stacking_default\"><div class=\"vc_col-sm-12 wpb_column vc_column_container\"><div class=\"vc_column-inner\"><div class=\"wpb_wrapper\"><div class=\"wpb_text_column\"><div class=\"wpb_wrapper\"><h1>Fabricaci\u00f3n certificada<\/h1>\n<p>La fabricaci\u00f3n artesanal de pesta\u00f1as no es un trabajo f\u00e1cil. Nos gustar\u00eda ser lo m\u00e1s transparentes posible para usted y estaremos encantados de contarle m\u00e1s cosas sobre nuestra fabricaci\u00f3n.<\/p>\n<\/div><\/div><\/div><\/div><\/div><\/div><\/div><\/section><section class=\"l-section wpb_row us_custom_217cb94a has_text_color height_small\"><div class=\"l-section-h i-cf\"><div class=\"g-cols vc_row via_flex valign_top type_default stacking_default\"><div class=\"vc_col-sm-12 wpb_column vc_column_container\"><div class=\"vc_column-inner\"><div class=\"wpb_wrapper\"><ol class=\"g-breadcrumbs us_custom_ae99f6aa has_text_color separator_icon align_none\" itemscope itemtype=\"http:\/\/schema.org\/BreadcrumbList\"><li class=\"g-breadcrumbs-item\" itemscope itemprop=\"itemListElement\" itemtype=\"http:\/\/schema.org\/ListItem\"><a itemprop=\"item\" href=\"http:\/\/starseedmakeup.com\/es\/\"><span itemprop=\"name\">Inicio<\/span><\/a><meta itemprop=\"position\" content=\"1\"\/><\/li><li class=\"g-breadcrumbs-separator\"><i class=\"far fa-angle-right\"><\/i><\/li><li class=\"g-breadcrumbs-item\">P\u00e1ginas<\/li><\/ol><\/div><\/div><\/div><\/div><\/div><\/section><section class=\"l-section wpb_row height_medium\"><div class=\"l-section-h i-cf\"><div class=\"g-cols vc_row via_flex valign_middle type_default stacking_default\"><div class=\"vc_col-sm-2 wpb_column vc_column_container\"><div class=\"vc_column-inner\"><div class=\"wpb_wrapper\"><\/div><\/div><\/div><div class=\"vc_col-sm-8 wpb_column vc_column_container\"><div class=\"vc_column-inner\"><div class=\"wpb_wrapper\"><div class=\"wpb_text_column\"><div class=\"wpb_wrapper\"><h2 style=\"text-align: center;\">RoHS, SGS... Nos esforzamos por fabricar las mejores pesta\u00f1as postizas para usted<\/h2>\n<p style=\"text-align: center;\">La calidad no es una casualidad. Nuestro sistema de gesti\u00f3n de la calidad incluye la certificaci\u00f3n seg\u00fan SGS y RoHS. Garantizamos a diario el funcionamiento de calidad de nuestros procesos, desde la entrega de la materia prima hasta el envasado de nuestros productos. Esto est\u00e1 en nuestro propio ADN y por eso trabajamos con marcas mundiales para que sus productos sean cualificados.<\/p>\n<p style=\"text-align: center;\">Haga clic en el v\u00eddeo para ver c\u00f3mo nos autodenominamos fabricantes de pesta\u00f1as:<\/p>\n<\/div><\/div><div class=\"w-separator size_medium\"><\/div><div class=\"w-video us_custom_9e46fd0f align_right ratio_16x9 with_overlay\" style=\"background-image:url(http:\/\/starseedmakeup.com\/wp-content\/uploads\/2021\/06\/Starseed-Eyelashes-Manufacturing-1.jpg);\" onclick=\"return {&quot;player_id&quot;:&quot;youtube-rbb9&quot;,&quot;player_api&quot;:&quot;\\\/\\\/www.youtube.com\\\/player_api&quot;,&quot;player_html&quot;:&quot;&lt;div id=\\&quot;youtube-rbb9\\&quot;&gt;&lt;\\\/div&gt;&lt;script&gt;\\r\\n\\t\\t\\tif ( window.USYTPlayers === undefined ) {\\r\\n\\t\\t\\t\\twindow.USYTPlayers = [];\\r\\n\\t\\t\\t}\\r\\n\\t\\t\\twindow.USYTPlayers.push( {\\r\\n\\t\\t\\t\\tplayerID: \\&quot;youtube-rbb9\\&quot;,\\r\\n\\t\\t\\t\\tvideoID: \\&quot;3hnEcSXS6Rc\\&quot;,\\r\\n\\t\\t\\t\\tplayerVars: {\\&quot;origin\\&quot;:\\&quot;http:\\\\\\\/\\\\\\\/starseedmakeup.com\\&quot;,\\&quot;controls\\&quot;:1,\\&quot;autoplay\\&quot;:1,\\&quot;playlist\\&quot;:\\&quot;3hnEcSXS6Rc\\&quot;}\\t\\t\\t\\r\\n\\t\\t\\t} );\\r\\n\\t\\t\\tif ( window.USYTInited === undefined ) {\\r\\n\\t\\t\\t\\t\\\/\\\/ Trying to override other possible WP YT API calls if our element is used\\r\\n\\t\\t\\t\\twindow.USYTInited = true;\\r\\n\\t\\t\\t\\twindow.onYouTubePlayerAPIReady = function() {\\r\\n\\t\\t\\t\\t\\tfor ( var i in window.USYTPlayers ) {\\r\\n\\t\\t\\t\\t\\t\\tvar _playerParams = window.USYTPlayers[ i ];\\r\\n\\t\\t\\t\\t\\t\\t$us.YTPlayers[ _playerParams.playerID ] = new YT.Player( _playerParams.playerID, {\\r\\n\\t\\t\\t\\t\\t\\t\\tvideoId: _playerParams.videoID,\\r\\n\\t\\t\\t\\t\\t\\t\\tplayerVars: _playerParams.playerVars\\r\\n\\t\\t\\t\\t\\t\\t} );\\r\\n\\t\\t\\t\\t\\t}\\r\\n\\t\\t\\t\\t}\\r\\n\\t\\t\\t}\\r\\n\\t\\t\\tif ( !! window.YT ) {\\r\\n\\t\\t\\t\\t$us.YTPlayers[\\&quot;youtube-rbb9\\&quot;] = new YT.Player( \\&quot;youtube-rbb9\\&quot;, {\\r\\n\\t\\t\\t\\t\\tvideoId: \\&quot;3hnEcSXS6Rc\\&quot;,\\r\\n\\t\\t\\t\\t\\tplayerVars: {\\&quot;origin\\&quot;:\\&quot;http:\\\\\\\/\\\\\\\/starseedmakeup.com\\&quot;,\\&quot;controls\\&quot;:1,\\&quot;autoplay\\&quot;:1,\\&quot;playlist\\&quot;:\\&quot;3hnEcSXS6Rc\\&quot;}\\r\\n\\t\\t\\t\\t} );\\r\\n\\t\\t\\t}\\r\\n\\t\\t&lt;\\\/script&gt;&quot;}\"><div class=\"w-video-h\"><\/div><div class=\"w-video-icon\" style=\"font-size:1.5rem;background:rgba(0,0,0,0.5);color:#fff\"><\/div><\/div><\/div><\/div><\/div><div class=\"vc_col-sm-2 wpb_column vc_column_container\"><div class=\"vc_column-inner\"><div class=\"wpb_wrapper\"><\/div><\/div><\/div><\/div><\/div><\/section><section class=\"l-section wpb_row us_custom_b03244ee height_medium\"><div class=\"l-section-h i-cf\"><div class=\"g-cols vc_row via_flex valign_top type_default stacking_default\"><div class=\"vc_col-sm-12 wpb_column vc_column_container\"><div class=\"vc_column-inner\"><div class=\"wpb_wrapper\"><div class=\"g-cols wpb_row via_flex valign_top type_default stacking_default\"><div class=\"vc_col-sm-2 wpb_column vc_column_container\"><div class=\"vc_column-inner\"><div class=\"wpb_wrapper\"><\/div><\/div><\/div><div class=\"vc_col-sm-8 wpb_column vc_column_container\"><div class=\"vc_column-inner\"><div class=\"wpb_wrapper\"><div class=\"wpb_text_column\"><div class=\"wpb_wrapper\"><h2 style=\"text-align: center;\">Artesan\u00eda superior en 17 pasos<\/h2>\n<p style=\"text-align: center;\">Descubra algunos de nuestros 17 procesos. No dude en obtener nuestro cat\u00e1logo para descubrir c\u00f3mo Starseed fabrica sus pesta\u00f1as.<\/p>\n<\/div><\/div><div class=\"w-btn-wrapper align_center\"><a class=\"w-btn us-btn-style_1\" title=\"P\u00f3ngase en contacto con\" href=\"http:\/\/starseedmakeup.com\/es\/pongase-en-contacto-con\/\"><span class=\"w-btn-label\">Obtener cat\u00e1logo de artesan\u00eda<\/span><\/a><\/div><\/div><\/div><\/div><div class=\"vc_col-sm-2 wpb_column vc_column_container\"><div class=\"vc_column-inner\"><div class=\"wpb_wrapper\"><\/div><\/div><\/div><\/div><\/div><\/div><\/div><div class=\"vc_col-sm-12 wpb_column vc_column_container\"><div class=\"vc_column-inner\"><div class=\"wpb_wrapper\"><div class=\"w-separator size_large\"><\/div><div class=\"g-cols wpb_row via_flex valign_top type_default stacking_default\"><div class=\"vc_col-sm-3 wpb_column vc_column_container\"><div class=\"vc_column-inner\"><div class=\"wpb_wrapper\"><div class=\"w-image has_ratio align_none\"><div class=\"w-image-h\"><div style=\"padding-bottom:75%\"><\/div><img width=\"528\" height=\"396\" src=\"http:\/\/starseedmakeup.com\/wp-content\/uploads\/2021\/06\/Eyelashes-Manufacturing-Materials-Preparation.jpg\" class=\"attachment-large size-large\" alt=\"Preparaci\u00f3n de materiales para la fabricaci\u00f3n de pesta\u00f1as\" decoding=\"async\" loading=\"lazy\" srcset=\"http:\/\/starseedmakeup.com\/wp-content\/uploads\/2021\/06\/Eyelashes-Manufacturing-Materials-Preparation.jpg 528w, http:\/\/starseedmakeup.com\/wp-content\/uploads\/2021\/06\/Eyelashes-Manufacturing-Materials-Preparation-300x225.jpg 300w\" sizes=\"(max-width: 528px) 100vw, 528px\" \/><\/div><\/div><\/div><\/div><\/div><div class=\"vc_col-sm-3 wpb_column vc_column_container\"><div class=\"vc_column-inner\"><div class=\"wpb_wrapper\"><div class=\"wpb_text_column\"><div class=\"wpb_wrapper\"><h4>Preparaci\u00f3n de materiales<\/h4>\n<p>Materiales de calidad procedentes de empresas locales sostenibles. Para el pelo de vis\u00f3n aut\u00e9ntico, se guardar\u00e1 en el frigor\u00edfico a unos 18 grados para evitar que los pelos pierdan su brillo.<\/p>\n<\/div><\/div><\/div><\/div><\/div><div class=\"vc_col-sm-3 wpb_column vc_column_container\"><div class=\"vc_column-inner\"><div class=\"wpb_wrapper\"><div class=\"w-image has_ratio align_none\"><div class=\"w-image-h\"><div style=\"padding-bottom:75%\"><\/div><img width=\"528\" height=\"396\" src=\"http:\/\/starseedmakeup.com\/wp-content\/uploads\/2021\/06\/Eyelashes-manufacturing-fur-alignment.jpg\" class=\"attachment-large size-large\" alt=\"Alineaci\u00f3n de pieles de fabricaci\u00f3n de pesta\u00f1as\" decoding=\"async\" loading=\"lazy\" srcset=\"http:\/\/starseedmakeup.com\/wp-content\/uploads\/2021\/06\/Eyelashes-manufacturing-fur-alignment.jpg 528w, http:\/\/starseedmakeup.com\/wp-content\/uploads\/2021\/06\/Eyelashes-manufacturing-fur-alignment-300x225.jpg 300w\" sizes=\"(max-width: 528px) 100vw, 528px\" \/><\/div><\/div><\/div><\/div><\/div><div class=\"vc_col-sm-3 wpb_column vc_column_container\"><div class=\"vc_column-inner\"><div class=\"wpb_wrapper\"><div class=\"wpb_text_column\"><div class=\"wpb_wrapper\"><h4>Alineaci\u00f3n de pieles<\/h4>\n<p>Utilice un molde especial para peinar las materias primas, para asegurarse de que los pelos se alinean con precisi\u00f3n con cada hueco del molde sin que se atasquen.<\/p>\n<\/div><\/div><\/div><\/div><\/div><\/div><div class=\"w-separator size_medium\"><\/div><div class=\"g-cols wpb_row via_flex valign_top type_default stacking_default\"><div class=\"vc_col-sm-3 wpb_column vc_column_container\"><div class=\"vc_column-inner\"><div class=\"wpb_wrapper\"><div class=\"w-image has_ratio align_none\"><div class=\"w-image-h\"><div style=\"padding-bottom:75%\"><\/div><img width=\"528\" height=\"396\" src=\"http:\/\/starseedmakeup.com\/wp-content\/uploads\/2021\/06\/eyelashes-manufacturing-cluster-forming.jpg\" class=\"attachment-large size-large\" alt=\"fabricaci\u00f3n de pesta\u00f1as formaci\u00f3n de racimos\" decoding=\"async\" loading=\"lazy\" srcset=\"http:\/\/starseedmakeup.com\/wp-content\/uploads\/2021\/06\/eyelashes-manufacturing-cluster-forming.jpg 528w, http:\/\/starseedmakeup.com\/wp-content\/uploads\/2021\/06\/eyelashes-manufacturing-cluster-forming-300x225.jpg 300w\" sizes=\"(max-width: 528px) 100vw, 528px\" \/><\/div><\/div><\/div><\/div><\/div><div class=\"vc_col-sm-3 wpb_column vc_column_container\"><div class=\"vc_column-inner\"><div class=\"wpb_wrapper\"><div class=\"wpb_text_column\"><div class=\"wpb_wrapper\"><h4>Formaci\u00f3n de racimos<\/h4>\n<p>Pega la cinta adhesiva en el hueco irregular del molde y pega r\u00e1pidamente los pelos fuera de los huecos. Comprueba dos veces la forma del pelo despu\u00e9s de pegarlo en el papel y sujeta el pelo no deseado con pinzas.<\/p>\n<\/div><\/div><\/div><\/div><\/div><div class=\"vc_col-sm-3 wpb_column vc_column_container\"><div class=\"vc_column-inner\"><div class=\"wpb_wrapper\"><div class=\"w-image has_ratio align_none\"><div class=\"w-image-h\"><div style=\"padding-bottom:75%\"><\/div><img width=\"528\" height=\"396\" src=\"http:\/\/starseedmakeup.com\/wp-content\/uploads\/2021\/06\/Eyelashes-manufacturing-corss-to-make-pattern.jpg\" class=\"attachment-large size-large\" alt=\"Pesta\u00f1as fabricaci\u00f3n corss para hacer patr\u00f3n\" decoding=\"async\" loading=\"lazy\" srcset=\"http:\/\/starseedmakeup.com\/wp-content\/uploads\/2021\/06\/Eyelashes-manufacturing-corss-to-make-pattern.jpg 528w, http:\/\/starseedmakeup.com\/wp-content\/uploads\/2021\/06\/Eyelashes-manufacturing-corss-to-make-pattern-300x225.jpg 300w\" sizes=\"(max-width: 528px) 100vw, 528px\" \/><\/div><\/div><\/div><\/div><\/div><div class=\"vc_col-sm-3 wpb_column vc_column_container\"><div class=\"vc_column-inner\"><div class=\"wpb_wrapper\"><div class=\"wpb_text_column\"><div class=\"wpb_wrapper\"><h4>Cruz para hacer estilos<\/h4>\n<p>Combinando los pelos hechos con diferentes moldes juntos, aqu\u00ed tenemos el aspecto inicial de las pesta\u00f1as en cruz, que determina el estilo general de las pesta\u00f1as.<\/p>\n<\/div><\/div><\/div><\/div><\/div><\/div><div class=\"w-separator size_medium\"><\/div><div class=\"g-cols wpb_row via_flex valign_top type_default stacking_default\"><div class=\"vc_col-sm-3 wpb_column vc_column_container\"><div class=\"vc_column-inner\"><div class=\"wpb_wrapper\"><div class=\"w-image has_ratio align_none\"><div class=\"w-image-h\"><div style=\"padding-bottom:75%\"><\/div><img width=\"528\" height=\"396\" src=\"http:\/\/starseedmakeup.com\/wp-content\/uploads\/2021\/06\/eyelashes-manufacturing-lash-cutting.jpg\" class=\"attachment-large size-large\" alt=\"fabricaci\u00f3n de pesta\u00f1as corte de pesta\u00f1as\" decoding=\"async\" loading=\"lazy\" srcset=\"http:\/\/starseedmakeup.com\/wp-content\/uploads\/2021\/06\/eyelashes-manufacturing-lash-cutting.jpg 528w, http:\/\/starseedmakeup.com\/wp-content\/uploads\/2021\/06\/eyelashes-manufacturing-lash-cutting-300x225.jpg 300w\" sizes=\"(max-width: 528px) 100vw, 528px\" \/><\/div><\/div><\/div><\/div><\/div><div class=\"vc_col-sm-3 wpb_column vc_column_container\"><div class=\"vc_column-inner\"><div class=\"wpb_wrapper\"><div class=\"wpb_text_column\"><div class=\"wpb_wrapper\"><h4>Cortar y dar forma<\/h4>\n<p>Durante el corte, se cortar\u00e1 la mayor parte del pegamento, por lo que nuestra banda de algod\u00f3n es muy fina, de s\u00f3lo 2 mm. Luego enrollamos y secamos las pesta\u00f1as con nuestras m\u00e1quinas secadoras.<\/p>\n<\/div><\/div><\/div><\/div><\/div><div class=\"vc_col-sm-3 wpb_column vc_column_container\"><div class=\"vc_column-inner\"><div class=\"wpb_wrapper\"><div class=\"w-image has_ratio align_none\"><div class=\"w-image-h\"><div style=\"padding-bottom:75%\"><\/div><img width=\"528\" height=\"396\" src=\"http:\/\/starseedmakeup.com\/wp-content\/uploads\/2021\/06\/Eyelashes-manufacturing-drying-and-forming.jpg\" class=\"attachment-large size-large\" alt=\"Fabricaci\u00f3n de pesta\u00f1as secado y moldeado\" decoding=\"async\" loading=\"lazy\" srcset=\"http:\/\/starseedmakeup.com\/wp-content\/uploads\/2021\/06\/Eyelashes-manufacturing-drying-and-forming.jpg 528w, http:\/\/starseedmakeup.com\/wp-content\/uploads\/2021\/06\/Eyelashes-manufacturing-drying-and-forming-300x225.jpg 300w\" sizes=\"(max-width: 528px) 100vw, 528px\" \/><\/div><\/div><\/div><\/div><\/div><div class=\"vc_col-sm-3 wpb_column vc_column_container\"><div class=\"vc_column-inner\"><div class=\"wpb_wrapper\"><div class=\"wpb_text_column\"><div class=\"wpb_wrapper\"><h4>Secado y conformado<\/h4>\n<p>Humedecer las pesta\u00f1as y enrollarlas con los tubos de acero inoxidable que presentan la curva espec\u00edfica. A continuaci\u00f3n, utilice m\u00e1quinas de secado actualizadas para vaporizar el agua no deseada y dar forma.<\/p>\n<\/div><\/div><\/div><\/div><\/div><\/div><div class=\"w-separator size_medium\"><\/div><div class=\"g-cols wpb_row via_flex valign_top type_default stacking_default\"><div class=\"vc_col-sm-3 wpb_column vc_column_container\"><div class=\"vc_column-inner\"><div class=\"wpb_wrapper\"><div class=\"w-image has_ratio align_none\"><div class=\"w-image-h\"><div style=\"padding-bottom:75%\"><\/div><img width=\"528\" height=\"396\" src=\"http:\/\/starseedmakeup.com\/wp-content\/uploads\/2021\/06\/Eyelashes-manufacturing-untie-and-form-the-lashes.jpg\" class=\"attachment-large size-large\" alt=\"Fabricaci\u00f3n de pesta\u00f1as desatar y formar las pesta\u00f1as\" decoding=\"async\" loading=\"lazy\" srcset=\"http:\/\/starseedmakeup.com\/wp-content\/uploads\/2021\/06\/Eyelashes-manufacturing-untie-and-form-the-lashes.jpg 528w, http:\/\/starseedmakeup.com\/wp-content\/uploads\/2021\/06\/Eyelashes-manufacturing-untie-and-form-the-lashes-300x225.jpg 300w\" sizes=\"(max-width: 528px) 100vw, 528px\" \/><\/div><\/div><\/div><\/div><\/div><div class=\"vc_col-sm-3 wpb_column vc_column_container\"><div class=\"vc_column-inner\"><div class=\"wpb_wrapper\"><div class=\"wpb_text_column\"><div class=\"wpb_wrapper\"><h4>Desatar y pegar<\/h4>\n<p>Desata las pesta\u00f1as secas y comprueba la forma general antes de aplicar pegamento antiadherente a la banda de pesta\u00f1as. Aqu\u00ed ver\u00e1s curvas elegantes sin ning\u00fan enredo.<\/p>\n<\/div><\/div><\/div><\/div><\/div><div class=\"vc_col-sm-3 wpb_column vc_column_container\"><div class=\"vc_column-inner\"><div class=\"wpb_wrapper\"><div class=\"w-image has_ratio align_none\"><div class=\"w-image-h\"><div style=\"padding-bottom:75%\"><\/div><img width=\"528\" height=\"396\" src=\"http:\/\/starseedmakeup.com\/wp-content\/uploads\/2021\/06\/eyelashes-manufacturing-eyelash-packaging.jpg\" class=\"attachment-large size-large\" alt=\"fabricaci\u00f3n de pesta\u00f1as envasado de pesta\u00f1as\" decoding=\"async\" loading=\"lazy\" srcset=\"http:\/\/starseedmakeup.com\/wp-content\/uploads\/2021\/06\/eyelashes-manufacturing-eyelash-packaging.jpg 528w, http:\/\/starseedmakeup.com\/wp-content\/uploads\/2021\/06\/eyelashes-manufacturing-eyelash-packaging-300x225.jpg 300w\" sizes=\"(max-width: 528px) 100vw, 528px\" \/><\/div><\/div><\/div><\/div><\/div><div class=\"vc_col-sm-3 wpb_column vc_column_container\"><div class=\"vc_column-inner\"><div class=\"wpb_wrapper\"><div class=\"wpb_text_column\"><div class=\"wpb_wrapper\"><h4>Embalaje<\/h4>\n<p>Traslade las pesta\u00f1as acabadas al soporte. Hemos desarrollado soportes biodegradables para proteger mejor el medio ambiente y a\u00f1adir valor a sus marcas.<\/p>\n<\/div><\/div><\/div><\/div><\/div><\/div><\/div><\/div><\/div><\/div><\/div><\/section><section class=\"l-section wpb_row height_medium\"><div class=\"l-section-h i-cf\"><div class=\"g-cols vc_row via_flex valign_top type_default stacking_default\"><div class=\"vc_col-sm-12 wpb_column vc_column_container\"><div class=\"vc_column-inner\"><div class=\"wpb_wrapper\"><div class=\"g-cols wpb_row via_flex valign_top type_default stacking_default\"><div class=\"vc_col-sm-2 wpb_column vc_column_container\"><div class=\"vc_column-inner\"><div class=\"wpb_wrapper\"><\/div><\/div><\/div><div class=\"vc_col-sm-8 wpb_column vc_column_container\"><div class=\"vc_column-inner\"><div class=\"wpb_wrapper\"><div class=\"wpb_text_column\"><div class=\"wpb_wrapper\"><h2 style=\"text-align: center;\">Descubra nuestra gesti\u00f3n de la calidad<\/h2>\n<p style=\"text-align: center;\">Nuestra pol\u00edtica de calidad se basa en los conceptos de control y garant\u00eda de calidad. Estamos afiliados a m\u00faltiples organizaciones de gesti\u00f3n de la calidad y nuestras operaciones cuentan con la certificaci\u00f3n ISO.<\/p>\n<\/div><\/div><div class=\"w-separator size_small\"><\/div><div class=\"w-btn-wrapper align_center\"><a class=\"w-btn us-btn-style_1\" title=\"#1 Calidad de las pesta\u00f1as\" href=\"http:\/\/starseedmakeup.com\/es\/calidad-de-pestanas\/\"><span class=\"w-btn-label\">Conozca nuestro control de calidad<\/span><\/a><\/div><\/div><\/div><\/div><div class=\"vc_col-sm-2 wpb_column vc_column_container\"><div class=\"vc_column-inner\"><div class=\"wpb_wrapper\"><\/div><\/div><\/div><\/div><\/div><\/div><\/div><\/div><\/div><\/section>","protected":false},"excerpt":{"rendered":"Certified Manufacturing Eyelashes craftsmanship is not an easy job. We would like to be as transparent as possible for you and are happy to tell you more about our manufacturing. InicioP\u00e1ginasRoHS, SGS&#8230;We Strive to Make the Best False Eyelashes for You Quality is not a coincidence. Our quality management system includes the certification according to...","protected":false},"author":1,"featured_media":0,"parent":0,"menu_order":0,"comment_status":"closed","ping_status":"closed","template":"","meta":[],"categories":[],"tags":[],"yoast_head":"<!-- This site is optimized with the Yoast SEO Premium plugin v20.5 (Yoast SEO v20.5) - https:\/\/yoast.com\/wordpress\/plugins\/seo\/ -->\n<title>The Ultimate Factory to Manufacturing Your Eyelashes - Starseed<\/title>\n<meta name=\"description\" content=\"How Starseed makes vegan false eyelashes to boost your brand? See the eyelashes manufacturing process! We&#039;re RoHS and SGS certified.\" \/>\n<meta name=\"robots\" content=\"index, follow, max-snippet:-1, max-image-preview:large, max-video-preview:-1\" \/>\n<link rel=\"canonical\" href=\"http:\/\/starseedmakeup.com\/es\/fabricacion-certificada\/\" \/>\n<meta property=\"og:locale\" content=\"es_ES\" \/>\n<meta property=\"og:type\" content=\"article\" \/>\n<meta property=\"og:title\" content=\"The Ultimate Factory to Manufacturing Your Eyelashes - Starseed\" \/>\n<meta property=\"og:description\" content=\"How Starseed makes vegan false eyelashes to boost your brand? See the eyelashes manufacturing process! We&#039;re RoHS and SGS certified.\" \/>\n<meta property=\"og:url\" content=\"http:\/\/starseedmakeup.com\/es\/fabricacion-certificada\/\" \/>\n<meta property=\"og:site_name\" content=\"Starseed\" \/>\n<meta property=\"article:modified_time\" content=\"2021-06-17T09:04:57+00:00\" \/>\n<meta name=\"twitter:card\" content=\"summary_large_image\" \/>\n<meta name=\"twitter:label1\" content=\"Est. reading time\" \/>\n\t<meta name=\"twitter:data1\" content=\"3 minutos\" \/>\n<script type=\"application\/ld+json\" class=\"yoast-schema-graph\">{\"@context\":\"https:\/\/schema.org\",\"@graph\":[{\"@type\":\"WebPage\",\"@id\":\"http:\/\/starseedmakeup.com\/es\/fabricacion-certificada\/\",\"url\":\"http:\/\/starseedmakeup.com\/es\/fabricacion-certificada\/\",\"name\":\"The Ultimate Factory to Manufacturing Your Eyelashes - Starseed\",\"isPartOf\":{\"@id\":\"http:\/\/starseedmakeup.com\/#website\"},\"datePublished\":\"2021-05-19T03:05:51+00:00\",\"dateModified\":\"2021-06-17T09:04:57+00:00\",\"description\":\"How Starseed makes vegan false eyelashes to boost your brand? See the eyelashes manufacturing process! We're RoHS and SGS certified.\",\"inLanguage\":\"es\",\"potentialAction\":[{\"@type\":\"ReadAction\",\"target\":[\"http:\/\/starseedmakeup.com\/es\/fabricacion-certificada\/\"]}]},{\"@type\":\"WebSite\",\"@id\":\"http:\/\/starseedmakeup.com\/#website\",\"url\":\"http:\/\/starseedmakeup.com\/\",\"name\":\"Starseed\",\"description\":\"Just another WordPress site\",\"potentialAction\":[{\"@type\":\"SearchAction\",\"target\":{\"@type\":\"EntryPoint\",\"urlTemplate\":\"http:\/\/starseedmakeup.com\/?s={search_term_string}\"},\"query-input\":\"required name=search_term_string\"}],\"inLanguage\":\"es\"}]}<\/script>\n<!-- \/ Yoast SEO Premium plugin. -->","yoast_head_json":{"title":"The Ultimate Factory to Manufacturing Your Eyelashes - Starseed","description":"How Starseed makes vegan false eyelashes to boost your brand? See the eyelashes manufacturing process! We're RoHS and SGS certified.","robots":{"index":"index","follow":"follow","max-snippet":"max-snippet:-1","max-image-preview":"max-image-preview:large","max-video-preview":"max-video-preview:-1"},"canonical":"http:\/\/starseedmakeup.com\/es\/fabricacion-certificada\/","og_locale":"es_ES","og_type":"article","og_title":"The Ultimate Factory to Manufacturing Your Eyelashes - Starseed","og_description":"How Starseed makes vegan false eyelashes to boost your brand? See the eyelashes manufacturing process! We're RoHS and SGS certified.","og_url":"http:\/\/starseedmakeup.com\/es\/fabricacion-certificada\/","og_site_name":"Starseed","article_modified_time":"2021-06-17T09:04:57+00:00","twitter_card":"summary_large_image","twitter_misc":{"Est. reading time":"3 minutos"},"schema":{"@context":"https:\/\/schema.org","@graph":[{"@type":"WebPage","@id":"http:\/\/starseedmakeup.com\/es\/fabricacion-certificada\/","url":"http:\/\/starseedmakeup.com\/es\/fabricacion-certificada\/","name":"The Ultimate Factory to Manufacturing Your Eyelashes - Starseed","isPartOf":{"@id":"http:\/\/starseedmakeup.com\/#website"},"datePublished":"2021-05-19T03:05:51+00:00","dateModified":"2021-06-17T09:04:57+00:00","description":"How Starseed makes vegan false eyelashes to boost your brand? See the eyelashes manufacturing process! We're RoHS and SGS certified.","inLanguage":"es","potentialAction":[{"@type":"ReadAction","target":["http:\/\/starseedmakeup.com\/es\/fabricacion-certificada\/"]}]},{"@type":"WebSite","@id":"http:\/\/starseedmakeup.com\/#website","url":"http:\/\/starseedmakeup.com\/","name":"Starseed","description":"Just another WordPress site","potentialAction":[{"@type":"SearchAction","target":{"@type":"EntryPoint","urlTemplate":"http:\/\/starseedmakeup.com\/?s={search_term_string}"},"query-input":"required name=search_term_string"}],"inLanguage":"es"}]}},"_links":{"self":[{"href":"http:\/\/starseedmakeup.com\/es\/wp-json\/wp\/v2\/pages\/3078"}],"collection":[{"href":"http:\/\/starseedmakeup.com\/es\/wp-json\/wp\/v2\/pages"}],"about":[{"href":"http:\/\/starseedmakeup.com\/es\/wp-json\/wp\/v2\/types\/page"}],"author":[{"embeddable":true,"href":"http:\/\/starseedmakeup.com\/es\/wp-json\/wp\/v2\/users\/1"}],"replies":[{"embeddable":true,"href":"http:\/\/starseedmakeup.com\/es\/wp-json\/wp\/v2\/comments?post=3078"}],"version-history":[{"count":23,"href":"http:\/\/starseedmakeup.com\/es\/wp-json\/wp\/v2\/pages\/3078\/revisions"}],"predecessor-version":[{"id":4894,"href":"http:\/\/starseedmakeup.com\/es\/wp-json\/wp\/v2\/pages\/3078\/revisions\/4894"}],"wp:attachment":[{"href":"http:\/\/starseedmakeup.com\/es\/wp-json\/wp\/v2\/media?parent=3078"}],"wp:term":[{"taxonomy":"category","embeddable":true,"href":"http:\/\/starseedmakeup.com\/es\/wp-json\/wp\/v2\/categories?post=3078"},{"taxonomy":"post_tag","embeddable":true,"href":"http:\/\/starseedmakeup.com\/es\/wp-json\/wp\/v2\/tags?post=3078"}],"curies":[{"name":"wp","href":"https:\/\/api.w.org\/{rel}","templated":true}]}}