{"id":3080,"date":"2021-05-19T03:06:21","date_gmt":"2021-05-19T03:06:21","guid":{"rendered":"https:\/\/starseedmakeup.com\/?page_id=3080"},"modified":"2021-06-17T09:37:17","modified_gmt":"2021-06-17T09:37:17","slug":"low-moq-service","status":"publish","type":"page","link":"http:\/\/starseedmakeup.com\/es\/servicio-de-bajo-consumo\/","title":{"rendered":"Servicio de MOQ bajo"},"content":{"rendered":"<section class=\"l-section wpb_row us_custom_51786714 height_medium\"><div class=\"l-section-h i-cf\"><div class=\"g-cols vc_row via_flex valign_top type_default stacking_default\"><div class=\"vc_col-sm-12 wpb_column vc_column_container\"><div class=\"vc_column-inner\"><div class=\"wpb_wrapper\"><div class=\"wpb_text_column\"><div class=\"wpb_wrapper\"><h1>Servicios de MOQ bajos<\/h1>\n<p>A diferencia de los fabricantes medios, Starseed se esfuerza por ofrecer una producci\u00f3n de sus pesta\u00f1as con un MOQ bajo para una sola cosa: crear su marca de forma r\u00e1pida y sencilla.<\/p>\n<\/div><\/div><\/div><\/div><\/div><\/div><\/div><\/section><section class=\"l-section wpb_row us_custom_217cb94a has_text_color height_small\"><div class=\"l-section-h i-cf\"><div class=\"g-cols vc_row via_flex valign_top type_default stacking_default\"><div class=\"vc_col-sm-12 wpb_column vc_column_container\"><div class=\"vc_column-inner\"><div class=\"wpb_wrapper\"><ol class=\"g-breadcrumbs us_custom_ae99f6aa has_text_color separator_icon align_none\" itemscope itemtype=\"http:\/\/schema.org\/BreadcrumbList\"><li class=\"g-breadcrumbs-item\" itemscope itemprop=\"itemListElement\" itemtype=\"http:\/\/schema.org\/ListItem\"><a itemprop=\"item\" href=\"http:\/\/starseedmakeup.com\/es\/\"><span itemprop=\"name\">Inicio<\/span><\/a><meta itemprop=\"position\" content=\"1\"\/><\/li><li class=\"g-breadcrumbs-separator\"><i class=\"far fa-angle-right\"><\/i><\/li><li class=\"g-breadcrumbs-item\">P\u00e1ginas<\/li><\/ol><\/div><\/div><\/div><\/div><\/div><\/section><section class=\"l-section wpb_row height_medium\"><div class=\"l-section-h i-cf\"><div class=\"g-cols vc_row via_flex valign_middle type_default stacking_default\"><div class=\"vc_col-sm-2 wpb_column vc_column_container\"><div class=\"vc_column-inner\"><div class=\"wpb_wrapper\"><\/div><\/div><\/div><div class=\"vc_col-sm-8 wpb_column vc_column_container\"><div class=\"vc_column-inner\"><div class=\"wpb_wrapper\"><div class=\"wpb_text_column\"><div class=\"wpb_wrapper\"><h2 style=\"text-align: center;\">No m\u00e1s barreras de entrada al mercado<\/h2>\n<p style=\"text-align: center;\">Como complemento a la fabricaci\u00f3n de MOQ bajos, Starseed es una empresa llave en mano que ofrece una biblioteca de pesta\u00f1as est\u00e1ndar ya emparejadas con envases atractivos que pueden ayudar a una marca a llegar r\u00e1pidamente al mercado.<\/p>\n<\/div><\/div><\/div><\/div><\/div><div class=\"vc_col-sm-2 wpb_column vc_column_container\"><div class=\"vc_column-inner\"><div class=\"wpb_wrapper\"><\/div><\/div><\/div><div class=\"vc_col-sm-12 wpb_column vc_column_container\"><div class=\"vc_column-inner\"><div class=\"wpb_wrapper\"><div class=\"w-separator size_medium\"><\/div><div class=\"g-cols wpb_row via_flex valign_top type_default stacking_default\" style=\"--additional-gap:10px;\"><div class=\"vc_col-sm-3 wpb_column vc_column_container has_bg_color\"><div class=\"vc_column-inner us_custom_b992cee1\"><div class=\"wpb_wrapper\"><div class=\"w-image align_none\"><div class=\"w-image-h\"><img width=\"496\" height=\"496\" src=\"http:\/\/starseedmakeup.com\/wp-content\/uploads\/2021\/06\/Unique-Faux-Eyelashes-Designs-1.jpg\" class=\"attachment-large size-large\" alt=\"Dise\u00f1os \u00fanicos de pesta\u00f1as postizas\" decoding=\"async\" loading=\"lazy\" srcset=\"http:\/\/starseedmakeup.com\/wp-content\/uploads\/2021\/06\/Unique-Faux-Eyelashes-Designs-1.jpg 496w, http:\/\/starseedmakeup.com\/wp-content\/uploads\/2021\/06\/Unique-Faux-Eyelashes-Designs-1-300x300.jpg 300w, http:\/\/starseedmakeup.com\/wp-content\/uploads\/2021\/06\/Unique-Faux-Eyelashes-Designs-1-150x150.jpg 150w\" sizes=\"(max-width: 496px) 100vw, 496px\" \/><\/div><\/div><div class=\"w-iconbox iconpos_top style_default color_custom align_center\"><div class=\"w-iconbox-icon\" style=\"font-size:2rem;color:#ef5350;\"><\/div><div class=\"w-iconbox-meta\"><h5 class=\"w-iconbox-title\">Dise\u00f1os sencillos pero \u00fanicos<\/h5><div class=\"w-iconbox-text\"><p>Le ayudamos a dise\u00f1ar el envase \u00fanico que es m\u00e1s f\u00e1cil de conseguir MOQ m\u00e1s bajo, mientras que algo m\u00e1s complejo, es mejor dejarlo para las mega marcas.<\/p>\n<\/div><\/div><\/div><\/div><\/div><\/div><div class=\"vc_col-sm-3 wpb_column vc_column_container has_bg_color\"><div class=\"vc_column-inner us_custom_b992cee1\"><div class=\"wpb_wrapper\"><div class=\"w-image align_none\"><div class=\"w-image-h\"><img width=\"496\" height=\"496\" src=\"http:\/\/starseedmakeup.com\/wp-content\/uploads\/2021\/06\/Quick-Eyelashes-Private-Labels-1.jpg\" class=\"attachment-large size-large\" alt=\"Quick Eyelashes Marcas de distribuidor\" decoding=\"async\" loading=\"lazy\" srcset=\"http:\/\/starseedmakeup.com\/wp-content\/uploads\/2021\/06\/Quick-Eyelashes-Private-Labels-1.jpg 496w, http:\/\/starseedmakeup.com\/wp-content\/uploads\/2021\/06\/Quick-Eyelashes-Private-Labels-1-300x300.jpg 300w, http:\/\/starseedmakeup.com\/wp-content\/uploads\/2021\/06\/Quick-Eyelashes-Private-Labels-1-150x150.jpg 150w\" sizes=\"(max-width: 496px) 100vw, 496px\" \/><\/div><\/div><div class=\"w-iconbox iconpos_top style_default color_custom align_center\"><div class=\"w-iconbox-icon\" style=\"font-size:2rem;color:#8bc34a;\"><\/div><div class=\"w-iconbox-meta\"><h5 class=\"w-iconbox-title\">Etiquetas privadas Quick<\/h5><div class=\"w-iconbox-text\"><p>Las etiquetas tienen un MOQ m\u00e1s bajo y podr\u00e1 ajustarlas m\u00e1s f\u00e1cilmente despu\u00e9s, ya que obtendr\u00e1 su embalaje personalizado de forma r\u00e1pida.<\/p>\n<\/div><\/div><\/div><\/div><\/div><\/div><div class=\"vc_col-sm-3 wpb_column vc_column_container has_bg_color\"><div class=\"vc_column-inner us_custom_b992cee1\"><div class=\"wpb_wrapper\"><div class=\"w-image align_none\"><div class=\"w-image-h\"><img width=\"496\" height=\"496\" src=\"http:\/\/starseedmakeup.com\/wp-content\/uploads\/2021\/06\/Pre-designed-faux-eyelashes-1.jpg\" class=\"attachment-large size-large\" alt=\"Pesta\u00f1as de imitaci\u00f3n predise\u00f1adas\" decoding=\"async\" loading=\"lazy\" srcset=\"http:\/\/starseedmakeup.com\/wp-content\/uploads\/2021\/06\/Pre-designed-faux-eyelashes-1.jpg 496w, http:\/\/starseedmakeup.com\/wp-content\/uploads\/2021\/06\/Pre-designed-faux-eyelashes-1-300x300.jpg 300w, http:\/\/starseedmakeup.com\/wp-content\/uploads\/2021\/06\/Pre-designed-faux-eyelashes-1-150x150.jpg 150w\" sizes=\"(max-width: 496px) 100vw, 496px\" \/><\/div><\/div><div class=\"w-iconbox iconpos_top style_default color_custom align_center\"><div class=\"w-iconbox-icon\" style=\"font-size:2rem;color:#8bc34a;\"><\/div><div class=\"w-iconbox-meta\"><h5 class=\"w-iconbox-title\">Envases predise\u00f1ados<\/h5><div class=\"w-iconbox-text\"><p>El secreto de nuestros servicios de MOQ bajo es un sinf\u00edn de estilos predise\u00f1ados creados por nuestro equipo de I+D que goza de gran popularidad en el mercado.<\/p>\n<\/div><\/div><\/div><\/div><\/div><\/div><div class=\"vc_col-sm-3 wpb_column vc_column_container has_bg_color\"><div class=\"vc_column-inner us_custom_b992cee1\"><div class=\"wpb_wrapper\"><div class=\"w-image align_none\"><div class=\"w-image-h\"><img width=\"496\" height=\"496\" src=\"http:\/\/starseedmakeup.com\/wp-content\/uploads\/2021\/06\/In-stock-Eyelashes-Products-1.jpg\" class=\"attachment-large size-large\" alt=\"Productos para pesta\u00f1as en stock\" decoding=\"async\" loading=\"lazy\" srcset=\"http:\/\/starseedmakeup.com\/wp-content\/uploads\/2021\/06\/In-stock-Eyelashes-Products-1.jpg 496w, http:\/\/starseedmakeup.com\/wp-content\/uploads\/2021\/06\/In-stock-Eyelashes-Products-1-300x300.jpg 300w, http:\/\/starseedmakeup.com\/wp-content\/uploads\/2021\/06\/In-stock-Eyelashes-Products-1-150x150.jpg 150w\" sizes=\"(max-width: 496px) 100vw, 496px\" \/><\/div><\/div><div class=\"w-iconbox iconpos_top style_default color_custom align_center\"><div class=\"w-iconbox-icon\" style=\"font-size:2rem;color:#8bc34a;\"><\/div><div class=\"w-iconbox-meta\"><h5 class=\"w-iconbox-title\">Productos en stock<\/h5><div class=\"w-iconbox-text\"><p>Gracias a nuestro almac\u00e9n, la mayor\u00eda de las pesta\u00f1as que elija de nuestro cat\u00e1logo est\u00e1n en stock y listas para enviar a su destino.<\/p>\n<\/div><\/div><\/div><\/div><\/div><\/div><\/div><div class=\"w-separator size_medium\"><\/div><div class=\"w-btn-wrapper align_center\"><a class=\"w-btn us-btn-style_1\" title=\"P\u00f3ngase en contacto con\" href=\"http:\/\/starseedmakeup.com\/es\/pongase-en-contacto-con\/\"><span class=\"w-btn-label\">Hable con el equipo Starseed<\/span><\/a><\/div><\/div><\/div><\/div><\/div><\/div><\/section><section class=\"l-section wpb_row height_medium\"><div class=\"l-section-h i-cf\"><div class=\"g-cols vc_row via_flex valign_middle type_default stacking_default\"><div class=\"vc_col-sm-6 wpb_column vc_column_container\"><div class=\"vc_column-inner\"><div class=\"wpb_wrapper\"><div class=\"w-image has_ratio align_none\"><div class=\"w-image-h\"><div style=\"padding-bottom:75%\"><\/div><img width=\"933\" height=\"700\" src=\"http:\/\/starseedmakeup.com\/wp-content\/uploads\/2021\/06\/customized-eyelashes-packaging-for-big-brands.jpg\" class=\"attachment-large size-large\" alt=\"envases de pesta\u00f1as personalizados para grandes marcas\" decoding=\"async\" loading=\"lazy\" srcset=\"http:\/\/starseedmakeup.com\/wp-content\/uploads\/2021\/06\/customized-eyelashes-packaging-for-big-brands.jpg 933w, http:\/\/starseedmakeup.com\/wp-content\/uploads\/2021\/06\/customized-eyelashes-packaging-for-big-brands-300x225.jpg 300w, http:\/\/starseedmakeup.com\/wp-content\/uploads\/2021\/06\/customized-eyelashes-packaging-for-big-brands-600x450.jpg 600w\" sizes=\"(max-width: 933px) 100vw, 933px\" \/><\/div><\/div><\/div><\/div><\/div><div class=\"vc_col-sm-6 wpb_column vc_column_container\"><div class=\"vc_column-inner\"><div class=\"wpb_wrapper\"><div class=\"wpb_text_column\"><div class=\"wpb_wrapper\"><h2 style=\"text-align: left;\">Para Mega Marcas: MOQ bajos para poner en marcha su nueva l\u00ednea de productos<\/h2>\n<p style=\"text-align: left;\">Lanzar una nueva l\u00ednea de productos puede ser agotador y arriesgado. Antes de iniciar sus pr\u00f3ximos nuevos productos de venta caliente, aproveche la oportunidad de probar un peque\u00f1o n\u00famero de productos con un servicio de MOQ bajo.<\/p>\n<p>En Starseed tenemos algunas <strong>soluciones creativas de envasado<\/strong> para ponerle en marcha. Tanto si se trata de una marca madura que quiere empezar una nueva colecci\u00f3n como de una marca m\u00e1s grande que busca un lanzamiento suave, podemos ayudarle.<\/p>\n<\/div><\/div><div class=\"w-hwrapper align_none valign_top\"><div class=\"w-btn-wrapper align_none\"><a class=\"w-btn us-btn-style_1\" title=\"P\u00f3ngase en contacto con\" href=\"http:\/\/starseedmakeup.com\/es\/pongase-en-contacto-con\/\"><span class=\"w-btn-label\">Obtener lista de precios<\/span><\/a><\/div><div class=\"w-btn-wrapper align_none\"><a class=\"w-btn us-btn-style_4\" title=\"Todas las pesta\u00f1as\" href=\"http:\/\/starseedmakeup.com\/es\/todo-pestanas\/\"><span class=\"w-btn-label\">Pesta\u00f1as<\/span><\/a><\/div><\/div><\/div><\/div><\/div><\/div><\/div><\/section><section class=\"l-section wpb_row height_medium\"><div class=\"l-section-h i-cf\"><div class=\"g-cols vc_row via_flex valign_middle type_default stacking_default\"><div class=\"vc_col-sm-6 wpb_column vc_column_container\"><div class=\"vc_column-inner\"><div class=\"wpb_wrapper\"><div class=\"wpb_text_column\"><div class=\"wpb_wrapper\"><h2 style=\"text-align: left;\">Para marcas principiantes: MOQ bajo para controlar mejor su presupuesto<\/h2>\n<p>Trabajando en un proyecto de I+D con nosotros podemos dar la vuelta <strong>50 unidades<\/strong>. Nuestro objetivo es ayudar a su marca a crecer y vender productos rentables desde el inicio.<\/p>\n<p>Starseed ayuda a proporcionar pesta\u00f1as con valor a\u00f1adido, algo que han comprobado nuestros clientes y nuestro equipo de marketing. Adem\u00e1s, podemos trabajar juntos para descubrir el mejor envase posible que ayude a envolver las pesta\u00f1as de forma r\u00e1pida y sencilla.<\/p>\n<\/div><\/div><div class=\"w-hwrapper align_none valign_top\"><div class=\"w-btn-wrapper align_none\"><a class=\"w-btn us-btn-style_1\" title=\"P\u00f3ngase en contacto con\" href=\"http:\/\/starseedmakeup.com\/es\/pongase-en-contacto-con\/\"><span class=\"w-btn-label\">Obtener lista de precios<\/span><\/a><\/div><div class=\"w-btn-wrapper align_none\"><a class=\"w-btn us-btn-style_4\" title=\"Todas las pesta\u00f1as\" href=\"http:\/\/starseedmakeup.com\/es\/todo-pestanas\/\"><span class=\"w-btn-label\">Pesta\u00f1as<\/span><\/a><\/div><\/div><\/div><\/div><\/div><div class=\"vc_col-sm-6 wpb_column vc_column_container\"><div class=\"vc_column-inner\"><div class=\"wpb_wrapper\"><div class=\"w-image has_ratio align_none\"><div class=\"w-image-h\"><div style=\"padding-bottom:75%\"><\/div><img width=\"933\" height=\"700\" src=\"http:\/\/starseedmakeup.com\/wp-content\/uploads\/2021\/06\/Strip-eyelashes-in-private-label-packaging-boxes-1.jpg\" class=\"attachment-large size-large\" alt=\"Pesta\u00f1as en tiras en cajas de embalaje de marca blanca\" decoding=\"async\" loading=\"lazy\" srcset=\"http:\/\/starseedmakeup.com\/wp-content\/uploads\/2021\/06\/Strip-eyelashes-in-private-label-packaging-boxes-1.jpg 933w, http:\/\/starseedmakeup.com\/wp-content\/uploads\/2021\/06\/Strip-eyelashes-in-private-label-packaging-boxes-1-300x225.jpg 300w, http:\/\/starseedmakeup.com\/wp-content\/uploads\/2021\/06\/Strip-eyelashes-in-private-label-packaging-boxes-1-600x450.jpg 600w\" sizes=\"(max-width: 933px) 100vw, 933px\" \/><\/div><\/div><\/div><\/div><\/div><\/div><\/div><\/section>","protected":false},"excerpt":{"rendered":"Low MOQ Services Unlike average manufacturers, Starseed strives to provide low MOQ production of your eyelashes for one thing &#8211; to build your brand quick and easy. InicioP\u00e1ginasNo More Barrier to Market Entry Complementing low MOQ manufacturing, Starseed is a turnkey company that offers a library of standard eyelashes already paired with attractive packaging that...","protected":false},"author":1,"featured_media":0,"parent":0,"menu_order":0,"comment_status":"closed","ping_status":"closed","template":"","meta":[],"categories":[],"tags":[],"yoast_head":"<!-- This site is optimized with the Yoast SEO Premium plugin v20.5 (Yoast SEO v20.5) - https:\/\/yoast.com\/wordpress\/plugins\/seo\/ -->\n<title>Low MOQ Vegan Strip Eyelashes Wholesale - Starseed<\/title>\n<meta name=\"description\" content=\"Get your faux mink eyelashes and extensions with low MOQ in 50 pcs and get free samples! We help ship your eyelash products quick!\" \/>\n<meta name=\"robots\" content=\"index, follow, max-snippet:-1, max-image-preview:large, max-video-preview:-1\" \/>\n<link rel=\"canonical\" href=\"http:\/\/starseedmakeup.com\/es\/low-moq-service\/\" \/>\n<meta property=\"og:locale\" content=\"es_ES\" \/>\n<meta property=\"og:type\" content=\"article\" \/>\n<meta property=\"og:title\" content=\"Low MOQ Vegan Strip Eyelashes Wholesale - Starseed\" \/>\n<meta property=\"og:description\" content=\"Get your faux mink eyelashes and extensions with low MOQ in 50 pcs and get free samples! We help ship your eyelash products quick!\" \/>\n<meta property=\"og:url\" content=\"http:\/\/starseedmakeup.com\/es\/low-moq-service\/\" \/>\n<meta property=\"og:site_name\" content=\"Starseed\" \/>\n<meta property=\"article:modified_time\" content=\"2021-06-17T09:37:17+00:00\" \/>\n<meta name=\"twitter:card\" content=\"summary_large_image\" \/>\n<meta name=\"twitter:label1\" content=\"Est. reading time\" \/>\n\t<meta name=\"twitter:data1\" content=\"2 minutos\" \/>\n<script type=\"application\/ld+json\" class=\"yoast-schema-graph\">{\"@context\":\"https:\/\/schema.org\",\"@graph\":[{\"@type\":\"WebPage\",\"@id\":\"http:\/\/starseedmakeup.com\/fr\/low-moq-service\/\",\"url\":\"http:\/\/starseedmakeup.com\/fr\/low-moq-service\/\",\"name\":\"Low MOQ Vegan Strip Eyelashes Wholesale - Starseed\",\"isPartOf\":{\"@id\":\"http:\/\/starseedmakeup.com\/#website\"},\"datePublished\":\"2021-05-19T03:06:21+00:00\",\"dateModified\":\"2021-06-17T09:37:17+00:00\",\"description\":\"Get your faux mink eyelashes and extensions with low MOQ in 50 pcs and get free samples! We help ship your eyelash products quick!\",\"inLanguage\":\"es\",\"potentialAction\":[{\"@type\":\"ReadAction\",\"target\":[\"http:\/\/starseedmakeup.com\/fr\/low-moq-service\/\"]}]},{\"@type\":\"WebSite\",\"@id\":\"http:\/\/starseedmakeup.com\/#website\",\"url\":\"http:\/\/starseedmakeup.com\/\",\"name\":\"Starseed\",\"description\":\"Just another WordPress site\",\"potentialAction\":[{\"@type\":\"SearchAction\",\"target\":{\"@type\":\"EntryPoint\",\"urlTemplate\":\"http:\/\/starseedmakeup.com\/?s={search_term_string}\"},\"query-input\":\"required name=search_term_string\"}],\"inLanguage\":\"es\"}]}<\/script>\n<!-- \/ Yoast SEO Premium plugin. -->","yoast_head_json":{"title":"Low MOQ Vegan Strip Eyelashes Wholesale - Starseed","description":"Get your faux mink eyelashes and extensions with low MOQ in 50 pcs and get free samples! We help ship your eyelash products quick!","robots":{"index":"index","follow":"follow","max-snippet":"max-snippet:-1","max-image-preview":"max-image-preview:large","max-video-preview":"max-video-preview:-1"},"canonical":"http:\/\/starseedmakeup.com\/es\/low-moq-service\/","og_locale":"es_ES","og_type":"article","og_title":"Low MOQ Vegan Strip Eyelashes Wholesale - Starseed","og_description":"Get your faux mink eyelashes and extensions with low MOQ in 50 pcs and get free samples! We help ship your eyelash products quick!","og_url":"http:\/\/starseedmakeup.com\/es\/low-moq-service\/","og_site_name":"Starseed","article_modified_time":"2021-06-17T09:37:17+00:00","twitter_card":"summary_large_image","twitter_misc":{"Est. reading time":"2 minutos"},"schema":{"@context":"https:\/\/schema.org","@graph":[{"@type":"WebPage","@id":"http:\/\/starseedmakeup.com\/fr\/low-moq-service\/","url":"http:\/\/starseedmakeup.com\/fr\/low-moq-service\/","name":"Low MOQ Vegan Strip Eyelashes Wholesale - Starseed","isPartOf":{"@id":"http:\/\/starseedmakeup.com\/#website"},"datePublished":"2021-05-19T03:06:21+00:00","dateModified":"2021-06-17T09:37:17+00:00","description":"Get your faux mink eyelashes and extensions with low MOQ in 50 pcs and get free samples! We help ship your eyelash products quick!","inLanguage":"es","potentialAction":[{"@type":"ReadAction","target":["http:\/\/starseedmakeup.com\/fr\/low-moq-service\/"]}]},{"@type":"WebSite","@id":"http:\/\/starseedmakeup.com\/#website","url":"http:\/\/starseedmakeup.com\/","name":"Starseed","description":"Just another WordPress site","potentialAction":[{"@type":"SearchAction","target":{"@type":"EntryPoint","urlTemplate":"http:\/\/starseedmakeup.com\/?s={search_term_string}"},"query-input":"required name=search_term_string"}],"inLanguage":"es"}]}},"_links":{"self":[{"href":"http:\/\/starseedmakeup.com\/es\/wp-json\/wp\/v2\/pages\/3080"}],"collection":[{"href":"http:\/\/starseedmakeup.com\/es\/wp-json\/wp\/v2\/pages"}],"about":[{"href":"http:\/\/starseedmakeup.com\/es\/wp-json\/wp\/v2\/types\/page"}],"author":[{"embeddable":true,"href":"http:\/\/starseedmakeup.com\/es\/wp-json\/wp\/v2\/users\/1"}],"replies":[{"embeddable":true,"href":"http:\/\/starseedmakeup.com\/es\/wp-json\/wp\/v2\/comments?post=3080"}],"version-history":[{"count":25,"href":"http:\/\/starseedmakeup.com\/es\/wp-json\/wp\/v2\/pages\/3080\/revisions"}],"predecessor-version":[{"id":4904,"href":"http:\/\/starseedmakeup.com\/es\/wp-json\/wp\/v2\/pages\/3080\/revisions\/4904"}],"wp:attachment":[{"href":"http:\/\/starseedmakeup.com\/es\/wp-json\/wp\/v2\/media?parent=3080"}],"wp:term":[{"taxonomy":"category","embeddable":true,"href":"http:\/\/starseedmakeup.com\/es\/wp-json\/wp\/v2\/categories?post=3080"},{"taxonomy":"post_tag","embeddable":true,"href":"http:\/\/starseedmakeup.com\/es\/wp-json\/wp\/v2\/tags?post=3080"}],"curies":[{"name":"wp","href":"https:\/\/api.w.org\/{rel}","templated":true}]}}