{"id":3086,"date":"2021-05-19T03:07:20","date_gmt":"2021-05-19T03:07:20","guid":{"rendered":"https:\/\/starseedmakeup.com\/?page_id=3086"},"modified":"2021-06-12T05:18:21","modified_gmt":"2021-06-12T05:18:21","slug":"on-time-delivery","status":"publish","type":"page","link":"http:\/\/starseedmakeup.com\/es\/entrega-puntual\/","title":{"rendered":"Entrega a tiempo"},"content":{"rendered":"<section class=\"l-section wpb_row us_custom_8e7eead6 height_medium\"><div class=\"l-section-h i-cf\"><div class=\"g-cols vc_row via_flex valign_top type_default stacking_default\"><div class=\"vc_col-sm-12 wpb_column vc_column_container\"><div class=\"vc_column-inner\"><div class=\"wpb_wrapper\"><div class=\"wpb_text_column\"><div class=\"wpb_wrapper\"><h1>99% Entrega a tiempo<\/h1>\n<p>Todos los d\u00edas, enviamos sus pesta\u00f1as a trav\u00e9s de DHL o FedEx para garantizar una entrega r\u00e1pida de hasta 3 d\u00edas.<\/p>\n<\/div><\/div><\/div><\/div><\/div><\/div><\/div><\/section><section class=\"l-section wpb_row us_custom_217cb94a has_text_color height_small\"><div class=\"l-section-h i-cf\"><div class=\"g-cols vc_row via_flex valign_top type_default stacking_default\"><div class=\"vc_col-sm-12 wpb_column vc_column_container\"><div class=\"vc_column-inner\"><div class=\"wpb_wrapper\"><ol class=\"g-breadcrumbs us_custom_ae99f6aa has_text_color separator_icon align_none\" itemscope itemtype=\"http:\/\/schema.org\/BreadcrumbList\"><li class=\"g-breadcrumbs-item\" itemscope itemprop=\"itemListElement\" itemtype=\"http:\/\/schema.org\/ListItem\"><a itemprop=\"item\" href=\"http:\/\/starseedmakeup.com\/es\/\"><span itemprop=\"name\">Inicio<\/span><\/a><meta itemprop=\"position\" content=\"1\"\/><\/li><li class=\"g-breadcrumbs-separator\"><i class=\"far fa-angle-right\"><\/i><\/li><li class=\"g-breadcrumbs-item\">P\u00e1ginas<\/li><\/ol><\/div><\/div><\/div><\/div><\/div><\/section><section class=\"l-section wpb_row height_medium\"><div class=\"l-section-h i-cf\"><div class=\"g-cols vc_row via_flex valign_middle type_default stacking_default\"><div class=\"vc_col-sm-12 wpb_column vc_column_container\"><div class=\"vc_column-inner\"><div class=\"wpb_wrapper\"><div class=\"g-cols wpb_row via_flex valign_middle type_default stacking_default\"><div class=\"vc_col-sm-6 wpb_column vc_column_container\"><div class=\"vc_column-inner\"><div class=\"wpb_wrapper\"><div class=\"wpb_text_column\"><div class=\"wpb_wrapper\"><h2>Starseed 99% Entrega a tiempo<\/h2>\n<p>La entrega puntual de pesta\u00f1as de calidad suele citarse como el factor m\u00e1s cr\u00edtico para el rendimiento de los proveedores.<\/p>\n<p>Starseed se convirti\u00f3 en el primer proveedor de China en ofrecer un c\u00e1lculo preciso de la tarifa y el tiempo de env\u00edo, y seguimos haci\u00e9ndolo para ayudar a nuestros clientes a obtener un menor coste de env\u00edo y resultados m\u00e1s r\u00e1pidos.<\/p>\n<p>Somos expertos en gesti\u00f3n de inventarios y optimizaci\u00f3n de la cadena de suministro. Estamos listos para mostrarle c\u00f3mo la entrega puntual puede ayudarle a ganar m\u00e1s dinero.<\/p>\n<\/div><\/div><\/div><\/div><\/div><div class=\"vc_col-sm-6 wpb_column vc_column_container\"><div class=\"vc_column-inner\"><div class=\"wpb_wrapper\"><div class=\"w-image has_ratio align_none\"><div class=\"w-image-h\"><div style=\"padding-bottom:75%\"><\/div><img width=\"597\" height=\"448\" src=\"http:\/\/starseedmakeup.com\/wp-content\/uploads\/2021\/06\/Starseed-eyelashes-quick-delivery-review.png\" class=\"attachment-large size-large\" alt=\"Revisi\u00f3n de la entrega r\u00e1pida de pesta\u00f1as Starseed\" decoding=\"async\" loading=\"lazy\" srcset=\"http:\/\/starseedmakeup.com\/wp-content\/uploads\/2021\/06\/Starseed-eyelashes-quick-delivery-review.png 597w, http:\/\/starseedmakeup.com\/wp-content\/uploads\/2021\/06\/Starseed-eyelashes-quick-delivery-review-300x225.png 300w\" sizes=\"(max-width: 597px) 100vw, 597px\" \/><\/div><\/div><\/div><\/div><\/div><\/div><div class=\"w-separator size_medium\"><\/div><div class=\"g-cols wpb_row via_flex valign_middle type_default stacking_default\"><div class=\"vc_col-sm-6 wpb_column vc_column_container\"><div class=\"vc_column-inner\"><div class=\"wpb_wrapper\"><div class=\"w-image has_ratio align_none\"><div class=\"w-image-h\"><div style=\"padding-bottom:75%\"><\/div><img width=\"814\" height=\"610\" src=\"http:\/\/starseedmakeup.com\/wp-content\/uploads\/2021\/06\/DHL-and-FedEx-eyelashes-delivery-1.jpg\" class=\"attachment-large size-large\" alt=\"Entrega de pesta\u00f1as DHL y FedEx\" decoding=\"async\" loading=\"lazy\" srcset=\"http:\/\/starseedmakeup.com\/wp-content\/uploads\/2021\/06\/DHL-and-FedEx-eyelashes-delivery-1.jpg 814w, http:\/\/starseedmakeup.com\/wp-content\/uploads\/2021\/06\/DHL-and-FedEx-eyelashes-delivery-1-300x225.jpg 300w, http:\/\/starseedmakeup.com\/wp-content\/uploads\/2021\/06\/DHL-and-FedEx-eyelashes-delivery-1-600x450.jpg 600w\" sizes=\"(max-width: 814px) 100vw, 814px\" \/><\/div><\/div><\/div><\/div><\/div><div class=\"vc_col-sm-6 wpb_column vc_column_container\"><div class=\"vc_column-inner\"><div class=\"wpb_wrapper\"><div class=\"wpb_text_column\"><div class=\"wpb_wrapper\"><h2>DHL y FedEx se asocian<\/h2>\n<p>Nos asociamos oficialmente con DHL y FedEx para proporcionar <strong>5-7 d\u00edas servicios de env\u00edo r\u00e1pidos y actualizados en tiempo real<\/strong> a clientes de todo el mundo. Sus pedidos de pesta\u00f1as no tienen por qu\u00e9 retrasarse ni sufrir retrasos.<\/p>\n<p>Como f\u00e1brica de pesta\u00f1as, Starseed valora su presupuesto y apoya la tarifa de env\u00edo gratuita y el asesoramiento sobre el tiempo de env\u00edo. Tenemos una rica experiencia en el trato con la costumbre y la pol\u00edtica de env\u00edo de diferentes pa\u00edses, por lo tanto, capaz de controlar el env\u00edo mejor, m\u00e1s r\u00e1pido y m\u00e1s r\u00e1pido que otros fabricantes.<\/p>\n<\/div><\/div><\/div><\/div><\/div><\/div><\/div><\/div><\/div><\/div><\/div><\/section>","protected":false},"excerpt":{"rendered":"99% On-Time Delivery Everyday, we ship out your eyelashes via DHL or FedEx to ensure prompt delivery as fast as 3 days. InicioP\u00e1ginasStarseed 99% On-Time Delivery On-time delivery of quality eyelashes is often cited as the most critical driver of supplier performance. Starseed became the first supplier in China to provide accurate shipping fee and...","protected":false},"author":1,"featured_media":0,"parent":0,"menu_order":0,"comment_status":"closed","ping_status":"closed","template":"","meta":[],"categories":[],"tags":[],"yoast_head":"<!-- This site is optimized with the Yoast SEO Premium plugin v20.5 (Yoast SEO v20.5) - https:\/\/yoast.com\/wordpress\/plugins\/seo\/ -->\n<title>Quick Eyelashes Delivery Services from Factory - Starseed<\/title>\n<meta name=\"description\" content=\"Starseed provides a 99% on-time delivery to your eyelashes! We partner with DHL and FedEx to ship eyelashes globally. Click to learn more!\" \/>\n<meta name=\"robots\" content=\"index, follow, max-snippet:-1, max-image-preview:large, max-video-preview:-1\" \/>\n<link rel=\"canonical\" href=\"http:\/\/starseedmakeup.com\/es\/livraison-a-temps\/\" \/>\n<meta property=\"og:locale\" content=\"es_ES\" \/>\n<meta property=\"og:type\" content=\"article\" \/>\n<meta property=\"og:title\" content=\"Quick Eyelashes Delivery Services from Factory - Starseed\" \/>\n<meta property=\"og:description\" content=\"Starseed provides a 99% on-time delivery to your eyelashes! We partner with DHL and FedEx to ship eyelashes globally. Click to learn more!\" \/>\n<meta property=\"og:url\" content=\"http:\/\/starseedmakeup.com\/es\/livraison-a-temps\/\" \/>\n<meta property=\"og:site_name\" content=\"Starseed\" \/>\n<meta property=\"article:modified_time\" content=\"2021-06-12T05:18:21+00:00\" \/>\n<meta name=\"twitter:card\" content=\"summary_large_image\" \/>\n<meta name=\"twitter:label1\" content=\"Est. reading time\" \/>\n\t<meta name=\"twitter:data1\" content=\"1 minuto\" \/>\n<script type=\"application\/ld+json\" class=\"yoast-schema-graph\">{\"@context\":\"https:\/\/schema.org\",\"@graph\":[{\"@type\":\"WebPage\",\"@id\":\"http:\/\/starseedmakeup.com\/fr\/livraison-a-temps\/\",\"url\":\"http:\/\/starseedmakeup.com\/fr\/livraison-a-temps\/\",\"name\":\"Quick Eyelashes Delivery Services from Factory - Starseed\",\"isPartOf\":{\"@id\":\"http:\/\/starseedmakeup.com\/#website\"},\"datePublished\":\"2021-05-19T03:07:20+00:00\",\"dateModified\":\"2021-06-12T05:18:21+00:00\",\"description\":\"Starseed provides a 99% on-time delivery to your eyelashes! We partner with DHL and FedEx to ship eyelashes globally. Click to learn more!\",\"inLanguage\":\"es\",\"potentialAction\":[{\"@type\":\"ReadAction\",\"target\":[\"http:\/\/starseedmakeup.com\/fr\/livraison-a-temps\/\"]}]},{\"@type\":\"WebSite\",\"@id\":\"http:\/\/starseedmakeup.com\/#website\",\"url\":\"http:\/\/starseedmakeup.com\/\",\"name\":\"Starseed\",\"description\":\"Just another WordPress site\",\"potentialAction\":[{\"@type\":\"SearchAction\",\"target\":{\"@type\":\"EntryPoint\",\"urlTemplate\":\"http:\/\/starseedmakeup.com\/?s={search_term_string}\"},\"query-input\":\"required name=search_term_string\"}],\"inLanguage\":\"es\"}]}<\/script>\n<!-- \/ Yoast SEO Premium plugin. -->","yoast_head_json":{"title":"Quick Eyelashes Delivery Services from Factory - Starseed","description":"Starseed provides a 99% on-time delivery to your eyelashes! We partner with DHL and FedEx to ship eyelashes globally. Click to learn more!","robots":{"index":"index","follow":"follow","max-snippet":"max-snippet:-1","max-image-preview":"max-image-preview:large","max-video-preview":"max-video-preview:-1"},"canonical":"http:\/\/starseedmakeup.com\/es\/livraison-a-temps\/","og_locale":"es_ES","og_type":"article","og_title":"Quick Eyelashes Delivery Services from Factory - Starseed","og_description":"Starseed provides a 99% on-time delivery to your eyelashes! We partner with DHL and FedEx to ship eyelashes globally. Click to learn more!","og_url":"http:\/\/starseedmakeup.com\/es\/livraison-a-temps\/","og_site_name":"Starseed","article_modified_time":"2021-06-12T05:18:21+00:00","twitter_card":"summary_large_image","twitter_misc":{"Est. reading time":"1 minuto"},"schema":{"@context":"https:\/\/schema.org","@graph":[{"@type":"WebPage","@id":"http:\/\/starseedmakeup.com\/fr\/livraison-a-temps\/","url":"http:\/\/starseedmakeup.com\/fr\/livraison-a-temps\/","name":"Quick Eyelashes Delivery Services from Factory - Starseed","isPartOf":{"@id":"http:\/\/starseedmakeup.com\/#website"},"datePublished":"2021-05-19T03:07:20+00:00","dateModified":"2021-06-12T05:18:21+00:00","description":"Starseed provides a 99% on-time delivery to your eyelashes! We partner with DHL and FedEx to ship eyelashes globally. Click to learn more!","inLanguage":"es","potentialAction":[{"@type":"ReadAction","target":["http:\/\/starseedmakeup.com\/fr\/livraison-a-temps\/"]}]},{"@type":"WebSite","@id":"http:\/\/starseedmakeup.com\/#website","url":"http:\/\/starseedmakeup.com\/","name":"Starseed","description":"Just another WordPress site","potentialAction":[{"@type":"SearchAction","target":{"@type":"EntryPoint","urlTemplate":"http:\/\/starseedmakeup.com\/?s={search_term_string}"},"query-input":"required name=search_term_string"}],"inLanguage":"es"}]}},"_links":{"self":[{"href":"http:\/\/starseedmakeup.com\/es\/wp-json\/wp\/v2\/pages\/3086"}],"collection":[{"href":"http:\/\/starseedmakeup.com\/es\/wp-json\/wp\/v2\/pages"}],"about":[{"href":"http:\/\/starseedmakeup.com\/es\/wp-json\/wp\/v2\/types\/page"}],"author":[{"embeddable":true,"href":"http:\/\/starseedmakeup.com\/es\/wp-json\/wp\/v2\/users\/1"}],"replies":[{"embeddable":true,"href":"http:\/\/starseedmakeup.com\/es\/wp-json\/wp\/v2\/comments?post=3086"}],"version-history":[{"count":15,"href":"http:\/\/starseedmakeup.com\/es\/wp-json\/wp\/v2\/pages\/3086\/revisions"}],"predecessor-version":[{"id":3690,"href":"http:\/\/starseedmakeup.com\/es\/wp-json\/wp\/v2\/pages\/3086\/revisions\/3690"}],"wp:attachment":[{"href":"http:\/\/starseedmakeup.com\/es\/wp-json\/wp\/v2\/media?parent=3086"}],"wp:term":[{"taxonomy":"category","embeddable":true,"href":"http:\/\/starseedmakeup.com\/es\/wp-json\/wp\/v2\/categories?post=3086"},{"taxonomy":"post_tag","embeddable":true,"href":"http:\/\/starseedmakeup.com\/es\/wp-json\/wp\/v2\/tags?post=3086"}],"curies":[{"name":"wp","href":"https:\/\/api.w.org\/{rel}","templated":true}]}}