{"id":3088,"date":"2021-05-19T03:07:37","date_gmt":"2021-05-19T03:07:37","guid":{"rendered":"https:\/\/starseedmakeup.com\/?page_id=3088"},"modified":"2021-06-17T09:36:11","modified_gmt":"2021-06-17T09:36:11","slug":"in-stock-supplies","status":"publish","type":"page","link":"http:\/\/starseedmakeup.com\/es\/suministros-en-almacen\/","title":{"rendered":"Suministros en stock"},"content":{"rendered":"<section class=\"l-section wpb_row us_custom_51786714 height_medium\"><div class=\"l-section-h i-cf\"><div class=\"g-cols vc_row via_flex valign_top type_default stacking_default\"><div class=\"vc_col-sm-12 wpb_column vc_column_container\"><div class=\"vc_column-inner\"><div class=\"wpb_wrapper\"><div class=\"wpb_text_column\"><div class=\"wpb_wrapper\"><h1>Suministros en stock<\/h1>\n<p>La forma m\u00e1s r\u00e1pida de conseguir sus pesta\u00f1as altas es etiquetar de forma privada las pesta\u00f1as en stock con la informaci\u00f3n de su marca.<\/p>\n<\/div><\/div><\/div><\/div><\/div><\/div><\/div><\/section><section class=\"l-section wpb_row us_custom_217cb94a has_text_color height_small\"><div class=\"l-section-h i-cf\"><div class=\"g-cols vc_row via_flex valign_top type_default stacking_default\"><div class=\"vc_col-sm-12 wpb_column vc_column_container\"><div class=\"vc_column-inner\"><div class=\"wpb_wrapper\"><ol class=\"g-breadcrumbs us_custom_ae99f6aa has_text_color separator_icon align_none\" itemscope itemtype=\"http:\/\/schema.org\/BreadcrumbList\"><li class=\"g-breadcrumbs-item\" itemscope itemprop=\"itemListElement\" itemtype=\"http:\/\/schema.org\/ListItem\"><a itemprop=\"item\" href=\"http:\/\/starseedmakeup.com\/es\/\"><span itemprop=\"name\">Inicio<\/span><\/a><meta itemprop=\"position\" content=\"1\"\/><\/li><li class=\"g-breadcrumbs-separator\"><i class=\"far fa-angle-right\"><\/i><\/li><li class=\"g-breadcrumbs-item\">P\u00e1ginas<\/li><\/ol><\/div><\/div><\/div><\/div><\/div><\/section><section class=\"l-section wpb_row height_medium\"><div class=\"l-section-h i-cf\"><div class=\"g-cols vc_row via_flex valign_middle type_default stacking_default\"><div class=\"vc_col-sm-6 wpb_column vc_column_container\"><div class=\"vc_column-inner\"><div class=\"wpb_wrapper\"><div class=\"wpb_text_column\"><div class=\"wpb_wrapper\"><h2>Estamos en el negocio del inventario para que usted no tenga que estarlo.<\/h2>\n<\/div><\/div><div class=\"wpb_text_column\"><div class=\"wpb_wrapper\"><p>El inventario puede representar <strong>20% a 30%<\/strong> de los activos totales de su empresa. Se trata de d\u00f3lares que no se invierten en personal de ventas, desarrollo de productos, incentivos para empleados, adquisiciones estrat\u00e9gicas ni ninguna de las otras palancas utilizadas para hacer crecer su negocio de pesta\u00f1as.<\/p>\n<p>Starseed comprende sus necesidades in <strong>almacenamos las pesta\u00f1as m\u00e1s populares en nuestra f\u00e1brica<\/strong>. Tanto si es la primera vez que compra como si repite pedido, podemos ayudarle a acortar el plazo de entrega en s\u00f3lo unos d\u00edas.<\/p>\n<\/div><\/div><div class=\"w-btn-wrapper align_none\"><a class=\"w-btn us-btn-style_1\" title=\"P\u00f3ngase en contacto con\" href=\"http:\/\/starseedmakeup.com\/es\/pongase-en-contacto-con\/\"><span class=\"w-btn-label\">Cat\u00e1logo de existencias<\/span><\/a><\/div><\/div><\/div><\/div><div class=\"vc_col-sm-6 wpb_column vc_column_container\"><div class=\"vc_column-inner\"><div class=\"wpb_wrapper\"><div class=\"w-image has_ratio align_none\"><div class=\"w-image-h\"><div style=\"padding-bottom:75%\"><\/div><img width=\"882\" height=\"661\" src=\"http:\/\/starseedmakeup.com\/wp-content\/uploads\/2021\/06\/instock-false-eyelashes-Starseed-warehouse-1.jpg\" class=\"attachment-large size-large\" alt=\"instock pesta\u00f1as postizas Almac\u00e9n Starseed\" decoding=\"async\" loading=\"lazy\" srcset=\"http:\/\/starseedmakeup.com\/wp-content\/uploads\/2021\/06\/instock-false-eyelashes-Starseed-warehouse-1.jpg 882w, http:\/\/starseedmakeup.com\/wp-content\/uploads\/2021\/06\/instock-false-eyelashes-Starseed-warehouse-1-300x225.jpg 300w, http:\/\/starseedmakeup.com\/wp-content\/uploads\/2021\/06\/instock-false-eyelashes-Starseed-warehouse-1-600x450.jpg 600w\" sizes=\"(max-width: 882px) 100vw, 882px\" \/><\/div><\/div><\/div><\/div><\/div><\/div><\/div><\/section><section class=\"l-section wpb_row us_custom_0d15be52 height_medium\"><div class=\"l-section-h i-cf\"><div class=\"g-cols vc_row via_flex valign_top type_default stacking_default\"><div class=\"vc_col-sm-12 wpb_column vc_column_container\"><div class=\"vc_column-inner\"><div class=\"wpb_wrapper\"><div class=\"g-cols wpb_row via_flex valign_top type_default stacking_default\"><div class=\"vc_col-sm-2 wpb_column vc_column_container\"><div class=\"vc_column-inner\"><div class=\"wpb_wrapper\"><\/div><\/div><\/div><div class=\"vc_col-sm-8 wpb_column vc_column_container\"><div class=\"vc_column-inner\"><div class=\"wpb_wrapper\"><div class=\"wpb_text_column\"><div class=\"wpb_wrapper\"><h2 style=\"text-align: center;\">Menos existencias = Menos presi\u00f3n de tesorer\u00eda<\/h2>\n<\/div><\/div><div class=\"wpb_text_column\"><div class=\"wpb_wrapper\"><p style=\"text-align: center;\">El inventario ocupa mucho efectivo y cuesta mucho mantenerlo. Una cadena de suministro m\u00e1s eficiente minimizar\u00e1 su inversi\u00f3n en inventario. Starseed se asociar\u00e1 con usted para sacar el inventario de su balance y los gastos relacionados con el inventario de su cuenta de resultados. Nosotros lo hacemos todo.<\/p>\n<\/div><\/div><div class=\"w-separator size_small\"><\/div><\/div><\/div><\/div><div class=\"vc_col-sm-2 wpb_column vc_column_container\"><div class=\"vc_column-inner\"><div class=\"wpb_wrapper\"><\/div><\/div><\/div><\/div><div class=\"g-cols wpb_row via_flex valign_top type_default stacking_default\"><div class=\"vc_col-sm-6 wpb_column vc_column_container\"><div class=\"vc_column-inner\"><div class=\"wpb_wrapper\"><div class=\"w-vwrapper us_custom_378781bd align_none valign_top\"><div class=\"w-image has_ratio align_none\"><div class=\"w-image-h\"><div style=\"padding-bottom:56.25%\"><\/div><img width=\"883\" height=\"496\" src=\"http:\/\/starseedmakeup.com\/wp-content\/uploads\/2021\/06\/factory-warehousing-false-eyelashes-1.jpg\" class=\"attachment-large size-large\" alt=\"f\u00e1brica de pesta\u00f1as postizas\" decoding=\"async\" loading=\"lazy\" srcset=\"http:\/\/starseedmakeup.com\/wp-content\/uploads\/2021\/06\/factory-warehousing-false-eyelashes-1.jpg 883w, http:\/\/starseedmakeup.com\/wp-content\/uploads\/2021\/06\/factory-warehousing-false-eyelashes-1-300x169.jpg 300w, http:\/\/starseedmakeup.com\/wp-content\/uploads\/2021\/06\/factory-warehousing-false-eyelashes-1-600x337.jpg 600w\" sizes=\"(max-width: 883px) 100vw, 883px\" \/><\/div><\/div><div class=\"wpb_text_column us_custom_2c4f4a12\"><div class=\"wpb_wrapper\"><h4>Almac\u00e9n de f\u00e1brica<\/h4>\n<p>\u25cf Env\u00edo instant\u00e1neo para pesta\u00f1as en stock.<br \/>\n\u25cf M\u00e9todos de env\u00edo ilimitados<br \/>\n\u25cf Supervisi\u00f3n de almac\u00e9n las 24 horas del d\u00eda<\/p>\n<\/div><\/div><\/div><\/div><\/div><\/div><div class=\"vc_col-sm-6 wpb_column vc_column_container\"><div class=\"vc_column-inner\"><div class=\"wpb_wrapper\"><div class=\"w-vwrapper us_custom_378781bd align_none valign_top\"><div class=\"w-image has_ratio align_none\"><div class=\"w-image-h\"><div style=\"padding-bottom:56.25%\"><\/div><img width=\"669\" height=\"376\" src=\"http:\/\/starseedmakeup.com\/wp-content\/uploads\/2021\/06\/Popular-Lash-Styes-wholesale-1.jpg\" class=\"attachment-large size-large\" alt=\"Popular Lash Styes al por mayor\" decoding=\"async\" loading=\"lazy\" srcset=\"http:\/\/starseedmakeup.com\/wp-content\/uploads\/2021\/06\/Popular-Lash-Styes-wholesale-1.jpg 669w, http:\/\/starseedmakeup.com\/wp-content\/uploads\/2021\/06\/Popular-Lash-Styes-wholesale-1-300x169.jpg 300w, http:\/\/starseedmakeup.com\/wp-content\/uploads\/2021\/06\/Popular-Lash-Styes-wholesale-1-600x337.jpg 600w\" sizes=\"(max-width: 669px) 100vw, 669px\" \/><\/div><\/div><div class=\"wpb_text_column us_custom_2c4f4a12\"><div class=\"wpb_wrapper\"><h4>Pesta\u00f1as actualizadas<\/h4>\n<p>\u25cf Los estilos de pesta\u00f1as m\u00e1s populares en stock<br \/>\n\u25cf Etiquetado privado instant\u00e1neo<br \/>\n\u25cf Embalaje de pesta\u00f1as predise\u00f1ado.<\/p>\n<\/div><\/div><\/div><\/div><\/div><\/div><\/div><\/div><\/div><\/div><\/div><\/div><\/section>","protected":false},"excerpt":{"rendered":"In-Stock Supplies The quickest way to get your high eyelashes is to private label the instock eyelashes with your brand information. InicioP\u00e1ginasWe Are in the Inventory Business So You Don&#8217;t Have to Be. Inventory can represent 20% to 30% of your company\u2019s total assets. These are dollars not invested in salespeople, product development, employee incentives,...","protected":false},"author":1,"featured_media":0,"parent":0,"menu_order":0,"comment_status":"closed","ping_status":"closed","template":"","meta":[],"categories":[],"tags":[],"yoast_head":"<!-- This site is optimized with the Yoast SEO Premium plugin v20.5 (Yoast SEO v20.5) - https:\/\/yoast.com\/wordpress\/plugins\/seo\/ -->\n<title>Instock Vegan False Eyelashes Wholesale Supplies - Starseed<\/title>\n<meta name=\"description\" content=\"Get wholesale false eyelashes with your private label in 7 days! Starseed offers quick delivery and 200+ eyelashes styles for you!\" \/>\n<meta name=\"robots\" content=\"index, follow, max-snippet:-1, max-image-preview:large, max-video-preview:-1\" \/>\n<link rel=\"canonical\" href=\"http:\/\/starseedmakeup.com\/es\/approvisionnements-en-stock\/\" \/>\n<meta property=\"og:locale\" content=\"es_ES\" \/>\n<meta property=\"og:type\" content=\"article\" \/>\n<meta property=\"og:title\" content=\"Instock Vegan False Eyelashes Wholesale Supplies - Starseed\" \/>\n<meta property=\"og:description\" content=\"Get wholesale false eyelashes with your private label in 7 days! Starseed offers quick delivery and 200+ eyelashes styles for you!\" \/>\n<meta property=\"og:url\" content=\"http:\/\/starseedmakeup.com\/es\/approvisionnements-en-stock\/\" \/>\n<meta property=\"og:site_name\" content=\"Starseed\" \/>\n<meta property=\"article:modified_time\" content=\"2021-06-17T09:36:11+00:00\" \/>\n<meta name=\"twitter:card\" content=\"summary_large_image\" \/>\n<meta name=\"twitter:label1\" content=\"Est. reading time\" \/>\n\t<meta name=\"twitter:data1\" content=\"1 minuto\" \/>\n<script type=\"application\/ld+json\" class=\"yoast-schema-graph\">{\"@context\":\"https:\/\/schema.org\",\"@graph\":[{\"@type\":\"WebPage\",\"@id\":\"http:\/\/starseedmakeup.com\/fr\/approvisionnements-en-stock\/\",\"url\":\"http:\/\/starseedmakeup.com\/fr\/approvisionnements-en-stock\/\",\"name\":\"Instock Vegan False Eyelashes Wholesale Supplies - Starseed\",\"isPartOf\":{\"@id\":\"http:\/\/starseedmakeup.com\/#website\"},\"datePublished\":\"2021-05-19T03:07:37+00:00\",\"dateModified\":\"2021-06-17T09:36:11+00:00\",\"description\":\"Get wholesale false eyelashes with your private label in 7 days! Starseed offers quick delivery and 200+ eyelashes styles for you!\",\"inLanguage\":\"es\",\"potentialAction\":[{\"@type\":\"ReadAction\",\"target\":[\"http:\/\/starseedmakeup.com\/fr\/approvisionnements-en-stock\/\"]}]},{\"@type\":\"WebSite\",\"@id\":\"http:\/\/starseedmakeup.com\/#website\",\"url\":\"http:\/\/starseedmakeup.com\/\",\"name\":\"Starseed\",\"description\":\"Just another WordPress site\",\"potentialAction\":[{\"@type\":\"SearchAction\",\"target\":{\"@type\":\"EntryPoint\",\"urlTemplate\":\"http:\/\/starseedmakeup.com\/?s={search_term_string}\"},\"query-input\":\"required name=search_term_string\"}],\"inLanguage\":\"es\"}]}<\/script>\n<!-- \/ Yoast SEO Premium plugin. -->","yoast_head_json":{"title":"Instock Vegan False Eyelashes Wholesale Supplies - Starseed","description":"Get wholesale false eyelashes with your private label in 7 days! Starseed offers quick delivery and 200+ eyelashes styles for you!","robots":{"index":"index","follow":"follow","max-snippet":"max-snippet:-1","max-image-preview":"max-image-preview:large","max-video-preview":"max-video-preview:-1"},"canonical":"http:\/\/starseedmakeup.com\/es\/approvisionnements-en-stock\/","og_locale":"es_ES","og_type":"article","og_title":"Instock Vegan False Eyelashes Wholesale Supplies - Starseed","og_description":"Get wholesale false eyelashes with your private label in 7 days! Starseed offers quick delivery and 200+ eyelashes styles for you!","og_url":"http:\/\/starseedmakeup.com\/es\/approvisionnements-en-stock\/","og_site_name":"Starseed","article_modified_time":"2021-06-17T09:36:11+00:00","twitter_card":"summary_large_image","twitter_misc":{"Est. reading time":"1 minuto"},"schema":{"@context":"https:\/\/schema.org","@graph":[{"@type":"WebPage","@id":"http:\/\/starseedmakeup.com\/fr\/approvisionnements-en-stock\/","url":"http:\/\/starseedmakeup.com\/fr\/approvisionnements-en-stock\/","name":"Instock Vegan False Eyelashes Wholesale Supplies - Starseed","isPartOf":{"@id":"http:\/\/starseedmakeup.com\/#website"},"datePublished":"2021-05-19T03:07:37+00:00","dateModified":"2021-06-17T09:36:11+00:00","description":"Get wholesale false eyelashes with your private label in 7 days! Starseed offers quick delivery and 200+ eyelashes styles for you!","inLanguage":"es","potentialAction":[{"@type":"ReadAction","target":["http:\/\/starseedmakeup.com\/fr\/approvisionnements-en-stock\/"]}]},{"@type":"WebSite","@id":"http:\/\/starseedmakeup.com\/#website","url":"http:\/\/starseedmakeup.com\/","name":"Starseed","description":"Just another WordPress site","potentialAction":[{"@type":"SearchAction","target":{"@type":"EntryPoint","urlTemplate":"http:\/\/starseedmakeup.com\/?s={search_term_string}"},"query-input":"required name=search_term_string"}],"inLanguage":"es"}]}},"_links":{"self":[{"href":"http:\/\/starseedmakeup.com\/es\/wp-json\/wp\/v2\/pages\/3088"}],"collection":[{"href":"http:\/\/starseedmakeup.com\/es\/wp-json\/wp\/v2\/pages"}],"about":[{"href":"http:\/\/starseedmakeup.com\/es\/wp-json\/wp\/v2\/types\/page"}],"author":[{"embeddable":true,"href":"http:\/\/starseedmakeup.com\/es\/wp-json\/wp\/v2\/users\/1"}],"replies":[{"embeddable":true,"href":"http:\/\/starseedmakeup.com\/es\/wp-json\/wp\/v2\/comments?post=3088"}],"version-history":[{"count":23,"href":"http:\/\/starseedmakeup.com\/es\/wp-json\/wp\/v2\/pages\/3088\/revisions"}],"predecessor-version":[{"id":4902,"href":"http:\/\/starseedmakeup.com\/es\/wp-json\/wp\/v2\/pages\/3088\/revisions\/4902"}],"wp:attachment":[{"href":"http:\/\/starseedmakeup.com\/es\/wp-json\/wp\/v2\/media?parent=3088"}],"wp:term":[{"taxonomy":"category","embeddable":true,"href":"http:\/\/starseedmakeup.com\/es\/wp-json\/wp\/v2\/categories?post=3088"},{"taxonomy":"post_tag","embeddable":true,"href":"http:\/\/starseedmakeup.com\/es\/wp-json\/wp\/v2\/tags?post=3088"}],"curies":[{"name":"wp","href":"https:\/\/api.w.org\/{rel}","templated":true}]}}