{"id":3092,"date":"2021-05-19T03:08:12","date_gmt":"2021-05-19T03:08:12","guid":{"rendered":"https:\/\/starseedmakeup.com\/?page_id=3092"},"modified":"2021-06-11T07:26:57","modified_gmt":"2021-06-11T07:26:57","slug":"ethical-sourcing","status":"publish","type":"page","link":"http:\/\/starseedmakeup.com\/es\/abastecimiento-etico\/","title":{"rendered":"Abastecimiento \u00e9tico"},"content":{"rendered":"<section class=\"l-section wpb_row us_custom_51786714 height_medium\"><div class=\"l-section-h i-cf\"><div class=\"g-cols vc_row via_flex valign_top type_default stacking_default\"><div class=\"vc_col-sm-12 wpb_column vc_column_container\"><div class=\"vc_column-inner\"><div class=\"wpb_wrapper\"><div class=\"wpb_text_column\"><div class=\"wpb_wrapper\"><h1>Abastecimiento \u00e9tico<\/h1>\n<p>Creamos pesta\u00f1as postizas hechas a mano, veganas y sin crueldad, con la convicci\u00f3n de que hay un par de pesta\u00f1as perfecto para cada persona sin necesidad de matar.<\/p>\n<\/div><\/div><\/div><\/div><\/div><\/div><\/div><\/section><section class=\"l-section wpb_row us_custom_217cb94a has_text_color height_small\"><div class=\"l-section-h i-cf\"><div class=\"g-cols vc_row via_flex valign_top type_default stacking_default\"><div class=\"vc_col-sm-12 wpb_column vc_column_container\"><div class=\"vc_column-inner\"><div class=\"wpb_wrapper\"><ol class=\"g-breadcrumbs us_custom_ae99f6aa has_text_color separator_icon align_none\" itemscope itemtype=\"http:\/\/schema.org\/BreadcrumbList\"><li class=\"g-breadcrumbs-item\" itemscope itemprop=\"itemListElement\" itemtype=\"http:\/\/schema.org\/ListItem\"><a itemprop=\"item\" href=\"http:\/\/starseedmakeup.com\/es\/\"><span itemprop=\"name\">Inicio<\/span><\/a><meta itemprop=\"position\" content=\"1\"\/><\/li><li class=\"g-breadcrumbs-separator\"><i class=\"far fa-angle-right\"><\/i><\/li><li class=\"g-breadcrumbs-item\">P\u00e1ginas<\/li><\/ol><\/div><\/div><\/div><\/div><\/div><\/section><section class=\"l-section wpb_row height_medium\"><div class=\"l-section-h i-cf\"><div class=\"g-cols vc_row via_flex valign_middle type_default stacking_default\"><div class=\"vc_col-sm-6 wpb_column vc_column_container\"><div class=\"vc_column-inner\"><div class=\"wpb_wrapper\"><div class=\"wpb_text_column\"><div class=\"wpb_wrapper\"><h2>Vegano y sin crueldad<\/h2>\n<p>Nos encantan los animales, por eso todas nuestras pesta\u00f1as postizas y adhesivos son <strong>vegano y sin crueldad<\/strong>. Ofrecemos pesta\u00f1as de piel de origen \u00e9tico y materiales veganos que te proporcionan efectos similares, sin da\u00f1ar a ninguno de nuestros amigos los animales. As\u00ed que si lo que buscas son pesta\u00f1as veganas, haz de Starseed tu primera elecci\u00f3n.<\/p>\n<p>Como parte de ello, tambi\u00e9n hacemos todo lo posible por el medio ambiente. Reciclamos las cajas que salen de nuestro proceso de producci\u00f3n y eliminamos el uso de pl\u00e1stico siempre que podemos: solo lo utilizamos para garantizar que tus pedidos est\u00e9n a salvo de la intemperie, hasta que encontremos una alternativa ecol\u00f3gica.<\/p>\n<\/div><\/div><\/div><\/div><\/div><div class=\"vc_col-sm-6 wpb_column vc_column_container\"><div class=\"vc_column-inner\"><div class=\"wpb_wrapper\"><div class=\"w-image has_ratio align_none\"><div class=\"w-image-h\"><div style=\"padding-bottom:75%\"><\/div><img width=\"882\" height=\"661\" src=\"http:\/\/starseedmakeup.com\/wp-content\/uploads\/2021\/06\/vegan-eyelashes-manufacturing-1.jpg\" class=\"attachment-large size-large\" alt=\"fabricaci\u00f3n de pesta\u00f1as veganas\" decoding=\"async\" loading=\"lazy\" srcset=\"http:\/\/starseedmakeup.com\/wp-content\/uploads\/2021\/06\/vegan-eyelashes-manufacturing-1.jpg 882w, http:\/\/starseedmakeup.com\/wp-content\/uploads\/2021\/06\/vegan-eyelashes-manufacturing-1-300x225.jpg 300w, http:\/\/starseedmakeup.com\/wp-content\/uploads\/2021\/06\/vegan-eyelashes-manufacturing-1-600x450.jpg 600w\" sizes=\"(max-width: 882px) 100vw, 882px\" \/><\/div><\/div><\/div><\/div><\/div><\/div><\/div><\/section><section class=\"l-section wpb_row height_medium\"><div class=\"l-section-h i-cf\"><div class=\"g-cols vc_row via_flex valign_middle type_default stacking_default\"><div class=\"vc_col-sm-2 wpb_column vc_column_container\"><div class=\"vc_column-inner\"><div class=\"wpb_wrapper\"><\/div><\/div><\/div><div class=\"vc_col-sm-8 wpb_column vc_column_container\"><div class=\"vc_column-inner\"><div class=\"wpb_wrapper\"><div class=\"wpb_text_column\"><div class=\"wpb_wrapper\"><h2 style=\"text-align: center;\">En <span style=\"color: #fa96aa;\">En primer lugar<\/span> utilizar materiales veganos de fibra vegetal<\/h2>\n<p style=\"text-align: center;\">La mayor\u00eda de las materias primas para pesta\u00f1as veganas que existen actualmente en el mercado son fibras artificiales. Parecen r\u00edgidas y no tan elegantes como el pelo de vis\u00f3n. Por este fen\u00f3meno, el equipo de investigaci\u00f3n de Starseed ha estado buscando avances.<\/p>\n<p style=\"text-align: center;\">Abrirse camino es tambi\u00e9n abrirse paso en el mercado, para ofrecer a los clientes una experiencia mejor. Descubrimos un nuevo material, la fibra vegetal, que es <strong>refinado a partir de plantas puras y no t\u00f3xico y saludable<\/strong>. Profundamente transferido el concepto de pesta\u00f1as veganas hasta el final.<\/p>\n<p style=\"text-align: center;\">Starseed, \u00a1donde encontrar\u00e1s las mejores pesta\u00f1as veganas! <a href=\"http:\/\/starseedmakeup.com\/es\/materiales-de-primera\/\">Ver nuestros materiales<\/a><\/p>\n<\/div><\/div><\/div><\/div><\/div><div class=\"vc_col-sm-2 wpb_column vc_column_container\"><div class=\"vc_column-inner\"><div class=\"wpb_wrapper\"><\/div><\/div><\/div><div class=\"vc_col-sm-12 wpb_column vc_column_container\"><div class=\"vc_column-inner\"><div class=\"wpb_wrapper\"><div class=\"w-separator size_medium\"><\/div><div class=\"g-cols wpb_row via_flex valign_top type_default stacking_default\" style=\"--additional-gap:10px;\"><div class=\"vc_col-sm-3 wpb_column vc_column_container has_bg_color\"><div class=\"vc_column-inner us_custom_b992cee1\"><div class=\"wpb_wrapper\"><div class=\"w-iconbox iconpos_top style_default color_custom align_center no_text\"><div class=\"w-iconbox-icon\" style=\"font-size:2rem;color:#ef5350;\"><i class=\"far fa-heart\"><\/i><\/div><div class=\"w-iconbox-meta\"><h5 class=\"w-iconbox-title\">100% Sin crueldad<\/h5><\/div><\/div><\/div><\/div><\/div><div class=\"vc_col-sm-3 wpb_column vc_column_container has_bg_color\"><div class=\"vc_column-inner us_custom_b992cee1\"><div class=\"wpb_wrapper\"><div class=\"w-iconbox iconpos_top style_default color_custom align_center no_text\"><div class=\"w-iconbox-icon\" style=\"font-size:2rem;color:#8bc34a;\"><i class=\"far fa-leaf\"><\/i><\/div><div class=\"w-iconbox-meta\"><h5 class=\"w-iconbox-title\">Pure Plant Essentials<\/h5><\/div><\/div><\/div><\/div><\/div><div class=\"vc_col-sm-3 wpb_column vc_column_container has_bg_color\"><div class=\"vc_column-inner us_custom_b992cee1\"><div class=\"wpb_wrapper\"><div class=\"w-iconbox iconpos_top style_default color_custom align_center no_text\"><div class=\"w-iconbox-icon\" style=\"font-size:2rem;color:#9c27b0;\"><i class=\"far fa-medal\"><\/i><\/div><div class=\"w-iconbox-meta\"><h5 class=\"w-iconbox-title\">Los primeros en llegar al mercado<\/h5><\/div><\/div><\/div><\/div><\/div><div class=\"vc_col-sm-3 wpb_column vc_column_container has_bg_color\"><div class=\"vc_column-inner us_custom_b992cee1\"><div class=\"wpb_wrapper\"><div class=\"w-iconbox iconpos_top style_default color_custom align_center no_text\"><div class=\"w-iconbox-icon\" style=\"font-size:2rem;color:#2196f3;\"><i class=\"far fa-smile-plus\"><\/i><\/div><div class=\"w-iconbox-meta\"><h5 class=\"w-iconbox-title\">Uso supersuave<\/h5><\/div><\/div><\/div><\/div><\/div><\/div><\/div><\/div><\/div><\/div><\/div><\/section><section class=\"l-section wpb_row height_medium\"><div class=\"l-section-h i-cf\"><div class=\"g-cols vc_row via_flex valign_middle type_default stacking_default\"><div class=\"vc_col-sm-6 wpb_column vc_column_container\"><div class=\"vc_column-inner\"><div class=\"wpb_wrapper\"><div class=\"wpb_text_column\"><div class=\"wpb_wrapper\"><h2>Los materiales representan la reputaci\u00f3n de sus productos<\/h2>\n<p>La mayor\u00eda de las f\u00e1bricas de pesta\u00f1as mantienen sus materiales en secreto. Nosotros no. La calidad de sus pesta\u00f1as depende de lo buenos que sean los materiales, y sus ventas dependen de la calidad. Este bucle debe ganarse su atenci\u00f3n antes de buscar su fabricante de pesta\u00f1as.<\/p>\n<p>En Starseed, los materiales son honor. Nuestro equipo de producci\u00f3n mantiene <strong>100% comprobaci\u00f3n de material<\/strong> en los materiales de las pesta\u00f1as. Por no hablar de que nuestros proveedores de materiales son totalmente sostenibles y gestionados de forma \u00e9tica, y auditados por nuestro estricto sistema de proveedores.<\/p>\n<\/div><\/div><\/div><\/div><\/div><div class=\"vc_col-sm-6 wpb_column vc_column_container\"><div class=\"vc_column-inner\"><div class=\"wpb_wrapper\"><div class=\"w-image has_ratio align_none\"><div class=\"w-image-h\"><div style=\"padding-bottom:75%\"><\/div><img width=\"882\" height=\"661\" src=\"http:\/\/starseedmakeup.com\/wp-content\/uploads\/2021\/06\/vegan-eyelashes-materials-1.jpg\" class=\"attachment-large size-large\" alt=\"pesta\u00f1as veganas materiales\" decoding=\"async\" loading=\"lazy\" srcset=\"http:\/\/starseedmakeup.com\/wp-content\/uploads\/2021\/06\/vegan-eyelashes-materials-1.jpg 882w, http:\/\/starseedmakeup.com\/wp-content\/uploads\/2021\/06\/vegan-eyelashes-materials-1-300x225.jpg 300w, http:\/\/starseedmakeup.com\/wp-content\/uploads\/2021\/06\/vegan-eyelashes-materials-1-600x450.jpg 600w\" sizes=\"(max-width: 882px) 100vw, 882px\" \/><\/div><\/div><\/div><\/div><\/div><\/div><\/div><\/section><section class=\"l-section wpb_row height_medium\"><div class=\"l-section-h i-cf\"><div class=\"g-cols vc_row via_flex valign_middle type_default stacking_default\"><div class=\"vc_col-sm-6 wpb_column vc_column_container\"><div class=\"vc_column-inner\"><div class=\"wpb_wrapper\"><div class=\"w-image has_ratio align_none\"><div class=\"w-image-h\"><div style=\"padding-bottom:75%\"><\/div><img width=\"882\" height=\"661\" src=\"http:\/\/starseedmakeup.com\/wp-content\/uploads\/2021\/06\/vegan-magnetic-false-eyelashes-1.jpg\" class=\"attachment-large size-large\" alt=\"pesta\u00f1as postizas magn\u00e9ticas veganas\" decoding=\"async\" loading=\"lazy\" srcset=\"http:\/\/starseedmakeup.com\/wp-content\/uploads\/2021\/06\/vegan-magnetic-false-eyelashes-1.jpg 882w, http:\/\/starseedmakeup.com\/wp-content\/uploads\/2021\/06\/vegan-magnetic-false-eyelashes-1-300x225.jpg 300w, http:\/\/starseedmakeup.com\/wp-content\/uploads\/2021\/06\/vegan-magnetic-false-eyelashes-1-600x450.jpg 600w\" sizes=\"(max-width: 882px) 100vw, 882px\" \/><\/div><\/div><\/div><\/div><\/div><div class=\"vc_col-sm-6 wpb_column vc_column_container\"><div class=\"vc_column-inner\"><div class=\"wpb_wrapper\"><div class=\"wpb_text_column\"><div class=\"wpb_wrapper\"><h2>Vegano no es un llamamiento, es nuestra acci\u00f3n<\/h2>\n<p>Los materiales para pesta\u00f1as a base de plantas que Starseed desarroll\u00f3, son nuestros principales materiales para servir a la mayor\u00eda de las marcas que valoran la humanidad y la naturaleza. Aunque la mayor\u00eda de los materiales para pesta\u00f1as en el mercado est\u00e1n hechos de vis\u00f3n y pelo humano debido a su suavidad, todav\u00eda encontramos otra manera de lograr la misma suavidad pero sin crueldad.<\/p>\n<p>Vegan no es una llamada, es nuestra acci\u00f3n. Ahora Starseed se esfuerza mucho en proponer a nuestros clientes que prueben el nuevo material. La mayor\u00eda de ellas se enamoran de \u00e9l y descubren una nueva tendencia en cosm\u00e9tica para pesta\u00f1as. <strong>Pesta\u00f1as ECO<\/strong>. Creemos que a usted tambi\u00e9n le encantar\u00e1.<\/p>\n<\/div><\/div><\/div><\/div><\/div><\/div><\/div><\/section>","protected":false},"excerpt":{"rendered":"Ethical Sourcing We create handmade vegan and cruelty-free false lashes, with the belief that there\u2019s a perfect pair of lashes for everyone without killing. InicioP\u00e1ginasVegan and Cruelty-Free We love animals, which is why all of our false lashes and adhesives are vegan and cruelty-free. We offer ethically sourced fur lashes and vegan materials that give...","protected":false},"author":1,"featured_media":0,"parent":0,"menu_order":0,"comment_status":"closed","ping_status":"closed","template":"","meta":[],"categories":[],"tags":[],"yoast_head":"<!-- This site is optimized with the Yoast SEO Premium plugin v20.5 (Yoast SEO v20.5) - https:\/\/yoast.com\/wordpress\/plugins\/seo\/ -->\n<title>Ethical Principle of Our Vegan Eyelashes and Extensions - Starseed<\/title>\n<meta name=\"description\" content=\"All false eyelashes materials are ethically sourced and used in your strip eyelashes and extension manufacturing. Vegan lash materials.\" \/>\n<meta name=\"robots\" content=\"index, follow, max-snippet:-1, max-image-preview:large, max-video-preview:-1\" \/>\n<link rel=\"canonical\" href=\"http:\/\/starseedmakeup.com\/es\/abastecimiento-etico\/\" \/>\n<meta property=\"og:locale\" content=\"es_ES\" \/>\n<meta property=\"og:type\" content=\"article\" \/>\n<meta property=\"og:title\" content=\"Ethical Principle of Our Vegan Eyelashes and Extensions - Starseed\" \/>\n<meta property=\"og:description\" content=\"All false eyelashes materials are ethically sourced and used in your strip eyelashes and extension manufacturing. Vegan lash materials.\" \/>\n<meta property=\"og:url\" content=\"http:\/\/starseedmakeup.com\/es\/abastecimiento-etico\/\" \/>\n<meta property=\"og:site_name\" content=\"Starseed\" \/>\n<meta property=\"article:modified_time\" content=\"2021-06-11T07:26:57+00:00\" \/>\n<meta name=\"twitter:card\" content=\"summary_large_image\" \/>\n<meta name=\"twitter:label1\" content=\"Est. reading time\" \/>\n\t<meta name=\"twitter:data1\" content=\"3 minutos\" \/>\n<script type=\"application\/ld+json\" class=\"yoast-schema-graph\">{\"@context\":\"https:\/\/schema.org\",\"@graph\":[{\"@type\":\"WebPage\",\"@id\":\"http:\/\/starseedmakeup.com\/es\/abastecimiento-etico\/\",\"url\":\"http:\/\/starseedmakeup.com\/es\/abastecimiento-etico\/\",\"name\":\"Ethical Principle of Our Vegan Eyelashes and Extensions - Starseed\",\"isPartOf\":{\"@id\":\"http:\/\/starseedmakeup.com\/#website\"},\"datePublished\":\"2021-05-19T03:08:12+00:00\",\"dateModified\":\"2021-06-11T07:26:57+00:00\",\"description\":\"All false eyelashes materials are ethically sourced and used in your strip eyelashes and extension manufacturing. Vegan lash materials.\",\"inLanguage\":\"es\",\"potentialAction\":[{\"@type\":\"ReadAction\",\"target\":[\"http:\/\/starseedmakeup.com\/es\/abastecimiento-etico\/\"]}]},{\"@type\":\"WebSite\",\"@id\":\"http:\/\/starseedmakeup.com\/#website\",\"url\":\"http:\/\/starseedmakeup.com\/\",\"name\":\"Starseed\",\"description\":\"Just another WordPress site\",\"potentialAction\":[{\"@type\":\"SearchAction\",\"target\":{\"@type\":\"EntryPoint\",\"urlTemplate\":\"http:\/\/starseedmakeup.com\/?s={search_term_string}\"},\"query-input\":\"required name=search_term_string\"}],\"inLanguage\":\"es\"}]}<\/script>\n<!-- \/ Yoast SEO Premium plugin. -->","yoast_head_json":{"title":"Ethical Principle of Our Vegan Eyelashes and Extensions - Starseed","description":"All false eyelashes materials are ethically sourced and used in your strip eyelashes and extension manufacturing. Vegan lash materials.","robots":{"index":"index","follow":"follow","max-snippet":"max-snippet:-1","max-image-preview":"max-image-preview:large","max-video-preview":"max-video-preview:-1"},"canonical":"http:\/\/starseedmakeup.com\/es\/abastecimiento-etico\/","og_locale":"es_ES","og_type":"article","og_title":"Ethical Principle of Our Vegan Eyelashes and Extensions - Starseed","og_description":"All false eyelashes materials are ethically sourced and used in your strip eyelashes and extension manufacturing. Vegan lash materials.","og_url":"http:\/\/starseedmakeup.com\/es\/abastecimiento-etico\/","og_site_name":"Starseed","article_modified_time":"2021-06-11T07:26:57+00:00","twitter_card":"summary_large_image","twitter_misc":{"Est. reading time":"3 minutos"},"schema":{"@context":"https:\/\/schema.org","@graph":[{"@type":"WebPage","@id":"http:\/\/starseedmakeup.com\/es\/abastecimiento-etico\/","url":"http:\/\/starseedmakeup.com\/es\/abastecimiento-etico\/","name":"Ethical Principle of Our Vegan Eyelashes and Extensions - Starseed","isPartOf":{"@id":"http:\/\/starseedmakeup.com\/#website"},"datePublished":"2021-05-19T03:08:12+00:00","dateModified":"2021-06-11T07:26:57+00:00","description":"All false eyelashes materials are ethically sourced and used in your strip eyelashes and extension manufacturing. Vegan lash materials.","inLanguage":"es","potentialAction":[{"@type":"ReadAction","target":["http:\/\/starseedmakeup.com\/es\/abastecimiento-etico\/"]}]},{"@type":"WebSite","@id":"http:\/\/starseedmakeup.com\/#website","url":"http:\/\/starseedmakeup.com\/","name":"Starseed","description":"Just another WordPress site","potentialAction":[{"@type":"SearchAction","target":{"@type":"EntryPoint","urlTemplate":"http:\/\/starseedmakeup.com\/?s={search_term_string}"},"query-input":"required name=search_term_string"}],"inLanguage":"es"}]}},"_links":{"self":[{"href":"http:\/\/starseedmakeup.com\/es\/wp-json\/wp\/v2\/pages\/3092"}],"collection":[{"href":"http:\/\/starseedmakeup.com\/es\/wp-json\/wp\/v2\/pages"}],"about":[{"href":"http:\/\/starseedmakeup.com\/es\/wp-json\/wp\/v2\/types\/page"}],"author":[{"embeddable":true,"href":"http:\/\/starseedmakeup.com\/es\/wp-json\/wp\/v2\/users\/1"}],"replies":[{"embeddable":true,"href":"http:\/\/starseedmakeup.com\/es\/wp-json\/wp\/v2\/comments?post=3092"}],"version-history":[{"count":19,"href":"http:\/\/starseedmakeup.com\/es\/wp-json\/wp\/v2\/pages\/3092\/revisions"}],"predecessor-version":[{"id":5091,"href":"http:\/\/starseedmakeup.com\/es\/wp-json\/wp\/v2\/pages\/3092\/revisions\/5091"}],"wp:attachment":[{"href":"http:\/\/starseedmakeup.com\/es\/wp-json\/wp\/v2\/media?parent=3092"}],"wp:term":[{"taxonomy":"category","embeddable":true,"href":"http:\/\/starseedmakeup.com\/es\/wp-json\/wp\/v2\/categories?post=3092"},{"taxonomy":"post_tag","embeddable":true,"href":"http:\/\/starseedmakeup.com\/es\/wp-json\/wp\/v2\/tags?post=3092"}],"curies":[{"name":"wp","href":"https:\/\/api.w.org\/{rel}","templated":true}]}}