{"id":3921,"date":"2021-06-15T06:51:00","date_gmt":"2021-06-15T06:51:00","guid":{"rendered":"https:\/\/starseedmakeup.com\/?page_id=3921"},"modified":"2021-06-15T06:53:13","modified_gmt":"2021-06-15T06:53:13","slug":"support","status":"publish","type":"page","link":"http:\/\/starseedmakeup.com\/es\/support\/","title":{"rendered":"Ayuda"},"content":{"rendered":"<section class=\"l-section wpb_row us_custom_51786714 height_medium\"><div class=\"l-section-h i-cf\"><div class=\"g-cols vc_row via_flex valign_top type_default stacking_default\"><div class=\"vc_col-sm-12 wpb_column vc_column_container\"><div class=\"vc_column-inner\"><div class=\"wpb_wrapper\"><div class=\"wpb_text_column\"><div class=\"wpb_wrapper\"><h1>Apoyo Starseed<\/h1>\n<p>\u00bfTiene alguna pregunta sobre nuestros productos? \u00bfEntrega? \u00bfTiempo de entrega? Estamos aqu\u00ed para ayudarle.<\/p>\n<\/div><\/div><\/div><\/div><\/div><\/div><\/div><\/section><section class=\"l-section wpb_row us_custom_217cb94a has_text_color height_small\"><div class=\"l-section-h i-cf\"><div class=\"g-cols vc_row via_flex valign_top type_default stacking_default\"><div class=\"vc_col-sm-12 wpb_column vc_column_container\"><div class=\"vc_column-inner\"><div class=\"wpb_wrapper\"><ol class=\"g-breadcrumbs us_custom_ae99f6aa has_text_color separator_icon align_none\" itemscope itemtype=\"http:\/\/schema.org\/BreadcrumbList\"><li class=\"g-breadcrumbs-item\" itemscope itemprop=\"itemListElement\" itemtype=\"http:\/\/schema.org\/ListItem\"><a itemprop=\"item\" href=\"http:\/\/starseedmakeup.com\/es\/\"><span itemprop=\"name\">Inicio<\/span><\/a><meta itemprop=\"position\" content=\"1\"\/><\/li><li class=\"g-breadcrumbs-separator\"><i class=\"far fa-angle-right\"><\/i><\/li><li class=\"g-breadcrumbs-item\">P\u00e1ginas<\/li><\/ol><\/div><\/div><\/div><\/div><\/div><\/section><section class=\"l-section wpb_row height_medium\"><div class=\"l-section-h i-cf\"><div class=\"g-cols vc_row via_flex valign_top type_default stacking_default\" style=\"--additional-gap:15px;\"><div class=\"vc_col-sm-9 wpb_column vc_column_container\"><div class=\"vc_column-inner\"><div class=\"wpb_wrapper\"><div class=\"w-tabs style_default switch_click accordion type_togglable has_scrolling remove_indents\" style=\"--sections-title-size:16px\"><div class=\"w-tabs-sections titles-align_none icon_chevron cpos_right\"><div class=\"w-tabs-section active\" id=\"1620118396864-63046429-3619\"><button aria-controls=\"content-1620118396864-63046429-3619\" class=\"w-tabs-section-header active\"><div class=\"w-tabs-section-title\">\u00bfProporcionan muestras gratuitas?<\/div><div class=\"w-tabs-section-control\"><\/div><\/button><div  class=\"w-tabs-section-content\" id=\"content-1620118396864-63046429-3619\" aria-expanded=\"true\"><div class=\"w-tabs-section-content-h i-cf\"><div class=\"wpb_text_column\"><div class=\"wpb_wrapper\"><div><span class=\"magic-41\" data-spm-anchor-id=\"a2700.wholesale.0.i15.1166239aCuHdMw\">S\u00ed, disponemos de muestras gratuitas de pesta\u00f1as. <\/span><\/div>\n<\/div><\/div><\/div><\/div><\/div><div class=\"w-tabs-section\" id=\"1620118396883-3cd42a8c-7935\"><button aria-controls=\"content-1620118396883-3cd42a8c-7935\" class=\"w-tabs-section-header\"><div class=\"w-tabs-section-title\">\u00bfQu\u00e9 condiciones de pago acepta?<\/div><div class=\"w-tabs-section-control\"><\/div><\/button><div  class=\"w-tabs-section-content\" id=\"content-1620118396883-3cd42a8c-7935\" aria-expanded=\"false\"><div class=\"w-tabs-section-content-h i-cf\"><div class=\"wpb_text_column\"><div class=\"wpb_wrapper\"><div><span class=\"magic-41\" data-spm-anchor-id=\"a2700.wholesale.0.i17.1166239aCuHdMw\">Aceptamos diversos m\u00e9todos de pago, como Paypal, T\/T, efectivo, etc. <\/span><\/div>\n<\/div><\/div><\/div><\/div><\/div><div class=\"w-tabs-section\" id=\"1620118396907-3e879261-4bc5\"><button aria-controls=\"content-1620118396907-3e879261-4bc5\" class=\"w-tabs-section-header\"><div class=\"w-tabs-section-title\">\u00bfPueden suministrar cajas para pesta\u00f1as y hacer logotipos personalizados?<\/div><div class=\"w-tabs-section-control\"><\/div><\/button><div  class=\"w-tabs-section-content\" id=\"content-1620118396907-3e879261-4bc5\" aria-expanded=\"false\"><div class=\"w-tabs-section-content-h i-cf\"><div class=\"wpb_text_column\"><div class=\"wpb_wrapper\"><div><span class=\"magic-41\" data-spm-anchor-id=\"a2700.wholesale.0.i19.1166239aCuHdMw\">S\u00ed, aceptamos paquetes privados y logotipos para clientes. <\/span><\/div>\n<\/div><\/div><\/div><\/div><\/div><div class=\"w-tabs-section\" id=\"1623739808445-dc860173-9d89\"><button aria-controls=\"content-1623739808445-dc860173-9d89\" class=\"w-tabs-section-header\"><div class=\"w-tabs-section-title\">\u00bfCu\u00e1l es el MOQ para los pedidos de marca blanca?<\/div><div class=\"w-tabs-section-control\"><\/div><\/button><div  class=\"w-tabs-section-content\" id=\"content-1623739808445-dc860173-9d89\" aria-expanded=\"false\"><div class=\"w-tabs-section-content-h i-cf\"><div class=\"wpb_text_column\"><div class=\"wpb_wrapper\"><div><span class=\"magic-41\" data-spm-anchor-id=\"a2700.wholesale.0.i21.1166239aCuHdMw\">Nuestro MOQ para la etiqueta privada es menos de 50 pares, para el exacto de su logotipo requerido&amp;embalajes, confirme por favor con nosotros. <\/span><\/div>\n<\/div><\/div><\/div><\/div><\/div><div class=\"w-tabs-section\" id=\"1623739835942-39b1e3b7-ecc4\"><button aria-controls=\"content-1623739835942-39b1e3b7-ecc4\" class=\"w-tabs-section-header\"><div class=\"w-tabs-section-title\">\u00bfEn cu\u00e1ntos d\u00edas puede entregar la mercanc\u00eda?<\/div><div class=\"w-tabs-section-control\"><\/div><\/button><div  class=\"w-tabs-section-content\" id=\"content-1623739835942-39b1e3b7-ecc4\" aria-expanded=\"false\"><div class=\"w-tabs-section-content-h i-cf\"><div class=\"wpb_text_column\"><div class=\"wpb_wrapper\"><div><span class=\"magic-41\" data-spm-anchor-id=\"a2700.wholesale.0.i23.1166239aCuHdMw\">Por existencias: <u><b>en el plazo de 1 d\u00eda.<\/b><\/u> <\/span><\/div>\n<div><span class=\"magic-41\"> Para pedidos de clientes: unos 7~15 d\u00edas.<\/span><\/div>\n<\/div><\/div><\/div><\/div><\/div><\/div><\/div><\/div><\/div><\/div><div class=\"vc_col-sm-3 vc_hidden-sm vc_hidden-xs wpb_column vc_column_container\"><div class=\"vc_column-inner type_sticky\"><div class=\"wpb_wrapper\"><\/div><\/div><\/div><\/div><\/div><\/section>","protected":false},"excerpt":{"rendered":"Starseed Support Any questions on our products? Delivery? Lead time? We&#8217;re here to support! InicioP\u00e1ginasDo you provide free samples?Yes, free eyelash samples are available. What payment terms you will accept?We accept a range of payment methods, including Paypal, T\/T, cash ect. Can you supply eyelash box and make custom logo?Yes, we accept private package and...","protected":false},"author":1,"featured_media":0,"parent":0,"menu_order":0,"comment_status":"closed","ping_status":"closed","template":"","meta":[],"categories":[],"tags":[],"yoast_head":"<!-- This site is optimized with the Yoast SEO Premium plugin v20.5 (Yoast SEO v20.5) - https:\/\/yoast.com\/wordpress\/plugins\/seo\/ -->\n<title>Starseed Support - FAQs and Help to Eyelashes Business- Starseed<\/title>\n<meta name=\"description\" content=\"Have questions on our eyelashes products? Browse our FAQs and our support. We help you to choose and ship your private labeled eyelashes.\" \/>\n<meta name=\"robots\" content=\"index, follow, max-snippet:-1, max-image-preview:large, max-video-preview:-1\" \/>\n<link rel=\"canonical\" href=\"http:\/\/starseedmakeup.com\/es\/\u043f\u043e\u0434\u0434\u0435\u0440\u0436\u043a\u0430\/\" \/>\n<meta property=\"og:locale\" content=\"es_ES\" \/>\n<meta property=\"og:type\" content=\"article\" \/>\n<meta property=\"og:title\" content=\"Starseed Support - FAQs and Help to Eyelashes Business- Starseed\" \/>\n<meta property=\"og:description\" content=\"Have questions on our eyelashes products? Browse our FAQs and our support. We help you to choose and ship your private labeled eyelashes.\" \/>\n<meta property=\"og:url\" content=\"http:\/\/starseedmakeup.com\/es\/\u043f\u043e\u0434\u0434\u0435\u0440\u0436\u043a\u0430\/\" \/>\n<meta property=\"og:site_name\" content=\"Starseed\" \/>\n<meta property=\"article:modified_time\" content=\"2021-06-15T06:53:13+00:00\" \/>\n<meta name=\"twitter:card\" content=\"summary_large_image\" \/>\n<meta name=\"twitter:label1\" content=\"Est. reading time\" \/>\n\t<meta name=\"twitter:data1\" content=\"1 minuto\" \/>\n<script type=\"application\/ld+json\" class=\"yoast-schema-graph\">{\"@context\":\"https:\/\/schema.org\",\"@graph\":[{\"@type\":\"WebPage\",\"@id\":\"http:\/\/starseedmakeup.com\/ru\/\u043f\u043e\u0434\u0434\u0435\u0440\u0436\u043a\u0430\/\",\"url\":\"http:\/\/starseedmakeup.com\/ru\/\u043f\u043e\u0434\u0434\u0435\u0440\u0436\u043a\u0430\/\",\"name\":\"Starseed Support - FAQs and Help to Eyelashes Business- Starseed\",\"isPartOf\":{\"@id\":\"http:\/\/starseedmakeup.com\/#website\"},\"datePublished\":\"2021-06-15T06:51:00+00:00\",\"dateModified\":\"2021-06-15T06:53:13+00:00\",\"description\":\"Have questions on our eyelashes products? Browse our FAQs and our support. We help you to choose and ship your private labeled eyelashes.\",\"inLanguage\":\"es\",\"potentialAction\":[{\"@type\":\"ReadAction\",\"target\":[\"http:\/\/starseedmakeup.com\/ru\/\u043f\u043e\u0434\u0434\u0435\u0440\u0436\u043a\u0430\/\"]}]},{\"@type\":\"WebSite\",\"@id\":\"http:\/\/starseedmakeup.com\/#website\",\"url\":\"http:\/\/starseedmakeup.com\/\",\"name\":\"Starseed\",\"description\":\"Just another WordPress site\",\"potentialAction\":[{\"@type\":\"SearchAction\",\"target\":{\"@type\":\"EntryPoint\",\"urlTemplate\":\"http:\/\/starseedmakeup.com\/?s={search_term_string}\"},\"query-input\":\"required name=search_term_string\"}],\"inLanguage\":\"es\"}]}<\/script>\n<!-- \/ Yoast SEO Premium plugin. -->","yoast_head_json":{"title":"Starseed Support - FAQs and Help to Eyelashes Business- Starseed","description":"Have questions on our eyelashes products? Browse our FAQs and our support. We help you to choose and ship your private labeled eyelashes.","robots":{"index":"index","follow":"follow","max-snippet":"max-snippet:-1","max-image-preview":"max-image-preview:large","max-video-preview":"max-video-preview:-1"},"canonical":"http:\/\/starseedmakeup.com\/es\/\u043f\u043e\u0434\u0434\u0435\u0440\u0436\u043a\u0430\/","og_locale":"es_ES","og_type":"article","og_title":"Starseed Support - FAQs and Help to Eyelashes Business- Starseed","og_description":"Have questions on our eyelashes products? Browse our FAQs and our support. We help you to choose and ship your private labeled eyelashes.","og_url":"http:\/\/starseedmakeup.com\/es\/\u043f\u043e\u0434\u0434\u0435\u0440\u0436\u043a\u0430\/","og_site_name":"Starseed","article_modified_time":"2021-06-15T06:53:13+00:00","twitter_card":"summary_large_image","twitter_misc":{"Est. reading time":"1 minuto"},"schema":{"@context":"https:\/\/schema.org","@graph":[{"@type":"WebPage","@id":"http:\/\/starseedmakeup.com\/ru\/\u043f\u043e\u0434\u0434\u0435\u0440\u0436\u043a\u0430\/","url":"http:\/\/starseedmakeup.com\/ru\/\u043f\u043e\u0434\u0434\u0435\u0440\u0436\u043a\u0430\/","name":"Starseed Support - FAQs and Help to Eyelashes Business- Starseed","isPartOf":{"@id":"http:\/\/starseedmakeup.com\/#website"},"datePublished":"2021-06-15T06:51:00+00:00","dateModified":"2021-06-15T06:53:13+00:00","description":"Have questions on our eyelashes products? Browse our FAQs and our support. We help you to choose and ship your private labeled eyelashes.","inLanguage":"es","potentialAction":[{"@type":"ReadAction","target":["http:\/\/starseedmakeup.com\/ru\/\u043f\u043e\u0434\u0434\u0435\u0440\u0436\u043a\u0430\/"]}]},{"@type":"WebSite","@id":"http:\/\/starseedmakeup.com\/#website","url":"http:\/\/starseedmakeup.com\/","name":"Starseed","description":"Just another WordPress site","potentialAction":[{"@type":"SearchAction","target":{"@type":"EntryPoint","urlTemplate":"http:\/\/starseedmakeup.com\/?s={search_term_string}"},"query-input":"required name=search_term_string"}],"inLanguage":"es"}]}},"_links":{"self":[{"href":"http:\/\/starseedmakeup.com\/es\/wp-json\/wp\/v2\/pages\/3921"}],"collection":[{"href":"http:\/\/starseedmakeup.com\/es\/wp-json\/wp\/v2\/pages"}],"about":[{"href":"http:\/\/starseedmakeup.com\/es\/wp-json\/wp\/v2\/types\/page"}],"author":[{"embeddable":true,"href":"http:\/\/starseedmakeup.com\/es\/wp-json\/wp\/v2\/users\/1"}],"replies":[{"embeddable":true,"href":"http:\/\/starseedmakeup.com\/es\/wp-json\/wp\/v2\/comments?post=3921"}],"version-history":[{"count":3,"href":"http:\/\/starseedmakeup.com\/es\/wp-json\/wp\/v2\/pages\/3921\/revisions"}],"predecessor-version":[{"id":4909,"href":"http:\/\/starseedmakeup.com\/es\/wp-json\/wp\/v2\/pages\/3921\/revisions\/4909"}],"wp:attachment":[{"href":"http:\/\/starseedmakeup.com\/es\/wp-json\/wp\/v2\/media?parent=3921"}],"wp:term":[{"taxonomy":"category","embeddable":true,"href":"http:\/\/starseedmakeup.com\/es\/wp-json\/wp\/v2\/categories?post=3921"},{"taxonomy":"post_tag","embeddable":true,"href":"http:\/\/starseedmakeup.com\/es\/wp-json\/wp\/v2\/tags?post=3921"}],"curies":[{"name":"wp","href":"https:\/\/api.w.org\/{rel}","templated":true}]}}