{"id":5145,"date":"2021-07-08T08:31:50","date_gmt":"2021-07-08T08:31:50","guid":{"rendered":"https:\/\/starseedmakeup.com\/?page_id=5145"},"modified":"2021-09-15T18:31:09","modified_gmt":"2021-09-15T10:31:09","slug":"custom-lash","status":"publish","type":"page","link":"http:\/\/starseedmakeup.com\/es\/pestanas-a-medida\/","title":{"rendered":"Pesta\u00f1as a medida"},"content":{"rendered":"<section class=\"l-section wpb_row height_medium with_img\"><div class=\"l-section-img\" style=\"background-image: url(http:\/\/starseedmakeup.com\/wp-content\/uploads\/2021\/07\/inner-page-banner6-1.jpg);\" data-img-width=\"1919\" data-img-height=\"404\"><\/div><div class=\"l-section-h i-cf\"><div class=\"g-cols vc_row via_flex valign_top type_default stacking_default\"><div class=\"vc_col-sm-12 wpb_column vc_column_container\"><div class=\"vc_column-inner\"><div class=\"wpb_wrapper\"><div class=\"wpb_text_column\"><div class=\"wpb_wrapper\"><h1>Pesta\u00f1as a medida<\/h1>\n<p>Una breve introducci\u00f3n a nuestros servicios de pesta\u00f1as personalizadas dise\u00f1ados para ofrecerle<br \/>\nla libertad de dar vida a sus ideas \u00fanicas sobre pesta\u00f1as.<\/p>\n<\/div><\/div><\/div><\/div><\/div><\/div><\/div><\/section><section class=\"l-section wpb_row us_custom_d14fb310 height_small\"><div class=\"l-section-h i-cf\"><div class=\"g-cols vc_row via_flex valign_top type_default stacking_default\"><div class=\"vc_col-sm-12 wpb_column vc_column_container\"><div class=\"vc_column-inner\"><div class=\"wpb_wrapper\"><ol class=\"g-breadcrumbs us_custom_ae99f6aa has_text_color separator_icon align_none\" itemscope itemtype=\"http:\/\/schema.org\/BreadcrumbList\"><li class=\"g-breadcrumbs-item\" itemscope itemprop=\"itemListElement\" itemtype=\"http:\/\/schema.org\/ListItem\"><a itemprop=\"item\" href=\"http:\/\/starseedmakeup.com\/es\/\"><span itemprop=\"name\">Inicio<\/span><\/a><meta itemprop=\"position\" content=\"1\"\/><\/li><li class=\"g-breadcrumbs-separator\"><i class=\"far fa-angle-right\"><\/i><\/li><li class=\"g-breadcrumbs-item\">P\u00e1ginas<\/li><\/ol><\/div><\/div><\/div><\/div><\/div><\/section><section class=\"l-section wpb_row us_custom_29a0f245 height_auto\"><div class=\"l-section-h i-cf\"><div class=\"g-cols vc_row via_flex valign_middle type_default stacking_default\"><div class=\"vc_col-sm-12 wpb_column vc_column_container\"><div class=\"vc_column-inner\"><div class=\"wpb_wrapper\"><div class=\"wpb_text_column\"><div class=\"wpb_wrapper\"><h2 style=\"font-size: 40px; font-weight: 900; margin-top: 130px; text-align: center;\">Pesta\u00f1as a medida<\/h2>\n<\/div><\/div><div class=\"wpb_text_column\"><div class=\"wpb_wrapper\"><p style=\"text-align: center;\"><span style=\"font-weight: 400; font-size: 16px; line-height: 2;\">Contamos con capacidades de fabricaci\u00f3n de alta calidad que nos permiten satisfacer sus deseos espec\u00edficos y ofrecerle <\/span><a href=\"http:\/\/starseedmakeup.com\/es\/extensiones-de-pestanas\/\"><span style=\"font-weight: 400;\">extensiones de pesta\u00f1as personalizadas<\/span><\/a><span style=\"font-weight: 400;\">.<br \/>\nContamos con personal cualificado que trabaja estrechamente con usted para hacer realidad los dise\u00f1os espec\u00edficos que imagina para sus pedidos de pesta\u00f1as personalizadas. <\/span><\/p>\n<\/div><\/div><div class=\"w-separator size_small\"><\/div><div class=\"g-cols wpb_row via_flex valign_top type_default stacking_default\"><div class=\"vc_col-sm-1\/5 wpb_column vc_column_container\"><div class=\"vc_column-inner\"><div class=\"wpb_wrapper\"><div class=\"w-image align_none\"><div class=\"w-image-h\"><img width=\"150\" height=\"150\" src=\"http:\/\/starseedmakeup.com\/wp-content\/uploads\/2021\/06\/15-20mm-Faux-Mink-Eyelashes-Supplier-1-150x150.jpg\" class=\"attachment-thumbnail size-thumbnail\" alt=\"15-20mm Faux Mink Pesta\u00f1as Proveedor\" decoding=\"async\" loading=\"lazy\" \/><\/div><\/div><\/div><\/div><\/div><div class=\"vc_col-sm-1\/5 wpb_column vc_column_container\"><div class=\"vc_column-inner\"><div class=\"wpb_wrapper\"><div class=\"w-image align_none\"><div class=\"w-image-h\"><img width=\"150\" height=\"150\" src=\"http:\/\/starseedmakeup.com\/wp-content\/uploads\/2021\/06\/6D-Faux-Mink-Eyelashes-Supplier-1-150x150.jpg\" class=\"attachment-thumbnail size-thumbnail\" alt=\"Proveedor de pesta\u00f1as de imitaci\u00f3n de vis\u00f3n 6D\" decoding=\"async\" loading=\"lazy\" \/><\/div><\/div><\/div><\/div><\/div><div class=\"vc_col-sm-1\/5 wpb_column vc_column_container\"><div class=\"vc_column-inner\"><div class=\"wpb_wrapper\"><div class=\"w-image align_none\"><div class=\"w-image-h\"><img width=\"150\" height=\"150\" src=\"http:\/\/starseedmakeup.com\/wp-content\/uploads\/2021\/06\/30mm-Faux-Mink-Lashes6-150x150.jpg\" class=\"attachment-thumbnail size-thumbnail\" alt=\"Pesta\u00f1as de imitaci\u00f3n de vis\u00f3n de 30 mm\" decoding=\"async\" loading=\"lazy\" srcset=\"http:\/\/starseedmakeup.com\/wp-content\/uploads\/2021\/06\/30mm-Faux-Mink-Lashes6-150x150.jpg 150w, http:\/\/starseedmakeup.com\/wp-content\/uploads\/2021\/06\/30mm-Faux-Mink-Lashes6-300x300.jpg 300w, http:\/\/starseedmakeup.com\/wp-content\/uploads\/2021\/06\/30mm-Faux-Mink-Lashes6.jpg 324w\" sizes=\"(max-width: 150px) 100vw, 150px\" \/><\/div><\/div><\/div><\/div><\/div><div class=\"vc_col-sm-1\/5 wpb_column vc_column_container\"><div class=\"vc_column-inner\"><div class=\"wpb_wrapper\"><div class=\"w-image align_none\"><div class=\"w-image-h\"><img width=\"150\" height=\"150\" src=\"http:\/\/starseedmakeup.com\/wp-content\/uploads\/2021\/06\/30mm-Mink-Eyelashes-Packaging3-150x150.jpg\" class=\"attachment-thumbnail size-thumbnail\" alt=\"Pesta\u00f1as de vis\u00f3n de 30 mm Embalaje\" decoding=\"async\" loading=\"lazy\" srcset=\"http:\/\/starseedmakeup.com\/wp-content\/uploads\/2021\/06\/30mm-Mink-Eyelashes-Packaging3-150x150.jpg 150w, http:\/\/starseedmakeup.com\/wp-content\/uploads\/2021\/06\/30mm-Mink-Eyelashes-Packaging3-300x300.jpg 300w, http:\/\/starseedmakeup.com\/wp-content\/uploads\/2021\/06\/30mm-Mink-Eyelashes-Packaging3.jpg 324w\" sizes=\"(max-width: 150px) 100vw, 150px\" \/><\/div><\/div><\/div><\/div><\/div><div class=\"vc_col-sm-1\/5 wpb_column vc_column_container\"><div class=\"vc_column-inner\"><div class=\"wpb_wrapper\"><div class=\"w-image align_none\"><div class=\"w-image-h\"><img width=\"150\" height=\"150\" src=\"http:\/\/starseedmakeup.com\/wp-content\/uploads\/2021\/06\/Top-30mm-Mink-Eyelashes-Vendor-1-150x150.jpg\" class=\"attachment-thumbnail size-thumbnail\" alt=\"El mejor vendedor de pesta\u00f1as de vis\u00f3n de 30 mm\" decoding=\"async\" loading=\"lazy\" \/><\/div><\/div><\/div><\/div><\/div><\/div><div class=\"w-separator size_custom\" style=\"height:130px\"><\/div><div class=\"wpb_text_column us_custom_50cc7d67\"><div class=\"wpb_wrapper\"><h2 style=\"font-weight: 900; font-size: 40px; margin-bottom: 50px;\">Por qu\u00e9 se recomiendan las pesta\u00f1as a medida<\/h2>\n<\/div><\/div><\/div><\/div><\/div><\/div><\/div><\/section><section class=\"l-section wpb_row height_auto\"><div class=\"l-section-h i-cf\"><div class=\"g-cols vc_row via_flex valign_top type_default stacking_default\"><div class=\"vc_col-sm-6 wpb_column vc_column_container\"><div class=\"vc_column-inner\"><div class=\"wpb_wrapper\"><div class=\"w-iconbox us_custom_f029a2ba iconpos_left style_circle color_primary align_left\"><div class=\"w-iconbox-icon\" style=\"font-size:2rem;\"><i class=\"far fa-eye\"><\/i><\/div><div class=\"w-iconbox-meta\"><h3 class=\"w-iconbox-title\" style=\"font-size:24px;\">Ampl\u00ede el reconocimiento de su marca de pesta\u00f1as<\/h3><div class=\"w-iconbox-text\"><p style=\"font-weight: 400; font-size: 16px; line-height: 2; margin: 0;\">Invertir en <a href=\"http:\/\/starseedmakeup.com\/es\/mink-eyelashes\/\"><span style=\"font-weight: 400;\">pesta\u00f1as de vis\u00f3n personalizadas<\/span><\/a><span style=\"font-weight: 400;\"> y otros productos que ofrecemos le permite crear una imagen de marca y un nombre que le ayudar\u00e1n a destacar. Le ofreceremos pesta\u00f1as de calidad con dise\u00f1os y paquetes exclusivos para su negocio.<\/span><\/p>\n<\/div><\/div><\/div><div class=\"w-iconbox us_custom_79a6436d iconpos_left style_circle color_primary align_left\"><div class=\"w-iconbox-icon\" style=\"font-size:2rem;\"><i class=\"far fa-ballot\"><\/i><\/div><div class=\"w-iconbox-meta\"><h3 class=\"w-iconbox-title\" style=\"font-size:24px;\">L\u00edneas de productos Stretch Your Lash<\/h3><div class=\"w-iconbox-text\"><p style=\"font-weight: 400; font-size: 16px; line-height: 2; margin: 0;\">Como empresa, ampliar su cat\u00e1logo de productos es esencial. Invertir en pesta\u00f1as magn\u00e9ticas personalizadas y otras que presenten diferentes estilos le permitir\u00e1 aumentar los productos que ofrece.<\/p>\n<\/div><\/div><\/div><div class=\"w-iconbox us_custom_7994ac52 iconpos_left style_default color_primary align_left no_title\"><div class=\"w-iconbox-icon\" style=\"font-size:2rem;\"><i class=\"far fa-arrows-alt-h\"><\/i><\/div><div class=\"w-iconbox-meta\"><div class=\"w-iconbox-text\"><p><i class=\"fas fa-arrows-alt-h\"><\/i><\/p>\n<\/div><\/div><\/div><\/div><\/div><\/div><div class=\"vc_col-sm-6 wpb_column vc_column_container\"><div class=\"vc_column-inner\"><div class=\"wpb_wrapper\"><div class=\"w-iconbox us_custom_f029a2ba iconpos_left style_circle color_primary align_left\"><div class=\"w-iconbox-icon\" style=\"font-size:2rem;\"><i class=\"far fa-chart-bar\"><\/i><\/div><div class=\"w-iconbox-meta\"><h3 class=\"w-iconbox-title\" style=\"font-size:24px;\">Captar m\u00e1s cuotas de mercado de pesta\u00f1as<\/h3><div class=\"w-iconbox-text\"><p style=\"font-weight: 400; font-size: 16px; line-height: 2; margin: 0;\">Al destacar entre la multitud y aportar una nueva perspectiva con sus pesta\u00f1as personalizadas, conseguir\u00e1 atraer clientes f\u00e1cilmente. Esto te ayudar\u00e1 a aumentar tu influencia y llegar a m\u00e1s gente en el mercado.<\/p>\n<\/div><\/div><\/div><div class=\"w-iconbox us_custom_f029a2ba iconpos_left style_circle color_primary align_left\"><div class=\"w-iconbox-icon\" style=\"font-size:2rem;\"><i class=\"far fa-star\"><\/i><\/div><div class=\"w-iconbox-meta\"><h3 class=\"w-iconbox-title\" style=\"font-size:24px;\">Cumpla con sus opciones \u00fanicas de pesta\u00f1as a medida<\/h3><div class=\"w-iconbox-text\"><p style=\"font-weight: 400; font-size: 16px; line-height: 2; margin: 0;\">Las pesta\u00f1as personalizadas le permiten aportar su creatividad y desarrollar pesta\u00f1as diferentes que puede vender en su negocio. Esto le permitir\u00e1 introducir en el mercado nuevos estilos de pesta\u00f1as, frescos y \u00fanicos.<\/p>\n<\/div><\/div><\/div><\/div><\/div><\/div><\/div><\/div><\/section><section class=\"l-section wpb_row height_auto\"><div class=\"l-section-h i-cf\"><div class=\"g-cols vc_row via_flex valign_top type_default stacking_default\"><div class=\"vc_col-sm-12 wpb_column vc_column_container\"><div class=\"vc_column-inner\"><div class=\"wpb_wrapper\"><div class=\"w-btn-wrapper align_center\"><a class=\"w-btn us-btn-style_1\" href=\"javascript:void(0)\"><span class=\"w-btn-label\">Personalice sus pesta\u00f1as<\/span><\/a><\/div><\/div><\/div><\/div><\/div><\/div><\/section><section class=\"l-section wpb_row height_auto\"><div class=\"l-section-h i-cf\"><div class=\"g-cols vc_row via_flex valign_top type_default stacking_default\"><div class=\"vc_col-sm-12 wpb_column vc_column_container\"><div class=\"vc_column-inner\"><div class=\"wpb_wrapper\"><div class=\"w-separator size_large\"><\/div><div class=\"wpb_text_column\"><div class=\"wpb_wrapper\"><h2 style=\"font-weight: 900; font-size: 40px; margin: 50px 0;\">Personaliza tus pesta\u00f1as en 3 pasos<\/h2>\n<\/div><\/div><div class=\"w-iconbox us_custom_54e7f678 iconpos_left style_default color_primary align_left icontype_img\"><div class=\"w-iconbox-icon\" style=\"font-size:2rem;\"><img width=\"275\" height=\"277\" src=\"http:\/\/starseedmakeup.com\/wp-content\/uploads\/2021\/07\/1Artboard-1.png\" class=\"attachment-full size-full\" alt=\"1Artboard-1\" decoding=\"async\" loading=\"lazy\" srcset=\"http:\/\/starseedmakeup.com\/wp-content\/uploads\/2021\/07\/1Artboard-1.png 275w, http:\/\/starseedmakeup.com\/wp-content\/uploads\/2021\/07\/1Artboard-1-150x150.png 150w\" sizes=\"(max-width: 275px) 100vw, 275px\" \/><\/div><div class=\"w-iconbox-meta\"><h3 class=\"w-iconbox-title\" style=\"font-size:24px;\">Env\u00edenos el nombre de su logotipo<\/h3><div class=\"w-iconbox-text\"><p style=\"font-weight: 400; font-size: 16px; line-height: 2;\">Para personalizar sus propias pesta\u00f1as, env\u00edenos el nombre y la imagen de su logotipo en formato Png para el proceso de envasado. Le ofrecemos imprimir sus palabras y logotipos en los productos de embalaje espec\u00edficos que elija para sus pesta\u00f1as.<\/p>\n<\/div><\/div><\/div><div class=\"w-iconbox us_custom_54e7f678 iconpos_left style_default color_primary align_left icontype_img\"><div class=\"w-iconbox-icon\" style=\"font-size:2rem;\"><img width=\"275\" height=\"277\" src=\"http:\/\/starseedmakeup.com\/wp-content\/uploads\/2021\/07\/2Artboard-1.png\" class=\"attachment-full size-full\" alt=\"\" decoding=\"async\" loading=\"lazy\" srcset=\"http:\/\/starseedmakeup.com\/wp-content\/uploads\/2021\/07\/2Artboard-1.png 275w, http:\/\/starseedmakeup.com\/wp-content\/uploads\/2021\/07\/2Artboard-1-150x150.png 150w\" sizes=\"(max-width: 275px) 100vw, 275px\" \/><\/div><div class=\"w-iconbox-meta\"><h3 class=\"w-iconbox-title\" style=\"font-size:24px;\">Elija pesta\u00f1as personalizadas para vender<\/h3><div class=\"w-iconbox-text\"><p style=\"font-weight: 400; font-size: 16px; line-height: 2;\">Disponemos de diferentes tipos de pesta\u00f1as, como pesta\u00f1as en tira personalizadas y m\u00e1s, en una gran variedad de estilos que puede elegir para vender. Puede trabajar con lo que ya est\u00e1 en stock o proporcionarnos un dise\u00f1o diferente.<\/p>\n<\/div><\/div><\/div><div class=\"w-iconbox us_custom_54e7f678 iconpos_left style_default color_primary align_left icontype_img\"><div class=\"w-iconbox-icon\" style=\"font-size:2rem;\"><img width=\"275\" height=\"277\" src=\"http:\/\/starseedmakeup.com\/wp-content\/uploads\/2021\/07\/3Artboard-1.png\" class=\"attachment-full size-full\" alt=\"\" decoding=\"async\" loading=\"lazy\" srcset=\"http:\/\/starseedmakeup.com\/wp-content\/uploads\/2021\/07\/3Artboard-1.png 275w, http:\/\/starseedmakeup.com\/wp-content\/uploads\/2021\/07\/3Artboard-1-150x150.png 150w\" sizes=\"(max-width: 275px) 100vw, 275px\" \/><\/div><div class=\"w-iconbox-meta\"><h3 class=\"w-iconbox-title\" style=\"font-size:24px;\">Confirmar cajas de pesta\u00f1as con logotipo personalizado<\/h3><div class=\"w-iconbox-text\"><p style=\"font-weight: 400; font-size: 16px; line-height: 2;\">Nuestras cajas para pesta\u00f1as vienen en diferentes tama\u00f1os y cuentan con inserciones personalizadas de calidad con las que puede trabajar. Le damos un vistazo final a las cajas de pesta\u00f1as con logotipo personalizado para ver c\u00f3mo quedan y obtener una confirmaci\u00f3n para la producci\u00f3n en serie.<\/p>\n<\/div><\/div><\/div><div class=\"w-separator size_huge\"><\/div><\/div><\/div><\/div><\/div><\/div><\/section>","protected":false},"excerpt":{"rendered":"Custom Lash A brief introduction to our custom lash services designed to give you the freedom to bring your unique eyelash ideas to life. InicioP\u00e1ginasCustom Lash We feature high-quality manufacturing capabilities that allow us to cater to your specific desires and offer custom lash extensions. We feature qualified staff members who work with you closely...","protected":false},"author":1,"featured_media":0,"parent":0,"menu_order":0,"comment_status":"closed","ping_status":"closed","template":"","meta":[],"categories":[],"tags":[],"yoast_head":"<!-- This site is optimized with the Yoast SEO Premium plugin v20.5 (Yoast SEO v20.5) - https:\/\/yoast.com\/wordpress\/plugins\/seo\/ -->\n<title>Customized Mink\/Silk Eyelashes Solutions - Starseed<\/title>\n<meta name=\"description\" content=\"Boost your eyelashes business and expand your lash brand recognition. Starseed caters to your special needs and offers custom eyelashes.\" \/>\n<meta name=\"robots\" content=\"index, follow, max-snippet:-1, max-image-preview:large, max-video-preview:-1\" \/>\n<link rel=\"canonical\" href=\"http:\/\/starseedmakeup.com\/es\/\u0440\u0435\u0441\u043d\u0438\u0446\u044b-\u043d\u0430-\u0437\u0430\u043a\u0430\u0437\/\" \/>\n<meta property=\"og:locale\" content=\"es_ES\" \/>\n<meta property=\"og:type\" content=\"article\" \/>\n<meta property=\"og:title\" content=\"Customized Mink\/Silk Eyelashes Solutions - Starseed\" \/>\n<meta property=\"og:description\" content=\"Boost your eyelashes business and expand your lash brand recognition. Starseed caters to your special needs and offers custom eyelashes.\" \/>\n<meta property=\"og:url\" content=\"http:\/\/starseedmakeup.com\/es\/\u0440\u0435\u0441\u043d\u0438\u0446\u044b-\u043d\u0430-\u0437\u0430\u043a\u0430\u0437\/\" \/>\n<meta property=\"og:site_name\" content=\"Starseed\" \/>\n<meta property=\"article:modified_time\" content=\"2021-09-15T10:31:09+00:00\" \/>\n<meta name=\"twitter:card\" content=\"summary_large_image\" \/>\n<meta name=\"twitter:label1\" content=\"Est. reading time\" \/>\n\t<meta name=\"twitter:data1\" content=\"3 minutos\" \/>\n<script type=\"application\/ld+json\" class=\"yoast-schema-graph\">{\"@context\":\"https:\/\/schema.org\",\"@graph\":[{\"@type\":\"WebPage\",\"@id\":\"http:\/\/starseedmakeup.com\/ru\/\u0440\u0435\u0441\u043d\u0438\u0446\u044b-\u043d\u0430-\u0437\u0430\u043a\u0430\u0437\/\",\"url\":\"http:\/\/starseedmakeup.com\/ru\/\u0440\u0435\u0441\u043d\u0438\u0446\u044b-\u043d\u0430-\u0437\u0430\u043a\u0430\u0437\/\",\"name\":\"Customized Mink\/Silk Eyelashes Solutions - Starseed\",\"isPartOf\":{\"@id\":\"http:\/\/starseedmakeup.com\/#website\"},\"datePublished\":\"2021-07-08T08:31:50+00:00\",\"dateModified\":\"2021-09-15T10:31:09+00:00\",\"description\":\"Boost your eyelashes business and expand your lash brand recognition. Starseed caters to your special needs and offers custom eyelashes.\",\"inLanguage\":\"es\",\"potentialAction\":[{\"@type\":\"ReadAction\",\"target\":[\"http:\/\/starseedmakeup.com\/ru\/\u0440\u0435\u0441\u043d\u0438\u0446\u044b-\u043d\u0430-\u0437\u0430\u043a\u0430\u0437\/\"]}]},{\"@type\":\"WebSite\",\"@id\":\"http:\/\/starseedmakeup.com\/#website\",\"url\":\"http:\/\/starseedmakeup.com\/\",\"name\":\"Starseed\",\"description\":\"Just another WordPress site\",\"potentialAction\":[{\"@type\":\"SearchAction\",\"target\":{\"@type\":\"EntryPoint\",\"urlTemplate\":\"http:\/\/starseedmakeup.com\/?s={search_term_string}\"},\"query-input\":\"required name=search_term_string\"}],\"inLanguage\":\"es\"}]}<\/script>\n<!-- \/ Yoast SEO Premium plugin. -->","yoast_head_json":{"title":"Customized Mink\/Silk Eyelashes Solutions - Starseed","description":"Boost your eyelashes business and expand your lash brand recognition. Starseed caters to your special needs and offers custom eyelashes.","robots":{"index":"index","follow":"follow","max-snippet":"max-snippet:-1","max-image-preview":"max-image-preview:large","max-video-preview":"max-video-preview:-1"},"canonical":"http:\/\/starseedmakeup.com\/es\/\u0440\u0435\u0441\u043d\u0438\u0446\u044b-\u043d\u0430-\u0437\u0430\u043a\u0430\u0437\/","og_locale":"es_ES","og_type":"article","og_title":"Customized Mink\/Silk Eyelashes Solutions - Starseed","og_description":"Boost your eyelashes business and expand your lash brand recognition. Starseed caters to your special needs and offers custom eyelashes.","og_url":"http:\/\/starseedmakeup.com\/es\/\u0440\u0435\u0441\u043d\u0438\u0446\u044b-\u043d\u0430-\u0437\u0430\u043a\u0430\u0437\/","og_site_name":"Starseed","article_modified_time":"2021-09-15T10:31:09+00:00","twitter_card":"summary_large_image","twitter_misc":{"Est. reading time":"3 minutos"},"schema":{"@context":"https:\/\/schema.org","@graph":[{"@type":"WebPage","@id":"http:\/\/starseedmakeup.com\/ru\/\u0440\u0435\u0441\u043d\u0438\u0446\u044b-\u043d\u0430-\u0437\u0430\u043a\u0430\u0437\/","url":"http:\/\/starseedmakeup.com\/ru\/\u0440\u0435\u0441\u043d\u0438\u0446\u044b-\u043d\u0430-\u0437\u0430\u043a\u0430\u0437\/","name":"Customized Mink\/Silk Eyelashes Solutions - Starseed","isPartOf":{"@id":"http:\/\/starseedmakeup.com\/#website"},"datePublished":"2021-07-08T08:31:50+00:00","dateModified":"2021-09-15T10:31:09+00:00","description":"Boost your eyelashes business and expand your lash brand recognition. Starseed caters to your special needs and offers custom eyelashes.","inLanguage":"es","potentialAction":[{"@type":"ReadAction","target":["http:\/\/starseedmakeup.com\/ru\/\u0440\u0435\u0441\u043d\u0438\u0446\u044b-\u043d\u0430-\u0437\u0430\u043a\u0430\u0437\/"]}]},{"@type":"WebSite","@id":"http:\/\/starseedmakeup.com\/#website","url":"http:\/\/starseedmakeup.com\/","name":"Starseed","description":"Just another WordPress site","potentialAction":[{"@type":"SearchAction","target":{"@type":"EntryPoint","urlTemplate":"http:\/\/starseedmakeup.com\/?s={search_term_string}"},"query-input":"required name=search_term_string"}],"inLanguage":"es"}]}},"_links":{"self":[{"href":"http:\/\/starseedmakeup.com\/es\/wp-json\/wp\/v2\/pages\/5145"}],"collection":[{"href":"http:\/\/starseedmakeup.com\/es\/wp-json\/wp\/v2\/pages"}],"about":[{"href":"http:\/\/starseedmakeup.com\/es\/wp-json\/wp\/v2\/types\/page"}],"author":[{"embeddable":true,"href":"http:\/\/starseedmakeup.com\/es\/wp-json\/wp\/v2\/users\/1"}],"replies":[{"embeddable":true,"href":"http:\/\/starseedmakeup.com\/es\/wp-json\/wp\/v2\/comments?post=5145"}],"version-history":[{"count":49,"href":"http:\/\/starseedmakeup.com\/es\/wp-json\/wp\/v2\/pages\/5145\/revisions"}],"predecessor-version":[{"id":6127,"href":"http:\/\/starseedmakeup.com\/es\/wp-json\/wp\/v2\/pages\/5145\/revisions\/6127"}],"wp:attachment":[{"href":"http:\/\/starseedmakeup.com\/es\/wp-json\/wp\/v2\/media?parent=5145"}],"wp:term":[{"taxonomy":"category","embeddable":true,"href":"http:\/\/starseedmakeup.com\/es\/wp-json\/wp\/v2\/categories?post=5145"},{"taxonomy":"post_tag","embeddable":true,"href":"http:\/\/starseedmakeup.com\/es\/wp-json\/wp\/v2\/tags?post=5145"}],"curies":[{"name":"wp","href":"https:\/\/api.w.org\/{rel}","templated":true}]}}