{"id":5274,"date":"2021-07-13T06:54:53","date_gmt":"2021-07-13T06:54:53","guid":{"rendered":"https:\/\/starseedmakeup.com\/?page_id=5274"},"modified":"2021-09-09T11:06:25","modified_gmt":"2021-09-09T03:06:25","slug":"lash-wholesale-program","status":"publish","type":"page","link":"http:\/\/starseedmakeup.com\/es\/programa-de-venta-al-por-mayor-de-pestanas\/","title":{"rendered":"Programa de venta al por mayor de pesta\u00f1as"},"content":{"rendered":"<section class=\"l-section wpb_row height_medium with_img\"><div class=\"l-section-img\" style=\"background-image: url(http:\/\/starseedmakeup.com\/wp-content\/uploads\/2021\/07\/inner-page-banner6-1.jpg);\" data-img-width=\"1919\" data-img-height=\"404\"><\/div><div class=\"l-section-h i-cf\"><div class=\"g-cols vc_row via_flex valign_top type_default stacking_default\"><div class=\"vc_col-sm-12 wpb_column vc_column_container\"><div class=\"vc_column-inner\"><div class=\"wpb_wrapper\"><div class=\"wpb_text_column\"><div class=\"wpb_wrapper\"><h1>Programa de venta al por mayor de pesta\u00f1as<\/h1>\n<p>Presentamos nuestro programa de pesta\u00f1as al por mayor dise\u00f1ado para ayudarle a ahorrar a lo grande en sus compras de pesta\u00f1as al por mayor.<\/p>\n<\/div><\/div><\/div><\/div><\/div><\/div><\/div><\/section><section class=\"l-section wpb_row us_custom_d14fb310 height_small\"><div class=\"l-section-h i-cf\"><div class=\"g-cols vc_row via_flex valign_top type_default stacking_default\"><div class=\"vc_col-sm-12 wpb_column vc_column_container\"><div class=\"vc_column-inner\"><div class=\"wpb_wrapper\"><ol class=\"g-breadcrumbs us_custom_ae99f6aa has_text_color separator_icon align_none\" itemscope itemtype=\"http:\/\/schema.org\/BreadcrumbList\"><li class=\"g-breadcrumbs-item\" itemscope itemprop=\"itemListElement\" itemtype=\"http:\/\/schema.org\/ListItem\"><a itemprop=\"item\" href=\"http:\/\/starseedmakeup.com\/es\/\"><span itemprop=\"name\">Inicio<\/span><\/a><meta itemprop=\"position\" content=\"1\"\/><\/li><li class=\"g-breadcrumbs-separator\"><i class=\"far fa-angle-right\"><\/i><\/li><li class=\"g-breadcrumbs-item\">P\u00e1ginas<\/li><\/ol><\/div><\/div><\/div><\/div><\/div><\/section><section class=\"l-section wpb_row height_medium\"><div class=\"l-section-h i-cf\"><div class=\"g-cols vc_row via_flex valign_top type_default stacking_default\"><div class=\"vc_col-sm-12 wpb_column vc_column_container\"><div class=\"vc_column-inner\"><div class=\"wpb_wrapper\"><div class=\"wpb_text_column\"><div class=\"wpb_wrapper\"><h2 style=\"text-align: center;\">Ahorre a lo grande con nuestro programa de venta al por mayor de pesta\u00f1as<\/h2>\n<\/div><\/div><div class=\"wpb_text_column\"><div class=\"wpb_wrapper\"><p><span style=\"font-weight: 400;\">Starseed ofrece un servicio de venta al por mayor de pesta\u00f1as dise\u00f1ado para ayudarte a ahorrar en costes a la vez que inviertes en opciones de calidad. Contamos con <\/span><a href=\"http:\/\/starseedmakeup.com\/es\/mink-eyelashes\/\"><span style=\"font-weight: 400;\">pesta\u00f1as individuales de vis\u00f3n al por mayor<\/span><\/a><span style=\"font-weight: 400;\"> y abanicos de volumen prefabricados al por mayor dise\u00f1ados para atender a mayoristas de pesta\u00f1as, proveedores, salones de belleza y empresas que buscan ampliar sus operaciones. Ofrecemos descuentos en pesta\u00f1as y opciones de embalaje compradas al por mayor para darle una ventaja en el mercado. Invertir en su negocio trabajando con nosotros le proporciona una gran flexibilidad con la garant\u00eda de calidad a precios asequibles.<\/span><\/p>\n<\/div><\/div><\/div><\/div><\/div><\/div><\/div><\/section><section class=\"l-section wpb_row height_medium\"><div class=\"l-section-h i-cf\"><div class=\"g-cols vc_row via_flex valign_top type_default stacking_default\"><div class=\"vc_col-sm-12 wpb_column vc_column_container\"><div class=\"vc_column-inner\"><div class=\"wpb_wrapper\"><div class=\"w-separator size_medium with_line width_30 thick_1 style_solid color_secondary align_center with_content\"><div class=\"w-separator-h\"><i class=\"far fa-star\"><\/i><\/div><\/div><div class=\"wpb_text_column\"><div class=\"wpb_wrapper\"><h2 style=\"text-align: left;\">Listas de opciones de venta al por mayor de pesta\u00f1as para su negocio<\/h2>\n<\/div><\/div><div class=\"wpb_text_column\"><div class=\"wpb_wrapper\"><p><span style=\"font-weight: 400;\">Disponemos de una amplia gama de productos para pesta\u00f1as en los que puede invertir. Nuestro cat\u00e1logo de productos incluye <\/span><a href=\"http:\/\/starseedmakeup.com\/es\/extensiones-de-pestanas\/\"><span style=\"font-weight: 400;\">extensiones de pesta\u00f1as al por mayor<\/span><\/a><span style=\"font-weight: 400;\">pesta\u00f1as de vis\u00f3n, <\/span><a href=\"http:\/\/starseedmakeup.com\/es\/pestanas-magneticas\/\"><span style=\"font-weight: 400;\">pesta\u00f1as magn\u00e9ticas al por mayor<\/span><\/a><span style=\"font-weight: 400;\">, herramientas para pesta\u00f1as y opciones de envasado de pesta\u00f1as, entre otros. Trabajar con nosotros le da la ventaja de tener todo lo que necesita en un solo lugar. Nos ocuparemos de todas sus necesidades de pesta\u00f1as para garantizarle las soluciones perfectas para su negocio.<\/span><\/p>\n<\/div><\/div><div class=\"w-separator size_custom\" style=\"height:80px\"><\/div><\/div><\/div><\/div><\/div><\/div><\/section>","protected":false},"excerpt":{"rendered":"Lash Wholesale Program Introducing our wholesale eyelash program designed to help you save big on your bulk eyelash purchases. InicioP\u00e1ginasSave Big from Our Wholesale Eyelash Program Starseed features lash wholesale designed to help you save on cost while investing in quality options. We feature individual mink lashes wholesale and premade volume fans wholesale designed to...","protected":false},"author":1,"featured_media":0,"parent":0,"menu_order":0,"comment_status":"closed","ping_status":"closed","template":"","meta":[],"categories":[],"tags":[],"yoast_head":"<!-- This site is optimized with the Yoast SEO Premium plugin v20.5 (Yoast SEO v20.5) - https:\/\/yoast.com\/wordpress\/plugins\/seo\/ -->\n<title>Lash Wholesale Program - Starseed<\/title>\n<meta name=\"description\" content=\"Starseed lash wholesale program is designed to help you save on cost while investing in quality options. Contact us now.\" \/>\n<meta name=\"robots\" content=\"index, follow, max-snippet:-1, max-image-preview:large, max-video-preview:-1\" \/>\n<link rel=\"canonical\" href=\"http:\/\/starseedmakeup.com\/es\/programa-de-venta-al-por-mayor-de-pestanas\/\" \/>\n<meta property=\"og:locale\" content=\"es_ES\" \/>\n<meta property=\"og:type\" content=\"article\" \/>\n<meta property=\"og:title\" content=\"Lash Wholesale Program - Starseed\" \/>\n<meta property=\"og:description\" content=\"Starseed lash wholesale program is designed to help you save on cost while investing in quality options. Contact us now.\" \/>\n<meta property=\"og:url\" content=\"http:\/\/starseedmakeup.com\/es\/programa-de-venta-al-por-mayor-de-pestanas\/\" \/>\n<meta property=\"og:site_name\" content=\"Starseed\" \/>\n<meta property=\"article:modified_time\" content=\"2021-09-09T03:06:25+00:00\" \/>\n<meta name=\"twitter:card\" content=\"summary_large_image\" \/>\n<meta name=\"twitter:label1\" content=\"Est. reading time\" \/>\n\t<meta name=\"twitter:data1\" content=\"1 minuto\" \/>\n<script type=\"application\/ld+json\" class=\"yoast-schema-graph\">{\"@context\":\"https:\/\/schema.org\",\"@graph\":[{\"@type\":\"WebPage\",\"@id\":\"http:\/\/starseedmakeup.com\/lash-wholesale-program\/\",\"url\":\"http:\/\/starseedmakeup.com\/lash-wholesale-program\/\",\"name\":\"Lash Wholesale Program - Starseed\",\"isPartOf\":{\"@id\":\"http:\/\/starseedmakeup.com\/#website\"},\"datePublished\":\"2021-07-13T06:54:53+00:00\",\"dateModified\":\"2021-09-09T03:06:25+00:00\",\"description\":\"Starseed lash wholesale program is designed to help you save on cost while investing in quality options. Contact us now.\",\"inLanguage\":\"es\",\"potentialAction\":[{\"@type\":\"ReadAction\",\"target\":[\"http:\/\/starseedmakeup.com\/lash-wholesale-program\/\"]}]},{\"@type\":\"WebSite\",\"@id\":\"http:\/\/starseedmakeup.com\/#website\",\"url\":\"http:\/\/starseedmakeup.com\/\",\"name\":\"Starseed\",\"description\":\"Just another WordPress site\",\"potentialAction\":[{\"@type\":\"SearchAction\",\"target\":{\"@type\":\"EntryPoint\",\"urlTemplate\":\"http:\/\/starseedmakeup.com\/?s={search_term_string}\"},\"query-input\":\"required name=search_term_string\"}],\"inLanguage\":\"es\"}]}<\/script>\n<!-- \/ Yoast SEO Premium plugin. -->","yoast_head_json":{"title":"Lash Wholesale Program - Starseed","description":"Starseed lash wholesale program is designed to help you save on cost while investing in quality options. Contact us now.","robots":{"index":"index","follow":"follow","max-snippet":"max-snippet:-1","max-image-preview":"max-image-preview:large","max-video-preview":"max-video-preview:-1"},"canonical":"http:\/\/starseedmakeup.com\/es\/programa-de-venta-al-por-mayor-de-pestanas\/","og_locale":"es_ES","og_type":"article","og_title":"Lash Wholesale Program - Starseed","og_description":"Starseed lash wholesale program is designed to help you save on cost while investing in quality options. Contact us now.","og_url":"http:\/\/starseedmakeup.com\/es\/programa-de-venta-al-por-mayor-de-pestanas\/","og_site_name":"Starseed","article_modified_time":"2021-09-09T03:06:25+00:00","twitter_card":"summary_large_image","twitter_misc":{"Est. reading time":"1 minuto"},"schema":{"@context":"https:\/\/schema.org","@graph":[{"@type":"WebPage","@id":"http:\/\/starseedmakeup.com\/lash-wholesale-program\/","url":"http:\/\/starseedmakeup.com\/lash-wholesale-program\/","name":"Lash Wholesale Program - Starseed","isPartOf":{"@id":"http:\/\/starseedmakeup.com\/#website"},"datePublished":"2021-07-13T06:54:53+00:00","dateModified":"2021-09-09T03:06:25+00:00","description":"Starseed lash wholesale program is designed to help you save on cost while investing in quality options. Contact us now.","inLanguage":"es","potentialAction":[{"@type":"ReadAction","target":["http:\/\/starseedmakeup.com\/lash-wholesale-program\/"]}]},{"@type":"WebSite","@id":"http:\/\/starseedmakeup.com\/#website","url":"http:\/\/starseedmakeup.com\/","name":"Starseed","description":"Just another WordPress site","potentialAction":[{"@type":"SearchAction","target":{"@type":"EntryPoint","urlTemplate":"http:\/\/starseedmakeup.com\/?s={search_term_string}"},"query-input":"required name=search_term_string"}],"inLanguage":"es"}]}},"_links":{"self":[{"href":"http:\/\/starseedmakeup.com\/es\/wp-json\/wp\/v2\/pages\/5274"}],"collection":[{"href":"http:\/\/starseedmakeup.com\/es\/wp-json\/wp\/v2\/pages"}],"about":[{"href":"http:\/\/starseedmakeup.com\/es\/wp-json\/wp\/v2\/types\/page"}],"author":[{"embeddable":true,"href":"http:\/\/starseedmakeup.com\/es\/wp-json\/wp\/v2\/users\/1"}],"replies":[{"embeddable":true,"href":"http:\/\/starseedmakeup.com\/es\/wp-json\/wp\/v2\/comments?post=5274"}],"version-history":[{"count":23,"href":"http:\/\/starseedmakeup.com\/es\/wp-json\/wp\/v2\/pages\/5274\/revisions"}],"predecessor-version":[{"id":7652,"href":"http:\/\/starseedmakeup.com\/es\/wp-json\/wp\/v2\/pages\/5274\/revisions\/7652"}],"wp:attachment":[{"href":"http:\/\/starseedmakeup.com\/es\/wp-json\/wp\/v2\/media?parent=5274"}],"wp:term":[{"taxonomy":"category","embeddable":true,"href":"http:\/\/starseedmakeup.com\/es\/wp-json\/wp\/v2\/categories?post=5274"},{"taxonomy":"post_tag","embeddable":true,"href":"http:\/\/starseedmakeup.com\/es\/wp-json\/wp\/v2\/tags?post=5274"}],"curies":[{"name":"wp","href":"https:\/\/api.w.org\/{rel}","templated":true}]}}