{"id":5318,"date":"2021-07-14T06:59:28","date_gmt":"2021-07-14T06:59:28","guid":{"rendered":"https:\/\/starseedmakeup.com\/?page_id=5318"},"modified":"2021-09-15T18:33:00","modified_gmt":"2021-09-15T10:33:00","slug":"eyelash-bulk-order","status":"publish","type":"page","link":"http:\/\/starseedmakeup.com\/es\/pedido-de-pestanas-a-granel\/","title":{"rendered":"Pedido a granel de pesta\u00f1as"},"content":{"rendered":"<section class=\"l-section wpb_row height_medium with_img\"><div class=\"l-section-img\" style=\"background-image: url(http:\/\/starseedmakeup.com\/wp-content\/uploads\/2021\/07\/inner-page-banner6-1.jpg);\" data-img-width=\"1919\" data-img-height=\"404\"><\/div><div class=\"l-section-h i-cf\"><div class=\"g-cols vc_row via_flex valign_top type_default stacking_default\"><div class=\"vc_col-sm-12 wpb_column vc_column_container\"><div class=\"vc_column-inner\"><div class=\"wpb_wrapper\"><div class=\"wpb_text_column\"><div class=\"wpb_wrapper\"><h1>Ojo Pedido a granel<\/h1>\n<p><span style=\"font-weight: 400;\">Eche un r\u00e1pido vistazo a las opciones de cantidad de pesta\u00f1as que ofrecemos y que se adaptan perfectamente a su presupuesto y a las necesidades de su negocio. <\/span><\/p>\n<\/div><\/div><\/div><\/div><\/div><\/div><\/div><\/section><section class=\"l-section wpb_row us_custom_d14fb310 height_small\"><div class=\"l-section-h i-cf\"><div class=\"g-cols vc_row via_flex valign_top type_default stacking_default\"><div class=\"vc_col-sm-12 wpb_column vc_column_container\"><div class=\"vc_column-inner\"><div class=\"wpb_wrapper\"><ol class=\"g-breadcrumbs us_custom_ae99f6aa has_text_color separator_icon align_none\" itemscope itemtype=\"http:\/\/schema.org\/BreadcrumbList\"><li class=\"g-breadcrumbs-item\" itemscope itemprop=\"itemListElement\" itemtype=\"http:\/\/schema.org\/ListItem\"><a itemprop=\"item\" href=\"http:\/\/starseedmakeup.com\/es\/\"><span itemprop=\"name\">Inicio<\/span><\/a><meta itemprop=\"position\" content=\"1\"\/><\/li><li class=\"g-breadcrumbs-separator\"><i class=\"far fa-angle-right\"><\/i><\/li><li class=\"g-breadcrumbs-item\">P\u00e1ginas<\/li><\/ol><\/div><\/div><\/div><\/div><\/div><\/section><section class=\"l-section wpb_row height_medium\"><div class=\"l-section-h i-cf\"><div class=\"g-cols vc_row via_flex valign_middle type_default stacking_default\"><div class=\"vc_col-sm-12 wpb_column vc_column_container\"><div class=\"vc_column-inner\"><div class=\"wpb_wrapper\"><div class=\"wpb_text_column\"><div class=\"wpb_wrapper\"><h2 style=\"text-align: center;\">Opciones de cantidad de pesta\u00f1as completas al alcance de su presupuesto<\/h2>\n<\/div><\/div><div class=\"wpb_text_column\"><div class=\"wpb_wrapper\"><p style=\"text-align: left;\">En Starseed, nos dedicamos a que su marca crezca y atienda a diferentes clientes. Para ayudarle a conseguirlo, le ofrecemos un bajo MOQ de s\u00f3lo 50 unidades para empezar. Lo mejor de todo es que cuantas m\u00e1s pesta\u00f1as compre al por mayor, m\u00e1s descuentos podremos ofrecerle.<\/p>\n<\/div><\/div><\/div><\/div><\/div><\/div><\/div><\/section><section class=\"l-section wpb_row height_auto\"><div class=\"l-section-h i-cf\"><div class=\"g-cols vc_row via_flex valign_top type_default stacking_default\"><div class=\"vc_col-sm-12 wpb_column vc_column_container\"><div class=\"vc_column-inner\"><div class=\"wpb_wrapper\"><div class=\"w-separator size_medium with_line width_30 thick_1 style_solid color_secondary align_center with_content\"><div class=\"w-separator-h\"><i class=\"far fa-star\"><\/i><\/div><\/div><div class=\"wpb_text_column\"><div class=\"wpb_wrapper\"><h2 style=\"text-align: center;\">3 pasos para pedir pesta\u00f1as al por mayor<\/h2>\n<\/div><\/div><div class=\"g-cols wpb_row us_custom_35d02291 via_flex valign_top type_default stacking_default\"><div class=\"vc_col-sm-4 wpb_column vc_column_container\"><div class=\"vc_column-inner\"><div class=\"wpb_wrapper\"><div class=\"w-iconbox iconpos_left style_default color_primary align_left icontype_img\"><div class=\"w-iconbox-icon\" style=\"font-size:2rem;\"><img width=\"275\" height=\"277\" src=\"http:\/\/starseedmakeup.com\/wp-content\/uploads\/2021\/07\/1Artboard-1.png\" class=\"attachment-full size-full\" alt=\"1Artboard-1\" decoding=\"async\" loading=\"lazy\" srcset=\"http:\/\/starseedmakeup.com\/wp-content\/uploads\/2021\/07\/1Artboard-1.png 275w, http:\/\/starseedmakeup.com\/wp-content\/uploads\/2021\/07\/1Artboard-1-150x150.png 150w\" sizes=\"(max-width: 275px) 100vw, 275px\" \/><\/div><div class=\"w-iconbox-meta\"><h4 class=\"w-iconbox-title\">Elige tu estilo de pesta\u00f1as ideal<\/h4><div class=\"w-iconbox-text\"><p>Contamos con diferentes estilos de pesta\u00f1as que puede solicitar, entre ellos:<\/p>\n<ul>\n<li>Pesta\u00f1as de tira<\/li>\n<li>Pesta\u00f1as demi o medias pesta\u00f1as<\/li>\n<li>Pesta\u00f1as magn\u00e9ticas<\/li>\n<li>Pesta\u00f1as magn\u00e9ticas sandwich<\/li>\n<li>Extensiones de pesta\u00f1as<\/li>\n<\/ul>\n<p>Como puede ver, estamos bien equipados para atender sus necesidades. <a href=\"http:\/\/starseedmakeup.com\/es\/mink-eyelashes\/\">pesta\u00f1as de vis\u00f3n al por mayor<\/a>pesta\u00f1as individuales a granel y mucho m\u00e1s. Solo tiene que indicarnos el estilo concreto que desea y nos pondremos manos a la obra con la log\u00edstica.<\/p>\n<\/div><\/div><\/div><\/div><\/div><\/div><div class=\"vc_col-sm-4 wpb_column vc_column_container\"><div class=\"vc_column-inner\"><div class=\"wpb_wrapper\"><div class=\"w-iconbox iconpos_left style_default color_primary align_left icontype_img\"><div class=\"w-iconbox-icon\" style=\"font-size:2rem;\"><img width=\"275\" height=\"277\" src=\"http:\/\/starseedmakeup.com\/wp-content\/uploads\/2021\/07\/2Artboard-1.png\" class=\"attachment-full size-full\" alt=\"\" decoding=\"async\" loading=\"lazy\" srcset=\"http:\/\/starseedmakeup.com\/wp-content\/uploads\/2021\/07\/2Artboard-1.png 275w, http:\/\/starseedmakeup.com\/wp-content\/uploads\/2021\/07\/2Artboard-1-150x150.png 150w\" sizes=\"(max-width: 275px) 100vw, 275px\" \/><\/div><div class=\"w-iconbox-meta\"><h4 class=\"w-iconbox-title\">Elige tus tipos de envases para pesta\u00f1as<\/h4><div class=\"w-iconbox-text\"><p>Nuestras opciones de envasado incluyen diferentes tipos:<\/p>\n<ul>\n<li>Cajas magn\u00e9ticas<\/li>\n<li>Cajones de cristal<\/li>\n<li>Cajas totalmente personalizadas<\/li>\n<li>Libros de pesta\u00f1as personalizados<\/li>\n<li>Cajas transparentes para cubos y cajones<\/li>\n<\/ul>\n<p>Disponemos de diferentes opciones para <a href=\"http:\/\/starseedmakeup.com\/es\/embalaje-personalizado\/\">cajas de pesta\u00f1as a granel<\/a> en los que puede invertir. Elija el dise\u00f1o que m\u00e1s le convenga e ind\u00edquenos los requisitos de marca que desea.<\/p>\n<\/div><\/div><\/div><\/div><\/div><\/div><div class=\"vc_col-sm-4 wpb_column vc_column_container\"><div class=\"vc_column-inner\"><div class=\"wpb_wrapper\"><div class=\"w-iconbox iconpos_left style_default color_primary align_left icontype_img\"><div class=\"w-iconbox-icon\" style=\"font-size:2rem;\"><img width=\"275\" height=\"277\" src=\"http:\/\/starseedmakeup.com\/wp-content\/uploads\/2021\/07\/3Artboard-1.png\" class=\"attachment-full size-full\" alt=\"\" decoding=\"async\" loading=\"lazy\" srcset=\"http:\/\/starseedmakeup.com\/wp-content\/uploads\/2021\/07\/3Artboard-1.png 275w, http:\/\/starseedmakeup.com\/wp-content\/uploads\/2021\/07\/3Artboard-1-150x150.png 150w\" sizes=\"(max-width: 275px) 100vw, 275px\" \/><\/div><div class=\"w-iconbox-meta\"><h4 class=\"w-iconbox-title\">Elija las cantidades de su pedido<\/h4><div class=\"w-iconbox-text\"><p><span style=\"font-weight: 400;\">Nuestra empresa le ofrece un bajo MOQ de 50 unidades que le permite empezar con un presupuesto m\u00e1s bajo y amigable. Nuestras opciones para <\/span><a href=\"http:\/\/starseedmakeup.com\/es\/servicio-de-bajo-consumo\/\"><span style=\"font-weight: 400;\">abanicos para pesta\u00f1as a granel<\/span><\/a><span style=\"font-weight: 400;\"> y otros pedidos al por mayor son flexibles en funci\u00f3n del presupuesto y los requisitos que tenga. <\/span><\/p>\n<\/div><\/div><\/div><\/div><\/div><\/div><\/div><div class=\"w-separator size_custom\" style=\"height:80px\"><\/div><\/div><\/div><\/div><\/div><\/div><\/section>","protected":false},"excerpt":{"rendered":"Eye Bulk Order A quick look at the eyelash quantity options we offer that are perfectly tailored to suit your budget and business needs. InicioP\u00e1ginasFull Lashes Quantity Options at Your Budget At Starseed, we are dedicated to seeing your brand grow and cater to different customers. To help you do this, we feature a low...","protected":false},"author":1,"featured_media":0,"parent":0,"menu_order":0,"comment_status":"closed","ping_status":"closed","template":"","meta":[],"categories":[],"tags":[],"yoast_head":"<!-- This site is optimized with the Yoast SEO Premium plugin v20.5 (Yoast SEO v20.5) - https:\/\/yoast.com\/wordpress\/plugins\/seo\/ -->\n<title>Order Private Label Eyelashes in Bulk and Free Samples - Starseed<\/title>\n<meta name=\"description\" content=\"Starseed offers full lashes quantity options at your budget and business neeeds. Click to order lashes in bulk and get a free quote.\" \/>\n<meta name=\"robots\" content=\"index, follow, max-snippet:-1, max-image-preview:large, max-video-preview:-1\" \/>\n<link rel=\"canonical\" href=\"http:\/\/starseedmakeup.com\/es\/commande-de-cils\/\" \/>\n<meta property=\"og:locale\" content=\"es_ES\" \/>\n<meta property=\"og:type\" content=\"article\" \/>\n<meta property=\"og:title\" content=\"Order Private Label Eyelashes in Bulk and Free Samples - Starseed\" \/>\n<meta property=\"og:description\" content=\"Starseed offers full lashes quantity options at your budget and business neeeds. Click to order lashes in bulk and get a free quote.\" \/>\n<meta property=\"og:url\" content=\"http:\/\/starseedmakeup.com\/es\/commande-de-cils\/\" \/>\n<meta property=\"og:site_name\" content=\"Starseed\" \/>\n<meta property=\"article:modified_time\" content=\"2021-09-15T10:33:00+00:00\" \/>\n<meta name=\"twitter:card\" content=\"summary_large_image\" \/>\n<meta name=\"twitter:label1\" content=\"Est. reading time\" \/>\n\t<meta name=\"twitter:data1\" content=\"2 minutos\" \/>\n<script type=\"application\/ld+json\" class=\"yoast-schema-graph\">{\"@context\":\"https:\/\/schema.org\",\"@graph\":[{\"@type\":\"WebPage\",\"@id\":\"http:\/\/starseedmakeup.com\/fr\/commande-de-cils\/\",\"url\":\"http:\/\/starseedmakeup.com\/fr\/commande-de-cils\/\",\"name\":\"Order Private Label Eyelashes in Bulk and Free Samples - Starseed\",\"isPartOf\":{\"@id\":\"http:\/\/starseedmakeup.com\/#website\"},\"datePublished\":\"2021-07-14T06:59:28+00:00\",\"dateModified\":\"2021-09-15T10:33:00+00:00\",\"description\":\"Starseed offers full lashes quantity options at your budget and business neeeds. Click to order lashes in bulk and get a free quote.\",\"inLanguage\":\"es\",\"potentialAction\":[{\"@type\":\"ReadAction\",\"target\":[\"http:\/\/starseedmakeup.com\/fr\/commande-de-cils\/\"]}]},{\"@type\":\"WebSite\",\"@id\":\"http:\/\/starseedmakeup.com\/#website\",\"url\":\"http:\/\/starseedmakeup.com\/\",\"name\":\"Starseed\",\"description\":\"Just another WordPress site\",\"potentialAction\":[{\"@type\":\"SearchAction\",\"target\":{\"@type\":\"EntryPoint\",\"urlTemplate\":\"http:\/\/starseedmakeup.com\/?s={search_term_string}\"},\"query-input\":\"required name=search_term_string\"}],\"inLanguage\":\"es\"}]}<\/script>\n<!-- \/ Yoast SEO Premium plugin. -->","yoast_head_json":{"title":"Order Private Label Eyelashes in Bulk and Free Samples - Starseed","description":"Starseed offers full lashes quantity options at your budget and business neeeds. Click to order lashes in bulk and get a free quote.","robots":{"index":"index","follow":"follow","max-snippet":"max-snippet:-1","max-image-preview":"max-image-preview:large","max-video-preview":"max-video-preview:-1"},"canonical":"http:\/\/starseedmakeup.com\/es\/commande-de-cils\/","og_locale":"es_ES","og_type":"article","og_title":"Order Private Label Eyelashes in Bulk and Free Samples - Starseed","og_description":"Starseed offers full lashes quantity options at your budget and business neeeds. Click to order lashes in bulk and get a free quote.","og_url":"http:\/\/starseedmakeup.com\/es\/commande-de-cils\/","og_site_name":"Starseed","article_modified_time":"2021-09-15T10:33:00+00:00","twitter_card":"summary_large_image","twitter_misc":{"Est. reading time":"2 minutos"},"schema":{"@context":"https:\/\/schema.org","@graph":[{"@type":"WebPage","@id":"http:\/\/starseedmakeup.com\/fr\/commande-de-cils\/","url":"http:\/\/starseedmakeup.com\/fr\/commande-de-cils\/","name":"Order Private Label Eyelashes in Bulk and Free Samples - Starseed","isPartOf":{"@id":"http:\/\/starseedmakeup.com\/#website"},"datePublished":"2021-07-14T06:59:28+00:00","dateModified":"2021-09-15T10:33:00+00:00","description":"Starseed offers full lashes quantity options at your budget and business neeeds. Click to order lashes in bulk and get a free quote.","inLanguage":"es","potentialAction":[{"@type":"ReadAction","target":["http:\/\/starseedmakeup.com\/fr\/commande-de-cils\/"]}]},{"@type":"WebSite","@id":"http:\/\/starseedmakeup.com\/#website","url":"http:\/\/starseedmakeup.com\/","name":"Starseed","description":"Just another WordPress site","potentialAction":[{"@type":"SearchAction","target":{"@type":"EntryPoint","urlTemplate":"http:\/\/starseedmakeup.com\/?s={search_term_string}"},"query-input":"required name=search_term_string"}],"inLanguage":"es"}]}},"_links":{"self":[{"href":"http:\/\/starseedmakeup.com\/es\/wp-json\/wp\/v2\/pages\/5318"}],"collection":[{"href":"http:\/\/starseedmakeup.com\/es\/wp-json\/wp\/v2\/pages"}],"about":[{"href":"http:\/\/starseedmakeup.com\/es\/wp-json\/wp\/v2\/types\/page"}],"author":[{"embeddable":true,"href":"http:\/\/starseedmakeup.com\/es\/wp-json\/wp\/v2\/users\/1"}],"replies":[{"embeddable":true,"href":"http:\/\/starseedmakeup.com\/es\/wp-json\/wp\/v2\/comments?post=5318"}],"version-history":[{"count":15,"href":"http:\/\/starseedmakeup.com\/es\/wp-json\/wp\/v2\/pages\/5318\/revisions"}],"predecessor-version":[{"id":8202,"href":"http:\/\/starseedmakeup.com\/es\/wp-json\/wp\/v2\/pages\/5318\/revisions\/8202"}],"wp:attachment":[{"href":"http:\/\/starseedmakeup.com\/es\/wp-json\/wp\/v2\/media?parent=5318"}],"wp:term":[{"taxonomy":"category","embeddable":true,"href":"http:\/\/starseedmakeup.com\/es\/wp-json\/wp\/v2\/categories?post=5318"},{"taxonomy":"post_tag","embeddable":true,"href":"http:\/\/starseedmakeup.com\/es\/wp-json\/wp\/v2\/tags?post=5318"}],"curies":[{"name":"wp","href":"https:\/\/api.w.org\/{rel}","templated":true}]}}