{"id":5468,"date":"2021-07-28T05:36:45","date_gmt":"2021-07-28T05:36:45","guid":{"rendered":"https:\/\/starseedmakeup.com\/?page_id=5468"},"modified":"2021-09-09T10:53:01","modified_gmt":"2021-09-09T02:53:01","slug":"eyelash-factory","status":"publish","type":"page","link":"http:\/\/starseedmakeup.com\/es\/fabrica-de-pestanas\/","title":{"rendered":"F\u00e1brica de pesta\u00f1as"},"content":{"rendered":"<section class=\"l-section wpb_row us_custom_51786714 height_medium\"><div class=\"l-section-h i-cf\"><div class=\"g-cols vc_row via_flex valign_top type_default stacking_default\"><div class=\"vc_col-sm-12 wpb_column vc_column_container\"><div class=\"vc_column-inner\"><div class=\"wpb_wrapper\"><div class=\"wpb_text_column\"><div class=\"wpb_wrapper\"><h1>F\u00e1brica de pesta\u00f1as<\/h1>\n<p>Un r\u00e1pido vistazo a nuestra f\u00e1brica de pesta\u00f1as propia de China, dise\u00f1ada para garantizar que siempre ofrecemos extensiones de pesta\u00f1as de calidad.<\/p>\n<\/div><\/div><\/div><\/div><\/div><\/div><\/div><\/section><section class=\"l-section wpb_row us_custom_d14fb310 height_small\"><div class=\"l-section-h i-cf\"><div class=\"g-cols vc_row via_flex valign_top type_default stacking_default\"><div class=\"vc_col-sm-12 wpb_column vc_column_container\"><div class=\"vc_column-inner\"><div class=\"wpb_wrapper\"><ol class=\"g-breadcrumbs us_custom_ae99f6aa has_text_color separator_icon align_none\" itemscope itemtype=\"http:\/\/schema.org\/BreadcrumbList\"><li class=\"g-breadcrumbs-item\" itemscope itemprop=\"itemListElement\" itemtype=\"http:\/\/schema.org\/ListItem\"><a itemprop=\"item\" href=\"http:\/\/starseedmakeup.com\/es\/\"><span itemprop=\"name\">Inicio<\/span><\/a><meta itemprop=\"position\" content=\"1\"\/><\/li><li class=\"g-breadcrumbs-separator\"><i class=\"far fa-angle-right\"><\/i><\/li><li class=\"g-breadcrumbs-item\">P\u00e1ginas<\/li><\/ol><\/div><\/div><\/div><\/div><\/div><\/section><section class=\"l-section wpb_row height_medium\"><div class=\"l-section-h i-cf\"><div class=\"g-cols vc_row via_flex valign_top type_default stacking_default\"><div class=\"vc_col-sm-12 wpb_column vc_column_container\"><div class=\"vc_column-inner\"><div class=\"wpb_wrapper\"><div class=\"wpb_text_column\"><div class=\"wpb_wrapper\"><h2 style=\"text-align: center;\">F\u00e1brica propia de pesta\u00f1as de China<\/h2>\n<\/div><\/div><div class=\"w-separator size_medium with_line width_30 thick_1 style_solid color_secondary align_center with_content\"><div class=\"w-separator-h\"><i class=\"far fa-star\"><\/i><\/div><\/div><div class=\"wpb_text_column\"><div class=\"wpb_wrapper\"><p><span style=\"font-weight: 400;\">Starseed es una empresa china de fabricaci\u00f3n de pesta\u00f1as bien establecida y con a\u00f1os de experiencia en el sector. Ofrecemos la <\/span><a href=\"http:\/\/starseedmakeup.com\/es\/calidad-de-pestanas\/\"><span style=\"font-weight: 400;\">extensiones de pesta\u00f1as de la mejor calidad<\/span><\/a><span style=\"font-weight: 400;\"> para impulsar su negocio y satisfacer las necesidades de sus clientes. Trabajar con nuestra f\u00e1brica de pesta\u00f1as le da acceso a una capacidad de fabricaci\u00f3n amplia y de gran prestigio. Contamos con diferentes aspectos que ayudan a nuestra empresa a destacar y satisfacer las necesidades de su negocio. <\/span><\/p>\n<\/div><\/div><\/div><\/div><\/div><\/div><\/div><\/section><section class=\"l-section wpb_row height_medium\"><div class=\"l-section-h i-cf\"><div class=\"g-cols vc_row via_flex valign_top type_default stacking_default\"><div class=\"vc_col-sm-12 wpb_column vc_column_container\"><div class=\"vc_column-inner\"><div class=\"wpb_wrapper\"><div class=\"g-cols wpb_row via_flex valign_middle type_default reversed stacking_default\"><div class=\"vc_col-sm-6 wpb_column vc_column_container\"><div class=\"vc_column-inner\"><div class=\"wpb_wrapper\"><div class=\"wpb_text_column\"><div class=\"wpb_wrapper\"><h3>Sala de dise\u00f1o de pesta\u00f1as<\/h3>\n<p>Nuestra sala de dise\u00f1o de pesta\u00f1as est\u00e1 pensada para ayudarnos a satisfacer f\u00e1cilmente sus dise\u00f1os de pesta\u00f1as espec\u00edficos con gran precisi\u00f3n. Esto le garantiza que invertir\u00e1 en dise\u00f1os de pesta\u00f1as bien pensados y perfeccionados por los mejores del sector.<\/p>\n<\/div><\/div><\/div><\/div><\/div><div class=\"vc_col-sm-6 wpb_column vc_column_container\"><div class=\"vc_column-inner\"><div class=\"wpb_wrapper\"><div class=\"w-image us_custom_ad939d16 has_ratio align_none\"><div class=\"w-image-h\"><div style=\"padding-bottom:56.25%\"><\/div><img width=\"1024\" height=\"576\" src=\"http:\/\/starseedmakeup.com\/wp-content\/uploads\/2021\/07\/eyelash-design-room-2.jpg\" class=\"attachment-large size-large\" alt=\"cuarto-dise\u00f1o-de-pesta\u00f1as\" decoding=\"async\" loading=\"lazy\" srcset=\"http:\/\/starseedmakeup.com\/wp-content\/uploads\/2021\/07\/eyelash-design-room-2.jpg 1024w, http:\/\/starseedmakeup.com\/wp-content\/uploads\/2021\/07\/eyelash-design-room-2-300x169.jpg 300w\" sizes=\"(max-width: 1024px) 100vw, 1024px\" \/><\/div><\/div><\/div><\/div><\/div><\/div><\/div><\/div><\/div><div class=\"vc_col-sm-12 wpb_column vc_column_container\"><div class=\"vc_column-inner\"><div class=\"wpb_wrapper\"><div class=\"g-cols wpb_row via_flex valign_middle type_default stacking_default\"><div class=\"vc_col-sm-6 wpb_column vc_column_container\"><div class=\"vc_column-inner\"><div class=\"wpb_wrapper\"><div class=\"w-image has_ratio align_none\"><div class=\"w-image-h\"><div style=\"padding-bottom:56.25%\"><\/div><img width=\"1024\" height=\"683\" src=\"http:\/\/starseedmakeup.com\/wp-content\/uploads\/2021\/07\/eyelash-materials-workshop-1.jpg\" class=\"attachment-large size-large\" alt=\"taller de materiales para pesta\u00f1as\" decoding=\"async\" loading=\"lazy\" srcset=\"http:\/\/starseedmakeup.com\/wp-content\/uploads\/2021\/07\/eyelash-materials-workshop-1.jpg 1024w, http:\/\/starseedmakeup.com\/wp-content\/uploads\/2021\/07\/eyelash-materials-workshop-1-300x200.jpg 300w\" sizes=\"(max-width: 1024px) 100vw, 1024px\" \/><\/div><\/div><\/div><\/div><\/div><div class=\"vc_col-sm-6 wpb_column vc_column_container\"><div class=\"vc_column-inner\"><div class=\"wpb_wrapper\"><div class=\"wpb_text_column\"><div class=\"wpb_wrapper\"><h3>Taller de materiales para pesta\u00f1as<\/h3>\n<p>Nuestro taller de materiales para pesta\u00f1as se encarga de garantizar que utilizamos materiales duraderos, asequibles y tambi\u00e9n sostenibles desde el punto de vista medioambiental. Esto nos permite trabajar con materiales de calidad que repercuten positivamente en el rendimiento de las pesta\u00f1as en las que inviertes.<\/p>\n<\/div><\/div><\/div><\/div><\/div><\/div><\/div><\/div><\/div><div class=\"vc_col-sm-12 wpb_column vc_column_container\"><div class=\"vc_column-inner\"><div class=\"wpb_wrapper\"><div class=\"g-cols wpb_row via_flex valign_middle type_default reversed stacking_default\"><div class=\"vc_col-sm-6 wpb_column vc_column_container\"><div class=\"vc_column-inner\"><div class=\"wpb_wrapper\"><div class=\"wpb_text_column\"><div class=\"wpb_wrapper\"><h3>Planta de fabricaci\u00f3n de pesta\u00f1as<\/h3>\n<p>Contamos con una planta de fabricaci\u00f3n en la que todas nuestras pesta\u00f1as se producen siguiendo las normas establecidas por la industria. Esto nos permite ofrecer productos de calidad que satisfacen las necesidades de sus clientes y consolidan su marca en el mercado.<\/p>\n<\/div><\/div><\/div><\/div><\/div><div class=\"vc_col-sm-6 wpb_column vc_column_container\"><div class=\"vc_column-inner\"><div class=\"wpb_wrapper\"><div class=\"w-image has_ratio align_none\"><div class=\"w-image-h\"><div style=\"padding-bottom:56.25%\"><\/div><img width=\"1024\" height=\"683\" src=\"http:\/\/starseedmakeup.com\/wp-content\/uploads\/2021\/07\/eyelash-manufacturing-plant-1.jpg\" class=\"attachment-large size-large\" alt=\"f\u00e1brica de pesta\u00f1as\" decoding=\"async\" loading=\"lazy\" srcset=\"http:\/\/starseedmakeup.com\/wp-content\/uploads\/2021\/07\/eyelash-manufacturing-plant-1.jpg 1024w, http:\/\/starseedmakeup.com\/wp-content\/uploads\/2021\/07\/eyelash-manufacturing-plant-1-300x200.jpg 300w\" sizes=\"(max-width: 1024px) 100vw, 1024px\" \/><\/div><\/div><\/div><\/div><\/div><\/div><\/div><\/div><\/div><div class=\"vc_col-sm-12 wpb_column vc_column_container\"><div class=\"vc_column-inner\"><div class=\"wpb_wrapper\"><div class=\"g-cols wpb_row via_flex valign_middle type_default stacking_default\"><div class=\"vc_col-sm-6 wpb_column vc_column_container\"><div class=\"vc_column-inner\"><div class=\"wpb_wrapper\"><div class=\"w-image has_ratio align_none\"><div class=\"w-image-h\"><div style=\"padding-bottom:56.25%\"><\/div><img width=\"1\" height=\"1\" src=\"http:\/\/starseedmakeup.com\/wp-content\/uploads\/2021\/07\/eyelash-quality-control-workshop.jpg\" class=\"attachment-large size-large\" alt=\"taller de control de calidad de las pesta\u00f1as\" decoding=\"async\" loading=\"lazy\" \/><\/div><\/div><\/div><\/div><\/div><div class=\"vc_col-sm-6 wpb_column vc_column_container\"><div class=\"vc_column-inner\"><div class=\"wpb_wrapper\"><div class=\"wpb_text_column\"><div class=\"wpb_wrapper\"><h3>Taller de control de calidad de pesta\u00f1as<\/h3>\n<p>Nuestro taller de control de calidad de pesta\u00f1as se encarga de garantizar que todas las pesta\u00f1as producidas sean de la mejor calidad. Garantizamos nuestra calidad conforme a las certificaciones SGS y RoHS para asegurarnos de que satisfacemos las necesidades de su empresa.<\/p>\n<\/div><\/div><\/div><\/div><\/div><\/div><\/div><\/div><\/div><div class=\"vc_col-sm-12 wpb_column vc_column_container\"><div class=\"vc_column-inner\"><div class=\"wpb_wrapper\"><div class=\"g-cols wpb_row via_flex valign_middle type_default reversed stacking_default\"><div class=\"vc_col-sm-6 wpb_column vc_column_container\"><div class=\"vc_column-inner\"><div class=\"wpb_wrapper\"><div class=\"wpb_text_column\"><div class=\"wpb_wrapper\"><h3>Planta de envasado de pesta\u00f1as<\/h3>\n<p>Nuestra planta de envasado de pesta\u00f1as desarrolla los productos de envasado perfectos para los estilos de pesta\u00f1as espec\u00edficos en los que usted invierte. Ofrecemos opciones personalizadas de envasado de pesta\u00f1as en las que puede presentar diferentes aspectos de dise\u00f1o y gr\u00e1ficos para representar adecuadamente su marca.<\/p>\n<\/div><\/div><\/div><\/div><\/div><div class=\"vc_col-sm-6 wpb_column vc_column_container\"><div class=\"vc_column-inner\"><div class=\"wpb_wrapper\"><div class=\"w-image has_ratio align_none\"><div class=\"w-image-h\"><div style=\"padding-bottom:56.25%\"><\/div><img width=\"1024\" height=\"683\" src=\"http:\/\/starseedmakeup.com\/wp-content\/uploads\/2021\/07\/eyelash-packaging-plant.jpg\" class=\"attachment-large size-large\" alt=\"planta de envasado de pesta\u00f1as\" decoding=\"async\" loading=\"lazy\" srcset=\"http:\/\/starseedmakeup.com\/wp-content\/uploads\/2021\/07\/eyelash-packaging-plant.jpg 1024w, http:\/\/starseedmakeup.com\/wp-content\/uploads\/2021\/07\/eyelash-packaging-plant-300x200.jpg 300w\" sizes=\"(max-width: 1024px) 100vw, 1024px\" \/><\/div><\/div><\/div><\/div><\/div><\/div><\/div><\/div><\/div><\/div><\/div><\/section>","protected":false},"excerpt":{"rendered":"Eyelash Factory A quick look at our self-owned eyelash factory from China designed to ensure that we always provide quality lash extensions. InicioP\u00e1ginasSelf-Owned Eyelash Factory from China Starseed is a well-established eyelash manufacturing company from China with years of experience in the industry. We offer the best quality eyelash extensions to further your business and...","protected":false},"author":1,"featured_media":0,"parent":0,"menu_order":0,"comment_status":"closed","ping_status":"closed","template":"","meta":[],"categories":[],"tags":[],"yoast_head":"<!-- This site is optimized with the Yoast SEO Premium plugin v20.5 (Yoast SEO v20.5) - https:\/\/yoast.com\/wordpress\/plugins\/seo\/ -->\n<title>Eyelash Factory - Starseed<\/title>\n<meta name=\"description\" content=\"A quick look at Starseed, a leading eyelash manufacturing company from China with years of experience provides high-quality lash extensions.\" \/>\n<meta name=\"robots\" content=\"index, follow, max-snippet:-1, max-image-preview:large, max-video-preview:-1\" \/>\n<link rel=\"canonical\" href=\"http:\/\/starseedmakeup.com\/es\/usine-de-fabrication-de-cils\/\" \/>\n<meta property=\"og:locale\" content=\"es_ES\" \/>\n<meta property=\"og:type\" content=\"article\" \/>\n<meta property=\"og:title\" content=\"Eyelash Factory - Starseed\" \/>\n<meta property=\"og:description\" content=\"A quick look at Starseed, a leading eyelash manufacturing company from China with years of experience provides high-quality lash extensions.\" \/>\n<meta property=\"og:url\" content=\"http:\/\/starseedmakeup.com\/es\/usine-de-fabrication-de-cils\/\" \/>\n<meta property=\"og:site_name\" content=\"Starseed\" \/>\n<meta property=\"article:modified_time\" content=\"2021-09-09T02:53:01+00:00\" \/>\n<meta name=\"twitter:card\" content=\"summary_large_image\" \/>\n<meta name=\"twitter:label1\" content=\"Est. reading time\" \/>\n\t<meta name=\"twitter:data1\" content=\"2 minutos\" \/>\n<script type=\"application\/ld+json\" class=\"yoast-schema-graph\">{\"@context\":\"https:\/\/schema.org\",\"@graph\":[{\"@type\":\"WebPage\",\"@id\":\"http:\/\/starseedmakeup.com\/fr\/usine-de-fabrication-de-cils\/\",\"url\":\"http:\/\/starseedmakeup.com\/fr\/usine-de-fabrication-de-cils\/\",\"name\":\"Eyelash Factory - Starseed\",\"isPartOf\":{\"@id\":\"http:\/\/starseedmakeup.com\/#website\"},\"datePublished\":\"2021-07-28T05:36:45+00:00\",\"dateModified\":\"2021-09-09T02:53:01+00:00\",\"description\":\"A quick look at Starseed, a leading eyelash manufacturing company from China with years of experience provides high-quality lash extensions.\",\"inLanguage\":\"es\",\"potentialAction\":[{\"@type\":\"ReadAction\",\"target\":[\"http:\/\/starseedmakeup.com\/fr\/usine-de-fabrication-de-cils\/\"]}]},{\"@type\":\"WebSite\",\"@id\":\"http:\/\/starseedmakeup.com\/#website\",\"url\":\"http:\/\/starseedmakeup.com\/\",\"name\":\"Starseed\",\"description\":\"Just another WordPress site\",\"potentialAction\":[{\"@type\":\"SearchAction\",\"target\":{\"@type\":\"EntryPoint\",\"urlTemplate\":\"http:\/\/starseedmakeup.com\/?s={search_term_string}\"},\"query-input\":\"required name=search_term_string\"}],\"inLanguage\":\"es\"}]}<\/script>\n<!-- \/ Yoast SEO Premium plugin. -->","yoast_head_json":{"title":"Eyelash Factory - Starseed","description":"A quick look at Starseed, a leading eyelash manufacturing company from China with years of experience provides high-quality lash extensions.","robots":{"index":"index","follow":"follow","max-snippet":"max-snippet:-1","max-image-preview":"max-image-preview:large","max-video-preview":"max-video-preview:-1"},"canonical":"http:\/\/starseedmakeup.com\/es\/usine-de-fabrication-de-cils\/","og_locale":"es_ES","og_type":"article","og_title":"Eyelash Factory - Starseed","og_description":"A quick look at Starseed, a leading eyelash manufacturing company from China with years of experience provides high-quality lash extensions.","og_url":"http:\/\/starseedmakeup.com\/es\/usine-de-fabrication-de-cils\/","og_site_name":"Starseed","article_modified_time":"2021-09-09T02:53:01+00:00","twitter_card":"summary_large_image","twitter_misc":{"Est. reading time":"2 minutos"},"schema":{"@context":"https:\/\/schema.org","@graph":[{"@type":"WebPage","@id":"http:\/\/starseedmakeup.com\/fr\/usine-de-fabrication-de-cils\/","url":"http:\/\/starseedmakeup.com\/fr\/usine-de-fabrication-de-cils\/","name":"Eyelash Factory - Starseed","isPartOf":{"@id":"http:\/\/starseedmakeup.com\/#website"},"datePublished":"2021-07-28T05:36:45+00:00","dateModified":"2021-09-09T02:53:01+00:00","description":"A quick look at Starseed, a leading eyelash manufacturing company from China with years of experience provides high-quality lash extensions.","inLanguage":"es","potentialAction":[{"@type":"ReadAction","target":["http:\/\/starseedmakeup.com\/fr\/usine-de-fabrication-de-cils\/"]}]},{"@type":"WebSite","@id":"http:\/\/starseedmakeup.com\/#website","url":"http:\/\/starseedmakeup.com\/","name":"Starseed","description":"Just another WordPress site","potentialAction":[{"@type":"SearchAction","target":{"@type":"EntryPoint","urlTemplate":"http:\/\/starseedmakeup.com\/?s={search_term_string}"},"query-input":"required name=search_term_string"}],"inLanguage":"es"}]}},"_links":{"self":[{"href":"http:\/\/starseedmakeup.com\/es\/wp-json\/wp\/v2\/pages\/5468"}],"collection":[{"href":"http:\/\/starseedmakeup.com\/es\/wp-json\/wp\/v2\/pages"}],"about":[{"href":"http:\/\/starseedmakeup.com\/es\/wp-json\/wp\/v2\/types\/page"}],"author":[{"embeddable":true,"href":"http:\/\/starseedmakeup.com\/es\/wp-json\/wp\/v2\/users\/1"}],"replies":[{"embeddable":true,"href":"http:\/\/starseedmakeup.com\/es\/wp-json\/wp\/v2\/comments?post=5468"}],"version-history":[{"count":21,"href":"http:\/\/starseedmakeup.com\/es\/wp-json\/wp\/v2\/pages\/5468\/revisions"}],"predecessor-version":[{"id":6578,"href":"http:\/\/starseedmakeup.com\/es\/wp-json\/wp\/v2\/pages\/5468\/revisions\/6578"}],"wp:attachment":[{"href":"http:\/\/starseedmakeup.com\/es\/wp-json\/wp\/v2\/media?parent=5468"}],"wp:term":[{"taxonomy":"category","embeddable":true,"href":"http:\/\/starseedmakeup.com\/es\/wp-json\/wp\/v2\/categories?post=5468"},{"taxonomy":"post_tag","embeddable":true,"href":"http:\/\/starseedmakeup.com\/es\/wp-json\/wp\/v2\/tags?post=5468"}],"curies":[{"name":"wp","href":"https:\/\/api.w.org\/{rel}","templated":true}]}}