{"id":6260,"date":"2021-07-28T02:39:41","date_gmt":"2021-07-28T02:39:41","guid":{"rendered":"https:\/\/starseedmakeup.com\/?page_id=6260"},"modified":"2021-09-15T18:28:39","modified_gmt":"2021-09-15T10:28:39","slug":"lash-business","status":"publish","type":"page","link":"http:\/\/starseedmakeup.com\/es\/lash-business\/","title":{"rendered":"Negocio de pesta\u00f1as"},"content":{"rendered":"<section class=\"l-section wpb_row us_custom_88301c1a height_medium\"><div class=\"l-section-h i-cf\"><div class=\"g-cols vc_row via_flex valign_top type_default stacking_default\"><div class=\"vc_col-sm-12 wpb_column vc_column_container\"><div class=\"vc_column-inner\"><div class=\"wpb_wrapper\"><div class=\"wpb_text_column\"><div class=\"wpb_wrapper\"><h1>Negocio de pesta\u00f1as<\/h1>\n<p><span style=\"font-weight: 400;\">Starseed es uno de los mejores fabricantes de pesta\u00f1as de marca blanca de China y del mundo.<br \/>\nNuestros servicios nos permiten ayudarle a poner en marcha un negocio de pesta\u00f1as que ofrezca calidad y satisfaga las necesidades de sus clientes. <\/span><\/p>\n<\/div><\/div><\/div><\/div><\/div><\/div><\/div><\/section><section class=\"l-section wpb_row us_custom_d14fb310 height_small\"><div class=\"l-section-h i-cf\"><div class=\"g-cols vc_row via_flex valign_top type_default stacking_default\"><div class=\"vc_col-sm-12 wpb_column vc_column_container\"><div class=\"vc_column-inner\"><div class=\"wpb_wrapper\"><ol class=\"g-breadcrumbs us_custom_ae99f6aa has_text_color separator_icon align_none\" itemscope itemtype=\"http:\/\/schema.org\/BreadcrumbList\"><li class=\"g-breadcrumbs-item\" itemscope itemprop=\"itemListElement\" itemtype=\"http:\/\/schema.org\/ListItem\"><a itemprop=\"item\" href=\"http:\/\/starseedmakeup.com\/es\/\"><span itemprop=\"name\">Inicio<\/span><\/a><meta itemprop=\"position\" content=\"1\"\/><\/li><li class=\"g-breadcrumbs-separator\"><i class=\"far fa-angle-right\"><\/i><\/li><li class=\"g-breadcrumbs-item\">P\u00e1ginas<\/li><\/ol><\/div><\/div><\/div><\/div><\/div><\/section><section class=\"l-section wpb_row height_medium\"><div class=\"l-section-h i-cf\"><div class=\"g-cols vc_row via_flex valign_top type_default stacking_default\"><div class=\"vc_col-sm-6 wpb_column vc_column_container\"><div class=\"vc_column-inner\"><div class=\"wpb_wrapper\"><div class=\"wpb_text_column\"><div class=\"wpb_wrapper\"><h2>El mejor de su clase<br \/>\nProveedor de pesta\u00f1as<\/h2>\n<\/div><\/div><div class=\"wpb_text_column\"><div class=\"wpb_wrapper\"><p><span style=\"font-weight: 400;\">Como uno de los principales <\/span><a href=\"http:\/\/starseedmakeup.com\/es\/acerca-de\/\"><span style=\"font-weight: 400;\">mayoristas de pesta\u00f1as de vis\u00f3n<\/span><\/a><span style=\"font-weight: 400;\">nos enorgullecemos de ofrecer pesta\u00f1as de m\u00e1xima calidad a todos nuestros clientes. Le ayudamos a iniciar su negocio de pesta\u00f1as ofreci\u00e9ndole opciones personalizadas de calidad a precios asequibles. Contamos con sistemas de fabricaci\u00f3n bien establecidos y empleamos la ayuda de profesionales altamente experimentados. Esto nos ha permitido ofrecer diferentes opciones de pesta\u00f1as con diferentes paquetes para completar sus pedidos. Tambi\u00e9n contamos con sistemas de garant\u00eda de calidad establecidos para garantizar que satisfacemos las necesidades de sus clientes. <\/span><\/p>\n<\/div><\/div><\/div><\/div><\/div><div class=\"vc_col-sm-6 wpb_column vc_column_container\"><div class=\"vc_column-inner\"><div class=\"wpb_wrapper\"><div class=\"w-image has_ratio align_none\"><div class=\"w-image-h\"><div style=\"padding-bottom:56.25%\"><\/div><img width=\"882\" height=\"661\" src=\"http:\/\/starseedmakeup.com\/wp-content\/uploads\/2021\/06\/vegan-magnetic-false-eyelashes-1.jpg\" class=\"attachment-large size-large\" alt=\"pesta\u00f1as postizas magn\u00e9ticas veganas\" decoding=\"async\" loading=\"lazy\" srcset=\"http:\/\/starseedmakeup.com\/wp-content\/uploads\/2021\/06\/vegan-magnetic-false-eyelashes-1.jpg 882w, http:\/\/starseedmakeup.com\/wp-content\/uploads\/2021\/06\/vegan-magnetic-false-eyelashes-1-300x225.jpg 300w, http:\/\/starseedmakeup.com\/wp-content\/uploads\/2021\/06\/vegan-magnetic-false-eyelashes-1-600x450.jpg 600w\" sizes=\"(max-width: 882px) 100vw, 882px\" \/><\/div><\/div><\/div><\/div><\/div><\/div><\/div><\/section><section class=\"l-section wpb_row height_medium\"><div class=\"l-section-h i-cf\"><div class=\"g-cols vc_row via_flex valign_top type_default stacking_default\"><div class=\"vc_col-sm-12 wpb_column vc_column_container\"><div class=\"vc_column-inner\"><div class=\"wpb_wrapper\"><div class=\"w-separator size_medium with_line width_30 thick_1 style_solid color_secondary align_center with_content\"><div class=\"w-separator-h\"><i class=\"far fa-star\"><\/i><\/div><\/div><div class=\"wpb_text_column\"><div class=\"wpb_wrapper\"><h2 style=\"text-align: center;\">Lo que puede obtener de los mejores proveedores de pesta\u00f1as<\/h2>\n<\/div><\/div><div class=\"w-separator size_medium\"><\/div><div class=\"g-cols wpb_row via_flex valign_top type_default stacking_default\"><div class=\"vc_col-sm-6 wpb_column vc_column_container\"><div class=\"vc_column-inner\"><div class=\"wpb_wrapper\"><div class=\"w-iconbox iconpos_left style_default color_primary align_left\"><div class=\"w-iconbox-icon\" style=\"font-size:2rem;\"><i class=\"fas fa-copy\"><\/i><\/div><div class=\"w-iconbox-meta\"><h3 class=\"w-iconbox-title\">Por aplicaciones\/tipos<\/h3><div class=\"w-iconbox-text\"><p>Conocer la aplicaci\u00f3n o el tipo de pesta\u00f1as en los que debe invertir es importante para asegurarse de que obtiene las opciones adecuadas para sus clientes objetivo. Disponemos de diferentes aplicaciones y tipos de pesta\u00f1as:<\/p>\n<ul>\n<li>Extensiones de pesta\u00f1as<\/li>\n<li>Pesta\u00f1as postizas<\/li>\n<li>Embalaje de pesta\u00f1as<\/li>\n<li>Herramientas para pesta\u00f1as<\/li>\n<\/ul>\n<\/div><\/div><\/div><\/div><\/div><\/div><div class=\"vc_col-sm-6 wpb_column vc_column_container\"><div class=\"vc_column-inner\"><div class=\"wpb_wrapper\"><div class=\"w-iconbox iconpos_left style_default color_primary align_left\"><div class=\"w-iconbox-icon\" style=\"font-size:2rem;\"><i class=\"fas fa-ruler-combined\"><\/i><\/div><div class=\"w-iconbox-meta\"><h3 class=\"w-iconbox-title\">Por vol\u00famenes<\/h3><div class=\"w-iconbox-text\"><p>Como proveedores de confianza de pesta\u00f1as de imitaci\u00f3n de vis\u00f3n, disponemos de pesta\u00f1as de distintos vol\u00famenes. Algunas son m\u00e1s gruesas que otras, un factor que debe tener en cuenta para atender mejor a sus clientes. Los diferentes vol\u00famenes de pesta\u00f1as que ofrecemos en nuestra empresa incluyen:<\/p>\n<ul>\n<li>Extensiones de pesta\u00f1as cl\u00e1sicas<\/li>\n<li>Extensiones de pesta\u00f1as h\u00edbridas<\/li>\n<li>Extensiones de pesta\u00f1as de volumen<\/li>\n<li>Extensiones de pesta\u00f1as megavolumen<\/li>\n<li>Extensiones de pesta\u00f1as planas<\/li>\n<li>Extensiones de pesta\u00f1as precurvadas<\/li>\n<\/ul>\n<\/div><\/div><\/div><\/div><\/div><\/div><\/div><div class=\"w-separator size_medium\"><\/div><div class=\"g-cols wpb_row via_flex valign_top type_default stacking_default\"><div class=\"vc_col-sm-6 wpb_column vc_column_container\"><div class=\"vc_column-inner\"><div class=\"wpb_wrapper\"><div class=\"w-iconbox iconpos_left style_default color_primary align_left\"><div class=\"w-iconbox-icon\" style=\"font-size:2rem;\"><i class=\"fas fa-check\"><\/i><\/div><div class=\"w-iconbox-meta\"><h3 class=\"w-iconbox-title\">Por materiales<\/h3><div class=\"w-iconbox-text\"><p>Las pesta\u00f1as se fabrican con distintos materiales en funci\u00f3n de sus necesidades espec\u00edficas. Utilizamos materiales de la mejor calidad para garantizar que las pesta\u00f1as sean duraderas y tengan una larga duraci\u00f3n. Algunas de las opciones que ofrecemos son:<\/p>\n<ul>\n<li>Pesta\u00f1as de imitaci\u00f3n<\/li>\n<li>Pesta\u00f1as de vis\u00f3n<\/li>\n<li>Pesta\u00f1as de seda<\/li>\n<\/ul>\n<\/div><\/div><\/div><\/div><\/div><\/div><div class=\"vc_col-sm-6 wpb_column vc_column_container\"><div class=\"vc_column-inner\"><div class=\"wpb_wrapper\"><div class=\"w-iconbox iconpos_left style_default color_primary align_left\"><div class=\"w-iconbox-icon\" style=\"font-size:2rem;\"><i class=\"fas fa-star\"><\/i><\/div><div class=\"w-iconbox-meta\"><h3 class=\"w-iconbox-title\">Por Efectos<\/h3><div class=\"w-iconbox-text\"><p>Tambi\u00e9n es importante tener en cuenta c\u00f3mo quedan las pesta\u00f1as y c\u00f3mo las recibir\u00e1n sus clientes. Disponemos de diferentes tipos de pesta\u00f1as con efectos muy variados. Algunas de las mejores opciones que ofrecemos son:<\/p>\n<ul>\n<li>Tiras de pesta\u00f1as<\/li>\n<li>Pesta\u00f1as individuales<\/li>\n<li>Pesta\u00f1as en racimo<\/li>\n<li>Pesta\u00f1as magn\u00e9ticas<\/li>\n<\/ul>\n<\/div><\/div><\/div><\/div><\/div><\/div><\/div><\/div><\/div><\/div><\/div><\/div><\/section><section class=\"l-section wpb_row height_medium color_alternate\"><div class=\"l-section-h i-cf\"><div class=\"g-cols vc_row via_flex valign_top type_default stacking_default\"><div class=\"vc_col-sm-12 wpb_column vc_column_container\"><div class=\"vc_column-inner\"><div class=\"wpb_wrapper\"><div class=\"w-separator size_medium with_line width_30 thick_1 style_solid color_secondary align_center with_content\"><div class=\"w-separator-h\"><i class=\"far fa-star\"><\/i><\/div><\/div><div class=\"wpb_text_column\"><div class=\"wpb_wrapper\"><h2 style=\"text-align: center;\">Opciones para grandes y peque\u00f1as marcas para iniciar un negocio de pesta\u00f1as<\/h2>\n<\/div><\/div><div class=\"w-separator size_large\"><\/div><div class=\"g-cols wpb_row via_flex valign_top type_default stacking_default\"><div class=\"vc_col-sm-3 wpb_column vc_column_container has_bg_color\"><div class=\"vc_column-inner us_custom_4fb9e5a3\"><div class=\"wpb_wrapper\"><div class=\"w-vwrapper us_custom_ca26f023 align_none valign_top\"><div class=\"w-iconbox iconpos_left style_default color_custom align_center no_title no_text\"><div class=\"w-iconbox-icon\" style=\"font-size:2rem;color:#566D8F;\"><i class=\"far fa-tag\"><\/i><\/div><div class=\"w-iconbox-meta\"><\/div><\/div><div class=\"w-btn-wrapper align_none\"><a class=\"w-btn us-btn-style_3 us_custom_09598f3e has_text_color\" title=\"Marca blanca\" target=\"_blank\" href=\"http:\/\/starseedmakeup.com\/es\/etiqueta-privada\/\" rel=\"noopener\"><span class=\"w-btn-label\">Marca blanca Lash<\/span><\/a><\/div><div class=\"wpb_text_column\"><div class=\"wpb_wrapper\"><p><span style=\"font-weight: 400;\">Nuestra marca privada de pesta\u00f1as es una gran opci\u00f3n para particulares o empresas que desean ofrecer sus propias pesta\u00f1as de marca. Esta opci\u00f3n le permite personalizar las pesta\u00f1as y el envase. <\/span><\/p>\n<\/div><\/div><\/div><\/div><\/div><\/div><div class=\"vc_col-sm-3 wpb_column vc_column_container has_bg_color\"><div class=\"vc_column-inner us_custom_4fb9e5a3\"><div class=\"wpb_wrapper\"><div class=\"w-vwrapper us_custom_ca26f023 align_none valign_top\"><div class=\"w-iconbox iconpos_left style_default color_custom align_center no_title no_text\"><div class=\"w-iconbox-icon\" style=\"font-size:2rem;color:#566D8F;\"><i class=\"far fa-store\"><\/i><\/div><div class=\"w-iconbox-meta\"><\/div><\/div><div class=\"w-btn-wrapper align_none\"><a class=\"w-btn us-btn-style_3 us_custom_968b4096 has_text_color\" title=\"Marca blanca\" target=\"_blank\" href=\"http:\/\/starseedmakeup.com\/es\/programa-de-venta-al-por-mayor-de-pestanas\/\" rel=\"noopener\"><span class=\"w-btn-label\">Programa de venta al por mayor de pesta\u00f1as<\/span><\/a><\/div><div class=\"wpb_text_column\"><div class=\"wpb_wrapper\"><p><span style=\"font-weight: 400;\">Nos hemos establecido como los proveedores de pesta\u00f1as individuales que ofrecen opciones al por mayor con precios incre\u00edbles. Esto es muy \u00fatil para los proveedores de pesta\u00f1as establecidos que buscan atender a una base de clientes cada vez mayor. <\/span><\/p>\n<\/div><\/div><\/div><\/div><\/div><\/div><div class=\"vc_col-sm-3 wpb_column vc_column_container has_bg_color\"><div class=\"vc_column-inner us_custom_4fb9e5a3\"><div class=\"wpb_wrapper\"><div class=\"w-vwrapper us_custom_ca26f023 align_none valign_top\"><div class=\"w-iconbox iconpos_left style_default color_custom align_center no_title no_text\"><div class=\"w-iconbox-icon\" style=\"font-size:2rem;color:#566D8F;\"><i class=\"far fa-truck\"><\/i><\/div><div class=\"w-iconbox-meta\"><\/div><\/div><div class=\"w-btn-wrapper align_none\"><a class=\"w-btn us-btn-style_3 us_custom_968b4096 has_text_color\" title=\"Marca blanca\" target=\"_blank\" href=\"http:\/\/starseedmakeup.com\/es\/pedido-de-pestanas-a-granel\/\" rel=\"noopener\"><span class=\"w-btn-label\">Pedir pesta\u00f1as al por mayor<\/span><\/a><\/div><div class=\"wpb_text_column\"><div class=\"wpb_wrapper\"><p><span style=\"font-weight: 400;\">Disponemos de la opci\u00f3n de pedir pesta\u00f1as al por mayor para atender a las empresas que tienen un presupuesto mayor con el que trabajar. Esta opci\u00f3n le ofrece una gran ventaja con la posibilidad de obtener m\u00e1s descuentos en los pedidos realizados.<\/span><\/p>\n<\/div><\/div><\/div><\/div><\/div><\/div><div class=\"vc_col-sm-3 wpb_column vc_column_container has_bg_color\"><div class=\"vc_column-inner us_custom_4fb9e5a3\"><div class=\"wpb_wrapper\"><div class=\"w-vwrapper us_custom_0eba8a1a align_none valign_top\"><div class=\"w-iconbox iconpos_left style_default color_custom align_center no_title no_text\"><div class=\"w-iconbox-icon\" style=\"font-size:2rem;color:#566D8F;\"><i class=\"far fa-palette\"><\/i><\/div><div class=\"w-iconbox-meta\"><\/div><\/div><div class=\"w-btn-wrapper align_none\"><a class=\"w-btn us-btn-style_3 us_custom_968b4096 has_text_color\" title=\"Marca blanca\" target=\"_blank\" href=\"http:\/\/starseedmakeup.com\/es\/pestanas-a-medida\/\" rel=\"noopener\"><span class=\"w-btn-label\">Pesta\u00f1as a medida<\/span><\/a><\/div><div class=\"wpb_text_column\"><div class=\"wpb_wrapper\"><p><span style=\"font-weight: 400;\">Nuestros servicios de pesta\u00f1as a medida est\u00e1n pensados para empresas que buscan aportar un aspecto \u00fanico al mercado. Esto le permite dar rienda suelta a su creatividad y ofrecer productos diferentes que le ayuden a destacar. <\/span><\/p>\n<\/div><\/div><\/div><div class=\"w-vwrapper align_none valign_top\"><\/div><\/div><\/div><\/div><\/div><\/div><\/div><\/div><\/div><\/div><\/section><section class=\"l-section wpb_row height_medium\"><div class=\"l-section-h i-cf\"><div class=\"g-cols vc_row via_flex valign_top type_default stacking_default\"><div class=\"vc_col-sm-12 wpb_column vc_column_container\"><div class=\"vc_column-inner\"><div class=\"wpb_wrapper\"><div class=\"w-separator size_medium with_line width_30 thick_1 style_solid color_secondary align_center with_content\"><div class=\"w-separator-h\"><i class=\"far fa-star\"><\/i><\/div><\/div><div class=\"wpb_text_column\"><div class=\"wpb_wrapper\"><h2 style=\"text-align: center;\">Aspectos a tener en cuenta al crear una empresa de pesta\u00f1as<\/h2>\n<\/div><\/div><div class=\"w-separator size_large\"><\/div><div class=\"g-cols wpb_row via_flex valign_top type_default stacking_default\"><div class=\"vc_col-sm-4 wpb_column vc_column_container\"><div class=\"vc_column-inner\"><div class=\"wpb_wrapper\"><div class=\"w-iconbox iconpos_left style_circle color_primary align_left\"><div class=\"w-iconbox-icon\" style=\"font-size:2rem;\"><i class=\"fas fa-conveyor-belt-alt\"><\/i><\/div><div class=\"w-iconbox-meta\"><h4 class=\"w-iconbox-title\">Pruebas por muestreo<\/h4><div class=\"w-iconbox-text\"><p><span style=\"font-weight: 400;\">La prueba de muestras es un aspecto esencial a tener en cuenta al iniciar su negocio de pesta\u00f1as. En Starseed, ofrecemos <\/span><a href=\"http:\/\/starseedmakeup.com\/es\/muestras-de-pestanas-gratuitas\/\"><span style=\"font-weight: 400;\">muestras gratuitas de pesta\u00f1as<\/span><\/a><span style=\"font-weight: 400;\"> para que lo pruebes. <\/span><\/p>\n<\/div><\/div><\/div><\/div><\/div><\/div><div class=\"vc_col-sm-4 wpb_column vc_column_container\"><div class=\"vc_column-inner\"><div class=\"wpb_wrapper\"><div class=\"w-iconbox iconpos_left style_circle color_primary align_left\"><div class=\"w-iconbox-icon\" style=\"font-size:2rem;\"><i class=\"fas fa-dollar-sign\"><\/i><\/div><div class=\"w-iconbox-meta\"><h4 class=\"w-iconbox-title\">Presupuesto empresarial<\/h4><div class=\"w-iconbox-text\"><p><span style=\"font-weight: 400;\">El presupuesto de su empresa le ayudar\u00e1 a determinar la cantidad m\u00ednima de pedido con la que trabajar\u00e1. Disponemos de un <\/span><a href=\"http:\/\/starseedmakeup.com\/es\/servicio-de-bajo-consumo\/\"><span style=\"font-weight: 400;\">MOQ bajo<\/span><\/a><span style=\"font-weight: 400;\"> de 50 unidades para poder atender a todos los presupuestos. <\/span><\/p>\n<\/div><\/div><\/div><\/div><\/div><\/div><div class=\"vc_col-sm-4 wpb_column vc_column_container\"><div class=\"vc_column-inner\"><div class=\"wpb_wrapper\"><div class=\"w-iconbox iconpos_left style_circle color_primary align_left\"><div class=\"w-iconbox-icon\" style=\"font-size:2rem;\"><i class=\"fas fa-truck\"><\/i><\/div><div class=\"w-iconbox-meta\"><h4 class=\"w-iconbox-title\">Entrega puntual<\/h4><div class=\"w-iconbox-text\"><p><span style=\"font-weight: 400;\">Conocer bien el transporte y la log\u00edstica le ayudar\u00e1 a planificar su negocio. Destacamos <\/span><a href=\"http:\/\/starseedmakeup.com\/es\/entrega-puntual\/\"><span style=\"font-weight: 400;\">servicios de entrega r\u00e1pida<\/span><\/a><span style=\"font-weight: 400;\"> utilizando DHL o FedEx que tardan hasta 3 d\u00edas.<\/span><\/p>\n<\/div><\/div><\/div><\/div><\/div><\/div><\/div><div class=\"w-separator size_large\"><\/div><div class=\"g-cols wpb_row via_flex valign_top type_default stacking_default\"><div class=\"vc_col-sm-4 wpb_column vc_column_container\"><div class=\"vc_column-inner\"><div class=\"wpb_wrapper\"><div class=\"w-vwrapper align_none valign_top\"><div class=\"w-iconbox iconpos_left style_circle color_primary align_left\"><div class=\"w-iconbox-icon\" style=\"font-size:2rem;\"><i class=\"fas fa-star\"><\/i><\/div><div class=\"w-iconbox-meta\"><h4 class=\"w-iconbox-title\">Calidad de las pesta\u00f1as<\/h4><div class=\"w-iconbox-text\"><p><span style=\"font-weight: 400;\">La calidad de las pesta\u00f1as determina la durabilidad y el tiempo que sus clientes disfrutan del uso de sus pesta\u00f1as. Contamos con procesos certificados que nos permiten ofrecer la mejor <\/span><a href=\"http:\/\/starseedmakeup.com\/es\/calidad-de-pestanas\/\"><span style=\"font-weight: 400;\">pesta\u00f1as de calidad<\/span><\/a><span style=\"font-weight: 400;\"> para su negocio.<\/span><\/p>\n<\/div><\/div><\/div><\/div><\/div><\/div><\/div><div class=\"vc_col-sm-4 wpb_column vc_column_container\"><div class=\"vc_column-inner\"><div class=\"wpb_wrapper\"><div class=\"w-vwrapper align_none valign_top\"><div class=\"w-iconbox iconpos_left style_circle color_primary align_left\"><div class=\"w-iconbox-icon\" style=\"font-size:2rem;\"><i class=\"fas fa-bars\"><\/i><\/div><div class=\"w-iconbox-meta\"><h4 class=\"w-iconbox-title\">Opciones de pesta\u00f1as<\/h4><div class=\"w-iconbox-text\"><p><span style=\"font-weight: 400;\">Tienes diferentes opciones de pesta\u00f1as que vienen en diferentes estilos d\u00e1ndote una gran variedad. Te ofrecemos diferentes opciones de nuestro cat\u00e1logo de productos existente para que elijas. <\/span><\/p>\n<\/div><\/div><\/div><\/div><\/div><\/div><\/div><div class=\"vc_col-sm-4 wpb_column vc_column_container\"><div class=\"vc_column-inner us_custom_c121a82a\"><div class=\"wpb_wrapper\"><div class=\"w-btn-wrapper align_center\"><a class=\"w-btn us-btn-style_1 test-popup\" href=\"javascript:void(0)\"><span class=\"w-btn-label\">Ponga en marcha su negocio de pesta\u00f1as<\/span><\/a><\/div><\/div><\/div><\/div><\/div><div class=\"w-separator size_custom\" style=\"height:80px\"><\/div><\/div><\/div><\/div><\/div><\/div><\/section>","protected":false},"excerpt":{"rendered":"Lash Business Starseed is among the best private label lash manufacturers in China and around the world. Our services allow us to help you start a lash business that offers quality and caters to your customers\u2019 needs. InicioP\u00e1ginasYour Best-in-Class Lash Supplier As one of the leading mink lashes wholesale vendors, we pride ourselves on providing...","protected":false},"author":1,"featured_media":0,"parent":0,"menu_order":0,"comment_status":"closed","ping_status":"closed","template":"","meta":[],"categories":[],"tags":[],"yoast_head":"<!-- This site is optimized with the Yoast SEO Premium plugin v20.5 (Yoast SEO v20.5) - https:\/\/yoast.com\/wordpress\/plugins\/seo\/ -->\n<title>Top Private Label Eyelashes Business Provider - Starseed<\/title>\n<meta name=\"description\" content=\"As one of the leading mink lashes wholesale vendors, we pride ourselves on providing top-quality eyelashes to all our clients.\" \/>\n<meta name=\"robots\" content=\"index, follow, max-snippet:-1, max-image-preview:large, max-video-preview:-1\" \/>\n<link rel=\"canonical\" href=\"http:\/\/starseedmakeup.com\/es\/lash-business\/\" \/>\n<meta property=\"og:locale\" content=\"es_ES\" \/>\n<meta property=\"og:type\" content=\"article\" \/>\n<meta property=\"og:title\" content=\"Top Private Label Eyelashes Business Provider - Starseed\" \/>\n<meta property=\"og:description\" content=\"As one of the leading mink lashes wholesale vendors, we pride ourselves on providing top-quality eyelashes to all our clients.\" \/>\n<meta property=\"og:url\" content=\"http:\/\/starseedmakeup.com\/es\/lash-business\/\" \/>\n<meta property=\"og:site_name\" content=\"Starseed\" \/>\n<meta property=\"article:modified_time\" content=\"2021-09-15T10:28:39+00:00\" \/>\n<meta name=\"twitter:card\" content=\"summary_large_image\" \/>\n<meta name=\"twitter:label1\" content=\"Est. reading time\" \/>\n\t<meta name=\"twitter:data1\" content=\"3 minutos\" \/>\n<script type=\"application\/ld+json\" class=\"yoast-schema-graph\">{\"@context\":\"https:\/\/schema.org\",\"@graph\":[{\"@type\":\"WebPage\",\"@id\":\"http:\/\/starseedmakeup.com\/fr\/lash-business\/\",\"url\":\"http:\/\/starseedmakeup.com\/fr\/lash-business\/\",\"name\":\"Top Private Label Eyelashes Business Provider - Starseed\",\"isPartOf\":{\"@id\":\"http:\/\/starseedmakeup.com\/#website\"},\"datePublished\":\"2021-07-28T02:39:41+00:00\",\"dateModified\":\"2021-09-15T10:28:39+00:00\",\"description\":\"As one of the leading mink lashes wholesale vendors, we pride ourselves on providing top-quality eyelashes to all our clients.\",\"inLanguage\":\"es\",\"potentialAction\":[{\"@type\":\"ReadAction\",\"target\":[\"http:\/\/starseedmakeup.com\/fr\/lash-business\/\"]}]},{\"@type\":\"WebSite\",\"@id\":\"http:\/\/starseedmakeup.com\/#website\",\"url\":\"http:\/\/starseedmakeup.com\/\",\"name\":\"Starseed\",\"description\":\"Just another WordPress site\",\"potentialAction\":[{\"@type\":\"SearchAction\",\"target\":{\"@type\":\"EntryPoint\",\"urlTemplate\":\"http:\/\/starseedmakeup.com\/?s={search_term_string}\"},\"query-input\":\"required name=search_term_string\"}],\"inLanguage\":\"es\"}]}<\/script>\n<!-- \/ Yoast SEO Premium plugin. -->","yoast_head_json":{"title":"Top Private Label Eyelashes Business Provider - Starseed","description":"As one of the leading mink lashes wholesale vendors, we pride ourselves on providing top-quality eyelashes to all our clients.","robots":{"index":"index","follow":"follow","max-snippet":"max-snippet:-1","max-image-preview":"max-image-preview:large","max-video-preview":"max-video-preview:-1"},"canonical":"http:\/\/starseedmakeup.com\/es\/lash-business\/","og_locale":"es_ES","og_type":"article","og_title":"Top Private Label Eyelashes Business Provider - Starseed","og_description":"As one of the leading mink lashes wholesale vendors, we pride ourselves on providing top-quality eyelashes to all our clients.","og_url":"http:\/\/starseedmakeup.com\/es\/lash-business\/","og_site_name":"Starseed","article_modified_time":"2021-09-15T10:28:39+00:00","twitter_card":"summary_large_image","twitter_misc":{"Est. reading time":"3 minutos"},"schema":{"@context":"https:\/\/schema.org","@graph":[{"@type":"WebPage","@id":"http:\/\/starseedmakeup.com\/fr\/lash-business\/","url":"http:\/\/starseedmakeup.com\/fr\/lash-business\/","name":"Top Private Label Eyelashes Business Provider - Starseed","isPartOf":{"@id":"http:\/\/starseedmakeup.com\/#website"},"datePublished":"2021-07-28T02:39:41+00:00","dateModified":"2021-09-15T10:28:39+00:00","description":"As one of the leading mink lashes wholesale vendors, we pride ourselves on providing top-quality eyelashes to all our clients.","inLanguage":"es","potentialAction":[{"@type":"ReadAction","target":["http:\/\/starseedmakeup.com\/fr\/lash-business\/"]}]},{"@type":"WebSite","@id":"http:\/\/starseedmakeup.com\/#website","url":"http:\/\/starseedmakeup.com\/","name":"Starseed","description":"Just another WordPress site","potentialAction":[{"@type":"SearchAction","target":{"@type":"EntryPoint","urlTemplate":"http:\/\/starseedmakeup.com\/?s={search_term_string}"},"query-input":"required name=search_term_string"}],"inLanguage":"es"}]}},"_links":{"self":[{"href":"http:\/\/starseedmakeup.com\/es\/wp-json\/wp\/v2\/pages\/6260"}],"collection":[{"href":"http:\/\/starseedmakeup.com\/es\/wp-json\/wp\/v2\/pages"}],"about":[{"href":"http:\/\/starseedmakeup.com\/es\/wp-json\/wp\/v2\/types\/page"}],"author":[{"embeddable":true,"href":"http:\/\/starseedmakeup.com\/es\/wp-json\/wp\/v2\/users\/1"}],"replies":[{"embeddable":true,"href":"http:\/\/starseedmakeup.com\/es\/wp-json\/wp\/v2\/comments?post=6260"}],"version-history":[{"count":43,"href":"http:\/\/starseedmakeup.com\/es\/wp-json\/wp\/v2\/pages\/6260\/revisions"}],"predecessor-version":[{"id":8201,"href":"http:\/\/starseedmakeup.com\/es\/wp-json\/wp\/v2\/pages\/6260\/revisions\/8201"}],"wp:attachment":[{"href":"http:\/\/starseedmakeup.com\/es\/wp-json\/wp\/v2\/media?parent=6260"}],"wp:term":[{"taxonomy":"category","embeddable":true,"href":"http:\/\/starseedmakeup.com\/es\/wp-json\/wp\/v2\/categories?post=6260"},{"taxonomy":"post_tag","embeddable":true,"href":"http:\/\/starseedmakeup.com\/es\/wp-json\/wp\/v2\/tags?post=6260"}],"curies":[{"name":"wp","href":"https:\/\/api.w.org\/{rel}","templated":true}]}}