{"id":8454,"date":"2021-10-05T18:03:31","date_gmt":"2021-10-05T10:03:31","guid":{"rendered":"https:\/\/starseedmakeup.com\/?page_id=8454"},"modified":"2021-10-05T18:29:03","modified_gmt":"2021-10-05T10:29:03","slug":"eyelash-extension-thickness-guide","status":"publish","type":"page","link":"http:\/\/starseedmakeup.com\/es\/guia-para-la-extension-de-pestanas\/","title":{"rendered":"Gu\u00eda del grosor de las extensiones de pesta\u00f1as"},"content":{"rendered":"<section class=\"l-section wpb_row us_custom_51786714 height_medium\"><div class=\"l-section-h i-cf\"><div class=\"g-cols vc_row via_flex valign_top type_default stacking_default\"><div class=\"vc_col-sm-12 wpb_column vc_column_container\"><div class=\"vc_column-inner\"><div class=\"wpb_wrapper\"><div class=\"wpb_text_column\"><div class=\"wpb_wrapper\"><h1>Gu\u00eda del grosor de las extensiones de pesta\u00f1as<\/h1>\n<p>Comprender los diferentes tipos de rizos, grosor y longitud de las extensiones de pesta\u00f1as y c\u00f3mo funciona cada uno de ellos puede elevar su arte.<\/p>\n<\/div><\/div><\/div><\/div><\/div><\/div><\/div><\/section><section class=\"l-section wpb_row us_custom_217cb94a has_text_color height_small\"><div class=\"l-section-h i-cf\"><div class=\"g-cols vc_row via_flex valign_top type_default stacking_default\"><div class=\"vc_col-sm-12 wpb_column vc_column_container\"><div class=\"vc_column-inner\"><div class=\"wpb_wrapper\"><ol class=\"g-breadcrumbs us_custom_ae99f6aa has_text_color separator_icon align_none\" itemscope itemtype=\"http:\/\/schema.org\/BreadcrumbList\"><li class=\"g-breadcrumbs-item\" itemscope itemprop=\"itemListElement\" itemtype=\"http:\/\/schema.org\/ListItem\"><a itemprop=\"item\" href=\"http:\/\/starseedmakeup.com\/es\/\"><span itemprop=\"name\">Inicio<\/span><\/a><meta itemprop=\"position\" content=\"1\"\/><\/li><li class=\"g-breadcrumbs-separator\"><i class=\"far fa-angle-right\"><\/i><\/li><li class=\"g-breadcrumbs-item\">P\u00e1ginas<\/li><\/ol><\/div><\/div><\/div><\/div><\/div><\/section><section class=\"l-section wpb_row height_medium\"><div class=\"l-section-h i-cf\"><div class=\"g-cols vc_row via_flex valign_top type_default stacking_default\"><div class=\"vc_col-sm-12 wpb_column vc_column_container\"><div class=\"vc_column-inner\"><div class=\"wpb_wrapper\"><div class=\"wpb_text_column\"><div class=\"wpb_wrapper\"><h2 style=\"text-align: center;\">Conozca el grosor de las pesta\u00f1as<\/h2>\n<p style=\"text-align: center;\">Aplicar extensiones de pesta\u00f1as es m\u00e1s que \"una talla para todos\". Saber qu\u00e9 grosor de pesta\u00f1as va bien con formas de ojos espec\u00edficas ayudar\u00e1 a que su marca llegue a m\u00e1s mercados. Esta gu\u00eda tambi\u00e9n le ayudar\u00e1 a crear estilos personalizados que le har\u00e1n destacar en el sector. Hemos elaborado esta completa tabla de espesores de extensiones de pesta\u00f1as para ayudarle a comprender mejor el tema.<\/p>\n<\/div><\/div><div class=\"w-separator size_small with_line width_default thick_1 style_solid color_border align_center with_content\"><div class=\"w-separator-h\"><i class=\"fas fa-eye\"><\/i><\/div><\/div><\/div><\/div><\/div><\/div><\/div><\/section><section class=\"l-section wpb_row height_small\"><div class=\"l-section-h i-cf\"><div class=\"g-cols vc_row via_flex valign_top type_default stacking_default\"><div class=\"vc_col-sm-12 wpb_column vc_column_container\"><div class=\"vc_column-inner\"><div class=\"wpb_wrapper\"><div class=\"wpb_text_column\"><div class=\"wpb_wrapper\"><h2 style=\"text-align: center;\">Tipos de grosor de pesta\u00f1as para sus marcas<\/h2>\n<p style=\"text-align: center;\"><span style=\"font-weight: 400;\">Hemos clasificado las pesta\u00f1as en funci\u00f3n del acabado que dan a los ojos del cliente. La diferencia en el grosor de las pesta\u00f1as da cabida a varios vol\u00famenes y acabados, racionalizando su oferta en el mercado.\u00a0 <\/span><\/p>\n<\/div><\/div><div class=\"w-separator size_medium\"><\/div><div class=\"g-cols wpb_row via_flex valign_top type_default stacking_default\"><div class=\"vc_col-sm-3 wpb_column vc_column_container\"><div class=\"vc_column-inner\"><div class=\"wpb_wrapper\"><div class=\"w-image align_none\"><div class=\"w-image-h\"><img width=\"540\" height=\"540\" src=\"http:\/\/starseedmakeup.com\/wp-content\/uploads\/2021\/10\/Mega-Volume.jpg\" class=\"attachment-full size-full\" alt=\"Mega Volumen\" decoding=\"async\" loading=\"lazy\" srcset=\"http:\/\/starseedmakeup.com\/wp-content\/uploads\/2021\/10\/Mega-Volume.jpg 540w, http:\/\/starseedmakeup.com\/wp-content\/uploads\/2021\/10\/Mega-Volume-300x300.jpg 300w, http:\/\/starseedmakeup.com\/wp-content\/uploads\/2021\/10\/Mega-Volume-150x150.jpg 150w\" sizes=\"(max-width: 540px) 100vw, 540px\" \/><\/div><\/div><\/div><\/div><\/div><div class=\"vc_col-sm-9 wpb_column vc_column_container\"><div class=\"vc_column-inner\"><div class=\"wpb_wrapper\"><div class=\"wpb_text_column\"><div class=\"wpb_wrapper\"><h3>Mega Volumen<\/h3>\n<p><span style=\"font-weight: 400;\">Si busca unas pesta\u00f1as espesas y fabulosas, opte por las extensiones de pesta\u00f1as con un grosor de entre 0,03 mm y 0,05 mm. Las pesta\u00f1as mega voluminosas dan a los ojos un aspecto m\u00e1s denso y oscuro que centra la atenci\u00f3n en los ojos.\u00a0\u00a0\u00a0<\/span><\/p>\n<p><span style=\"font-weight: 400;\">Estos <\/span><a href=\"http:\/\/starseedmakeup.com\/es\/mega-volume-lash-extensions\/\"><span style=\"font-weight: 400;\">las extensiones de pesta\u00f1as son pr\u00e1cticamente ligeras<\/span><\/a><span style=\"font-weight: 400;\">para que los t\u00e9cnicos de pesta\u00f1as puedan aplicar numerosas pesta\u00f1as en los p\u00e1rpados sin apelmazarlos. Para conseguir un look mega voluminoso, se apilan hasta 20 capas de pesta\u00f1as de 0,03 mm o hasta 15 de 0,05 mm. El resultado es un glamuroso abanico de pesta\u00f1as que hace honor a su apelativo \"mega\".<\/span><\/p>\n<\/div><\/div><\/div><\/div><\/div><\/div><div class=\"w-separator size_medium\"><\/div><div class=\"g-cols wpb_row via_flex valign_top type_default stacking_default\"><div class=\"vc_col-sm-3 wpb_column vc_column_container\"><div class=\"vc_column-inner\"><div class=\"wpb_wrapper\"><div class=\"w-image align_none\"><div class=\"w-image-h\"><img width=\"540\" height=\"540\" src=\"http:\/\/starseedmakeup.com\/wp-content\/uploads\/2021\/10\/Russian-Volume.jpg\" class=\"attachment-full size-full\" alt=\"Volumen ruso\" decoding=\"async\" loading=\"lazy\" srcset=\"http:\/\/starseedmakeup.com\/wp-content\/uploads\/2021\/10\/Russian-Volume.jpg 540w, http:\/\/starseedmakeup.com\/wp-content\/uploads\/2021\/10\/Russian-Volume-300x300.jpg 300w, http:\/\/starseedmakeup.com\/wp-content\/uploads\/2021\/10\/Russian-Volume-150x150.jpg 150w\" sizes=\"(max-width: 540px) 100vw, 540px\" \/><\/div><\/div><\/div><\/div><\/div><div class=\"vc_col-sm-9 wpb_column vc_column_container\"><div class=\"vc_column-inner\"><div class=\"wpb_wrapper\"><div class=\"wpb_text_column\"><div class=\"wpb_wrapper\"><h3>Volumen ruso<\/h3>\n<p><span style=\"font-weight: 400;\">Una tendencia reciente del sector que <\/span><a href=\"http:\/\/justperfecttouch.com.au\/blog\/what-are-russian-volume-eyelash-extensions\/\"><span style=\"font-weight: 400;\">comenz\u00f3 en Rusia en 2010<\/span><\/a><span style=\"font-weight: 400;\">Las extensiones de pesta\u00f1as rusas de volumen siguen teniendo un gran p\u00fablico a d\u00eda de hoy. Con el objetivo de dar a las pesta\u00f1as un aspecto suave y esponjoso, estas extensiones de pesta\u00f1as dejan a la clienta segura de s\u00ed misma y sinti\u00e9ndose fabulosa incluso sin llevar maquillaje ni m\u00e1scara.<\/span><\/p>\n<p><span style=\"font-weight: 400;\">Las extensiones de pesta\u00f1as Russian Volume se centran en rellenar los huecos que dejan las pesta\u00f1as naturales mediante capas de extensiones ligeras. Este acabado se consigue con m\u00faltiples capas de extensiones de pesta\u00f1as de 0,06 mm y 0,07 mm de grosor. Los abanicos de hasta 5 capas son t\u00edpicos para una impresionante extensi\u00f3n rusa de volumen, pero recomendamos 2 o 3 capas para clientes con pesta\u00f1as naturales extremadamente finas.<\/span><\/p>\n<\/div><\/div><\/div><\/div><\/div><\/div><div class=\"w-separator size_medium\"><\/div><div class=\"g-cols wpb_row via_flex valign_top type_default stacking_default\"><div class=\"vc_col-sm-3 wpb_column vc_column_container\"><div class=\"vc_column-inner\"><div class=\"wpb_wrapper\"><div class=\"w-image align_none\"><div class=\"w-image-h\"><img width=\"540\" height=\"540\" src=\"http:\/\/starseedmakeup.com\/wp-content\/uploads\/2021\/10\/classic-volume.jpg\" class=\"attachment-full size-full\" alt=\"volumen cl\u00e1sico\" decoding=\"async\" loading=\"lazy\" srcset=\"http:\/\/starseedmakeup.com\/wp-content\/uploads\/2021\/10\/classic-volume.jpg 540w, http:\/\/starseedmakeup.com\/wp-content\/uploads\/2021\/10\/classic-volume-300x300.jpg 300w, http:\/\/starseedmakeup.com\/wp-content\/uploads\/2021\/10\/classic-volume-150x150.jpg 150w\" sizes=\"(max-width: 540px) 100vw, 540px\" \/><\/div><\/div><\/div><\/div><\/div><div class=\"vc_col-sm-9 wpb_column vc_column_container\"><div class=\"vc_column-inner\"><div class=\"wpb_wrapper\"><div class=\"wpb_text_column\"><div class=\"wpb_wrapper\"><h3>Volumen cl\u00e1sico<\/h3>\n<p><span style=\"font-weight: 400;\">\u00bfDesea ofrecer un juego de extensiones de pesta\u00f1as sencillo pero bonito a sus artistas y clientes? <\/span><a href=\"http:\/\/starseedmakeup.com\/es\/extensiones-pestanas-clasicas\/\"><span style=\"font-weight: 400;\">Un look cl\u00e1sico<\/span><\/a><span style=\"font-weight: 400;\"> es la mejor opci\u00f3n. Aporta el volumen adecuado, sobre todo para las pesta\u00f1as naturales m\u00e1s finas, al tiempo que mantiene un acabado m\u00e1s aut\u00e9ntico.<\/span><\/p>\n<p><span style=\"font-weight: 400;\">Los grosores que mejor funcionan para el look cl\u00e1sico son 0,12 mm, 0,15 mm, 0,18 mm, 0,20 mm y 0,25 mm. Sin embargo, las extensiones de pesta\u00f1as con un grosor de 0,15 mm. <\/span><a href=\"https:\/\/medium.com\/@candeelashlehi\/everything-you-need-to-know-about-eyelash-extensions-de1bb7947169\"><span style=\"font-weight: 400;\">destacan como la opci\u00f3n m\u00e1s popular<\/span><\/a><span style=\"font-weight: 400;\">ya que deja un aspecto naturalmente espeso que complementa el conjunto cl\u00e1sico de pesta\u00f1as. 0,20 mm es el segundo grosor m\u00e1s popular, aunque es mejor aplicarlo sobre pesta\u00f1as naturales gruesas y sanas.\u00a0\u00a0\u00a0\u00a0<\/span><\/p>\n<\/div><\/div><\/div><\/div><\/div><\/div><\/div><\/div><\/div><\/div><\/div><\/section><section class=\"l-section wpb_row height_medium\"><div class=\"l-section-h i-cf\"><div class=\"g-cols vc_row via_flex valign_top type_default stacking_default\"><div class=\"vc_col-sm-12 wpb_column vc_column_container\"><div class=\"vc_column-inner\"><div class=\"wpb_wrapper\"><div class=\"wpb_text_column\"><div class=\"wpb_wrapper\"><h2 style=\"text-align: center;\"><strong>Consejos para elegir el grosor de pesta\u00f1as adecuado<\/strong><\/h2>\n<p><span style=\"font-weight: 400;\">Ahora que tenemos una idea de qu\u00e9 grosor de pesta\u00f1as funciona mejor para un look espec\u00edfico, veamos c\u00f3mo elegir las pesta\u00f1as adecuadas para usar en los ojos.<\/span><\/p>\n<ul>\n<li style=\"font-weight: 400;\" aria-level=\"1\"><span style=\"font-weight: 400;\">El envase de las extensiones de pesta\u00f1as debe indicar el grosor de las mismas. Util\u00edcelo como medida en los ojos del cliente para determinar el grosor de las pesta\u00f1as naturales.<\/span><\/li>\n<li style=\"font-weight: 400;\" aria-level=\"1\"><span style=\"font-weight: 400;\">Compruebe el estado de las pesta\u00f1as naturales de la clienta. Las pesta\u00f1as naturales m\u00e1s sanas y espesas suelen soportar extensiones m\u00e1s gruesas y pesadas.<\/span><\/li>\n<\/ul>\n<p><span style=\"font-weight: 400;\">Si es la primera vez que se pone extensiones, evite superar las 2 \u00f3 3 capas. Los ojos asi\u00e1ticos no se recomiendan <\/span><a href=\"https:\/\/girlstyle.com\/sg\/article\/55028\/a-guide-to-which-length-curl-and-style-to-go-for-when-getting-eyelash-extensions\"><span style=\"font-weight: 400;\">m\u00e1s de 5 capas<\/span><\/a><span style=\"font-weight: 400;\">ya que tienen las pesta\u00f1as naturales m\u00e1s finas.<\/span><\/p>\n<\/div><\/div><\/div><\/div><\/div><\/div><\/div><\/section><section class=\"l-section wpb_row height_medium\"><div class=\"l-section-h i-cf\"><div class=\"g-cols vc_row via_flex valign_middle type_default stacking_default\"><div class=\"vc_col-sm-6 wpb_column vc_column_container\"><div class=\"vc_column-inner\"><div class=\"wpb_wrapper\"><div class=\"wpb_text_column\"><div class=\"wpb_wrapper\"><h2><strong>Haz de Starseedmakeup tu proveedor<\/strong><\/h2>\n<p><span style=\"font-weight: 400;\">Comprar el juego de extensiones de pesta\u00f1as adecuado para su marca puede ser una tarea ardua, desde la comprobaci\u00f3n del producto hasta las expectativas de entrega. Starseedmakeup ofrece un <\/span><a href=\"http:\/\/starseedmakeup.com\/es\/extensiones-de-pestanas\/\"><span style=\"font-weight: 400;\">amplia gama de extensiones de pesta\u00f1as <\/span><\/a><span style=\"font-weight: 400;\">con distintos grosores para adaptarse a las demandas espec\u00edficas de su mercado. Nuestras instalaciones libres de suciedad y nuestra estricta garant\u00eda de calidad aseguran unas extensiones de pesta\u00f1as fiables, mientras que nuestro r\u00e1pido servicio de etiquetado consigue que su logotipo aparezca en el envase para el reconocimiento de su marca.<\/span><\/p>\n<p><span style=\"font-weight: 400;\">Adem\u00e1s, con nuestros bajos requisitos de pedido, un moderno almac\u00e9n totalmente abastecido de extensiones de pesta\u00f1as y una garant\u00eda de env\u00edo a tiempo 99%, le proporcionamos la ventaja que necesita para impulsar su negocio. Hable con nuestros asesores expertos y experimente los productos y el servicio de nivel superior que s\u00f3lo Starseedmakeup puede ofrecer.<\/span><\/p>\n<\/div><\/div><\/div><\/div><\/div><div class=\"vc_col-sm-6 wpb_column vc_column_container\"><div class=\"vc_column-inner\"><div class=\"wpb_wrapper\"><div class=\"w-image align_none\"><div class=\"w-image-h\"><img width=\"1600\" height=\"1600\" src=\"http:\/\/starseedmakeup.com\/wp-content\/uploads\/2021\/07\/Pre-fanned-Eyelash-Extension.jpg\" class=\"attachment-full size-full\" alt=\"\" decoding=\"async\" loading=\"lazy\" srcset=\"http:\/\/starseedmakeup.com\/wp-content\/uploads\/2021\/07\/Pre-fanned-Eyelash-Extension.jpg 1600w, http:\/\/starseedmakeup.com\/wp-content\/uploads\/2021\/07\/Pre-fanned-Eyelash-Extension-300x300.jpg 300w, http:\/\/starseedmakeup.com\/wp-content\/uploads\/2021\/07\/Pre-fanned-Eyelash-Extension-1024x1024.jpg 1024w, http:\/\/starseedmakeup.com\/wp-content\/uploads\/2021\/07\/Pre-fanned-Eyelash-Extension-150x150.jpg 150w\" sizes=\"(max-width: 1600px) 100vw, 1600px\" \/><\/div><\/div><\/div><\/div><\/div><\/div><\/div><\/section>","protected":false},"excerpt":{"rendered":"Eyelash Extension Thickness Guide Understanding different types of lash extension curls, thickness, length, and how each function can elevate your artistry. InicioP\u00e1ginasKnow About Lash Thickness Applying eyelash extensions is more than \u201cone size fits all.\u201d Knowing which lash thickness works with specific eye shapes will aid your brand caters to more markets. This guide will...","protected":false},"author":1,"featured_media":0,"parent":0,"menu_order":0,"comment_status":"closed","ping_status":"closed","template":"","meta":[],"categories":[],"tags":[],"yoast_head":"<!-- This site is optimized with the Yoast SEO Premium plugin v20.5 (Yoast SEO v20.5) - https:\/\/yoast.com\/wordpress\/plugins\/seo\/ -->\n<title>Best Eyelash Extension Thickness Guide for Lash Business - Starseed<\/title>\n<meta name=\"description\" content=\"Lead you in creating custom styles that will make you stand out in the industry. We\u2019ve made this comprehensive eyelash extension thickness chart to help you understand more about the topic.\" \/>\n<meta name=\"robots\" content=\"index, follow, max-snippet:-1, max-image-preview:large, max-video-preview:-1\" \/>\n<link rel=\"canonical\" href=\"http:\/\/starseedmakeup.com\/es\/eyelash-extension-thickness-guide\/\" \/>\n<meta property=\"og:locale\" content=\"es_ES\" \/>\n<meta property=\"og:type\" content=\"article\" \/>\n<meta property=\"og:title\" content=\"Best Eyelash Extension Thickness Guide for Lash Business - Starseed\" \/>\n<meta property=\"og:description\" content=\"Lead you in creating custom styles that will make you stand out in the industry. We\u2019ve made this comprehensive eyelash extension thickness chart to help you understand more about the topic.\" \/>\n<meta property=\"og:url\" content=\"http:\/\/starseedmakeup.com\/es\/eyelash-extension-thickness-guide\/\" \/>\n<meta property=\"og:site_name\" content=\"Starseed\" \/>\n<meta property=\"article:modified_time\" content=\"2021-10-05T10:29:03+00:00\" \/>\n<meta name=\"twitter:card\" content=\"summary_large_image\" \/>\n<meta name=\"twitter:label1\" content=\"Est. reading time\" \/>\n\t<meta name=\"twitter:data1\" content=\"4 minutos\" \/>\n<script type=\"application\/ld+json\" class=\"yoast-schema-graph\">{\"@context\":\"https:\/\/schema.org\",\"@graph\":[{\"@type\":\"WebPage\",\"@id\":\"http:\/\/starseedmakeup.com\/ru\/eyelash-extension-thickness-guide\/\",\"url\":\"http:\/\/starseedmakeup.com\/ru\/eyelash-extension-thickness-guide\/\",\"name\":\"Best Eyelash Extension Thickness Guide for Lash Business - Starseed\",\"isPartOf\":{\"@id\":\"http:\/\/starseedmakeup.com\/#website\"},\"datePublished\":\"2021-10-05T10:03:31+00:00\",\"dateModified\":\"2021-10-05T10:29:03+00:00\",\"description\":\"Lead you in creating custom styles that will make you stand out in the industry. We\u2019ve made this comprehensive eyelash extension thickness chart to help you understand more about the topic.\",\"inLanguage\":\"es\",\"potentialAction\":[{\"@type\":\"ReadAction\",\"target\":[\"http:\/\/starseedmakeup.com\/ru\/eyelash-extension-thickness-guide\/\"]}]},{\"@type\":\"WebSite\",\"@id\":\"http:\/\/starseedmakeup.com\/#website\",\"url\":\"http:\/\/starseedmakeup.com\/\",\"name\":\"Starseed\",\"description\":\"Just another WordPress site\",\"potentialAction\":[{\"@type\":\"SearchAction\",\"target\":{\"@type\":\"EntryPoint\",\"urlTemplate\":\"http:\/\/starseedmakeup.com\/?s={search_term_string}\"},\"query-input\":\"required name=search_term_string\"}],\"inLanguage\":\"es\"}]}<\/script>\n<!-- \/ Yoast SEO Premium plugin. -->","yoast_head_json":{"title":"Best Eyelash Extension Thickness Guide for Lash Business - Starseed","description":"Lead you in creating custom styles that will make you stand out in the industry. We\u2019ve made this comprehensive eyelash extension thickness chart to help you understand more about the topic.","robots":{"index":"index","follow":"follow","max-snippet":"max-snippet:-1","max-image-preview":"max-image-preview:large","max-video-preview":"max-video-preview:-1"},"canonical":"http:\/\/starseedmakeup.com\/es\/eyelash-extension-thickness-guide\/","og_locale":"es_ES","og_type":"article","og_title":"Best Eyelash Extension Thickness Guide for Lash Business - Starseed","og_description":"Lead you in creating custom styles that will make you stand out in the industry. We\u2019ve made this comprehensive eyelash extension thickness chart to help you understand more about the topic.","og_url":"http:\/\/starseedmakeup.com\/es\/eyelash-extension-thickness-guide\/","og_site_name":"Starseed","article_modified_time":"2021-10-05T10:29:03+00:00","twitter_card":"summary_large_image","twitter_misc":{"Est. reading time":"4 minutos"},"schema":{"@context":"https:\/\/schema.org","@graph":[{"@type":"WebPage","@id":"http:\/\/starseedmakeup.com\/ru\/eyelash-extension-thickness-guide\/","url":"http:\/\/starseedmakeup.com\/ru\/eyelash-extension-thickness-guide\/","name":"Best Eyelash Extension Thickness Guide for Lash Business - Starseed","isPartOf":{"@id":"http:\/\/starseedmakeup.com\/#website"},"datePublished":"2021-10-05T10:03:31+00:00","dateModified":"2021-10-05T10:29:03+00:00","description":"Lead you in creating custom styles that will make you stand out in the industry. We\u2019ve made this comprehensive eyelash extension thickness chart to help you understand more about the topic.","inLanguage":"es","potentialAction":[{"@type":"ReadAction","target":["http:\/\/starseedmakeup.com\/ru\/eyelash-extension-thickness-guide\/"]}]},{"@type":"WebSite","@id":"http:\/\/starseedmakeup.com\/#website","url":"http:\/\/starseedmakeup.com\/","name":"Starseed","description":"Just another WordPress site","potentialAction":[{"@type":"SearchAction","target":{"@type":"EntryPoint","urlTemplate":"http:\/\/starseedmakeup.com\/?s={search_term_string}"},"query-input":"required name=search_term_string"}],"inLanguage":"es"}]}},"_links":{"self":[{"href":"http:\/\/starseedmakeup.com\/es\/wp-json\/wp\/v2\/pages\/8454"}],"collection":[{"href":"http:\/\/starseedmakeup.com\/es\/wp-json\/wp\/v2\/pages"}],"about":[{"href":"http:\/\/starseedmakeup.com\/es\/wp-json\/wp\/v2\/types\/page"}],"author":[{"embeddable":true,"href":"http:\/\/starseedmakeup.com\/es\/wp-json\/wp\/v2\/users\/1"}],"replies":[{"embeddable":true,"href":"http:\/\/starseedmakeup.com\/es\/wp-json\/wp\/v2\/comments?post=8454"}],"version-history":[{"count":13,"href":"http:\/\/starseedmakeup.com\/es\/wp-json\/wp\/v2\/pages\/8454\/revisions"}],"predecessor-version":[{"id":8485,"href":"http:\/\/starseedmakeup.com\/es\/wp-json\/wp\/v2\/pages\/8454\/revisions\/8485"}],"wp:attachment":[{"href":"http:\/\/starseedmakeup.com\/es\/wp-json\/wp\/v2\/media?parent=8454"}],"wp:term":[{"taxonomy":"category","embeddable":true,"href":"http:\/\/starseedmakeup.com\/es\/wp-json\/wp\/v2\/categories?post=8454"},{"taxonomy":"post_tag","embeddable":true,"href":"http:\/\/starseedmakeup.com\/es\/wp-json\/wp\/v2\/tags?post=8454"}],"curies":[{"name":"wp","href":"https:\/\/api.w.org\/{rel}","templated":true}]}}