{"id":8473,"date":"2021-10-05T18:24:45","date_gmt":"2021-10-05T10:24:45","guid":{"rendered":"https:\/\/starseedmakeup.com\/?page_id=8473"},"modified":"2021-10-05T18:28:20","modified_gmt":"2021-10-05T10:28:20","slug":"eyelash-extension-curl-guide-guide","status":"publish","type":"page","link":"http:\/\/starseedmakeup.com\/es\/pestanas-extension-curvatura-guia\/","title":{"rendered":"Gu\u00eda de rizos para extensiones de pesta\u00f1as"},"content":{"rendered":"<section class=\"l-section wpb_row us_custom_51786714 height_medium\"><div class=\"l-section-h i-cf\"><div class=\"g-cols vc_row via_flex valign_top type_default stacking_default\"><div class=\"vc_col-sm-12 wpb_column vc_column_container\"><div class=\"vc_column-inner\"><div class=\"wpb_wrapper\"><div class=\"wpb_text_column\"><div class=\"wpb_wrapper\"><h1>Gu\u00eda de rizos para extensiones de pesta\u00f1as<\/h1>\n<p>Aprende c\u00f3mo se rizan los distintos tipos de extensiones de pesta\u00f1as y perm\u00edtete un sinf\u00edn de oportunidades con la creatividad de tus pesta\u00f1as.<\/p>\n<\/div><\/div><\/div><\/div><\/div><\/div><\/div><\/section><section class=\"l-section wpb_row us_custom_217cb94a has_text_color height_small\"><div class=\"l-section-h i-cf\"><div class=\"g-cols vc_row via_flex valign_top type_default stacking_default\"><div class=\"vc_col-sm-12 wpb_column vc_column_container\"><div class=\"vc_column-inner\"><div class=\"wpb_wrapper\"><ol class=\"g-breadcrumbs us_custom_ae99f6aa has_text_color separator_icon align_none\" itemscope itemtype=\"http:\/\/schema.org\/BreadcrumbList\"><li class=\"g-breadcrumbs-item\" itemscope itemprop=\"itemListElement\" itemtype=\"http:\/\/schema.org\/ListItem\"><a itemprop=\"item\" href=\"http:\/\/starseedmakeup.com\/es\/\"><span itemprop=\"name\">Inicio<\/span><\/a><meta itemprop=\"position\" content=\"1\"\/><\/li><li class=\"g-breadcrumbs-separator\"><i class=\"far fa-angle-right\"><\/i><\/li><li class=\"g-breadcrumbs-item\">P\u00e1ginas<\/li><\/ol><\/div><\/div><\/div><\/div><\/div><\/section><section class=\"l-section wpb_row height_medium\"><div class=\"l-section-h i-cf\"><div class=\"g-cols vc_row via_flex valign_top type_default stacking_default\"><div class=\"vc_col-sm-12 wpb_column vc_column_container\"><div class=\"vc_column-inner\"><div class=\"wpb_wrapper\"><div class=\"wpb_text_column\"><div class=\"wpb_wrapper\"><h2 style=\"text-align: center;\">Conozca los rizos de pesta\u00f1as<\/h2>\n<p style=\"text-align: center;\">Existe una gran variedad de rizadores de pesta\u00f1as en el mercado, con diferentes formas, longitudes y grosores de rizo. Si conoce los diferentes rizos del mercado, tendr\u00e1 muchas posibilidades de atraer a numerosos clientes a su negocio. A continuaci\u00f3n encontrar\u00e1 nuestra gu\u00eda esencial de rizado de extensiones de pesta\u00f1as y una \u00fatil tabla de rizado de pesta\u00f1as.<\/p>\n<\/div><\/div><div class=\"w-separator size_small with_line width_default thick_1 style_solid color_border align_center with_content\"><div class=\"w-separator-h\"><i class=\"fas fa-eye\"><\/i><\/div><\/div><\/div><\/div><\/div><\/div><\/div><\/section><section class=\"l-section wpb_row height_small\"><div class=\"l-section-h i-cf\"><div class=\"g-cols vc_row via_flex valign_top type_default stacking_default\"><div class=\"vc_col-sm-12 wpb_column vc_column_container\"><div class=\"vc_column-inner\"><div class=\"wpb_wrapper\"><div class=\"wpb_text_column\"><div class=\"wpb_wrapper\"><h2 style=\"text-align: center;\">Tipos de rizos de pesta\u00f1as para su \u00e9xito<\/h2>\n<\/div><\/div><div class=\"w-separator size_medium\"><\/div><div class=\"g-cols wpb_row via_flex valign_top type_default stacking_default\"><div class=\"vc_col-sm-12 wpb_column vc_column_container\"><div class=\"vc_column-inner\"><div class=\"wpb_wrapper\"><div class=\"wpb_text_column\"><div class=\"wpb_wrapper\"><h3><span style=\"font-weight: 400;\">Rizo las pesta\u00f1as<\/span><\/h3>\n<p><span style=\"font-weight: 400;\">Rizo las extensiones de pesta\u00f1as que tienen una orientaci\u00f3n plana o casi recta. La forma de estas <\/span><a href=\"http:\/\/starseedmakeup.com\/es\/\"><span style=\"font-weight: 400;\">extensiones de pesta\u00f1as <\/span><\/a><span style=\"font-weight: 400;\">est\u00e1 pensada para ser neutra o tener poco o ning\u00fan toque dram\u00e1tico. Es importante se\u00f1alar que la forma \"neutra\" de las pesta\u00f1as I Curl puede crear un marco definitorio en la forma natural del ojo.\u00a0<\/span><\/p>\n<p><span style=\"font-weight: 400;\">Los clientes masculinos son los principales usuarios de las extensiones de pesta\u00f1as I curl debido a su forma de vainilla. En el caso de las mujeres, estas extensiones de pesta\u00f1as tambi\u00e9n son adecuadas para las que tienen un sentido de la moda sencillo o necesitan algo de la tabla de rizado de pesta\u00f1as con los pies en la tierra.\u00a0<\/span><\/p>\n<\/div><\/div><\/div><\/div><\/div><\/div><div class=\"w-separator size_medium\"><\/div><div class=\"g-cols wpb_row via_flex valign_top type_default stacking_default\"><div class=\"vc_col-sm-3 wpb_column vc_column_container\"><div class=\"vc_column-inner\"><div class=\"wpb_wrapper\"><div class=\"w-image align_none\"><div class=\"w-image-h\"><img width=\"540\" height=\"540\" src=\"http:\/\/starseedmakeup.com\/wp-content\/uploads\/2021\/10\/J-Curl-eyelashes-extension.jpg\" class=\"attachment-full size-full\" alt=\"Extensi\u00f3n de pesta\u00f1as J Curl\" decoding=\"async\" loading=\"lazy\" srcset=\"http:\/\/starseedmakeup.com\/wp-content\/uploads\/2021\/10\/J-Curl-eyelashes-extension.jpg 540w, http:\/\/starseedmakeup.com\/wp-content\/uploads\/2021\/10\/J-Curl-eyelashes-extension-300x300.jpg 300w, http:\/\/starseedmakeup.com\/wp-content\/uploads\/2021\/10\/J-Curl-eyelashes-extension-150x150.jpg 150w\" sizes=\"(max-width: 540px) 100vw, 540px\" \/><\/div><\/div><\/div><\/div><\/div><div class=\"vc_col-sm-9 wpb_column vc_column_container\"><div class=\"vc_column-inner\"><div class=\"wpb_wrapper\"><div class=\"wpb_text_column\"><div class=\"wpb_wrapper\"><h3><span style=\"font-weight: 400;\">J Curl Lashes<\/span><\/h3>\n<p><span style=\"font-weight: 400;\">Las pesta\u00f1as J Curl tienen una curvatura casi igual a la de las pesta\u00f1as naturales. Estas pesta\u00f1as destacan por su peque\u00f1a curvatura con orientaci\u00f3n hacia abajo. Con la forma de esta <\/span><a href=\"http:\/\/starseedmakeup.com\/es\/\"><span style=\"font-weight: 400;\">extensi\u00f3n de pesta\u00f1as vers\u00e1til<\/span><\/a><span style=\"font-weight: 400;\">Las pesta\u00f1as j curl tienen una propiedad potenciadora de las pesta\u00f1as naturales. Su forma tambi\u00e9n puede levantar las pesta\u00f1as para abrir los ojos.\u00a0<\/span><\/p>\n<p><span style=\"font-weight: 400;\">Las personas que buscan un look natural elevado pueden sacar el m\u00e1ximo partido de las pesta\u00f1as j curl. La naturaleza elevadora de estas pesta\u00f1as tambi\u00e9n es adecuada para resaltar la mirada. Seg\u00fan la tabla de rizado de pesta\u00f1as, las J Curl tambi\u00e9n son adecuadas para los hombres.\u00a0<\/span><\/p>\n<\/div><\/div><\/div><\/div><\/div><\/div><div class=\"w-separator size_medium\"><\/div><div class=\"g-cols wpb_row via_flex valign_top type_default stacking_default\"><div class=\"vc_col-sm-3 wpb_column vc_column_container\"><div class=\"vc_column-inner\"><div class=\"wpb_wrapper\"><div class=\"w-image align_none\"><div class=\"w-image-h\"><img width=\"540\" height=\"540\" src=\"http:\/\/starseedmakeup.com\/wp-content\/uploads\/2021\/10\/B-Curl-eyelashes-extension.jpg\" class=\"attachment-full size-full\" alt=\"B Extensi\u00f3n de pesta\u00f1as rizadas\" decoding=\"async\" loading=\"lazy\" srcset=\"http:\/\/starseedmakeup.com\/wp-content\/uploads\/2021\/10\/B-Curl-eyelashes-extension.jpg 540w, http:\/\/starseedmakeup.com\/wp-content\/uploads\/2021\/10\/B-Curl-eyelashes-extension-300x300.jpg 300w, http:\/\/starseedmakeup.com\/wp-content\/uploads\/2021\/10\/B-Curl-eyelashes-extension-150x150.jpg 150w\" sizes=\"(max-width: 540px) 100vw, 540px\" \/><\/div><\/div><\/div><\/div><\/div><div class=\"vc_col-sm-9 wpb_column vc_column_container\"><div class=\"vc_column-inner\"><div class=\"wpb_wrapper\"><div class=\"wpb_text_column\"><div class=\"wpb_wrapper\"><h3><span style=\"font-weight: 400;\">B Curl Lashes<\/span><\/h3>\n<p><span style=\"font-weight: 400;\">Las pesta\u00f1as B Curl tienen una curvatura mucho m\u00e1s pronunciada que otras rectas de la tabla de curvatura de pesta\u00f1as. Aunque tienen la misma forma que las pesta\u00f1as naturales, la forma de las pesta\u00f1as B Curl puede lograr una mejor retenci\u00f3n y elevaci\u00f3n que otras pesta\u00f1as similares.\u00a0<\/span><\/p>\n<p><span style=\"font-weight: 400;\">Para quienes desean un aspecto natural y unas esquinas interiores mejoradas, las pesta\u00f1as B curl pueden darles lo que buscan. El sitio <\/span><a href=\"http:\/\/starseedmakeup.com\/es\/\"><span style=\"font-weight: 400;\">extensi\u00f3n de pesta\u00f1as flexible <\/span><\/a><span style=\"font-weight: 400;\">tambi\u00e9n pueden abrir la mirada, realzando su incre\u00edble forma de ojos. <\/span><\/p>\n<\/div><\/div><\/div><\/div><\/div><\/div><div class=\"w-separator size_medium\"><\/div><div class=\"g-cols wpb_row via_flex valign_top type_default stacking_default\"><div class=\"vc_col-sm-3 wpb_column vc_column_container\"><div class=\"vc_column-inner\"><div class=\"wpb_wrapper\"><div class=\"w-image align_none\"><div class=\"w-image-h\"><img width=\"540\" height=\"540\" src=\"http:\/\/starseedmakeup.com\/wp-content\/uploads\/2021\/10\/C-Curl-eyelashes-extension.jpg\" class=\"attachment-full size-full\" alt=\"C Extensi\u00f3n de pesta\u00f1as rizadas\" decoding=\"async\" loading=\"lazy\" srcset=\"http:\/\/starseedmakeup.com\/wp-content\/uploads\/2021\/10\/C-Curl-eyelashes-extension.jpg 540w, http:\/\/starseedmakeup.com\/wp-content\/uploads\/2021\/10\/C-Curl-eyelashes-extension-300x300.jpg 300w, http:\/\/starseedmakeup.com\/wp-content\/uploads\/2021\/10\/C-Curl-eyelashes-extension-150x150.jpg 150w\" sizes=\"(max-width: 540px) 100vw, 540px\" \/><\/div><\/div><\/div><\/div><\/div><div class=\"vc_col-sm-9 wpb_column vc_column_container\"><div class=\"vc_column-inner\"><div class=\"wpb_wrapper\"><div class=\"wpb_text_column\"><div class=\"wpb_wrapper\"><h3><span style=\"font-weight: 400;\">C Curl Lashes<\/span><\/h3>\n<p><span style=\"font-weight: 400;\">Las pesta\u00f1as rizadas en C son una de las extensiones m\u00e1s comunes del mercado que le ofrece lo mejor de ambos mundos. Tiene una curvatura prominente en la tabla de curvatura de pesta\u00f1as que produce un efecto ligeramente dram\u00e1tico. Con su \u00e1ngulo ligeramente descendente, puede conseguir una buena elevaci\u00f3n de las pesta\u00f1as para exponer los ojos de la usuaria. Si las pesta\u00f1as c curl se orientan hacia un \u00e1ngulo casi horizontal, esta extensi\u00f3n de pesta\u00f1as puede crear un look de ojos de mu\u00f1eca.\u00a0<\/span><\/p>\n<p><span style=\"font-weight: 400;\">Las personas que desean un look natural con un peque\u00f1o toque dram\u00e1tico disfrutar\u00e1n con las pesta\u00f1as c curl. Este <\/span><a href=\"http:\/\/starseedmakeup.com\/es\/\"><span style=\"font-weight: 400;\">extensi\u00f3n espectacular de pesta\u00f1as<\/span><\/a><span style=\"font-weight: 400;\"> tambi\u00e9n es adecuado para cualquiera que desee realzar sus pesta\u00f1as naturales y crear un marco de moda alrededor de los ojos. <\/span><\/p>\n<\/div><\/div><\/div><\/div><\/div><\/div><div class=\"w-separator size_medium\"><\/div><div class=\"g-cols wpb_row via_flex valign_top type_default stacking_default\"><div class=\"vc_col-sm-3 wpb_column vc_column_container\"><div class=\"vc_column-inner\"><div class=\"wpb_wrapper\"><div class=\"w-image align_none\"><div class=\"w-image-h\"><img width=\"540\" height=\"540\" src=\"http:\/\/starseedmakeup.com\/wp-content\/uploads\/2021\/10\/D-Curl-eyelashes-extension.jpg\" class=\"attachment-full size-full\" alt=\"D Extensi\u00f3n de pesta\u00f1as rizadas\" decoding=\"async\" loading=\"lazy\" srcset=\"http:\/\/starseedmakeup.com\/wp-content\/uploads\/2021\/10\/D-Curl-eyelashes-extension.jpg 540w, http:\/\/starseedmakeup.com\/wp-content\/uploads\/2021\/10\/D-Curl-eyelashes-extension-300x300.jpg 300w, http:\/\/starseedmakeup.com\/wp-content\/uploads\/2021\/10\/D-Curl-eyelashes-extension-150x150.jpg 150w\" sizes=\"(max-width: 540px) 100vw, 540px\" \/><\/div><\/div><\/div><\/div><\/div><div class=\"vc_col-sm-9 wpb_column vc_column_container\"><div class=\"vc_column-inner\"><div class=\"wpb_wrapper\"><div class=\"wpb_text_column\"><div class=\"wpb_wrapper\"><h3><span style=\"font-weight: 400;\">D Curl Lashes<\/span><\/h3>\n<p><span style=\"font-weight: 400;\">Las pesta\u00f1as D curl tienen una forma m\u00e1s curvada que otras extensiones de pesta\u00f1as, pero mantienen un extremo ligeramente recto. Esta es la m\u00e1s dram\u00e1tica dentro de las <\/span><a href=\"http:\/\/starseedmakeup.com\/es\/\"><span style=\"font-weight: 400;\">tablas de rizado de pesta\u00f1as <\/span><\/a><span style=\"font-weight: 400;\">que pueden realzar la mirada. Es importante tener en cuenta que estas pesta\u00f1as suelen durar menos que otras debido a su forma.\u00a0<\/span><\/p>\n<p><span style=\"font-weight: 400;\">Las pesta\u00f1as rizadas D son la mejor opci\u00f3n para quien quiera conseguir un look espectacular. Esta extensi\u00f3n de pesta\u00f1as tambi\u00e9n es adecuada para las personas con ojos hundidos, ya que la forma de las extensiones de pesta\u00f1as puede abrir sus ojos. <\/span><\/p>\n<\/div><\/div><\/div><\/div><\/div><\/div><div class=\"w-separator size_medium\"><\/div><div class=\"g-cols wpb_row via_flex valign_top type_default stacking_default\"><div class=\"vc_col-sm-3 wpb_column vc_column_container\"><div class=\"vc_column-inner\"><div class=\"wpb_wrapper\"><div class=\"w-image align_none\"><div class=\"w-image-h\"><img width=\"540\" height=\"540\" src=\"http:\/\/starseedmakeup.com\/wp-content\/uploads\/2021\/10\/U-Curl-eyelashes-extension.jpg\" class=\"attachment-full size-full\" alt=\"Extensi\u00f3n de pesta\u00f1as U Curl\" decoding=\"async\" loading=\"lazy\" srcset=\"http:\/\/starseedmakeup.com\/wp-content\/uploads\/2021\/10\/U-Curl-eyelashes-extension.jpg 540w, http:\/\/starseedmakeup.com\/wp-content\/uploads\/2021\/10\/U-Curl-eyelashes-extension-300x300.jpg 300w, http:\/\/starseedmakeup.com\/wp-content\/uploads\/2021\/10\/U-Curl-eyelashes-extension-150x150.jpg 150w\" sizes=\"(max-width: 540px) 100vw, 540px\" \/><\/div><\/div><\/div><\/div><\/div><div class=\"vc_col-sm-9 wpb_column vc_column_container\"><div class=\"vc_column-inner\"><div class=\"wpb_wrapper\"><div class=\"wpb_text_column\"><div class=\"wpb_wrapper\"><h3><span style=\"font-weight: 400;\">U Curl Lashes<\/span><\/h3>\n<p><span style=\"font-weight: 400;\">Las pesta\u00f1as U curvadas o DD curvadas son conocidas por su curvatura de 180\u00b0, en la que la pesta\u00f1a se curva directamente en el centro para crear una forma de U. Este <\/span><a href=\"http:\/\/starseedmakeup.com\/es\/\"><span style=\"font-weight: 400;\">extensi\u00f3n de pesta\u00f1as curvy <\/span><\/a><span style=\"font-weight: 400;\">es una de las formas m\u00e1s destacadas de las tablas de rizado de pesta\u00f1as. Los amplios rizos de estas pesta\u00f1as aportan un aspecto espectacular a la persona que las lleva y levantan por completo sus pesta\u00f1as naturales.\u00a0<\/span><\/p>\n<p><span style=\"font-weight: 400;\">La curvatura de las pesta\u00f1as U Curl puede crear una mirada din\u00e1mica y de gran volumen. Las personas con pesta\u00f1as naturales orientadas hacia abajo pueden abrir la mirada con las pesta\u00f1as U Curl.\u00a0<\/span><\/p>\n<p><span style=\"font-weight: 400;\">Es importante tener en cuenta que la curva puede irritar a las personas con p\u00e1rpados encapuchados, ya que la punta de las pesta\u00f1as puede pincharles la piel. Afortunadamente, existen pesta\u00f1as u curl m\u00e1s cortas para personas con p\u00e1rpados encapuchados.<\/span><\/p>\n<\/div><\/div><\/div><\/div><\/div><\/div><\/div><\/div><\/div><\/div><\/div><\/section><section class=\"l-section wpb_row height_medium\"><div class=\"l-section-h i-cf\"><div class=\"g-cols vc_row via_flex valign_middle type_default stacking_default\"><div class=\"vc_col-sm-6 wpb_column vc_column_container\"><div class=\"vc_column-inner\"><div class=\"wpb_wrapper\"><div class=\"wpb_text_column\"><div class=\"wpb_wrapper\"><h2><strong>Haga de StarSeedMakeup su proveedor\u00a0<\/strong><\/h2>\n<p><span style=\"font-weight: 400;\">\u00bfLe cuesta encontrar <\/span><a href=\"http:\/\/starseedmakeup.com\/es\/\"><span style=\"font-weight: 400;\">extensiones de pesta\u00f1as premium<\/span><\/a><span style=\"font-weight: 400;\"> para su marca? Starseedmakeup dispone de toda la gama de rizadores de pesta\u00f1as para ayudarle a destacar en el mercado. Cada pesta\u00f1a que producimos se fabrica en nuestros talleres libres de contaminaci\u00f3n que practican estrictas pruebas e inspecciones de calidad.\u00a0<\/span><\/p>\n<p><span style=\"font-weight: 400;\">El objetivo de Starseedmakeup es potenciar su negocio. Ofrecemos una pol\u00edtica de MOQ amigable en nuestras pesta\u00f1as, aseguramos 99% env\u00edo a tiempo y tenemos un suministro constante de pesta\u00f1as premium durante los per\u00edodos pico. P\u00f3ngase en contacto con nuestros asesores para marcar la diferencia en su negocio hoy mismo.<\/span><\/p>\n<\/div><\/div><\/div><\/div><\/div><div class=\"vc_col-sm-6 wpb_column vc_column_container\"><div class=\"vc_column-inner\"><div class=\"wpb_wrapper\"><div class=\"w-image align_none\"><div class=\"w-image-h\"><img width=\"463\" height=\"463\" src=\"http:\/\/starseedmakeup.com\/wp-content\/uploads\/2021\/04\/Hybrid-Eyelash-Extensions.jpg\" class=\"attachment-full size-full\" alt=\"Extensiones de pesta\u00f1as h\u00edbridas\" decoding=\"async\" loading=\"lazy\" srcset=\"http:\/\/starseedmakeup.com\/wp-content\/uploads\/2021\/04\/Hybrid-Eyelash-Extensions.jpg 463w, http:\/\/starseedmakeup.com\/wp-content\/uploads\/2021\/04\/Hybrid-Eyelash-Extensions-300x300.jpg 300w, http:\/\/starseedmakeup.com\/wp-content\/uploads\/2021\/04\/Hybrid-Eyelash-Extensions-150x150.jpg 150w\" sizes=\"(max-width: 463px) 100vw, 463px\" \/><\/div><\/div><\/div><\/div><\/div><\/div><\/div><\/section>","protected":false},"excerpt":{"rendered":"Eyelash Extension Curl Guide Guide Learn how different types of lash extensions curl work and allow yourself endless opportunities with your lash creativity! InicioP\u00e1ginasKnow About Lash Curls There are a wide variety of eyelash curls in the market with different shapes, lengths, and curl thicknesses. By understanding the different curls in the market, you have...","protected":false},"author":1,"featured_media":0,"parent":0,"menu_order":0,"comment_status":"closed","ping_status":"closed","template":"","meta":[],"categories":[],"tags":[],"yoast_head":"<!-- This site is optimized with the Yoast SEO Premium plugin v20.5 (Yoast SEO v20.5) - https:\/\/yoast.com\/wordpress\/plugins\/seo\/ -->\n<title>Best Eyelash Extension Curl Guide Guide for Lash Business - Starseed<\/title>\n<meta name=\"description\" content=\"Understanding the different curls in the market, you have a good chance of drawing in numerous customers to your business.\" \/>\n<meta name=\"robots\" content=\"index, follow, max-snippet:-1, max-image-preview:large, max-video-preview:-1\" \/>\n<link rel=\"canonical\" href=\"http:\/\/starseedmakeup.com\/es\/\u0443\u0434\u043b\u0438\u043d\u0435\u043d\u0438\u0435-\u0440\u0435\u0441\u043d\u0438\u0446-\u043a\u0443\u0440\u043a\u0430-\u0440\u0443\u043a\u043e\u0432\u043e\u0434\u0441\u0442\u0432\u043e\/\" \/>\n<meta property=\"og:locale\" content=\"es_ES\" \/>\n<meta property=\"og:type\" content=\"article\" \/>\n<meta property=\"og:title\" content=\"Best Eyelash Extension Curl Guide Guide for Lash Business - Starseed\" \/>\n<meta property=\"og:description\" content=\"Understanding the different curls in the market, you have a good chance of drawing in numerous customers to your business.\" \/>\n<meta property=\"og:url\" content=\"http:\/\/starseedmakeup.com\/es\/\u0443\u0434\u043b\u0438\u043d\u0435\u043d\u0438\u0435-\u0440\u0435\u0441\u043d\u0438\u0446-\u043a\u0443\u0440\u043a\u0430-\u0440\u0443\u043a\u043e\u0432\u043e\u0434\u0441\u0442\u0432\u043e\/\" \/>\n<meta property=\"og:site_name\" content=\"Starseed\" \/>\n<meta property=\"article:modified_time\" content=\"2021-10-05T10:28:20+00:00\" \/>\n<meta name=\"twitter:card\" content=\"summary_large_image\" \/>\n<meta name=\"twitter:label1\" content=\"Est. reading time\" \/>\n\t<meta name=\"twitter:data1\" content=\"4 minutos\" \/>\n<script type=\"application\/ld+json\" class=\"yoast-schema-graph\">{\"@context\":\"https:\/\/schema.org\",\"@graph\":[{\"@type\":\"WebPage\",\"@id\":\"http:\/\/starseedmakeup.com\/ru\/\u0443\u0434\u043b\u0438\u043d\u0435\u043d\u0438\u0435-\u0440\u0435\u0441\u043d\u0438\u0446-\u043a\u0443\u0440\u043a\u0430-\u0440\u0443\u043a\u043e\u0432\u043e\u0434\u0441\u0442\u0432\u043e\/\",\"url\":\"http:\/\/starseedmakeup.com\/ru\/\u0443\u0434\u043b\u0438\u043d\u0435\u043d\u0438\u0435-\u0440\u0435\u0441\u043d\u0438\u0446-\u043a\u0443\u0440\u043a\u0430-\u0440\u0443\u043a\u043e\u0432\u043e\u0434\u0441\u0442\u0432\u043e\/\",\"name\":\"Best Eyelash Extension Curl Guide Guide for Lash Business - Starseed\",\"isPartOf\":{\"@id\":\"http:\/\/starseedmakeup.com\/#website\"},\"datePublished\":\"2021-10-05T10:24:45+00:00\",\"dateModified\":\"2021-10-05T10:28:20+00:00\",\"description\":\"Understanding the different curls in the market, you have a good chance of drawing in numerous customers to your business.\",\"inLanguage\":\"es\",\"potentialAction\":[{\"@type\":\"ReadAction\",\"target\":[\"http:\/\/starseedmakeup.com\/ru\/\u0443\u0434\u043b\u0438\u043d\u0435\u043d\u0438\u0435-\u0440\u0435\u0441\u043d\u0438\u0446-\u043a\u0443\u0440\u043a\u0430-\u0440\u0443\u043a\u043e\u0432\u043e\u0434\u0441\u0442\u0432\u043e\/\"]}]},{\"@type\":\"WebSite\",\"@id\":\"http:\/\/starseedmakeup.com\/#website\",\"url\":\"http:\/\/starseedmakeup.com\/\",\"name\":\"Starseed\",\"description\":\"Just another WordPress site\",\"potentialAction\":[{\"@type\":\"SearchAction\",\"target\":{\"@type\":\"EntryPoint\",\"urlTemplate\":\"http:\/\/starseedmakeup.com\/?s={search_term_string}\"},\"query-input\":\"required name=search_term_string\"}],\"inLanguage\":\"es\"}]}<\/script>\n<!-- \/ Yoast SEO Premium plugin. -->","yoast_head_json":{"title":"Best Eyelash Extension Curl Guide Guide for Lash Business - Starseed","description":"Understanding the different curls in the market, you have a good chance of drawing in numerous customers to your business.","robots":{"index":"index","follow":"follow","max-snippet":"max-snippet:-1","max-image-preview":"max-image-preview:large","max-video-preview":"max-video-preview:-1"},"canonical":"http:\/\/starseedmakeup.com\/es\/\u0443\u0434\u043b\u0438\u043d\u0435\u043d\u0438\u0435-\u0440\u0435\u0441\u043d\u0438\u0446-\u043a\u0443\u0440\u043a\u0430-\u0440\u0443\u043a\u043e\u0432\u043e\u0434\u0441\u0442\u0432\u043e\/","og_locale":"es_ES","og_type":"article","og_title":"Best Eyelash Extension Curl Guide Guide for Lash Business - Starseed","og_description":"Understanding the different curls in the market, you have a good chance of drawing in numerous customers to your business.","og_url":"http:\/\/starseedmakeup.com\/es\/\u0443\u0434\u043b\u0438\u043d\u0435\u043d\u0438\u0435-\u0440\u0435\u0441\u043d\u0438\u0446-\u043a\u0443\u0440\u043a\u0430-\u0440\u0443\u043a\u043e\u0432\u043e\u0434\u0441\u0442\u0432\u043e\/","og_site_name":"Starseed","article_modified_time":"2021-10-05T10:28:20+00:00","twitter_card":"summary_large_image","twitter_misc":{"Est. reading time":"4 minutos"},"schema":{"@context":"https:\/\/schema.org","@graph":[{"@type":"WebPage","@id":"http:\/\/starseedmakeup.com\/ru\/\u0443\u0434\u043b\u0438\u043d\u0435\u043d\u0438\u0435-\u0440\u0435\u0441\u043d\u0438\u0446-\u043a\u0443\u0440\u043a\u0430-\u0440\u0443\u043a\u043e\u0432\u043e\u0434\u0441\u0442\u0432\u043e\/","url":"http:\/\/starseedmakeup.com\/ru\/\u0443\u0434\u043b\u0438\u043d\u0435\u043d\u0438\u0435-\u0440\u0435\u0441\u043d\u0438\u0446-\u043a\u0443\u0440\u043a\u0430-\u0440\u0443\u043a\u043e\u0432\u043e\u0434\u0441\u0442\u0432\u043e\/","name":"Best Eyelash Extension Curl Guide Guide for Lash Business - Starseed","isPartOf":{"@id":"http:\/\/starseedmakeup.com\/#website"},"datePublished":"2021-10-05T10:24:45+00:00","dateModified":"2021-10-05T10:28:20+00:00","description":"Understanding the different curls in the market, you have a good chance of drawing in numerous customers to your business.","inLanguage":"es","potentialAction":[{"@type":"ReadAction","target":["http:\/\/starseedmakeup.com\/ru\/\u0443\u0434\u043b\u0438\u043d\u0435\u043d\u0438\u0435-\u0440\u0435\u0441\u043d\u0438\u0446-\u043a\u0443\u0440\u043a\u0430-\u0440\u0443\u043a\u043e\u0432\u043e\u0434\u0441\u0442\u0432\u043e\/"]}]},{"@type":"WebSite","@id":"http:\/\/starseedmakeup.com\/#website","url":"http:\/\/starseedmakeup.com\/","name":"Starseed","description":"Just another WordPress site","potentialAction":[{"@type":"SearchAction","target":{"@type":"EntryPoint","urlTemplate":"http:\/\/starseedmakeup.com\/?s={search_term_string}"},"query-input":"required name=search_term_string"}],"inLanguage":"es"}]}},"_links":{"self":[{"href":"http:\/\/starseedmakeup.com\/es\/wp-json\/wp\/v2\/pages\/8473"}],"collection":[{"href":"http:\/\/starseedmakeup.com\/es\/wp-json\/wp\/v2\/pages"}],"about":[{"href":"http:\/\/starseedmakeup.com\/es\/wp-json\/wp\/v2\/types\/page"}],"author":[{"embeddable":true,"href":"http:\/\/starseedmakeup.com\/es\/wp-json\/wp\/v2\/users\/1"}],"replies":[{"embeddable":true,"href":"http:\/\/starseedmakeup.com\/es\/wp-json\/wp\/v2\/comments?post=8473"}],"version-history":[{"count":3,"href":"http:\/\/starseedmakeup.com\/es\/wp-json\/wp\/v2\/pages\/8473\/revisions"}],"predecessor-version":[{"id":8484,"href":"http:\/\/starseedmakeup.com\/es\/wp-json\/wp\/v2\/pages\/8473\/revisions\/8484"}],"wp:attachment":[{"href":"http:\/\/starseedmakeup.com\/es\/wp-json\/wp\/v2\/media?parent=8473"}],"wp:term":[{"taxonomy":"category","embeddable":true,"href":"http:\/\/starseedmakeup.com\/es\/wp-json\/wp\/v2\/categories?post=8473"},{"taxonomy":"post_tag","embeddable":true,"href":"http:\/\/starseedmakeup.com\/es\/wp-json\/wp\/v2\/tags?post=8473"}],"curies":[{"name":"wp","href":"https:\/\/api.w.org\/{rel}","templated":true}]}}