{"id":3006,"date":"2021-05-19T02:10:38","date_gmt":"2021-05-19T02:10:38","guid":{"rendered":"https:\/\/starseedmakeup.com\/?page_id=3006"},"modified":"2021-09-09T10:49:04","modified_gmt":"2021-09-09T02:49:04","slug":"contact","status":"publish","type":"page","link":"http:\/\/starseedmakeup.com\/fr\/contact\/","title":{"rendered":"Contact"},"content":{"rendered":"<section class=\"l-section wpb_row us_custom_51786714 height_medium\"><div class=\"l-section-h i-cf\"><div class=\"g-cols vc_row via_flex valign_top type_default stacking_default\"><div class=\"vc_col-sm-12 wpb_column vc_column_container\"><div class=\"vc_column-inner\"><div class=\"wpb_wrapper\"><div class=\"wpb_text_column\"><div class=\"wpb_wrapper\"><h1>Contacter Starseed<\/h1>\n<p>Nous sommes en ligne 24 heures sur 24 et 7 jours sur 7 pour vous envoyer des catalogues, des \u00e9chantillons et tout ce dont vous avez besoin !<\/p>\n<\/div><\/div><\/div><\/div><\/div><\/div><\/div><\/section><section class=\"l-section wpb_row us_custom_217cb94a has_text_color height_small\"><div class=\"l-section-h i-cf\"><div class=\"g-cols vc_row via_flex valign_top type_default stacking_default\"><div class=\"vc_col-sm-12 wpb_column vc_column_container\"><div class=\"vc_column-inner\"><div class=\"wpb_wrapper\"><ol class=\"g-breadcrumbs us_custom_ae99f6aa has_text_color separator_icon align_none\" itemscope itemtype=\"http:\/\/schema.org\/BreadcrumbList\"><li class=\"g-breadcrumbs-item\" itemscope itemprop=\"itemListElement\" itemtype=\"http:\/\/schema.org\/ListItem\"><a itemprop=\"item\" href=\"http:\/\/starseedmakeup.com\/fr\/\"><span itemprop=\"name\">Accueil<\/span><\/a><meta itemprop=\"position\" content=\"1\"\/><\/li><li class=\"g-breadcrumbs-separator\"><i class=\"far fa-angle-right\"><\/i><\/li><li class=\"g-breadcrumbs-item\">Pages<\/li><\/ol><\/div><\/div><\/div><\/div><\/div><\/section><section class=\"l-section wpb_row height_small\"><div class=\"l-section-h i-cf\"><div class=\"g-cols vc_row via_flex valign_top type_default stacking_default\"><div class=\"vc_col-sm-12 wpb_column vc_column_container\"><div class=\"vc_column-inner\"><div class=\"wpb_wrapper\"><div class=\"g-cols wpb_row via_flex valign_top type_default stacking_default\"><div class=\"vc_col-sm-6 vc_hidden-sm vc_hidden-xs wpb_column vc_column_container\"><div class=\"vc_column-inner\"><div class=\"wpb_wrapper\"><div class=\"w-separator size_large\"><\/div><div class=\"wpb_text_column\"><div class=\"wpb_wrapper\"><h2>Labellisation priv\u00e9e de vos cils !<\/h2>\n<\/div><\/div><div class=\"w-separator size_medium\"><\/div><div class=\"w-iconbox us_custom_f73f4019 iconpos_left style_default color_custom align_left\"><div class=\"w-iconbox-icon\" style=\"font-size:20px;color:#2e469d;\"><i class=\"far fa-heart\"><\/i><\/div><div class=\"w-iconbox-meta\"><h4 class=\"w-iconbox-title\" style=\"font-size:18px;\">Nos services<\/h4><div class=\"w-iconbox-text\"><p>Starseed a \u00e9t\u00e9 cr\u00e9\u00e9 dans un souci de beaut\u00e9 cosm\u00e9tique et avec la passion de fournir des cils satisfaisants.<\/p>\n<p>Nous avons travaill\u00e9 dur pour d\u00e9velopper les comp\u00e9tences et les capacit\u00e9s ad\u00e9quates, de sorte qu'aujourd'hui, nous pouvons rester fid\u00e8les \u00e0 notre mission, en fournissant des cils abordables et confortables pour devenir la meilleure usine de cils en Chine.<\/p>\n<\/div><\/div><\/div><div class=\"w-separator size_medium\"><\/div><div class=\"w-iconbox us_custom_f73f4019 iconpos_left style_default color_custom align_left\"><div class=\"w-iconbox-icon\" style=\"font-size:20px;color:#2e469d;\"><i class=\"far fa-building\"><\/i><\/div><div class=\"w-iconbox-meta\"><h4 class=\"w-iconbox-title\" style=\"font-size:18px;\">Si\u00e8ge social<\/h4><div class=\"w-iconbox-text\"><p>1904 Creative Industrial Park, Osaka Warehouse, Haizhu District, Guangzhou<\/p>\n<\/div><\/div><\/div><div class=\"w-separator size_medium\"><\/div><div class=\"w-iconbox us_custom_f73f4019 iconpos_left style_default color_custom align_left\"><div class=\"w-iconbox-icon\" style=\"font-size:20px;color:#2e469d;\"><i class=\"far fa-grin\"><\/i><\/div><div class=\"w-iconbox-meta\"><h4 class=\"w-iconbox-title\" style=\"font-size:18px;\">Prochaines \u00e9tapes<\/h4><div class=\"w-iconbox-text\"><p>Nous r\u00e9pondrons \u00e0 votre demande avec toute une \u00e9quipe apr\u00e8s avoir re\u00e7u votre message. C'est ainsi que nous faisons des affaires et que nous nous faisons des amis \ud83d\ude42 .<\/p>\n<\/div><\/div><\/div><\/div><\/div><\/div><div class=\"vc_col-sm-6 wpb_column vc_column_container\"><div class=\"vc_column-inner\"><div class=\"wpb_wrapper\"><div class=\"w-separator size_large\"><\/div><div class=\"wpb_text_column\"><div class=\"wpb_wrapper\"><h2 style=\"text-align: center;\">Obtenir un devis imm\u00e9diat<\/h2>\n<\/div><\/div><div class=\"w-separator size_small\"><\/div><div role=\"form\" class=\"wpcf7\" id=\"wpcf7-f6-o1\" lang=\"en-US\" dir=\"ltr\">\n<div class=\"screen-reader-response\"><p role=\"status\" aria-live=\"polite\" aria-atomic=\"true\"><\/p> <ul><\/ul><\/div>\n<form action=\"\/fr\/wp-json\/wp\/v2\/pages\/3006#wpcf7-f6-o1\" method=\"post\" class=\"wpcf7-form init\" novalidate=\"novalidate\" data-status=\"init\" data-trp-original-action=\"\/fr\/wp-json\/wp\/v2\/pages\/3006#wpcf7-f6-o1\">\n<div style=\"display: none;\">\n<input type=\"hidden\" name=\"_wpcf7\" value=\"6\" \/>\n<input type=\"hidden\" name=\"_wpcf7_version\" value=\"5.6.4\" \/>\n<input type=\"hidden\" name=\"_wpcf7_locale\" value=\"en_US\" \/>\n<input type=\"hidden\" name=\"_wpcf7_unit_tag\" value=\"wpcf7-f6-o1\" \/>\n<input type=\"hidden\" name=\"_wpcf7_container_post\" value=\"0\" \/>\n<input type=\"hidden\" name=\"_wpcf7_posted_data_hash\" value=\"\" \/>\n<\/div>\n<p><label><span class=\"wpcf7-form-control-wrap\" data-name=\"your-name\"><input type=\"text\" name=\"your-name\" value=\"\" size=\"40\" class=\"wpcf7-form-control wpcf7-text wpcf7-validates-as-required\" aria-required=\"true\" aria-invalid=\"false\" placeholder=\"Nom*\" \/><\/span><\/label><\/p>\n<p><label><span class=\"wpcf7-form-control-wrap\" data-name=\"your-email\"><input type=\"email\" name=\"your-email\" value=\"\" size=\"40\" class=\"wpcf7-form-control wpcf7-text wpcf7-email wpcf7-validates-as-required wpcf7-validates-as-email\" aria-required=\"true\" aria-invalid=\"false\" placeholder=\"Courriel*\" \/><\/span><\/label><\/p>\n<p><label><span class=\"wpcf7-form-control-wrap\" data-name=\"your-phone\"><input type=\"text\" name=\"your-phone\" value=\"\" size=\"40\" class=\"wpcf7-form-control wpcf7-text\" aria-invalid=\"false\" placeholder=\"T\u00e9l\u00e9phone\/Appel\" \/><\/span><\/label><\/p>\n<p><label><span class=\"wpcf7-form-control-wrap\" data-name=\"your-country\"><input type=\"text\" name=\"your-country\" value=\"\" size=\"40\" class=\"wpcf7-form-control wpcf7-text wpcf7-validates-as-required\" aria-required=\"true\" aria-invalid=\"false\" placeholder=\"Pays*\" \/><\/span><\/label><\/p>\n<p><label><span class=\"wpcf7-form-control-wrap\" data-name=\"your-message\"><textarea name=\"your-message\" cols=\"40\" rows=\"10\" class=\"wpcf7-form-control wpcf7-textarea\" aria-invalid=\"false\" placeholder=\"Message\"><\/textarea><\/span><\/label><\/p>\n<p><input type=\"submit\" value=\"Envoyer une demande\" class=\"wpcf7-form-control has-spinner wpcf7-submit\" \/><\/p>\n<p style=\"display: none !important;\"><label>&#916;<textarea name=\"_wpcf7_ak_hp_textarea\" cols=\"45\" rows=\"8\" maxlength=\"100\"><\/textarea><\/label><input type=\"hidden\" id=\"ak_js_1\" name=\"_wpcf7_ak_js\" value=\"35\"\/><script>document.getElementById( \"ak_js_1\" ).setAttribute( \"value\", ( new Date() ).getTime() );<\/script><\/p><input type='hidden' class='wpcf7-pum' value='{\"closepopup\":false,\"closedelay\":0,\"openpopup\":false,\"openpopup_id\":0}' \/><div class=\"wpcf7-response-output\" aria-hidden=\"true\"><\/div><input type=\"hidden\" name=\"trp-form-language\" value=\"fr\"\/><\/form><\/div><\/div><\/div><\/div><\/div><\/div><\/div><\/div><\/div><\/div><\/section>","protected":false},"excerpt":{"rendered":"Contact Starseed We&#8217;re 24\/7 online to send you catalogs, samples, and anything you need! AccueilPagesPrivate Label Your Eyelashes! Our ServicesStarseed was created in pursuit of cosmetic beauty and a passion for delivering satisfying eyelashes. We've worked hard to develop the right competencies and capabilities, so that today, we can stand true to our mission, delivering...","protected":false},"author":1,"featured_media":0,"parent":0,"menu_order":0,"comment_status":"closed","ping_status":"closed","template":"","meta":[],"categories":[],"tags":[],"yoast_head":"<!-- This site is optimized with the Yoast SEO Premium plugin v20.5 (Yoast SEO v20.5) - https:\/\/yoast.com\/wordpress\/plugins\/seo\/ -->\n<title>Contact - Starseed<\/title>\n<meta name=\"description\" content=\"Starseed is the leading eyelashes factory in China. We&#039;re 24\/7 online to send you catalogs, samples and anything you need.\" \/>\n<meta name=\"robots\" content=\"index, follow, max-snippet:-1, max-image-preview:large, max-video-preview:-1\" \/>\n<link rel=\"canonical\" href=\"http:\/\/starseedmakeup.com\/fr\/\u0441\u0432\u044f\u0437\u0430\u0442\u044c\u0441\u044f-\u0441\/\" \/>\n<meta property=\"og:locale\" content=\"fr_FR\" \/>\n<meta property=\"og:type\" content=\"article\" \/>\n<meta property=\"og:title\" content=\"Contact - Starseed\" \/>\n<meta property=\"og:description\" content=\"Starseed is the leading eyelashes factory in China. We&#039;re 24\/7 online to send you catalogs, samples and anything you need.\" \/>\n<meta property=\"og:url\" content=\"http:\/\/starseedmakeup.com\/fr\/\u0441\u0432\u044f\u0437\u0430\u0442\u044c\u0441\u044f-\u0441\/\" \/>\n<meta property=\"og:site_name\" content=\"Starseed\" \/>\n<meta property=\"article:modified_time\" content=\"2021-09-09T02:49:04+00:00\" \/>\n<meta name=\"twitter:card\" content=\"summary_large_image\" \/>\n<meta name=\"twitter:label1\" content=\"Est. reading time\" \/>\n\t<meta name=\"twitter:data1\" content=\"1 minute\" \/>\n<script type=\"application\/ld+json\" class=\"yoast-schema-graph\">{\"@context\":\"https:\/\/schema.org\",\"@graph\":[{\"@type\":\"WebPage\",\"@id\":\"http:\/\/starseedmakeup.com\/ru\/\u0441\u0432\u044f\u0437\u0430\u0442\u044c\u0441\u044f-\u0441\/\",\"url\":\"http:\/\/starseedmakeup.com\/ru\/\u0441\u0432\u044f\u0437\u0430\u0442\u044c\u0441\u044f-\u0441\/\",\"name\":\"Contact - Starseed\",\"isPartOf\":{\"@id\":\"http:\/\/starseedmakeup.com\/#website\"},\"datePublished\":\"2021-05-19T02:10:38+00:00\",\"dateModified\":\"2021-09-09T02:49:04+00:00\",\"description\":\"Starseed is the leading eyelashes factory in China. We're 24\/7 online to send you catalogs, samples and anything you need.\",\"inLanguage\":\"fr-FR\",\"potentialAction\":[{\"@type\":\"ReadAction\",\"target\":[\"http:\/\/starseedmakeup.com\/ru\/\u0441\u0432\u044f\u0437\u0430\u0442\u044c\u0441\u044f-\u0441\/\"]}]},{\"@type\":\"WebSite\",\"@id\":\"http:\/\/starseedmakeup.com\/#website\",\"url\":\"http:\/\/starseedmakeup.com\/\",\"name\":\"Starseed\",\"description\":\"Just another WordPress site\",\"potentialAction\":[{\"@type\":\"SearchAction\",\"target\":{\"@type\":\"EntryPoint\",\"urlTemplate\":\"http:\/\/starseedmakeup.com\/?s={search_term_string}\"},\"query-input\":\"required name=search_term_string\"}],\"inLanguage\":\"fr-FR\"}]}<\/script>\n<!-- \/ Yoast SEO Premium plugin. -->","yoast_head_json":{"title":"Contact - Starseed","description":"Starseed is the leading eyelashes factory in China. We're 24\/7 online to send you catalogs, samples and anything you need.","robots":{"index":"index","follow":"follow","max-snippet":"max-snippet:-1","max-image-preview":"max-image-preview:large","max-video-preview":"max-video-preview:-1"},"canonical":"http:\/\/starseedmakeup.com\/fr\/\u0441\u0432\u044f\u0437\u0430\u0442\u044c\u0441\u044f-\u0441\/","og_locale":"fr_FR","og_type":"article","og_title":"Contact - Starseed","og_description":"Starseed is the leading eyelashes factory in China. We're 24\/7 online to send you catalogs, samples and anything you need.","og_url":"http:\/\/starseedmakeup.com\/fr\/\u0441\u0432\u044f\u0437\u0430\u0442\u044c\u0441\u044f-\u0441\/","og_site_name":"Starseed","article_modified_time":"2021-09-09T02:49:04+00:00","twitter_card":"summary_large_image","twitter_misc":{"Est. reading time":"1 minute"},"schema":{"@context":"https:\/\/schema.org","@graph":[{"@type":"WebPage","@id":"http:\/\/starseedmakeup.com\/ru\/\u0441\u0432\u044f\u0437\u0430\u0442\u044c\u0441\u044f-\u0441\/","url":"http:\/\/starseedmakeup.com\/ru\/\u0441\u0432\u044f\u0437\u0430\u0442\u044c\u0441\u044f-\u0441\/","name":"Contact - Starseed","isPartOf":{"@id":"http:\/\/starseedmakeup.com\/#website"},"datePublished":"2021-05-19T02:10:38+00:00","dateModified":"2021-09-09T02:49:04+00:00","description":"Starseed is the leading eyelashes factory in China. We're 24\/7 online to send you catalogs, samples and anything you need.","inLanguage":"fr-FR","potentialAction":[{"@type":"ReadAction","target":["http:\/\/starseedmakeup.com\/ru\/\u0441\u0432\u044f\u0437\u0430\u0442\u044c\u0441\u044f-\u0441\/"]}]},{"@type":"WebSite","@id":"http:\/\/starseedmakeup.com\/#website","url":"http:\/\/starseedmakeup.com\/","name":"Starseed","description":"Just another WordPress site","potentialAction":[{"@type":"SearchAction","target":{"@type":"EntryPoint","urlTemplate":"http:\/\/starseedmakeup.com\/?s={search_term_string}"},"query-input":"required name=search_term_string"}],"inLanguage":"fr-FR"}]}},"_links":{"self":[{"href":"http:\/\/starseedmakeup.com\/fr\/wp-json\/wp\/v2\/pages\/3006"}],"collection":[{"href":"http:\/\/starseedmakeup.com\/fr\/wp-json\/wp\/v2\/pages"}],"about":[{"href":"http:\/\/starseedmakeup.com\/fr\/wp-json\/wp\/v2\/types\/page"}],"author":[{"embeddable":true,"href":"http:\/\/starseedmakeup.com\/fr\/wp-json\/wp\/v2\/users\/1"}],"replies":[{"embeddable":true,"href":"http:\/\/starseedmakeup.com\/fr\/wp-json\/wp\/v2\/comments?post=3006"}],"version-history":[{"count":12,"href":"http:\/\/starseedmakeup.com\/fr\/wp-json\/wp\/v2\/pages\/3006\/revisions"}],"predecessor-version":[{"id":5065,"href":"http:\/\/starseedmakeup.com\/fr\/wp-json\/wp\/v2\/pages\/3006\/revisions\/5065"}],"wp:attachment":[{"href":"http:\/\/starseedmakeup.com\/fr\/wp-json\/wp\/v2\/media?parent=3006"}],"wp:term":[{"taxonomy":"category","embeddable":true,"href":"http:\/\/starseedmakeup.com\/fr\/wp-json\/wp\/v2\/categories?post=3006"},{"taxonomy":"post_tag","embeddable":true,"href":"http:\/\/starseedmakeup.com\/fr\/wp-json\/wp\/v2\/tags?post=3006"}],"curies":[{"name":"wp","href":"https:\/\/api.w.org\/{rel}","templated":true}]}}