{"id":3078,"date":"2021-05-19T03:05:51","date_gmt":"2021-05-19T03:05:51","guid":{"rendered":"https:\/\/starseedmakeup.com\/?page_id=3078"},"modified":"2021-06-17T09:04:57","modified_gmt":"2021-06-17T09:04:57","slug":"certified-manufacturing","status":"publish","type":"page","link":"http:\/\/starseedmakeup.com\/fr\/fabrication-certifiee\/","title":{"rendered":"Fabrication certifi\u00e9e"},"content":{"rendered":"<section class=\"l-section wpb_row us_custom_51786714 height_medium\"><div class=\"l-section-h i-cf\"><div class=\"g-cols vc_row via_flex valign_top type_default stacking_default\"><div class=\"vc_col-sm-12 wpb_column vc_column_container\"><div class=\"vc_column-inner\"><div class=\"wpb_wrapper\"><div class=\"wpb_text_column\"><div class=\"wpb_wrapper\"><h1>Fabrication certifi\u00e9e<\/h1>\n<p>La fabrication des cils n'est pas un travail facile. Nous souhaitons \u00eatre aussi transparents que possible pour vous et sommes heureux de vous en dire plus sur notre fabrication.<\/p>\n<\/div><\/div><\/div><\/div><\/div><\/div><\/div><\/section><section class=\"l-section wpb_row us_custom_217cb94a has_text_color height_small\"><div class=\"l-section-h i-cf\"><div class=\"g-cols vc_row via_flex valign_top type_default stacking_default\"><div class=\"vc_col-sm-12 wpb_column vc_column_container\"><div class=\"vc_column-inner\"><div class=\"wpb_wrapper\"><ol class=\"g-breadcrumbs us_custom_ae99f6aa has_text_color separator_icon align_none\" itemscope itemtype=\"http:\/\/schema.org\/BreadcrumbList\"><li class=\"g-breadcrumbs-item\" itemscope itemprop=\"itemListElement\" itemtype=\"http:\/\/schema.org\/ListItem\"><a itemprop=\"item\" href=\"http:\/\/starseedmakeup.com\/fr\/\"><span itemprop=\"name\">Accueil<\/span><\/a><meta itemprop=\"position\" content=\"1\"\/><\/li><li class=\"g-breadcrumbs-separator\"><i class=\"far fa-angle-right\"><\/i><\/li><li class=\"g-breadcrumbs-item\">Pages<\/li><\/ol><\/div><\/div><\/div><\/div><\/div><\/section><section class=\"l-section wpb_row height_medium\"><div class=\"l-section-h i-cf\"><div class=\"g-cols vc_row via_flex valign_middle type_default stacking_default\"><div class=\"vc_col-sm-2 wpb_column vc_column_container\"><div class=\"vc_column-inner\"><div class=\"wpb_wrapper\"><\/div><\/div><\/div><div class=\"vc_col-sm-8 wpb_column vc_column_container\"><div class=\"vc_column-inner\"><div class=\"wpb_wrapper\"><div class=\"wpb_text_column\"><div class=\"wpb_wrapper\"><h2 style=\"text-align: center;\">RoHS, SGS... Nous nous effor\u00e7ons de fabriquer les meilleurs faux cils pour vous.<\/h2>\n<p style=\"text-align: center;\">La qualit\u00e9 n'est pas une co\u00efncidence. Notre syst\u00e8me de gestion de la qualit\u00e9 comprend les certifications SGS et RoHS. Nous veillons quotidiennement \u00e0 la qualit\u00e9 de nos processus, de la livraison des mati\u00e8res premi\u00e8res \u00e0 l'emballage de nos produits. C'est dans notre ADN et c'est pourquoi nous travaillons avec des marques mondiales pour que leurs produits soient qualifi\u00e9s.<\/p>\n<p style=\"text-align: center;\">Cliquez sur la vid\u00e9o pour voir comment nous nous appelons le fabricant de cils :<\/p>\n<\/div><\/div><div class=\"w-separator size_medium\"><\/div><div class=\"w-video us_custom_9e46fd0f align_right ratio_16x9 with_overlay\" style=\"background-image:url(http:\/\/starseedmakeup.com\/wp-content\/uploads\/2021\/06\/Starseed-Eyelashes-Manufacturing-1.jpg);\" onclick=\"return {&quot;player_id&quot;:&quot;youtube-pb1f&quot;,&quot;player_api&quot;:&quot;\\\/\\\/www.youtube.com\\\/player_api&quot;,&quot;player_html&quot;:&quot;&lt;div id=\\&quot;youtube-pb1f\\&quot;&gt;&lt;\\\/div&gt;&lt;script&gt;\\r\\n\\t\\t\\tif ( window.USYTPlayers === undefined ) {\\r\\n\\t\\t\\t\\twindow.USYTPlayers = [];\\r\\n\\t\\t\\t}\\r\\n\\t\\t\\twindow.USYTPlayers.push( {\\r\\n\\t\\t\\t\\tplayerID: \\&quot;youtube-pb1f\\&quot;,\\r\\n\\t\\t\\t\\tvideoID: \\&quot;3hnEcSXS6Rc\\&quot;,\\r\\n\\t\\t\\t\\tplayerVars: {\\&quot;origin\\&quot;:\\&quot;http:\\\\\\\/\\\\\\\/starseedmakeup.com\\&quot;,\\&quot;controls\\&quot;:1,\\&quot;autoplay\\&quot;:1,\\&quot;playlist\\&quot;:\\&quot;3hnEcSXS6Rc\\&quot;}\\t\\t\\t\\r\\n\\t\\t\\t} );\\r\\n\\t\\t\\tif ( window.USYTInited === undefined ) {\\r\\n\\t\\t\\t\\t\\\/\\\/ Trying to override other possible WP YT API calls if our element is used\\r\\n\\t\\t\\t\\twindow.USYTInited = true;\\r\\n\\t\\t\\t\\twindow.onYouTubePlayerAPIReady = function() {\\r\\n\\t\\t\\t\\t\\tfor ( var i in window.USYTPlayers ) {\\r\\n\\t\\t\\t\\t\\t\\tvar _playerParams = window.USYTPlayers[ i ];\\r\\n\\t\\t\\t\\t\\t\\t$us.YTPlayers[ _playerParams.playerID ] = new YT.Player( _playerParams.playerID, {\\r\\n\\t\\t\\t\\t\\t\\t\\tvideoId: _playerParams.videoID,\\r\\n\\t\\t\\t\\t\\t\\t\\tplayerVars: _playerParams.playerVars\\r\\n\\t\\t\\t\\t\\t\\t} );\\r\\n\\t\\t\\t\\t\\t}\\r\\n\\t\\t\\t\\t}\\r\\n\\t\\t\\t}\\r\\n\\t\\t\\tif ( !! window.YT ) {\\r\\n\\t\\t\\t\\t$us.YTPlayers[\\&quot;youtube-pb1f\\&quot;] = new YT.Player( \\&quot;youtube-pb1f\\&quot;, {\\r\\n\\t\\t\\t\\t\\tvideoId: \\&quot;3hnEcSXS6Rc\\&quot;,\\r\\n\\t\\t\\t\\t\\tplayerVars: {\\&quot;origin\\&quot;:\\&quot;http:\\\\\\\/\\\\\\\/starseedmakeup.com\\&quot;,\\&quot;controls\\&quot;:1,\\&quot;autoplay\\&quot;:1,\\&quot;playlist\\&quot;:\\&quot;3hnEcSXS6Rc\\&quot;}\\r\\n\\t\\t\\t\\t} );\\r\\n\\t\\t\\t}\\r\\n\\t\\t&lt;\\\/script&gt;&quot;}\"><div class=\"w-video-h\"><\/div><div class=\"w-video-icon\" style=\"font-size:1.5rem;background:rgba(0,0,0,0.5);color:#fff\"><\/div><\/div><\/div><\/div><\/div><div class=\"vc_col-sm-2 wpb_column vc_column_container\"><div class=\"vc_column-inner\"><div class=\"wpb_wrapper\"><\/div><\/div><\/div><\/div><\/div><\/section><section class=\"l-section wpb_row us_custom_b03244ee height_medium\"><div class=\"l-section-h i-cf\"><div class=\"g-cols vc_row via_flex valign_top type_default stacking_default\"><div class=\"vc_col-sm-12 wpb_column vc_column_container\"><div class=\"vc_column-inner\"><div class=\"wpb_wrapper\"><div class=\"g-cols wpb_row via_flex valign_top type_default stacking_default\"><div class=\"vc_col-sm-2 wpb_column vc_column_container\"><div class=\"vc_column-inner\"><div class=\"wpb_wrapper\"><\/div><\/div><\/div><div class=\"vc_col-sm-8 wpb_column vc_column_container\"><div class=\"vc_column-inner\"><div class=\"wpb_wrapper\"><div class=\"wpb_text_column\"><div class=\"wpb_wrapper\"><h2 style=\"text-align: center;\">Un savoir-faire sup\u00e9rieur en 17 \u00e9tapes<\/h2>\n<p style=\"text-align: center;\">D\u00e9couvrez quelques \u00e9tapes de nos 17 processus. N'h\u00e9sitez pas \u00e0 vous procurer notre catalogue pour d\u00e9couvrir comment Starseed fabrique vos cils.<\/p>\n<\/div><\/div><div class=\"w-btn-wrapper align_center\"><a class=\"w-btn us-btn-style_1\" title=\"Contact\" href=\"http:\/\/starseedmakeup.com\/fr\/contact\/\"><span class=\"w-btn-label\">Obtenir le catalogue des m\u00e9tiers d'art<\/span><\/a><\/div><\/div><\/div><\/div><div class=\"vc_col-sm-2 wpb_column vc_column_container\"><div class=\"vc_column-inner\"><div class=\"wpb_wrapper\"><\/div><\/div><\/div><\/div><\/div><\/div><\/div><div class=\"vc_col-sm-12 wpb_column vc_column_container\"><div class=\"vc_column-inner\"><div class=\"wpb_wrapper\"><div class=\"w-separator size_large\"><\/div><div class=\"g-cols wpb_row via_flex valign_top type_default stacking_default\"><div class=\"vc_col-sm-3 wpb_column vc_column_container\"><div class=\"vc_column-inner\"><div class=\"wpb_wrapper\"><div class=\"w-image has_ratio align_none\"><div class=\"w-image-h\"><div style=\"padding-bottom:75%\"><\/div><img width=\"528\" height=\"396\" src=\"http:\/\/starseedmakeup.com\/wp-content\/uploads\/2021\/06\/Eyelashes-Manufacturing-Materials-Preparation.jpg\" class=\"attachment-large size-large\" alt=\"Pr\u00e9paration des mat\u00e9riaux pour la fabrication des cils\" decoding=\"async\" loading=\"lazy\" srcset=\"http:\/\/starseedmakeup.com\/wp-content\/uploads\/2021\/06\/Eyelashes-Manufacturing-Materials-Preparation.jpg 528w, http:\/\/starseedmakeup.com\/wp-content\/uploads\/2021\/06\/Eyelashes-Manufacturing-Materials-Preparation-300x225.jpg 300w\" sizes=\"(max-width: 528px) 100vw, 528px\" \/><\/div><\/div><\/div><\/div><\/div><div class=\"vc_col-sm-3 wpb_column vc_column_container\"><div class=\"vc_column-inner\"><div class=\"wpb_wrapper\"><div class=\"wpb_text_column\"><div class=\"wpb_wrapper\"><h4>Pr\u00e9paration des mat\u00e9riaux<\/h4>\n<p>Mat\u00e9riaux de qualit\u00e9 provenant d'entreprises locales durables. Pour les vrais poils de vison, ils seront conserv\u00e9s au r\u00e9frig\u00e9rateur \u00e0 une temp\u00e9rature d'environ 18 degr\u00e9s pour \u00e9viter que les poils ne perdent leur \u00e9clat.<\/p>\n<\/div><\/div><\/div><\/div><\/div><div class=\"vc_col-sm-3 wpb_column vc_column_container\"><div class=\"vc_column-inner\"><div class=\"wpb_wrapper\"><div class=\"w-image has_ratio align_none\"><div class=\"w-image-h\"><div style=\"padding-bottom:75%\"><\/div><img width=\"528\" height=\"396\" src=\"http:\/\/starseedmakeup.com\/wp-content\/uploads\/2021\/06\/Eyelashes-manufacturing-fur-alignment.jpg\" class=\"attachment-large size-large\" alt=\"Fabrication de cils alignement des fourrures\" decoding=\"async\" loading=\"lazy\" srcset=\"http:\/\/starseedmakeup.com\/wp-content\/uploads\/2021\/06\/Eyelashes-manufacturing-fur-alignment.jpg 528w, http:\/\/starseedmakeup.com\/wp-content\/uploads\/2021\/06\/Eyelashes-manufacturing-fur-alignment-300x225.jpg 300w\" sizes=\"(max-width: 528px) 100vw, 528px\" \/><\/div><\/div><\/div><\/div><\/div><div class=\"vc_col-sm-3 wpb_column vc_column_container\"><div class=\"vc_column-inner\"><div class=\"wpb_wrapper\"><div class=\"wpb_text_column\"><div class=\"wpb_wrapper\"><h4>Alignement des fourrures<\/h4>\n<p>Utiliser un moule sp\u00e9cial pour peigner les mati\u00e8res premi\u00e8res, afin de s'assurer que les poils sont align\u00e9s avec pr\u00e9cision dans chaque interstice du moule, sans que les poils ne soient coll\u00e9s.<\/p>\n<\/div><\/div><\/div><\/div><\/div><\/div><div class=\"w-separator size_medium\"><\/div><div class=\"g-cols wpb_row via_flex valign_top type_default stacking_default\"><div class=\"vc_col-sm-3 wpb_column vc_column_container\"><div class=\"vc_column-inner\"><div class=\"wpb_wrapper\"><div class=\"w-image has_ratio align_none\"><div class=\"w-image-h\"><div style=\"padding-bottom:75%\"><\/div><img width=\"528\" height=\"396\" src=\"http:\/\/starseedmakeup.com\/wp-content\/uploads\/2021\/06\/eyelashes-manufacturing-cluster-forming.jpg\" class=\"attachment-large size-large\" alt=\"formation d&#039;une grappe d&#039;entreprises de fabrication de cils\" decoding=\"async\" loading=\"lazy\" srcset=\"http:\/\/starseedmakeup.com\/wp-content\/uploads\/2021\/06\/eyelashes-manufacturing-cluster-forming.jpg 528w, http:\/\/starseedmakeup.com\/wp-content\/uploads\/2021\/06\/eyelashes-manufacturing-cluster-forming-300x225.jpg 300w\" sizes=\"(max-width: 528px) 100vw, 528px\" \/><\/div><\/div><\/div><\/div><\/div><div class=\"vc_col-sm-3 wpb_column vc_column_container\"><div class=\"vc_column-inner\"><div class=\"wpb_wrapper\"><div class=\"wpb_text_column\"><div class=\"wpb_wrapper\"><h4>Formation de grappes<\/h4>\n<p>Collez le ruban adh\u00e9sif sur l'espace irr\u00e9gulier du moule et collez rapidement les cheveux \u00e0 partir des espaces. V\u00e9rifiez la forme des cheveux apr\u00e8s les avoir coll\u00e9s sur le papier et retirez les cheveux ind\u00e9sirables \u00e0 l'aide d'une pince \u00e0 \u00e9piler.<\/p>\n<\/div><\/div><\/div><\/div><\/div><div class=\"vc_col-sm-3 wpb_column vc_column_container\"><div class=\"vc_column-inner\"><div class=\"wpb_wrapper\"><div class=\"w-image has_ratio align_none\"><div class=\"w-image-h\"><div style=\"padding-bottom:75%\"><\/div><img width=\"528\" height=\"396\" src=\"http:\/\/starseedmakeup.com\/wp-content\/uploads\/2021\/06\/Eyelashes-manufacturing-corss-to-make-pattern.jpg\" class=\"attachment-large size-large\" alt=\"Cors de fabrication de cils pour r\u00e9aliser le mod\u00e8le\" decoding=\"async\" loading=\"lazy\" srcset=\"http:\/\/starseedmakeup.com\/wp-content\/uploads\/2021\/06\/Eyelashes-manufacturing-corss-to-make-pattern.jpg 528w, http:\/\/starseedmakeup.com\/wp-content\/uploads\/2021\/06\/Eyelashes-manufacturing-corss-to-make-pattern-300x225.jpg 300w\" sizes=\"(max-width: 528px) 100vw, 528px\" \/><\/div><\/div><\/div><\/div><\/div><div class=\"vc_col-sm-3 wpb_column vc_column_container\"><div class=\"vc_column-inner\"><div class=\"wpb_wrapper\"><div class=\"wpb_text_column\"><div class=\"wpb_wrapper\"><h4>Croiser pour faire des styles<\/h4>\n<p>En combinant les poils fabriqu\u00e9s \u00e0 l'aide de diff\u00e9rents moules, on obtient l'aspect initial des cils en forme de croix, qui d\u00e9termine le style g\u00e9n\u00e9ral des cils.<\/p>\n<\/div><\/div><\/div><\/div><\/div><\/div><div class=\"w-separator size_medium\"><\/div><div class=\"g-cols wpb_row via_flex valign_top type_default stacking_default\"><div class=\"vc_col-sm-3 wpb_column vc_column_container\"><div class=\"vc_column-inner\"><div class=\"wpb_wrapper\"><div class=\"w-image has_ratio align_none\"><div class=\"w-image-h\"><div style=\"padding-bottom:75%\"><\/div><img width=\"528\" height=\"396\" src=\"http:\/\/starseedmakeup.com\/wp-content\/uploads\/2021\/06\/eyelashes-manufacturing-lash-cutting.jpg\" class=\"attachment-large size-large\" alt=\"fabrication de cils coupe de cils\" decoding=\"async\" loading=\"lazy\" srcset=\"http:\/\/starseedmakeup.com\/wp-content\/uploads\/2021\/06\/eyelashes-manufacturing-lash-cutting.jpg 528w, http:\/\/starseedmakeup.com\/wp-content\/uploads\/2021\/06\/eyelashes-manufacturing-lash-cutting-300x225.jpg 300w\" sizes=\"(max-width: 528px) 100vw, 528px\" \/><\/div><\/div><\/div><\/div><\/div><div class=\"vc_col-sm-3 wpb_column vc_column_container\"><div class=\"vc_column-inner\"><div class=\"wpb_wrapper\"><div class=\"wpb_text_column\"><div class=\"wpb_wrapper\"><h4>D\u00e9coupage et fa\u00e7onnage<\/h4>\n<p>Lors de la d\u00e9coupe, la plus grande partie de la colle sera coup\u00e9e, c'est pourquoi notre bande de coton est tr\u00e8s fine, seulement 2 mm. Ensuite, nous roulons et s\u00e9chons les cils \u00e0 l'aide de nos s\u00e9choirs.<\/p>\n<\/div><\/div><\/div><\/div><\/div><div class=\"vc_col-sm-3 wpb_column vc_column_container\"><div class=\"vc_column-inner\"><div class=\"wpb_wrapper\"><div class=\"w-image has_ratio align_none\"><div class=\"w-image-h\"><div style=\"padding-bottom:75%\"><\/div><img width=\"528\" height=\"396\" src=\"http:\/\/starseedmakeup.com\/wp-content\/uploads\/2021\/06\/Eyelashes-manufacturing-drying-and-forming.jpg\" class=\"attachment-large size-large\" alt=\"Fabrication de cils, s\u00e9chage et formage\" decoding=\"async\" loading=\"lazy\" srcset=\"http:\/\/starseedmakeup.com\/wp-content\/uploads\/2021\/06\/Eyelashes-manufacturing-drying-and-forming.jpg 528w, http:\/\/starseedmakeup.com\/wp-content\/uploads\/2021\/06\/Eyelashes-manufacturing-drying-and-forming-300x225.jpg 300w\" sizes=\"(max-width: 528px) 100vw, 528px\" \/><\/div><\/div><\/div><\/div><\/div><div class=\"vc_col-sm-3 wpb_column vc_column_container\"><div class=\"vc_column-inner\"><div class=\"wpb_wrapper\"><div class=\"wpb_text_column\"><div class=\"wpb_wrapper\"><h4>S\u00e9chage et formage<\/h4>\n<p>Mouillez les cils et roulez-les avec les tubes en acier inoxydable qui dessinent une courbe sp\u00e9cifique. Utiliser ensuite des machines de s\u00e9chage actualis\u00e9es pour vaporiser l'eau superflue et former la forme.<\/p>\n<\/div><\/div><\/div><\/div><\/div><\/div><div class=\"w-separator size_medium\"><\/div><div class=\"g-cols wpb_row via_flex valign_top type_default stacking_default\"><div class=\"vc_col-sm-3 wpb_column vc_column_container\"><div class=\"vc_column-inner\"><div class=\"wpb_wrapper\"><div class=\"w-image has_ratio align_none\"><div class=\"w-image-h\"><div style=\"padding-bottom:75%\"><\/div><img width=\"528\" height=\"396\" src=\"http:\/\/starseedmakeup.com\/wp-content\/uploads\/2021\/06\/Eyelashes-manufacturing-untie-and-form-the-lashes.jpg\" class=\"attachment-large size-large\" alt=\"Fabrication de cils pour d\u00e9nouer et former les cils\" decoding=\"async\" loading=\"lazy\" srcset=\"http:\/\/starseedmakeup.com\/wp-content\/uploads\/2021\/06\/Eyelashes-manufacturing-untie-and-form-the-lashes.jpg 528w, http:\/\/starseedmakeup.com\/wp-content\/uploads\/2021\/06\/Eyelashes-manufacturing-untie-and-form-the-lashes-300x225.jpg 300w\" sizes=\"(max-width: 528px) 100vw, 528px\" \/><\/div><\/div><\/div><\/div><\/div><div class=\"vc_col-sm-3 wpb_column vc_column_container\"><div class=\"vc_column-inner\"><div class=\"wpb_wrapper\"><div class=\"wpb_text_column\"><div class=\"wpb_wrapper\"><h4>D\u00e9tacher et coller<\/h4>\n<p>D\u00e9tachez les cils s\u00e9ch\u00e9s et v\u00e9rifiez la forme g\u00e9n\u00e9rale avant d'appliquer la colle antiadh\u00e9sive sur la bande de cils. Vous verrez ici des courbes \u00e9l\u00e9gantes sans aucun enchev\u00eatrement.<\/p>\n<\/div><\/div><\/div><\/div><\/div><div class=\"vc_col-sm-3 wpb_column vc_column_container\"><div class=\"vc_column-inner\"><div class=\"wpb_wrapper\"><div class=\"w-image has_ratio align_none\"><div class=\"w-image-h\"><div style=\"padding-bottom:75%\"><\/div><img width=\"528\" height=\"396\" src=\"http:\/\/starseedmakeup.com\/wp-content\/uploads\/2021\/06\/eyelashes-manufacturing-eyelash-packaging.jpg\" class=\"attachment-large size-large\" alt=\"fabrication de cils emballage de cils\" decoding=\"async\" loading=\"lazy\" srcset=\"http:\/\/starseedmakeup.com\/wp-content\/uploads\/2021\/06\/eyelashes-manufacturing-eyelash-packaging.jpg 528w, http:\/\/starseedmakeup.com\/wp-content\/uploads\/2021\/06\/eyelashes-manufacturing-eyelash-packaging-300x225.jpg 300w\" sizes=\"(max-width: 528px) 100vw, 528px\" \/><\/div><\/div><\/div><\/div><\/div><div class=\"vc_col-sm-3 wpb_column vc_column_container\"><div class=\"vc_column-inner\"><div class=\"wpb_wrapper\"><div class=\"wpb_text_column\"><div class=\"wpb_wrapper\"><h4>Emballage<\/h4>\n<p>D\u00e9placez les cils finis sur le support. Nous avons d\u00e9velopp\u00e9 des supports biod\u00e9gradables pour mieux prot\u00e9ger l'environnement et ajouter de la valeur \u00e0 vos marques.<\/p>\n<\/div><\/div><\/div><\/div><\/div><\/div><\/div><\/div><\/div><\/div><\/div><\/section><section class=\"l-section wpb_row height_medium\"><div class=\"l-section-h i-cf\"><div class=\"g-cols vc_row via_flex valign_top type_default stacking_default\"><div class=\"vc_col-sm-12 wpb_column vc_column_container\"><div class=\"vc_column-inner\"><div class=\"wpb_wrapper\"><div class=\"g-cols wpb_row via_flex valign_top type_default stacking_default\"><div class=\"vc_col-sm-2 wpb_column vc_column_container\"><div class=\"vc_column-inner\"><div class=\"wpb_wrapper\"><\/div><\/div><\/div><div class=\"vc_col-sm-8 wpb_column vc_column_container\"><div class=\"vc_column-inner\"><div class=\"wpb_wrapper\"><div class=\"wpb_text_column\"><div class=\"wpb_wrapper\"><h2 style=\"text-align: center;\">D\u00e9couvrez notre gestion de la qualit\u00e9<\/h2>\n<p style=\"text-align: center;\">Notre politique de qualit\u00e9 repose sur les concepts de contr\u00f4le et d'assurance de la qualit\u00e9. Nous sommes affili\u00e9s \u00e0 plusieurs organisations de gestion de la qualit\u00e9 et nos activit\u00e9s sont certifi\u00e9es ISO.<\/p>\n<\/div><\/div><div class=\"w-separator size_small\"><\/div><div class=\"w-btn-wrapper align_center\"><a class=\"w-btn us-btn-style_1\" title=\"#1 Qualit\u00e9 des cils\" href=\"http:\/\/starseedmakeup.com\/fr\/qualite-du-laser\/\"><span class=\"w-btn-label\">D\u00e9couvrez notre contr\u00f4le de la qualit\u00e9<\/span><\/a><\/div><\/div><\/div><\/div><div class=\"vc_col-sm-2 wpb_column vc_column_container\"><div class=\"vc_column-inner\"><div class=\"wpb_wrapper\"><\/div><\/div><\/div><\/div><\/div><\/div><\/div><\/div><\/div><\/section>","protected":false},"excerpt":{"rendered":"Certified Manufacturing Eyelashes craftsmanship is not an easy job. We would like to be as transparent as possible for you and are happy to tell you more about our manufacturing. AccueilPagesRoHS, SGS&#8230;We Strive to Make the Best False Eyelashes for You Quality is not a coincidence. Our quality management system includes the certification according to...","protected":false},"author":1,"featured_media":0,"parent":0,"menu_order":0,"comment_status":"closed","ping_status":"closed","template":"","meta":[],"categories":[],"tags":[],"yoast_head":"<!-- This site is optimized with the Yoast SEO Premium plugin v20.5 (Yoast SEO v20.5) - https:\/\/yoast.com\/wordpress\/plugins\/seo\/ -->\n<title>The Ultimate Factory to Manufacturing Your Eyelashes - Starseed<\/title>\n<meta name=\"description\" content=\"How Starseed makes vegan false eyelashes to boost your brand? See the eyelashes manufacturing process! We&#039;re RoHS and SGS certified.\" \/>\n<meta name=\"robots\" content=\"index, follow, max-snippet:-1, max-image-preview:large, max-video-preview:-1\" \/>\n<link rel=\"canonical\" href=\"http:\/\/starseedmakeup.com\/fr\/fabricacion-certificada\/\" \/>\n<meta property=\"og:locale\" content=\"fr_FR\" \/>\n<meta property=\"og:type\" content=\"article\" \/>\n<meta property=\"og:title\" content=\"The Ultimate Factory to Manufacturing Your Eyelashes - Starseed\" \/>\n<meta property=\"og:description\" content=\"How Starseed makes vegan false eyelashes to boost your brand? See the eyelashes manufacturing process! We&#039;re RoHS and SGS certified.\" \/>\n<meta property=\"og:url\" content=\"http:\/\/starseedmakeup.com\/fr\/fabricacion-certificada\/\" \/>\n<meta property=\"og:site_name\" content=\"Starseed\" \/>\n<meta property=\"article:modified_time\" content=\"2021-06-17T09:04:57+00:00\" \/>\n<meta name=\"twitter:card\" content=\"summary_large_image\" \/>\n<meta name=\"twitter:label1\" content=\"Est. reading time\" \/>\n\t<meta name=\"twitter:data1\" content=\"3 minutes\" \/>\n<script type=\"application\/ld+json\" class=\"yoast-schema-graph\">{\"@context\":\"https:\/\/schema.org\",\"@graph\":[{\"@type\":\"WebPage\",\"@id\":\"http:\/\/starseedmakeup.com\/es\/fabricacion-certificada\/\",\"url\":\"http:\/\/starseedmakeup.com\/es\/fabricacion-certificada\/\",\"name\":\"The Ultimate Factory to Manufacturing Your Eyelashes - Starseed\",\"isPartOf\":{\"@id\":\"http:\/\/starseedmakeup.com\/#website\"},\"datePublished\":\"2021-05-19T03:05:51+00:00\",\"dateModified\":\"2021-06-17T09:04:57+00:00\",\"description\":\"How Starseed makes vegan false eyelashes to boost your brand? See the eyelashes manufacturing process! We're RoHS and SGS certified.\",\"inLanguage\":\"fr-FR\",\"potentialAction\":[{\"@type\":\"ReadAction\",\"target\":[\"http:\/\/starseedmakeup.com\/es\/fabricacion-certificada\/\"]}]},{\"@type\":\"WebSite\",\"@id\":\"http:\/\/starseedmakeup.com\/#website\",\"url\":\"http:\/\/starseedmakeup.com\/\",\"name\":\"Starseed\",\"description\":\"Just another WordPress site\",\"potentialAction\":[{\"@type\":\"SearchAction\",\"target\":{\"@type\":\"EntryPoint\",\"urlTemplate\":\"http:\/\/starseedmakeup.com\/?s={search_term_string}\"},\"query-input\":\"required name=search_term_string\"}],\"inLanguage\":\"fr-FR\"}]}<\/script>\n<!-- \/ Yoast SEO Premium plugin. -->","yoast_head_json":{"title":"The Ultimate Factory to Manufacturing Your Eyelashes - Starseed","description":"How Starseed makes vegan false eyelashes to boost your brand? See the eyelashes manufacturing process! We're RoHS and SGS certified.","robots":{"index":"index","follow":"follow","max-snippet":"max-snippet:-1","max-image-preview":"max-image-preview:large","max-video-preview":"max-video-preview:-1"},"canonical":"http:\/\/starseedmakeup.com\/fr\/fabricacion-certificada\/","og_locale":"fr_FR","og_type":"article","og_title":"The Ultimate Factory to Manufacturing Your Eyelashes - Starseed","og_description":"How Starseed makes vegan false eyelashes to boost your brand? See the eyelashes manufacturing process! We're RoHS and SGS certified.","og_url":"http:\/\/starseedmakeup.com\/fr\/fabricacion-certificada\/","og_site_name":"Starseed","article_modified_time":"2021-06-17T09:04:57+00:00","twitter_card":"summary_large_image","twitter_misc":{"Est. reading time":"3 minutes"},"schema":{"@context":"https:\/\/schema.org","@graph":[{"@type":"WebPage","@id":"http:\/\/starseedmakeup.com\/es\/fabricacion-certificada\/","url":"http:\/\/starseedmakeup.com\/es\/fabricacion-certificada\/","name":"The Ultimate Factory to Manufacturing Your Eyelashes - Starseed","isPartOf":{"@id":"http:\/\/starseedmakeup.com\/#website"},"datePublished":"2021-05-19T03:05:51+00:00","dateModified":"2021-06-17T09:04:57+00:00","description":"How Starseed makes vegan false eyelashes to boost your brand? See the eyelashes manufacturing process! We're RoHS and SGS certified.","inLanguage":"fr-FR","potentialAction":[{"@type":"ReadAction","target":["http:\/\/starseedmakeup.com\/es\/fabricacion-certificada\/"]}]},{"@type":"WebSite","@id":"http:\/\/starseedmakeup.com\/#website","url":"http:\/\/starseedmakeup.com\/","name":"Starseed","description":"Just another WordPress site","potentialAction":[{"@type":"SearchAction","target":{"@type":"EntryPoint","urlTemplate":"http:\/\/starseedmakeup.com\/?s={search_term_string}"},"query-input":"required name=search_term_string"}],"inLanguage":"fr-FR"}]}},"_links":{"self":[{"href":"http:\/\/starseedmakeup.com\/fr\/wp-json\/wp\/v2\/pages\/3078"}],"collection":[{"href":"http:\/\/starseedmakeup.com\/fr\/wp-json\/wp\/v2\/pages"}],"about":[{"href":"http:\/\/starseedmakeup.com\/fr\/wp-json\/wp\/v2\/types\/page"}],"author":[{"embeddable":true,"href":"http:\/\/starseedmakeup.com\/fr\/wp-json\/wp\/v2\/users\/1"}],"replies":[{"embeddable":true,"href":"http:\/\/starseedmakeup.com\/fr\/wp-json\/wp\/v2\/comments?post=3078"}],"version-history":[{"count":23,"href":"http:\/\/starseedmakeup.com\/fr\/wp-json\/wp\/v2\/pages\/3078\/revisions"}],"predecessor-version":[{"id":4894,"href":"http:\/\/starseedmakeup.com\/fr\/wp-json\/wp\/v2\/pages\/3078\/revisions\/4894"}],"wp:attachment":[{"href":"http:\/\/starseedmakeup.com\/fr\/wp-json\/wp\/v2\/media?parent=3078"}],"wp:term":[{"taxonomy":"category","embeddable":true,"href":"http:\/\/starseedmakeup.com\/fr\/wp-json\/wp\/v2\/categories?post=3078"},{"taxonomy":"post_tag","embeddable":true,"href":"http:\/\/starseedmakeup.com\/fr\/wp-json\/wp\/v2\/tags?post=3078"}],"curies":[{"name":"wp","href":"https:\/\/api.w.org\/{rel}","templated":true}]}}