{"id":3080,"date":"2021-05-19T03:06:21","date_gmt":"2021-05-19T03:06:21","guid":{"rendered":"https:\/\/starseedmakeup.com\/?page_id=3080"},"modified":"2021-06-17T09:37:17","modified_gmt":"2021-06-17T09:37:17","slug":"low-moq-service","status":"publish","type":"page","link":"http:\/\/starseedmakeup.com\/fr\/low-moq-service\/","title":{"rendered":"Service de faible quantit\u00e9"},"content":{"rendered":"<section class=\"l-section wpb_row us_custom_51786714 height_medium\"><div class=\"l-section-h i-cf\"><div class=\"g-cols vc_row via_flex valign_top type_default stacking_default\"><div class=\"vc_col-sm-12 wpb_column vc_column_container\"><div class=\"vc_column-inner\"><div class=\"wpb_wrapper\"><div class=\"wpb_text_column\"><div class=\"wpb_wrapper\"><h1>Services \u00e0 faible quantit\u00e9 de pi\u00e8ces (MOQ)<\/h1>\n<p>Contrairement aux autres fabricants, Starseed s'efforce de produire des cils avec une faible quantit\u00e9 de pi\u00e8ces pour une seule raison : construire votre marque rapidement et facilement.<\/p>\n<\/div><\/div><\/div><\/div><\/div><\/div><\/div><\/section><section class=\"l-section wpb_row us_custom_217cb94a has_text_color height_small\"><div class=\"l-section-h i-cf\"><div class=\"g-cols vc_row via_flex valign_top type_default stacking_default\"><div class=\"vc_col-sm-12 wpb_column vc_column_container\"><div class=\"vc_column-inner\"><div class=\"wpb_wrapper\"><ol class=\"g-breadcrumbs us_custom_ae99f6aa has_text_color separator_icon align_none\" itemscope itemtype=\"http:\/\/schema.org\/BreadcrumbList\"><li class=\"g-breadcrumbs-item\" itemscope itemprop=\"itemListElement\" itemtype=\"http:\/\/schema.org\/ListItem\"><a itemprop=\"item\" href=\"http:\/\/starseedmakeup.com\/fr\/\"><span itemprop=\"name\">Accueil<\/span><\/a><meta itemprop=\"position\" content=\"1\"\/><\/li><li class=\"g-breadcrumbs-separator\"><i class=\"far fa-angle-right\"><\/i><\/li><li class=\"g-breadcrumbs-item\">Pages<\/li><\/ol><\/div><\/div><\/div><\/div><\/div><\/section><section class=\"l-section wpb_row height_medium\"><div class=\"l-section-h i-cf\"><div class=\"g-cols vc_row via_flex valign_middle type_default stacking_default\"><div class=\"vc_col-sm-2 wpb_column vc_column_container\"><div class=\"vc_column-inner\"><div class=\"wpb_wrapper\"><\/div><\/div><\/div><div class=\"vc_col-sm-8 wpb_column vc_column_container\"><div class=\"vc_column-inner\"><div class=\"wpb_wrapper\"><div class=\"wpb_text_column\"><div class=\"wpb_wrapper\"><h2 style=\"text-align: center;\">Plus de barri\u00e8re \u00e0 l'entr\u00e9e sur le march\u00e9<\/h2>\n<p style=\"text-align: center;\">Starseed est une entreprise cl\u00e9 en main qui propose une biblioth\u00e8que de cils standards d\u00e9j\u00e0 associ\u00e9s \u00e0 un emballage attrayant qui peut aider une marque \u00e0 se lancer rapidement sur le march\u00e9.<\/p>\n<\/div><\/div><\/div><\/div><\/div><div class=\"vc_col-sm-2 wpb_column vc_column_container\"><div class=\"vc_column-inner\"><div class=\"wpb_wrapper\"><\/div><\/div><\/div><div class=\"vc_col-sm-12 wpb_column vc_column_container\"><div class=\"vc_column-inner\"><div class=\"wpb_wrapper\"><div class=\"w-separator size_medium\"><\/div><div class=\"g-cols wpb_row via_flex valign_top type_default stacking_default\" style=\"--additional-gap:10px;\"><div class=\"vc_col-sm-3 wpb_column vc_column_container has_bg_color\"><div class=\"vc_column-inner us_custom_b992cee1\"><div class=\"wpb_wrapper\"><div class=\"w-image align_none\"><div class=\"w-image-h\"><img width=\"496\" height=\"496\" src=\"http:\/\/starseedmakeup.com\/wp-content\/uploads\/2021\/06\/Unique-Faux-Eyelashes-Designs-1.jpg\" class=\"attachment-large size-large\" alt=\"Faux cils uniques\" decoding=\"async\" loading=\"lazy\" srcset=\"http:\/\/starseedmakeup.com\/wp-content\/uploads\/2021\/06\/Unique-Faux-Eyelashes-Designs-1.jpg 496w, http:\/\/starseedmakeup.com\/wp-content\/uploads\/2021\/06\/Unique-Faux-Eyelashes-Designs-1-300x300.jpg 300w, http:\/\/starseedmakeup.com\/wp-content\/uploads\/2021\/06\/Unique-Faux-Eyelashes-Designs-1-150x150.jpg 150w\" sizes=\"(max-width: 496px) 100vw, 496px\" \/><\/div><\/div><div class=\"w-iconbox iconpos_top style_default color_custom align_center\"><div class=\"w-iconbox-icon\" style=\"font-size:2rem;color:#ef5350;\"><\/div><div class=\"w-iconbox-meta\"><h5 class=\"w-iconbox-title\">Des dessins simples mais uniques<\/h5><div class=\"w-iconbox-text\"><p>Nous vous aidons \u00e0 concevoir l'emballage unique qui vous permettra d'obtenir plus facilement une quantit\u00e9 minimale de produits, tandis que les emballages plus complexes seront r\u00e9serv\u00e9s aux grandes marques.<\/p>\n<\/div><\/div><\/div><\/div><\/div><\/div><div class=\"vc_col-sm-3 wpb_column vc_column_container has_bg_color\"><div class=\"vc_column-inner us_custom_b992cee1\"><div class=\"wpb_wrapper\"><div class=\"w-image align_none\"><div class=\"w-image-h\"><img width=\"496\" height=\"496\" src=\"http:\/\/starseedmakeup.com\/wp-content\/uploads\/2021\/06\/Quick-Eyelashes-Private-Labels-1.jpg\" class=\"attachment-large size-large\" alt=\"\u00c9tiquettes priv\u00e9es Quick Eyelashes\" decoding=\"async\" loading=\"lazy\" srcset=\"http:\/\/starseedmakeup.com\/wp-content\/uploads\/2021\/06\/Quick-Eyelashes-Private-Labels-1.jpg 496w, http:\/\/starseedmakeup.com\/wp-content\/uploads\/2021\/06\/Quick-Eyelashes-Private-Labels-1-300x300.jpg 300w, http:\/\/starseedmakeup.com\/wp-content\/uploads\/2021\/06\/Quick-Eyelashes-Private-Labels-1-150x150.jpg 150w\" sizes=\"(max-width: 496px) 100vw, 496px\" \/><\/div><\/div><div class=\"w-iconbox iconpos_top style_default color_custom align_center\"><div class=\"w-iconbox-icon\" style=\"font-size:2rem;color:#8bc34a;\"><\/div><div class=\"w-iconbox-meta\"><h5 class=\"w-iconbox-title\">\u00c9tiquettes priv\u00e9es rapides<\/h5><div class=\"w-iconbox-text\"><p>Les \u00e9tiquettes ont un MOQ plus bas et vous serez en mesure d'ajuster plus facilement par la suite, puisque vous obtenez votre emballage personnalis\u00e9 de mani\u00e8re rapide.<\/p>\n<\/div><\/div><\/div><\/div><\/div><\/div><div class=\"vc_col-sm-3 wpb_column vc_column_container has_bg_color\"><div class=\"vc_column-inner us_custom_b992cee1\"><div class=\"wpb_wrapper\"><div class=\"w-image align_none\"><div class=\"w-image-h\"><img width=\"496\" height=\"496\" src=\"http:\/\/starseedmakeup.com\/wp-content\/uploads\/2021\/06\/Pre-designed-faux-eyelashes-1.jpg\" class=\"attachment-large size-large\" alt=\"Faux cils pr\u00e9-con\u00e7us\" decoding=\"async\" loading=\"lazy\" srcset=\"http:\/\/starseedmakeup.com\/wp-content\/uploads\/2021\/06\/Pre-designed-faux-eyelashes-1.jpg 496w, http:\/\/starseedmakeup.com\/wp-content\/uploads\/2021\/06\/Pre-designed-faux-eyelashes-1-300x300.jpg 300w, http:\/\/starseedmakeup.com\/wp-content\/uploads\/2021\/06\/Pre-designed-faux-eyelashes-1-150x150.jpg 150w\" sizes=\"(max-width: 496px) 100vw, 496px\" \/><\/div><\/div><div class=\"w-iconbox iconpos_top style_default color_custom align_center\"><div class=\"w-iconbox-icon\" style=\"font-size:2rem;color:#8bc34a;\"><\/div><div class=\"w-iconbox-meta\"><h5 class=\"w-iconbox-title\">Emballage pr\u00e9-con\u00e7u<\/h5><div class=\"w-iconbox-text\"><p>Le secret de nos services \u00e0 faible QMo r\u00e9side dans les innombrables styles pr\u00e9con\u00e7us cr\u00e9\u00e9s par notre \u00e9quipe de recherche et de d\u00e9veloppement et qui sont populaires sur le march\u00e9.<\/p>\n<\/div><\/div><\/div><\/div><\/div><\/div><div class=\"vc_col-sm-3 wpb_column vc_column_container has_bg_color\"><div class=\"vc_column-inner us_custom_b992cee1\"><div class=\"wpb_wrapper\"><div class=\"w-image align_none\"><div class=\"w-image-h\"><img width=\"496\" height=\"496\" src=\"http:\/\/starseedmakeup.com\/wp-content\/uploads\/2021\/06\/In-stock-Eyelashes-Products-1.jpg\" class=\"attachment-large size-large\" alt=\"Produits de cils en stock\" decoding=\"async\" loading=\"lazy\" srcset=\"http:\/\/starseedmakeup.com\/wp-content\/uploads\/2021\/06\/In-stock-Eyelashes-Products-1.jpg 496w, http:\/\/starseedmakeup.com\/wp-content\/uploads\/2021\/06\/In-stock-Eyelashes-Products-1-300x300.jpg 300w, http:\/\/starseedmakeup.com\/wp-content\/uploads\/2021\/06\/In-stock-Eyelashes-Products-1-150x150.jpg 150w\" sizes=\"(max-width: 496px) 100vw, 496px\" \/><\/div><\/div><div class=\"w-iconbox iconpos_top style_default color_custom align_center\"><div class=\"w-iconbox-icon\" style=\"font-size:2rem;color:#8bc34a;\"><\/div><div class=\"w-iconbox-meta\"><h5 class=\"w-iconbox-title\">Produits en stock<\/h5><div class=\"w-iconbox-text\"><p>Gr\u00e2ce \u00e0 nos entrep\u00f4ts, la plupart des cils que vous choisissez dans notre catalogue sont en stock et pr\u00eats \u00e0 \u00eatre exp\u00e9di\u00e9s \u00e0 votre destination.<\/p>\n<\/div><\/div><\/div><\/div><\/div><\/div><\/div><div class=\"w-separator size_medium\"><\/div><div class=\"w-btn-wrapper align_center\"><a class=\"w-btn us-btn-style_1\" title=\"Contact\" href=\"http:\/\/starseedmakeup.com\/fr\/contact\/\"><span class=\"w-btn-label\">Parler \u00e0 l'\u00e9quipe Starseed<\/span><\/a><\/div><\/div><\/div><\/div><\/div><\/div><\/section><section class=\"l-section wpb_row height_medium\"><div class=\"l-section-h i-cf\"><div class=\"g-cols vc_row via_flex valign_middle type_default stacking_default\"><div class=\"vc_col-sm-6 wpb_column vc_column_container\"><div class=\"vc_column-inner\"><div class=\"wpb_wrapper\"><div class=\"w-image has_ratio align_none\"><div class=\"w-image-h\"><div style=\"padding-bottom:75%\"><\/div><img width=\"933\" height=\"700\" src=\"http:\/\/starseedmakeup.com\/wp-content\/uploads\/2021\/06\/customized-eyelashes-packaging-for-big-brands.jpg\" class=\"attachment-large size-large\" alt=\"emballage personnalis\u00e9 de cils pour les grandes marques\" decoding=\"async\" loading=\"lazy\" srcset=\"http:\/\/starseedmakeup.com\/wp-content\/uploads\/2021\/06\/customized-eyelashes-packaging-for-big-brands.jpg 933w, http:\/\/starseedmakeup.com\/wp-content\/uploads\/2021\/06\/customized-eyelashes-packaging-for-big-brands-300x225.jpg 300w, http:\/\/starseedmakeup.com\/wp-content\/uploads\/2021\/06\/customized-eyelashes-packaging-for-big-brands-600x450.jpg 600w\" sizes=\"(max-width: 933px) 100vw, 933px\" \/><\/div><\/div><\/div><\/div><\/div><div class=\"vc_col-sm-6 wpb_column vc_column_container\"><div class=\"vc_column-inner\"><div class=\"wpb_wrapper\"><div class=\"wpb_text_column\"><div class=\"wpb_wrapper\"><h2 style=\"text-align: left;\">Pour les grandes marques : Faible MOQ pour lancer votre nouvelle ligne de produits<\/h2>\n<p style=\"text-align: left;\">Lancer une toute nouvelle ligne de produits peut \u00eatre \u00e9puisant et risqu\u00e9. Avant de vous lancer dans la vente \u00e0 chaud de nouveaux produits, prenez le temps d'essayer un petit nombre de produits avec un service \u00e0 faible QMo.<\/p>\n<p>Chez Starseed, nous avons quelques <strong>des solutions d'emballage cr\u00e9atives<\/strong> pour vous aider \u00e0 vous mettre en place. Que vous soyez une marque mature cherchant \u00e0 lancer une nouvelle collection ou une marque plus importante cherchant \u00e0 faire un lancement en douceur, nous pouvons vous aider.<\/p>\n<\/div><\/div><div class=\"w-hwrapper align_none valign_top\"><div class=\"w-btn-wrapper align_none\"><a class=\"w-btn us-btn-style_1\" title=\"Contact\" href=\"http:\/\/starseedmakeup.com\/fr\/contact\/\"><span class=\"w-btn-label\">Obtenir la liste des prix maintenant<\/span><\/a><\/div><div class=\"w-btn-wrapper align_none\"><a class=\"w-btn us-btn-style_4\" title=\"Tous les cils\" href=\"http:\/\/starseedmakeup.com\/fr\/tous-les-cils\/\"><span class=\"w-btn-label\">Parcourir les cils<\/span><\/a><\/div><\/div><\/div><\/div><\/div><\/div><\/div><\/section><section class=\"l-section wpb_row height_medium\"><div class=\"l-section-h i-cf\"><div class=\"g-cols vc_row via_flex valign_middle type_default stacking_default\"><div class=\"vc_col-sm-6 wpb_column vc_column_container\"><div class=\"vc_column-inner\"><div class=\"wpb_wrapper\"><div class=\"wpb_text_column\"><div class=\"wpb_wrapper\"><h2 style=\"text-align: left;\">Pour les marques d\u00e9butantes : Faible MOQ pour mieux contr\u00f4ler votre budget<\/h2>\n<p>En travaillant sur un projet de R&amp;D avec nous, nous pouvons faire tourner <strong>50 pi\u00e8ces<\/strong>. Notre objectif est d'aider votre marque \u00e0 se d\u00e9velopper et \u00e0 vendre des produits rentables d\u00e8s le d\u00e9marrage.<\/p>\n<p>Starseed aide \u00e0 fournir des cils \u00e0 valeur ajout\u00e9e, ce qui est prouv\u00e9 par nos clients et notre \u00e9quipe de marketing. Nous pouvons \u00e9galement travailler ensemble pour d\u00e9couvrir le meilleur emballage possible afin d'emballer vos cils d'une mani\u00e8re rapide et facile.<\/p>\n<\/div><\/div><div class=\"w-hwrapper align_none valign_top\"><div class=\"w-btn-wrapper align_none\"><a class=\"w-btn us-btn-style_1\" title=\"Contact\" href=\"http:\/\/starseedmakeup.com\/fr\/contact\/\"><span class=\"w-btn-label\">Obtenir la liste des prix maintenant<\/span><\/a><\/div><div class=\"w-btn-wrapper align_none\"><a class=\"w-btn us-btn-style_4\" title=\"Tous les cils\" href=\"http:\/\/starseedmakeup.com\/fr\/tous-les-cils\/\"><span class=\"w-btn-label\">Parcourir les cils<\/span><\/a><\/div><\/div><\/div><\/div><\/div><div class=\"vc_col-sm-6 wpb_column vc_column_container\"><div class=\"vc_column-inner\"><div class=\"wpb_wrapper\"><div class=\"w-image has_ratio align_none\"><div class=\"w-image-h\"><div style=\"padding-bottom:75%\"><\/div><img width=\"933\" height=\"700\" src=\"http:\/\/starseedmakeup.com\/wp-content\/uploads\/2021\/06\/Strip-eyelashes-in-private-label-packaging-boxes-1.jpg\" class=\"attachment-large size-large\" alt=\"Strip eyelashes in private label packaging boxes\" decoding=\"async\" loading=\"lazy\" srcset=\"http:\/\/starseedmakeup.com\/wp-content\/uploads\/2021\/06\/Strip-eyelashes-in-private-label-packaging-boxes-1.jpg 933w, http:\/\/starseedmakeup.com\/wp-content\/uploads\/2021\/06\/Strip-eyelashes-in-private-label-packaging-boxes-1-300x225.jpg 300w, http:\/\/starseedmakeup.com\/wp-content\/uploads\/2021\/06\/Strip-eyelashes-in-private-label-packaging-boxes-1-600x450.jpg 600w\" sizes=\"(max-width: 933px) 100vw, 933px\" \/><\/div><\/div><\/div><\/div><\/div><\/div><\/div><\/section>","protected":false},"excerpt":{"rendered":"Low MOQ Services Unlike average manufacturers, Starseed strives to provide low MOQ production of your eyelashes for one thing &#8211; to build your brand quick and easy. AccueilPagesNo More Barrier to Market Entry Complementing low MOQ manufacturing, Starseed is a turnkey company that offers a library of standard eyelashes already paired with attractive packaging that...","protected":false},"author":1,"featured_media":0,"parent":0,"menu_order":0,"comment_status":"closed","ping_status":"closed","template":"","meta":[],"categories":[],"tags":[],"yoast_head":"<!-- This site is optimized with the Yoast SEO Premium plugin v20.5 (Yoast SEO v20.5) - https:\/\/yoast.com\/wordpress\/plugins\/seo\/ -->\n<title>Low MOQ Vegan Strip Eyelashes Wholesale - Starseed<\/title>\n<meta name=\"description\" content=\"Get your faux mink eyelashes and extensions with low MOQ in 50 pcs and get free samples! We help ship your eyelash products quick!\" \/>\n<meta name=\"robots\" content=\"index, follow, max-snippet:-1, max-image-preview:large, max-video-preview:-1\" \/>\n<link rel=\"canonical\" href=\"http:\/\/starseedmakeup.com\/fr\/low-moq-service\/\" \/>\n<meta property=\"og:locale\" content=\"fr_FR\" \/>\n<meta property=\"og:type\" content=\"article\" \/>\n<meta property=\"og:title\" content=\"Low MOQ Vegan Strip Eyelashes Wholesale - Starseed\" \/>\n<meta property=\"og:description\" content=\"Get your faux mink eyelashes and extensions with low MOQ in 50 pcs and get free samples! We help ship your eyelash products quick!\" \/>\n<meta property=\"og:url\" content=\"http:\/\/starseedmakeup.com\/fr\/low-moq-service\/\" \/>\n<meta property=\"og:site_name\" content=\"Starseed\" \/>\n<meta property=\"article:modified_time\" content=\"2021-06-17T09:37:17+00:00\" \/>\n<meta name=\"twitter:card\" content=\"summary_large_image\" \/>\n<meta name=\"twitter:label1\" content=\"Est. reading time\" \/>\n\t<meta name=\"twitter:data1\" content=\"2 minutes\" \/>\n<script type=\"application\/ld+json\" class=\"yoast-schema-graph\">{\"@context\":\"https:\/\/schema.org\",\"@graph\":[{\"@type\":\"WebPage\",\"@id\":\"http:\/\/starseedmakeup.com\/fr\/low-moq-service\/\",\"url\":\"http:\/\/starseedmakeup.com\/fr\/low-moq-service\/\",\"name\":\"Low MOQ Vegan Strip Eyelashes Wholesale - Starseed\",\"isPartOf\":{\"@id\":\"http:\/\/starseedmakeup.com\/#website\"},\"datePublished\":\"2021-05-19T03:06:21+00:00\",\"dateModified\":\"2021-06-17T09:37:17+00:00\",\"description\":\"Get your faux mink eyelashes and extensions with low MOQ in 50 pcs and get free samples! We help ship your eyelash products quick!\",\"inLanguage\":\"fr-FR\",\"potentialAction\":[{\"@type\":\"ReadAction\",\"target\":[\"http:\/\/starseedmakeup.com\/fr\/low-moq-service\/\"]}]},{\"@type\":\"WebSite\",\"@id\":\"http:\/\/starseedmakeup.com\/#website\",\"url\":\"http:\/\/starseedmakeup.com\/\",\"name\":\"Starseed\",\"description\":\"Just another WordPress site\",\"potentialAction\":[{\"@type\":\"SearchAction\",\"target\":{\"@type\":\"EntryPoint\",\"urlTemplate\":\"http:\/\/starseedmakeup.com\/?s={search_term_string}\"},\"query-input\":\"required name=search_term_string\"}],\"inLanguage\":\"fr-FR\"}]}<\/script>\n<!-- \/ Yoast SEO Premium plugin. -->","yoast_head_json":{"title":"Low MOQ Vegan Strip Eyelashes Wholesale - Starseed","description":"Get your faux mink eyelashes and extensions with low MOQ in 50 pcs and get free samples! We help ship your eyelash products quick!","robots":{"index":"index","follow":"follow","max-snippet":"max-snippet:-1","max-image-preview":"max-image-preview:large","max-video-preview":"max-video-preview:-1"},"canonical":"http:\/\/starseedmakeup.com\/fr\/low-moq-service\/","og_locale":"fr_FR","og_type":"article","og_title":"Low MOQ Vegan Strip Eyelashes Wholesale - Starseed","og_description":"Get your faux mink eyelashes and extensions with low MOQ in 50 pcs and get free samples! We help ship your eyelash products quick!","og_url":"http:\/\/starseedmakeup.com\/fr\/low-moq-service\/","og_site_name":"Starseed","article_modified_time":"2021-06-17T09:37:17+00:00","twitter_card":"summary_large_image","twitter_misc":{"Est. reading time":"2 minutes"},"schema":{"@context":"https:\/\/schema.org","@graph":[{"@type":"WebPage","@id":"http:\/\/starseedmakeup.com\/fr\/low-moq-service\/","url":"http:\/\/starseedmakeup.com\/fr\/low-moq-service\/","name":"Low MOQ Vegan Strip Eyelashes Wholesale - Starseed","isPartOf":{"@id":"http:\/\/starseedmakeup.com\/#website"},"datePublished":"2021-05-19T03:06:21+00:00","dateModified":"2021-06-17T09:37:17+00:00","description":"Get your faux mink eyelashes and extensions with low MOQ in 50 pcs and get free samples! We help ship your eyelash products quick!","inLanguage":"fr-FR","potentialAction":[{"@type":"ReadAction","target":["http:\/\/starseedmakeup.com\/fr\/low-moq-service\/"]}]},{"@type":"WebSite","@id":"http:\/\/starseedmakeup.com\/#website","url":"http:\/\/starseedmakeup.com\/","name":"Starseed","description":"Just another WordPress site","potentialAction":[{"@type":"SearchAction","target":{"@type":"EntryPoint","urlTemplate":"http:\/\/starseedmakeup.com\/?s={search_term_string}"},"query-input":"required name=search_term_string"}],"inLanguage":"fr-FR"}]}},"_links":{"self":[{"href":"http:\/\/starseedmakeup.com\/fr\/wp-json\/wp\/v2\/pages\/3080"}],"collection":[{"href":"http:\/\/starseedmakeup.com\/fr\/wp-json\/wp\/v2\/pages"}],"about":[{"href":"http:\/\/starseedmakeup.com\/fr\/wp-json\/wp\/v2\/types\/page"}],"author":[{"embeddable":true,"href":"http:\/\/starseedmakeup.com\/fr\/wp-json\/wp\/v2\/users\/1"}],"replies":[{"embeddable":true,"href":"http:\/\/starseedmakeup.com\/fr\/wp-json\/wp\/v2\/comments?post=3080"}],"version-history":[{"count":25,"href":"http:\/\/starseedmakeup.com\/fr\/wp-json\/wp\/v2\/pages\/3080\/revisions"}],"predecessor-version":[{"id":4904,"href":"http:\/\/starseedmakeup.com\/fr\/wp-json\/wp\/v2\/pages\/3080\/revisions\/4904"}],"wp:attachment":[{"href":"http:\/\/starseedmakeup.com\/fr\/wp-json\/wp\/v2\/media?parent=3080"}],"wp:term":[{"taxonomy":"category","embeddable":true,"href":"http:\/\/starseedmakeup.com\/fr\/wp-json\/wp\/v2\/categories?post=3080"},{"taxonomy":"post_tag","embeddable":true,"href":"http:\/\/starseedmakeup.com\/fr\/wp-json\/wp\/v2\/tags?post=3080"}],"curies":[{"name":"wp","href":"https:\/\/api.w.org\/{rel}","templated":true}]}}