{"id":3086,"date":"2021-05-19T03:07:20","date_gmt":"2021-05-19T03:07:20","guid":{"rendered":"https:\/\/starseedmakeup.com\/?page_id=3086"},"modified":"2021-06-12T05:18:21","modified_gmt":"2021-06-12T05:18:21","slug":"on-time-delivery","status":"publish","type":"page","link":"http:\/\/starseedmakeup.com\/fr\/livraison-a-temps\/","title":{"rendered":"Livraison dans les d\u00e9lais"},"content":{"rendered":"<section class=\"l-section wpb_row us_custom_8e7eead6 height_medium\"><div class=\"l-section-h i-cf\"><div class=\"g-cols vc_row via_flex valign_top type_default stacking_default\"><div class=\"vc_col-sm-12 wpb_column vc_column_container\"><div class=\"vc_column-inner\"><div class=\"wpb_wrapper\"><div class=\"wpb_text_column\"><div class=\"wpb_wrapper\"><h1>99% Livraison \u00e0 temps<\/h1>\n<p>Chaque jour, nous exp\u00e9dions vos cils par DHL ou FedEx afin de garantir une livraison rapide en 3 jours.<\/p>\n<\/div><\/div><\/div><\/div><\/div><\/div><\/div><\/section><section class=\"l-section wpb_row us_custom_217cb94a has_text_color height_small\"><div class=\"l-section-h i-cf\"><div class=\"g-cols vc_row via_flex valign_top type_default stacking_default\"><div class=\"vc_col-sm-12 wpb_column vc_column_container\"><div class=\"vc_column-inner\"><div class=\"wpb_wrapper\"><ol class=\"g-breadcrumbs us_custom_ae99f6aa has_text_color separator_icon align_none\" itemscope itemtype=\"http:\/\/schema.org\/BreadcrumbList\"><li class=\"g-breadcrumbs-item\" itemscope itemprop=\"itemListElement\" itemtype=\"http:\/\/schema.org\/ListItem\"><a itemprop=\"item\" href=\"http:\/\/starseedmakeup.com\/fr\/\"><span itemprop=\"name\">Accueil<\/span><\/a><meta itemprop=\"position\" content=\"1\"\/><\/li><li class=\"g-breadcrumbs-separator\"><i class=\"far fa-angle-right\"><\/i><\/li><li class=\"g-breadcrumbs-item\">Pages<\/li><\/ol><\/div><\/div><\/div><\/div><\/div><\/section><section class=\"l-section wpb_row height_medium\"><div class=\"l-section-h i-cf\"><div class=\"g-cols vc_row via_flex valign_middle type_default stacking_default\"><div class=\"vc_col-sm-12 wpb_column vc_column_container\"><div class=\"vc_column-inner\"><div class=\"wpb_wrapper\"><div class=\"g-cols wpb_row via_flex valign_middle type_default stacking_default\"><div class=\"vc_col-sm-6 wpb_column vc_column_container\"><div class=\"vc_column-inner\"><div class=\"wpb_wrapper\"><div class=\"wpb_text_column\"><div class=\"wpb_wrapper\"><h2>Starseed 99% Livraison \u00e0 temps<\/h2>\n<p>La livraison dans les d\u00e9lais de cils de qualit\u00e9 est souvent cit\u00e9e comme le facteur le plus important de la performance des fournisseurs.<\/p>\n<p>Starseed a \u00e9t\u00e9 le premier fournisseur en Chine \u00e0 fournir un calcul pr\u00e9cis des frais et des d\u00e9lais d'exp\u00e9dition, et nous continuons \u00e0 le faire pour aider nos clients \u00e0 obtenir des frais d'exp\u00e9dition plus bas et des r\u00e9sultats plus rapides.<\/p>\n<p>Nous sommes des experts en gestion des stocks et en optimisation de la cha\u00eene d'approvisionnement. Nous sommes pr\u00eats \u00e0 vous montrer comment le respect des d\u00e9lais de livraison peut vous aider \u00e0 gagner plus d'argent.<\/p>\n<\/div><\/div><\/div><\/div><\/div><div class=\"vc_col-sm-6 wpb_column vc_column_container\"><div class=\"vc_column-inner\"><div class=\"wpb_wrapper\"><div class=\"w-image has_ratio align_none\"><div class=\"w-image-h\"><div style=\"padding-bottom:75%\"><\/div><img width=\"597\" height=\"448\" src=\"http:\/\/starseedmakeup.com\/wp-content\/uploads\/2021\/06\/Starseed-eyelashes-quick-delivery-review.png\" class=\"attachment-large size-large\" alt=\"Starseed eyelashes quick delivery avis\" decoding=\"async\" loading=\"lazy\" srcset=\"http:\/\/starseedmakeup.com\/wp-content\/uploads\/2021\/06\/Starseed-eyelashes-quick-delivery-review.png 597w, http:\/\/starseedmakeup.com\/wp-content\/uploads\/2021\/06\/Starseed-eyelashes-quick-delivery-review-300x225.png 300w\" sizes=\"(max-width: 597px) 100vw, 597px\" \/><\/div><\/div><\/div><\/div><\/div><\/div><div class=\"w-separator size_medium\"><\/div><div class=\"g-cols wpb_row via_flex valign_middle type_default stacking_default\"><div class=\"vc_col-sm-6 wpb_column vc_column_container\"><div class=\"vc_column-inner\"><div class=\"wpb_wrapper\"><div class=\"w-image has_ratio align_none\"><div class=\"w-image-h\"><div style=\"padding-bottom:75%\"><\/div><img width=\"814\" height=\"610\" src=\"http:\/\/starseedmakeup.com\/wp-content\/uploads\/2021\/06\/DHL-and-FedEx-eyelashes-delivery-1.jpg\" class=\"attachment-large size-large\" alt=\"Livraison de cils par DHL et FedEx\" decoding=\"async\" loading=\"lazy\" srcset=\"http:\/\/starseedmakeup.com\/wp-content\/uploads\/2021\/06\/DHL-and-FedEx-eyelashes-delivery-1.jpg 814w, http:\/\/starseedmakeup.com\/wp-content\/uploads\/2021\/06\/DHL-and-FedEx-eyelashes-delivery-1-300x225.jpg 300w, http:\/\/starseedmakeup.com\/wp-content\/uploads\/2021\/06\/DHL-and-FedEx-eyelashes-delivery-1-600x450.jpg 600w\" sizes=\"(max-width: 814px) 100vw, 814px\" \/><\/div><\/div><\/div><\/div><\/div><div class=\"vc_col-sm-6 wpb_column vc_column_container\"><div class=\"vc_column-inner\"><div class=\"wpb_wrapper\"><div class=\"wpb_text_column\"><div class=\"wpb_wrapper\"><h2>Partenariat entre DHL et FedEx<\/h2>\n<p>Nous travaillons en partenariat avec DHL et FedEx pour fournir officiellement <strong>Services d'exp\u00e9dition rapides et actualis\u00e9s en temps r\u00e9el (5-7 jours)<\/strong> aux clients du monde entier. Vos commandes de cils n'ont aucune raison d'\u00eatre retard\u00e9es ou de souffrir d'un retard de livraison.<\/p>\n<p>En tant qu'usine de fabrication de cils, Starseed respecte votre budget et propose des frais d'exp\u00e9dition gratuits et des conseils sur les d\u00e9lais d'exp\u00e9dition. Nous avons une grande exp\u00e9rience en mati\u00e8re de politique douani\u00e8re et d'exp\u00e9dition dans diff\u00e9rents pays, ce qui nous permet de contr\u00f4ler l'exp\u00e9dition mieux, plus rapidement que d'autres fabricants.<\/p>\n<\/div><\/div><\/div><\/div><\/div><\/div><\/div><\/div><\/div><\/div><\/div><\/section>","protected":false},"excerpt":{"rendered":"99% On-Time Delivery Everyday, we ship out your eyelashes via DHL or FedEx to ensure prompt delivery as fast as 3 days. AccueilPagesStarseed 99% On-Time Delivery On-time delivery of quality eyelashes is often cited as the most critical driver of supplier performance. Starseed became the first supplier in China to provide accurate shipping fee and...","protected":false},"author":1,"featured_media":0,"parent":0,"menu_order":0,"comment_status":"closed","ping_status":"closed","template":"","meta":[],"categories":[],"tags":[],"yoast_head":"<!-- This site is optimized with the Yoast SEO Premium plugin v20.5 (Yoast SEO v20.5) - https:\/\/yoast.com\/wordpress\/plugins\/seo\/ -->\n<title>Quick Eyelashes Delivery Services from Factory - Starseed<\/title>\n<meta name=\"description\" content=\"Starseed provides a 99% on-time delivery to your eyelashes! We partner with DHL and FedEx to ship eyelashes globally. Click to learn more!\" \/>\n<meta name=\"robots\" content=\"index, follow, max-snippet:-1, max-image-preview:large, max-video-preview:-1\" \/>\n<link rel=\"canonical\" href=\"http:\/\/starseedmakeup.com\/fr\/livraison-a-temps\/\" \/>\n<meta property=\"og:locale\" content=\"fr_FR\" \/>\n<meta property=\"og:type\" content=\"article\" \/>\n<meta property=\"og:title\" content=\"Quick Eyelashes Delivery Services from Factory - Starseed\" \/>\n<meta property=\"og:description\" content=\"Starseed provides a 99% on-time delivery to your eyelashes! We partner with DHL and FedEx to ship eyelashes globally. Click to learn more!\" \/>\n<meta property=\"og:url\" content=\"http:\/\/starseedmakeup.com\/fr\/livraison-a-temps\/\" \/>\n<meta property=\"og:site_name\" content=\"Starseed\" \/>\n<meta property=\"article:modified_time\" content=\"2021-06-12T05:18:21+00:00\" \/>\n<meta name=\"twitter:card\" content=\"summary_large_image\" \/>\n<meta name=\"twitter:label1\" content=\"Est. reading time\" \/>\n\t<meta name=\"twitter:data1\" content=\"1 minute\" \/>\n<script type=\"application\/ld+json\" class=\"yoast-schema-graph\">{\"@context\":\"https:\/\/schema.org\",\"@graph\":[{\"@type\":\"WebPage\",\"@id\":\"http:\/\/starseedmakeup.com\/fr\/livraison-a-temps\/\",\"url\":\"http:\/\/starseedmakeup.com\/fr\/livraison-a-temps\/\",\"name\":\"Quick Eyelashes Delivery Services from Factory - Starseed\",\"isPartOf\":{\"@id\":\"http:\/\/starseedmakeup.com\/#website\"},\"datePublished\":\"2021-05-19T03:07:20+00:00\",\"dateModified\":\"2021-06-12T05:18:21+00:00\",\"description\":\"Starseed provides a 99% on-time delivery to your eyelashes! We partner with DHL and FedEx to ship eyelashes globally. Click to learn more!\",\"inLanguage\":\"fr-FR\",\"potentialAction\":[{\"@type\":\"ReadAction\",\"target\":[\"http:\/\/starseedmakeup.com\/fr\/livraison-a-temps\/\"]}]},{\"@type\":\"WebSite\",\"@id\":\"http:\/\/starseedmakeup.com\/#website\",\"url\":\"http:\/\/starseedmakeup.com\/\",\"name\":\"Starseed\",\"description\":\"Just another WordPress site\",\"potentialAction\":[{\"@type\":\"SearchAction\",\"target\":{\"@type\":\"EntryPoint\",\"urlTemplate\":\"http:\/\/starseedmakeup.com\/?s={search_term_string}\"},\"query-input\":\"required name=search_term_string\"}],\"inLanguage\":\"fr-FR\"}]}<\/script>\n<!-- \/ Yoast SEO Premium plugin. -->","yoast_head_json":{"title":"Quick Eyelashes Delivery Services from Factory - Starseed","description":"Starseed provides a 99% on-time delivery to your eyelashes! We partner with DHL and FedEx to ship eyelashes globally. Click to learn more!","robots":{"index":"index","follow":"follow","max-snippet":"max-snippet:-1","max-image-preview":"max-image-preview:large","max-video-preview":"max-video-preview:-1"},"canonical":"http:\/\/starseedmakeup.com\/fr\/livraison-a-temps\/","og_locale":"fr_FR","og_type":"article","og_title":"Quick Eyelashes Delivery Services from Factory - Starseed","og_description":"Starseed provides a 99% on-time delivery to your eyelashes! We partner with DHL and FedEx to ship eyelashes globally. Click to learn more!","og_url":"http:\/\/starseedmakeup.com\/fr\/livraison-a-temps\/","og_site_name":"Starseed","article_modified_time":"2021-06-12T05:18:21+00:00","twitter_card":"summary_large_image","twitter_misc":{"Est. reading time":"1 minute"},"schema":{"@context":"https:\/\/schema.org","@graph":[{"@type":"WebPage","@id":"http:\/\/starseedmakeup.com\/fr\/livraison-a-temps\/","url":"http:\/\/starseedmakeup.com\/fr\/livraison-a-temps\/","name":"Quick Eyelashes Delivery Services from Factory - Starseed","isPartOf":{"@id":"http:\/\/starseedmakeup.com\/#website"},"datePublished":"2021-05-19T03:07:20+00:00","dateModified":"2021-06-12T05:18:21+00:00","description":"Starseed provides a 99% on-time delivery to your eyelashes! We partner with DHL and FedEx to ship eyelashes globally. Click to learn more!","inLanguage":"fr-FR","potentialAction":[{"@type":"ReadAction","target":["http:\/\/starseedmakeup.com\/fr\/livraison-a-temps\/"]}]},{"@type":"WebSite","@id":"http:\/\/starseedmakeup.com\/#website","url":"http:\/\/starseedmakeup.com\/","name":"Starseed","description":"Just another WordPress site","potentialAction":[{"@type":"SearchAction","target":{"@type":"EntryPoint","urlTemplate":"http:\/\/starseedmakeup.com\/?s={search_term_string}"},"query-input":"required name=search_term_string"}],"inLanguage":"fr-FR"}]}},"_links":{"self":[{"href":"http:\/\/starseedmakeup.com\/fr\/wp-json\/wp\/v2\/pages\/3086"}],"collection":[{"href":"http:\/\/starseedmakeup.com\/fr\/wp-json\/wp\/v2\/pages"}],"about":[{"href":"http:\/\/starseedmakeup.com\/fr\/wp-json\/wp\/v2\/types\/page"}],"author":[{"embeddable":true,"href":"http:\/\/starseedmakeup.com\/fr\/wp-json\/wp\/v2\/users\/1"}],"replies":[{"embeddable":true,"href":"http:\/\/starseedmakeup.com\/fr\/wp-json\/wp\/v2\/comments?post=3086"}],"version-history":[{"count":15,"href":"http:\/\/starseedmakeup.com\/fr\/wp-json\/wp\/v2\/pages\/3086\/revisions"}],"predecessor-version":[{"id":3690,"href":"http:\/\/starseedmakeup.com\/fr\/wp-json\/wp\/v2\/pages\/3086\/revisions\/3690"}],"wp:attachment":[{"href":"http:\/\/starseedmakeup.com\/fr\/wp-json\/wp\/v2\/media?parent=3086"}],"wp:term":[{"taxonomy":"category","embeddable":true,"href":"http:\/\/starseedmakeup.com\/fr\/wp-json\/wp\/v2\/categories?post=3086"},{"taxonomy":"post_tag","embeddable":true,"href":"http:\/\/starseedmakeup.com\/fr\/wp-json\/wp\/v2\/tags?post=3086"}],"curies":[{"name":"wp","href":"https:\/\/api.w.org\/{rel}","templated":true}]}}