{"id":3088,"date":"2021-05-19T03:07:37","date_gmt":"2021-05-19T03:07:37","guid":{"rendered":"https:\/\/starseedmakeup.com\/?page_id=3088"},"modified":"2021-06-17T09:36:11","modified_gmt":"2021-06-17T09:36:11","slug":"in-stock-supplies","status":"publish","type":"page","link":"http:\/\/starseedmakeup.com\/fr\/approvisionnements-en-stock\/","title":{"rendered":"Fournitures en stock"},"content":{"rendered":"<section class=\"l-section wpb_row us_custom_51786714 height_medium\"><div class=\"l-section-h i-cf\"><div class=\"g-cols vc_row via_flex valign_top type_default stacking_default\"><div class=\"vc_col-sm-12 wpb_column vc_column_container\"><div class=\"vc_column-inner\"><div class=\"wpb_wrapper\"><div class=\"wpb_text_column\"><div class=\"wpb_wrapper\"><h1>Fournitures en stock<\/h1>\n<p>Le moyen le plus rapide d'obtenir vos cils en hauteur est d'apposer une \u00e9tiquette priv\u00e9e sur les cils en stock avec les informations relatives \u00e0 votre marque.<\/p>\n<\/div><\/div><\/div><\/div><\/div><\/div><\/div><\/section><section class=\"l-section wpb_row us_custom_217cb94a has_text_color height_small\"><div class=\"l-section-h i-cf\"><div class=\"g-cols vc_row via_flex valign_top type_default stacking_default\"><div class=\"vc_col-sm-12 wpb_column vc_column_container\"><div class=\"vc_column-inner\"><div class=\"wpb_wrapper\"><ol class=\"g-breadcrumbs us_custom_ae99f6aa has_text_color separator_icon align_none\" itemscope itemtype=\"http:\/\/schema.org\/BreadcrumbList\"><li class=\"g-breadcrumbs-item\" itemscope itemprop=\"itemListElement\" itemtype=\"http:\/\/schema.org\/ListItem\"><a itemprop=\"item\" href=\"http:\/\/starseedmakeup.com\/fr\/\"><span itemprop=\"name\">Accueil<\/span><\/a><meta itemprop=\"position\" content=\"1\"\/><\/li><li class=\"g-breadcrumbs-separator\"><i class=\"far fa-angle-right\"><\/i><\/li><li class=\"g-breadcrumbs-item\">Pages<\/li><\/ol><\/div><\/div><\/div><\/div><\/div><\/section><section class=\"l-section wpb_row height_medium\"><div class=\"l-section-h i-cf\"><div class=\"g-cols vc_row via_flex valign_middle type_default stacking_default\"><div class=\"vc_col-sm-6 wpb_column vc_column_container\"><div class=\"vc_column-inner\"><div class=\"wpb_wrapper\"><div class=\"wpb_text_column\"><div class=\"wpb_wrapper\"><h2>Nous sommes dans l'inventaire pour que vous n'ayez pas \u00e0 l'\u00eatre.<\/h2>\n<\/div><\/div><div class=\"wpb_text_column\"><div class=\"wpb_wrapper\"><p>L'inventaire peut repr\u00e9senter <strong>20% \u00e0 30%<\/strong> des actifs totaux de votre entreprise. Il s'agit d'argent qui n'a pas \u00e9t\u00e9 investi dans les vendeurs, le d\u00e9veloppement de produits, les primes aux employ\u00e9s, les acquisitions strat\u00e9giques ou tout autre levier utilis\u00e9 pour faire cro\u00eetre votre entreprise de cils.<\/p>\n<p>Starseed comprend vos besoins en <strong>Stockage des cils les plus populaires dans notre usine<\/strong>. Qu'il s'agisse de votre premier achat ou d'une commande r\u00e9p\u00e9t\u00e9e, nous pouvons vous aider \u00e0 raccourcir vos d\u00e9lais de livraison en quelques jours seulement.<\/p>\n<\/div><\/div><div class=\"w-btn-wrapper align_none\"><a class=\"w-btn us-btn-style_1\" title=\"Contact\" href=\"http:\/\/starseedmakeup.com\/fr\/contact\/\"><span class=\"w-btn-label\">Obtenir un catalogue en stock<\/span><\/a><\/div><\/div><\/div><\/div><div class=\"vc_col-sm-6 wpb_column vc_column_container\"><div class=\"vc_column-inner\"><div class=\"wpb_wrapper\"><div class=\"w-image has_ratio align_none\"><div class=\"w-image-h\"><div style=\"padding-bottom:75%\"><\/div><img width=\"882\" height=\"661\" src=\"http:\/\/starseedmakeup.com\/wp-content\/uploads\/2021\/06\/instock-false-eyelashes-Starseed-warehouse-1.jpg\" class=\"attachment-large size-large\" alt=\"faux cils en stock entrep\u00f4t Starseed\" decoding=\"async\" loading=\"lazy\" srcset=\"http:\/\/starseedmakeup.com\/wp-content\/uploads\/2021\/06\/instock-false-eyelashes-Starseed-warehouse-1.jpg 882w, http:\/\/starseedmakeup.com\/wp-content\/uploads\/2021\/06\/instock-false-eyelashes-Starseed-warehouse-1-300x225.jpg 300w, http:\/\/starseedmakeup.com\/wp-content\/uploads\/2021\/06\/instock-false-eyelashes-Starseed-warehouse-1-600x450.jpg 600w\" sizes=\"(max-width: 882px) 100vw, 882px\" \/><\/div><\/div><\/div><\/div><\/div><\/div><\/div><\/section><section class=\"l-section wpb_row us_custom_0d15be52 height_medium\"><div class=\"l-section-h i-cf\"><div class=\"g-cols vc_row via_flex valign_top type_default stacking_default\"><div class=\"vc_col-sm-12 wpb_column vc_column_container\"><div class=\"vc_column-inner\"><div class=\"wpb_wrapper\"><div class=\"g-cols wpb_row via_flex valign_top type_default stacking_default\"><div class=\"vc_col-sm-2 wpb_column vc_column_container\"><div class=\"vc_column-inner\"><div class=\"wpb_wrapper\"><\/div><\/div><\/div><div class=\"vc_col-sm-8 wpb_column vc_column_container\"><div class=\"vc_column-inner\"><div class=\"wpb_wrapper\"><div class=\"wpb_text_column\"><div class=\"wpb_wrapper\"><h2 style=\"text-align: center;\">Moins de stocks = moins de pression sur la tr\u00e9sorerie<\/h2>\n<\/div><\/div><div class=\"wpb_text_column\"><div class=\"wpb_wrapper\"><p style=\"text-align: center;\">Les stocks occupent beaucoup de liquidit\u00e9s et co\u00fbtent cher \u00e0 entretenir. Une cha\u00eene d'approvisionnement plus efficace minimisera votre investissement dans les stocks. Starseed s'associera \u00e0 vous pour retirer les stocks de votre bilan et les d\u00e9penses li\u00e9es aux stocks de votre compte de r\u00e9sultat. Nous nous occupons de tout.<\/p>\n<\/div><\/div><div class=\"w-separator size_small\"><\/div><\/div><\/div><\/div><div class=\"vc_col-sm-2 wpb_column vc_column_container\"><div class=\"vc_column-inner\"><div class=\"wpb_wrapper\"><\/div><\/div><\/div><\/div><div class=\"g-cols wpb_row via_flex valign_top type_default stacking_default\"><div class=\"vc_col-sm-6 wpb_column vc_column_container\"><div class=\"vc_column-inner\"><div class=\"wpb_wrapper\"><div class=\"w-vwrapper us_custom_378781bd align_none valign_top\"><div class=\"w-image has_ratio align_none\"><div class=\"w-image-h\"><div style=\"padding-bottom:56.25%\"><\/div><img width=\"883\" height=\"496\" src=\"http:\/\/starseedmakeup.com\/wp-content\/uploads\/2021\/06\/factory-warehousing-false-eyelashes-1.jpg\" class=\"attachment-large size-large\" alt=\"usine d&#039;entreposage de faux cils\" decoding=\"async\" loading=\"lazy\" srcset=\"http:\/\/starseedmakeup.com\/wp-content\/uploads\/2021\/06\/factory-warehousing-false-eyelashes-1.jpg 883w, http:\/\/starseedmakeup.com\/wp-content\/uploads\/2021\/06\/factory-warehousing-false-eyelashes-1-300x169.jpg 300w, http:\/\/starseedmakeup.com\/wp-content\/uploads\/2021\/06\/factory-warehousing-false-eyelashes-1-600x337.jpg 600w\" sizes=\"(max-width: 883px) 100vw, 883px\" \/><\/div><\/div><div class=\"wpb_text_column us_custom_2c4f4a12\"><div class=\"wpb_wrapper\"><h4>Entreposage en usine<\/h4>\n<p>\u25cf Exp\u00e9dition instantan\u00e9e pour les cils en stock<br \/>\n\u25cf M\u00e9thodes d'exp\u00e9dition illimit\u00e9es<br \/>\n\u25cf Supervision de l'entreposage 24 heures sur 24<\/p>\n<\/div><\/div><\/div><\/div><\/div><\/div><div class=\"vc_col-sm-6 wpb_column vc_column_container\"><div class=\"vc_column-inner\"><div class=\"wpb_wrapper\"><div class=\"w-vwrapper us_custom_378781bd align_none valign_top\"><div class=\"w-image has_ratio align_none\"><div class=\"w-image-h\"><div style=\"padding-bottom:56.25%\"><\/div><img width=\"669\" height=\"376\" src=\"http:\/\/starseedmakeup.com\/wp-content\/uploads\/2021\/06\/Popular-Lash-Styes-wholesale-1.jpg\" class=\"attachment-large size-large\" alt=\"Styles de cils populaires en gros\" decoding=\"async\" loading=\"lazy\" srcset=\"http:\/\/starseedmakeup.com\/wp-content\/uploads\/2021\/06\/Popular-Lash-Styes-wholesale-1.jpg 669w, http:\/\/starseedmakeup.com\/wp-content\/uploads\/2021\/06\/Popular-Lash-Styes-wholesale-1-300x169.jpg 300w, http:\/\/starseedmakeup.com\/wp-content\/uploads\/2021\/06\/Popular-Lash-Styes-wholesale-1-600x337.jpg 600w\" sizes=\"(max-width: 669px) 100vw, 669px\" \/><\/div><\/div><div class=\"wpb_text_column us_custom_2c4f4a12\"><div class=\"wpb_wrapper\"><h4>Mise \u00e0 jour de la coiffure des cils<\/h4>\n<p>\u25cf Styles de cils les plus populaires en stock<br \/>\n\u25cf \u00c9tiquetage priv\u00e9 instantan\u00e9<br \/>\n\u25cf Emballage pr\u00e9-con\u00e7u pour les cils<\/p>\n<\/div><\/div><\/div><\/div><\/div><\/div><\/div><\/div><\/div><\/div><\/div><\/div><\/section>","protected":false},"excerpt":{"rendered":"In-Stock Supplies The quickest way to get your high eyelashes is to private label the instock eyelashes with your brand information. AccueilPagesWe Are in the Inventory Business So You Don&#8217;t Have to Be. Inventory can represent 20% to 30% of your company\u2019s total assets. These are dollars not invested in salespeople, product development, employee incentives,...","protected":false},"author":1,"featured_media":0,"parent":0,"menu_order":0,"comment_status":"closed","ping_status":"closed","template":"","meta":[],"categories":[],"tags":[],"yoast_head":"<!-- This site is optimized with the Yoast SEO Premium plugin v20.5 (Yoast SEO v20.5) - https:\/\/yoast.com\/wordpress\/plugins\/seo\/ -->\n<title>Instock Vegan False Eyelashes Wholesale Supplies - Starseed<\/title>\n<meta name=\"description\" content=\"Get wholesale false eyelashes with your private label in 7 days! Starseed offers quick delivery and 200+ eyelashes styles for you!\" \/>\n<meta name=\"robots\" content=\"index, follow, max-snippet:-1, max-image-preview:large, max-video-preview:-1\" \/>\n<link rel=\"canonical\" href=\"http:\/\/starseedmakeup.com\/fr\/approvisionnements-en-stock\/\" \/>\n<meta property=\"og:locale\" content=\"fr_FR\" \/>\n<meta property=\"og:type\" content=\"article\" \/>\n<meta property=\"og:title\" content=\"Instock Vegan False Eyelashes Wholesale Supplies - Starseed\" \/>\n<meta property=\"og:description\" content=\"Get wholesale false eyelashes with your private label in 7 days! Starseed offers quick delivery and 200+ eyelashes styles for you!\" \/>\n<meta property=\"og:url\" content=\"http:\/\/starseedmakeup.com\/fr\/approvisionnements-en-stock\/\" \/>\n<meta property=\"og:site_name\" content=\"Starseed\" \/>\n<meta property=\"article:modified_time\" content=\"2021-06-17T09:36:11+00:00\" \/>\n<meta name=\"twitter:card\" content=\"summary_large_image\" \/>\n<meta name=\"twitter:label1\" content=\"Est. reading time\" \/>\n\t<meta name=\"twitter:data1\" content=\"1 minute\" \/>\n<script type=\"application\/ld+json\" class=\"yoast-schema-graph\">{\"@context\":\"https:\/\/schema.org\",\"@graph\":[{\"@type\":\"WebPage\",\"@id\":\"http:\/\/starseedmakeup.com\/fr\/approvisionnements-en-stock\/\",\"url\":\"http:\/\/starseedmakeup.com\/fr\/approvisionnements-en-stock\/\",\"name\":\"Instock Vegan False Eyelashes Wholesale Supplies - Starseed\",\"isPartOf\":{\"@id\":\"http:\/\/starseedmakeup.com\/#website\"},\"datePublished\":\"2021-05-19T03:07:37+00:00\",\"dateModified\":\"2021-06-17T09:36:11+00:00\",\"description\":\"Get wholesale false eyelashes with your private label in 7 days! Starseed offers quick delivery and 200+ eyelashes styles for you!\",\"inLanguage\":\"fr-FR\",\"potentialAction\":[{\"@type\":\"ReadAction\",\"target\":[\"http:\/\/starseedmakeup.com\/fr\/approvisionnements-en-stock\/\"]}]},{\"@type\":\"WebSite\",\"@id\":\"http:\/\/starseedmakeup.com\/#website\",\"url\":\"http:\/\/starseedmakeup.com\/\",\"name\":\"Starseed\",\"description\":\"Just another WordPress site\",\"potentialAction\":[{\"@type\":\"SearchAction\",\"target\":{\"@type\":\"EntryPoint\",\"urlTemplate\":\"http:\/\/starseedmakeup.com\/?s={search_term_string}\"},\"query-input\":\"required name=search_term_string\"}],\"inLanguage\":\"fr-FR\"}]}<\/script>\n<!-- \/ Yoast SEO Premium plugin. -->","yoast_head_json":{"title":"Instock Vegan False Eyelashes Wholesale Supplies - Starseed","description":"Get wholesale false eyelashes with your private label in 7 days! Starseed offers quick delivery and 200+ eyelashes styles for you!","robots":{"index":"index","follow":"follow","max-snippet":"max-snippet:-1","max-image-preview":"max-image-preview:large","max-video-preview":"max-video-preview:-1"},"canonical":"http:\/\/starseedmakeup.com\/fr\/approvisionnements-en-stock\/","og_locale":"fr_FR","og_type":"article","og_title":"Instock Vegan False Eyelashes Wholesale Supplies - Starseed","og_description":"Get wholesale false eyelashes with your private label in 7 days! Starseed offers quick delivery and 200+ eyelashes styles for you!","og_url":"http:\/\/starseedmakeup.com\/fr\/approvisionnements-en-stock\/","og_site_name":"Starseed","article_modified_time":"2021-06-17T09:36:11+00:00","twitter_card":"summary_large_image","twitter_misc":{"Est. reading time":"1 minute"},"schema":{"@context":"https:\/\/schema.org","@graph":[{"@type":"WebPage","@id":"http:\/\/starseedmakeup.com\/fr\/approvisionnements-en-stock\/","url":"http:\/\/starseedmakeup.com\/fr\/approvisionnements-en-stock\/","name":"Instock Vegan False Eyelashes Wholesale Supplies - Starseed","isPartOf":{"@id":"http:\/\/starseedmakeup.com\/#website"},"datePublished":"2021-05-19T03:07:37+00:00","dateModified":"2021-06-17T09:36:11+00:00","description":"Get wholesale false eyelashes with your private label in 7 days! Starseed offers quick delivery and 200+ eyelashes styles for you!","inLanguage":"fr-FR","potentialAction":[{"@type":"ReadAction","target":["http:\/\/starseedmakeup.com\/fr\/approvisionnements-en-stock\/"]}]},{"@type":"WebSite","@id":"http:\/\/starseedmakeup.com\/#website","url":"http:\/\/starseedmakeup.com\/","name":"Starseed","description":"Just another WordPress site","potentialAction":[{"@type":"SearchAction","target":{"@type":"EntryPoint","urlTemplate":"http:\/\/starseedmakeup.com\/?s={search_term_string}"},"query-input":"required name=search_term_string"}],"inLanguage":"fr-FR"}]}},"_links":{"self":[{"href":"http:\/\/starseedmakeup.com\/fr\/wp-json\/wp\/v2\/pages\/3088"}],"collection":[{"href":"http:\/\/starseedmakeup.com\/fr\/wp-json\/wp\/v2\/pages"}],"about":[{"href":"http:\/\/starseedmakeup.com\/fr\/wp-json\/wp\/v2\/types\/page"}],"author":[{"embeddable":true,"href":"http:\/\/starseedmakeup.com\/fr\/wp-json\/wp\/v2\/users\/1"}],"replies":[{"embeddable":true,"href":"http:\/\/starseedmakeup.com\/fr\/wp-json\/wp\/v2\/comments?post=3088"}],"version-history":[{"count":23,"href":"http:\/\/starseedmakeup.com\/fr\/wp-json\/wp\/v2\/pages\/3088\/revisions"}],"predecessor-version":[{"id":4902,"href":"http:\/\/starseedmakeup.com\/fr\/wp-json\/wp\/v2\/pages\/3088\/revisions\/4902"}],"wp:attachment":[{"href":"http:\/\/starseedmakeup.com\/fr\/wp-json\/wp\/v2\/media?parent=3088"}],"wp:term":[{"taxonomy":"category","embeddable":true,"href":"http:\/\/starseedmakeup.com\/fr\/wp-json\/wp\/v2\/categories?post=3088"},{"taxonomy":"post_tag","embeddable":true,"href":"http:\/\/starseedmakeup.com\/fr\/wp-json\/wp\/v2\/tags?post=3088"}],"curies":[{"name":"wp","href":"https:\/\/api.w.org\/{rel}","templated":true}]}}