{"id":3092,"date":"2021-05-19T03:08:12","date_gmt":"2021-05-19T03:08:12","guid":{"rendered":"https:\/\/starseedmakeup.com\/?page_id=3092"},"modified":"2021-06-11T07:26:57","modified_gmt":"2021-06-11T07:26:57","slug":"ethical-sourcing","status":"publish","type":"page","link":"http:\/\/starseedmakeup.com\/fr\/approvisionnement-ethique\/","title":{"rendered":"Approvisionnement \u00e9thique"},"content":{"rendered":"<section class=\"l-section wpb_row us_custom_51786714 height_medium\"><div class=\"l-section-h i-cf\"><div class=\"g-cols vc_row via_flex valign_top type_default stacking_default\"><div class=\"vc_col-sm-12 wpb_column vc_column_container\"><div class=\"vc_column-inner\"><div class=\"wpb_wrapper\"><div class=\"wpb_text_column\"><div class=\"wpb_wrapper\"><h1>Approvisionnement \u00e9thique<\/h1>\n<p>Nous cr\u00e9ons \u00e0 la main des faux cils v\u00e9g\u00e9taliens et sans cruaut\u00e9, avec la conviction qu'il existe une paire de cils parfaite pour tout le monde, sans tuer.<\/p>\n<\/div><\/div><\/div><\/div><\/div><\/div><\/div><\/section><section class=\"l-section wpb_row us_custom_217cb94a has_text_color height_small\"><div class=\"l-section-h i-cf\"><div class=\"g-cols vc_row via_flex valign_top type_default stacking_default\"><div class=\"vc_col-sm-12 wpb_column vc_column_container\"><div class=\"vc_column-inner\"><div class=\"wpb_wrapper\"><ol class=\"g-breadcrumbs us_custom_ae99f6aa has_text_color separator_icon align_none\" itemscope itemtype=\"http:\/\/schema.org\/BreadcrumbList\"><li class=\"g-breadcrumbs-item\" itemscope itemprop=\"itemListElement\" itemtype=\"http:\/\/schema.org\/ListItem\"><a itemprop=\"item\" href=\"http:\/\/starseedmakeup.com\/fr\/\"><span itemprop=\"name\">Accueil<\/span><\/a><meta itemprop=\"position\" content=\"1\"\/><\/li><li class=\"g-breadcrumbs-separator\"><i class=\"far fa-angle-right\"><\/i><\/li><li class=\"g-breadcrumbs-item\">Pages<\/li><\/ol><\/div><\/div><\/div><\/div><\/div><\/section><section class=\"l-section wpb_row height_medium\"><div class=\"l-section-h i-cf\"><div class=\"g-cols vc_row via_flex valign_middle type_default stacking_default\"><div class=\"vc_col-sm-6 wpb_column vc_column_container\"><div class=\"vc_column-inner\"><div class=\"wpb_wrapper\"><div class=\"wpb_text_column\"><div class=\"wpb_wrapper\"><h2>Vegan et sans cruaut\u00e9<\/h2>\n<p>Nous aimons les animaux, c'est pourquoi tous nos faux cils et nos adh\u00e9sifs sont des produits d'origine animale. <strong>v\u00e9g\u00e9talien et sans cruaut\u00e9<\/strong>. Nous proposons des cils en fourrure d'origine \u00e9thique et des mat\u00e9riaux v\u00e9g\u00e9taliens qui donnent des effets similaires, sans nuire \u00e0 nos amis les animaux. Si vous recherchez des cils v\u00e9g\u00e9taliens, faites de Starseed votre premier choix.<\/p>\n<p>Dans ce cadre, nous faisons \u00e9galement de notre mieux pour l'environnement. Nous recyclons les bo\u00eetes issues de notre processus de production et \u00e9liminons l'utilisation du plastique chaque fois que nous le pouvons. Nous ne l'utilisons que pour prot\u00e9ger vos commandes des \u00e9l\u00e9ments, jusqu'\u00e0 ce que nous trouvions une alternative respectueuse de l'environnement.<\/p>\n<\/div><\/div><\/div><\/div><\/div><div class=\"vc_col-sm-6 wpb_column vc_column_container\"><div class=\"vc_column-inner\"><div class=\"wpb_wrapper\"><div class=\"w-image has_ratio align_none\"><div class=\"w-image-h\"><div style=\"padding-bottom:75%\"><\/div><img width=\"882\" height=\"661\" src=\"http:\/\/starseedmakeup.com\/wp-content\/uploads\/2021\/06\/vegan-eyelashes-manufacturing-1.jpg\" class=\"attachment-large size-large\" alt=\"fabrication de cils v\u00e9g\u00e9taliens\" decoding=\"async\" loading=\"lazy\" srcset=\"http:\/\/starseedmakeup.com\/wp-content\/uploads\/2021\/06\/vegan-eyelashes-manufacturing-1.jpg 882w, http:\/\/starseedmakeup.com\/wp-content\/uploads\/2021\/06\/vegan-eyelashes-manufacturing-1-300x225.jpg 300w, http:\/\/starseedmakeup.com\/wp-content\/uploads\/2021\/06\/vegan-eyelashes-manufacturing-1-600x450.jpg 600w\" sizes=\"(max-width: 882px) 100vw, 882px\" \/><\/div><\/div><\/div><\/div><\/div><\/div><\/div><\/section><section class=\"l-section wpb_row height_medium\"><div class=\"l-section-h i-cf\"><div class=\"g-cols vc_row via_flex valign_middle type_default stacking_default\"><div class=\"vc_col-sm-2 wpb_column vc_column_container\"><div class=\"vc_column-inner\"><div class=\"wpb_wrapper\"><\/div><\/div><\/div><div class=\"vc_col-sm-8 wpb_column vc_column_container\"><div class=\"vc_column-inner\"><div class=\"wpb_wrapper\"><div class=\"wpb_text_column\"><div class=\"wpb_wrapper\"><h2 style=\"text-align: center;\">Le <span style=\"color: #fa96aa;\">Premi\u00e8re<\/span> utiliser des fibres v\u00e9g\u00e9tales v\u00e9g\u00e9taliennes<\/h2>\n<p style=\"text-align: center;\">La plupart des mati\u00e8res premi\u00e8res pour les cils v\u00e9g\u00e9taliens sur le march\u00e9 aujourd'hui sont des fibres artificielles. Ils ont un aspect rigide et ne sont pas aussi intelligents que les poils de vison. Pour rem\u00e9dier \u00e0 ce ph\u00e9nom\u00e8ne, l'\u00e9quipe de recherche de Starseed a cherch\u00e9 \u00e0 faire des perc\u00e9es.<\/p>\n<p style=\"text-align: center;\">Rompre avec le pass\u00e9, c'est aussi rompre avec le march\u00e9, afin d'offrir aux clients une meilleure exp\u00e9rience. Nous avons d\u00e9couvert un nouveau mat\u00e9riau, la fibre v\u00e9g\u00e9tale, qui est <strong>raffin\u00e9 \u00e0 partir de plantes pures, non toxique et sain<\/strong>. Le concept de cils v\u00e9g\u00e9taliens a \u00e9t\u00e9 profond\u00e9ment transf\u00e9r\u00e9 jusqu'\u00e0 la fin.<\/p>\n<p style=\"text-align: center;\">Starseed, o\u00f9 vous trouverez les meilleurs cils v\u00e9g\u00e9taliens ECO ! <a href=\"http:\/\/starseedmakeup.com\/fr\/materiaux-de-qualite-superieure\/\">Voir notre mat\u00e9riel<\/a><\/p>\n<\/div><\/div><\/div><\/div><\/div><div class=\"vc_col-sm-2 wpb_column vc_column_container\"><div class=\"vc_column-inner\"><div class=\"wpb_wrapper\"><\/div><\/div><\/div><div class=\"vc_col-sm-12 wpb_column vc_column_container\"><div class=\"vc_column-inner\"><div class=\"wpb_wrapper\"><div class=\"w-separator size_medium\"><\/div><div class=\"g-cols wpb_row via_flex valign_top type_default stacking_default\" style=\"--additional-gap:10px;\"><div class=\"vc_col-sm-3 wpb_column vc_column_container has_bg_color\"><div class=\"vc_column-inner us_custom_b992cee1\"><div class=\"wpb_wrapper\"><div class=\"w-iconbox iconpos_top style_default color_custom align_center no_text\"><div class=\"w-iconbox-icon\" style=\"font-size:2rem;color:#ef5350;\"><i class=\"far fa-heart\"><\/i><\/div><div class=\"w-iconbox-meta\"><h5 class=\"w-iconbox-title\">100% Sans cruaut\u00e9<\/h5><\/div><\/div><\/div><\/div><\/div><div class=\"vc_col-sm-3 wpb_column vc_column_container has_bg_color\"><div class=\"vc_column-inner us_custom_b992cee1\"><div class=\"wpb_wrapper\"><div class=\"w-iconbox iconpos_top style_default color_custom align_center no_text\"><div class=\"w-iconbox-icon\" style=\"font-size:2rem;color:#8bc34a;\"><i class=\"far fa-leaf\"><\/i><\/div><div class=\"w-iconbox-meta\"><h5 class=\"w-iconbox-title\">Pure Plant Essentials<\/h5><\/div><\/div><\/div><\/div><\/div><div class=\"vc_col-sm-3 wpb_column vc_column_container has_bg_color\"><div class=\"vc_column-inner us_custom_b992cee1\"><div class=\"wpb_wrapper\"><div class=\"w-iconbox iconpos_top style_default color_custom align_center no_text\"><div class=\"w-iconbox-icon\" style=\"font-size:2rem;color:#9c27b0;\"><i class=\"far fa-medal\"><\/i><\/div><div class=\"w-iconbox-meta\"><h5 class=\"w-iconbox-title\">Premier sur le march\u00e9<\/h5><\/div><\/div><\/div><\/div><\/div><div class=\"vc_col-sm-3 wpb_column vc_column_container has_bg_color\"><div class=\"vc_column-inner us_custom_b992cee1\"><div class=\"wpb_wrapper\"><div class=\"w-iconbox iconpos_top style_default color_custom align_center no_text\"><div class=\"w-iconbox-icon\" style=\"font-size:2rem;color:#2196f3;\"><i class=\"far fa-smile-plus\"><\/i><\/div><div class=\"w-iconbox-meta\"><h5 class=\"w-iconbox-title\">Super doux \u00e0 porter<\/h5><\/div><\/div><\/div><\/div><\/div><\/div><\/div><\/div><\/div><\/div><\/div><\/section><section class=\"l-section wpb_row height_medium\"><div class=\"l-section-h i-cf\"><div class=\"g-cols vc_row via_flex valign_middle type_default stacking_default\"><div class=\"vc_col-sm-6 wpb_column vc_column_container\"><div class=\"vc_column-inner\"><div class=\"wpb_wrapper\"><div class=\"wpb_text_column\"><div class=\"wpb_wrapper\"><h2>Les mat\u00e9riaux repr\u00e9sentent la r\u00e9putation de vos produits<\/h2>\n<p>La plupart des usines de fabrication de cils gardent leurs mat\u00e9riaux secrets. Nous ne le faisons pas. La qualit\u00e9 de vos cils d\u00e9pend de la qualit\u00e9 des mat\u00e9riaux, et vos ventes d\u00e9pendent de la qualit\u00e9. Cette boucle doit m\u00e9riter votre attention avant de chercher votre fabricant de cils.<\/p>\n<p>Chez Starseed, les mat\u00e9riaux sont \u00e0 l'honneur. Notre \u00e9quipe de production <strong>100% contr\u00f4le des mat\u00e9riaux<\/strong> sur les mat\u00e9riaux utilis\u00e9s pour les cils. Sans oublier que nos fournisseurs de mat\u00e9riaux sont enti\u00e8rement durables et g\u00e9r\u00e9s de mani\u00e8re \u00e9thique, et qu'ils sont audit\u00e9s par notre syst\u00e8me strict de fournisseurs.<\/p>\n<\/div><\/div><\/div><\/div><\/div><div class=\"vc_col-sm-6 wpb_column vc_column_container\"><div class=\"vc_column-inner\"><div class=\"wpb_wrapper\"><div class=\"w-image has_ratio align_none\"><div class=\"w-image-h\"><div style=\"padding-bottom:75%\"><\/div><img width=\"882\" height=\"661\" src=\"http:\/\/starseedmakeup.com\/wp-content\/uploads\/2021\/06\/vegan-eyelashes-materials-1.jpg\" class=\"attachment-large size-large\" alt=\"mat\u00e9riaux pour cils v\u00e9g\u00e9taliens\" decoding=\"async\" loading=\"lazy\" srcset=\"http:\/\/starseedmakeup.com\/wp-content\/uploads\/2021\/06\/vegan-eyelashes-materials-1.jpg 882w, http:\/\/starseedmakeup.com\/wp-content\/uploads\/2021\/06\/vegan-eyelashes-materials-1-300x225.jpg 300w, http:\/\/starseedmakeup.com\/wp-content\/uploads\/2021\/06\/vegan-eyelashes-materials-1-600x450.jpg 600w\" sizes=\"(max-width: 882px) 100vw, 882px\" \/><\/div><\/div><\/div><\/div><\/div><\/div><\/div><\/section><section class=\"l-section wpb_row height_medium\"><div class=\"l-section-h i-cf\"><div class=\"g-cols vc_row via_flex valign_middle type_default stacking_default\"><div class=\"vc_col-sm-6 wpb_column vc_column_container\"><div class=\"vc_column-inner\"><div class=\"wpb_wrapper\"><div class=\"w-image has_ratio align_none\"><div class=\"w-image-h\"><div style=\"padding-bottom:75%\"><\/div><img width=\"882\" height=\"661\" src=\"http:\/\/starseedmakeup.com\/wp-content\/uploads\/2021\/06\/vegan-magnetic-false-eyelashes-1.jpg\" class=\"attachment-large size-large\" alt=\"faux cils magn\u00e9tiques v\u00e9g\u00e9taliens\" decoding=\"async\" loading=\"lazy\" srcset=\"http:\/\/starseedmakeup.com\/wp-content\/uploads\/2021\/06\/vegan-magnetic-false-eyelashes-1.jpg 882w, http:\/\/starseedmakeup.com\/wp-content\/uploads\/2021\/06\/vegan-magnetic-false-eyelashes-1-300x225.jpg 300w, http:\/\/starseedmakeup.com\/wp-content\/uploads\/2021\/06\/vegan-magnetic-false-eyelashes-1-600x450.jpg 600w\" sizes=\"(max-width: 882px) 100vw, 882px\" \/><\/div><\/div><\/div><\/div><\/div><div class=\"vc_col-sm-6 wpb_column vc_column_container\"><div class=\"vc_column-inner\"><div class=\"wpb_wrapper\"><div class=\"wpb_text_column\"><div class=\"wpb_wrapper\"><h2>Le v\u00e9ganisme n'est pas un appel, c'est notre action<\/h2>\n<p>Les mat\u00e9riaux pour cils \u00e0 base de plantes d\u00e9velopp\u00e9s par Starseed sont nos principaux mat\u00e9riaux pour servir la plupart des marques qui accordent de l'importance \u00e0 l'humanit\u00e9 et \u00e0 la nature. Bien que la plupart des mat\u00e9riaux pour cils sur le march\u00e9 soient fabriqu\u00e9s \u00e0 partir de vison et de cheveux humains en raison de leur douceur, nous avons trouv\u00e9 un autre moyen d'obtenir la m\u00eame douceur, mais sans cruaut\u00e9.<\/p>\n<p>Vegan n'est pas un appel, c'est notre action. Aujourd'hui, Starseed s'efforce de proposer \u00e0 ses clientes d'essayer ce nouveau mat\u00e9riau. La plupart d'entre elles en tombent amoureuses et d\u00e9couvrent une nouvelle tendance en mati\u00e8re de cosm\u00e9tiques pour cils. <strong>Cils ECO<\/strong>. Nous pensons que vous l'aimerez aussi.<\/p>\n<\/div><\/div><\/div><\/div><\/div><\/div><\/div><\/section>","protected":false},"excerpt":{"rendered":"Ethical Sourcing We create handmade vegan and cruelty-free false lashes, with the belief that there\u2019s a perfect pair of lashes for everyone without killing. AccueilPagesVegan and Cruelty-Free We love animals, which is why all of our false lashes and adhesives are vegan and cruelty-free. We offer ethically sourced fur lashes and vegan materials that give...","protected":false},"author":1,"featured_media":0,"parent":0,"menu_order":0,"comment_status":"closed","ping_status":"closed","template":"","meta":[],"categories":[],"tags":[],"yoast_head":"<!-- This site is optimized with the Yoast SEO Premium plugin v20.5 (Yoast SEO v20.5) - https:\/\/yoast.com\/wordpress\/plugins\/seo\/ -->\n<title>Ethical Principle of Our Vegan Eyelashes and Extensions - Starseed<\/title>\n<meta name=\"description\" content=\"All false eyelashes materials are ethically sourced and used in your strip eyelashes and extension manufacturing. Vegan lash materials.\" \/>\n<meta name=\"robots\" content=\"index, follow, max-snippet:-1, max-image-preview:large, max-video-preview:-1\" \/>\n<link rel=\"canonical\" href=\"http:\/\/starseedmakeup.com\/fr\/abastecimiento-etico\/\" \/>\n<meta property=\"og:locale\" content=\"fr_FR\" \/>\n<meta property=\"og:type\" content=\"article\" \/>\n<meta property=\"og:title\" content=\"Ethical Principle of Our Vegan Eyelashes and Extensions - Starseed\" \/>\n<meta property=\"og:description\" content=\"All false eyelashes materials are ethically sourced and used in your strip eyelashes and extension manufacturing. Vegan lash materials.\" \/>\n<meta property=\"og:url\" content=\"http:\/\/starseedmakeup.com\/fr\/abastecimiento-etico\/\" \/>\n<meta property=\"og:site_name\" content=\"Starseed\" \/>\n<meta property=\"article:modified_time\" content=\"2021-06-11T07:26:57+00:00\" \/>\n<meta name=\"twitter:card\" content=\"summary_large_image\" \/>\n<meta name=\"twitter:label1\" content=\"Est. reading time\" \/>\n\t<meta name=\"twitter:data1\" content=\"3 minutes\" \/>\n<script type=\"application\/ld+json\" class=\"yoast-schema-graph\">{\"@context\":\"https:\/\/schema.org\",\"@graph\":[{\"@type\":\"WebPage\",\"@id\":\"http:\/\/starseedmakeup.com\/es\/abastecimiento-etico\/\",\"url\":\"http:\/\/starseedmakeup.com\/es\/abastecimiento-etico\/\",\"name\":\"Ethical Principle of Our Vegan Eyelashes and Extensions - Starseed\",\"isPartOf\":{\"@id\":\"http:\/\/starseedmakeup.com\/#website\"},\"datePublished\":\"2021-05-19T03:08:12+00:00\",\"dateModified\":\"2021-06-11T07:26:57+00:00\",\"description\":\"All false eyelashes materials are ethically sourced and used in your strip eyelashes and extension manufacturing. Vegan lash materials.\",\"inLanguage\":\"fr-FR\",\"potentialAction\":[{\"@type\":\"ReadAction\",\"target\":[\"http:\/\/starseedmakeup.com\/es\/abastecimiento-etico\/\"]}]},{\"@type\":\"WebSite\",\"@id\":\"http:\/\/starseedmakeup.com\/#website\",\"url\":\"http:\/\/starseedmakeup.com\/\",\"name\":\"Starseed\",\"description\":\"Just another WordPress site\",\"potentialAction\":[{\"@type\":\"SearchAction\",\"target\":{\"@type\":\"EntryPoint\",\"urlTemplate\":\"http:\/\/starseedmakeup.com\/?s={search_term_string}\"},\"query-input\":\"required name=search_term_string\"}],\"inLanguage\":\"fr-FR\"}]}<\/script>\n<!-- \/ Yoast SEO Premium plugin. -->","yoast_head_json":{"title":"Ethical Principle of Our Vegan Eyelashes and Extensions - Starseed","description":"All false eyelashes materials are ethically sourced and used in your strip eyelashes and extension manufacturing. Vegan lash materials.","robots":{"index":"index","follow":"follow","max-snippet":"max-snippet:-1","max-image-preview":"max-image-preview:large","max-video-preview":"max-video-preview:-1"},"canonical":"http:\/\/starseedmakeup.com\/fr\/abastecimiento-etico\/","og_locale":"fr_FR","og_type":"article","og_title":"Ethical Principle of Our Vegan Eyelashes and Extensions - Starseed","og_description":"All false eyelashes materials are ethically sourced and used in your strip eyelashes and extension manufacturing. Vegan lash materials.","og_url":"http:\/\/starseedmakeup.com\/fr\/abastecimiento-etico\/","og_site_name":"Starseed","article_modified_time":"2021-06-11T07:26:57+00:00","twitter_card":"summary_large_image","twitter_misc":{"Est. reading time":"3 minutes"},"schema":{"@context":"https:\/\/schema.org","@graph":[{"@type":"WebPage","@id":"http:\/\/starseedmakeup.com\/es\/abastecimiento-etico\/","url":"http:\/\/starseedmakeup.com\/es\/abastecimiento-etico\/","name":"Ethical Principle of Our Vegan Eyelashes and Extensions - Starseed","isPartOf":{"@id":"http:\/\/starseedmakeup.com\/#website"},"datePublished":"2021-05-19T03:08:12+00:00","dateModified":"2021-06-11T07:26:57+00:00","description":"All false eyelashes materials are ethically sourced and used in your strip eyelashes and extension manufacturing. Vegan lash materials.","inLanguage":"fr-FR","potentialAction":[{"@type":"ReadAction","target":["http:\/\/starseedmakeup.com\/es\/abastecimiento-etico\/"]}]},{"@type":"WebSite","@id":"http:\/\/starseedmakeup.com\/#website","url":"http:\/\/starseedmakeup.com\/","name":"Starseed","description":"Just another WordPress site","potentialAction":[{"@type":"SearchAction","target":{"@type":"EntryPoint","urlTemplate":"http:\/\/starseedmakeup.com\/?s={search_term_string}"},"query-input":"required name=search_term_string"}],"inLanguage":"fr-FR"}]}},"_links":{"self":[{"href":"http:\/\/starseedmakeup.com\/fr\/wp-json\/wp\/v2\/pages\/3092"}],"collection":[{"href":"http:\/\/starseedmakeup.com\/fr\/wp-json\/wp\/v2\/pages"}],"about":[{"href":"http:\/\/starseedmakeup.com\/fr\/wp-json\/wp\/v2\/types\/page"}],"author":[{"embeddable":true,"href":"http:\/\/starseedmakeup.com\/fr\/wp-json\/wp\/v2\/users\/1"}],"replies":[{"embeddable":true,"href":"http:\/\/starseedmakeup.com\/fr\/wp-json\/wp\/v2\/comments?post=3092"}],"version-history":[{"count":19,"href":"http:\/\/starseedmakeup.com\/fr\/wp-json\/wp\/v2\/pages\/3092\/revisions"}],"predecessor-version":[{"id":5091,"href":"http:\/\/starseedmakeup.com\/fr\/wp-json\/wp\/v2\/pages\/3092\/revisions\/5091"}],"wp:attachment":[{"href":"http:\/\/starseedmakeup.com\/fr\/wp-json\/wp\/v2\/media?parent=3092"}],"wp:term":[{"taxonomy":"category","embeddable":true,"href":"http:\/\/starseedmakeup.com\/fr\/wp-json\/wp\/v2\/categories?post=3092"},{"taxonomy":"post_tag","embeddable":true,"href":"http:\/\/starseedmakeup.com\/fr\/wp-json\/wp\/v2\/tags?post=3092"}],"curies":[{"name":"wp","href":"https:\/\/api.w.org\/{rel}","templated":true}]}}