{"id":3908,"date":"2021-06-14T15:01:13","date_gmt":"2021-06-14T15:01:13","guid":{"rendered":"https:\/\/starseedmakeup.com\/?page_id=3908"},"modified":"2021-06-14T15:01:14","modified_gmt":"2021-06-14T15:01:14","slug":"individual-lashes-vs-strip-lashes-which-is-better","status":"publish","type":"page","link":"http:\/\/starseedmakeup.com\/fr\/cils-individuels-vs-cils-en-bandes-ce-qui-est-le-mieux\/","title":{"rendered":"Cils individuels ou cils en bandes : Qu'est-ce qui est le mieux ?"},"content":{"rendered":"<p><span style=\"font-weight: 400;\">Avez-vous d\u00e9j\u00e0 eu du mal \u00e0 choisir les cils que vous voulez porter ? Deux des choix les plus populaires sont les cils individuels et les cils en bandes. Ils conviennent \u00e0 des personnes diff\u00e9rentes et remplissent des fonctions distinctes dans votre vie quotidienne. Nous avons choisi ces types de cils non seulement pour leur popularit\u00e9, mais aussi pour la souplesse avec laquelle ils peuvent vous convenir.<\/span><\/p>\n<p><span style=\"font-weight: 400;\">Nous vous aiderons \u00e0 mieux conna\u00eetre les cils individuels et les bandes de cils, ainsi que leurs diff\u00e9rences. Gr\u00e2ce \u00e0 nos connaissances, vous pourrez choisir le produit le mieux adapt\u00e9 \u00e0 vos besoins et maximiser votre achat.<\/span><\/p>\n<h2><strong>Qu'est-ce qu'un cil individuel ?<\/strong><\/h2>\n<p><span style=\"font-weight: 400;\">Subtils et discrets, les cils individuels sont appliqu\u00e9s en grappes pour am\u00e9liorer l'apparence de vos cils.\u00a0<\/span><\/p>\n<p><span style=\"font-weight: 400;\">Ils sont compos\u00e9s de quelques poils synth\u00e9tiques ou humains naturels et contribuent \u00e0 am\u00e9liorer la r\u00e9partition des cils. Ainsi, ils donnent \u00e0 vos cils naturels un aspect plus net en couvrant les endroits o\u00f9 les cils manquent.\u00a0<\/span><\/p>\n\n\n<h3>Avantages des cils individuels<\/h3>\n\n\n\n<p>Comme ils se pr\u00e9sentent en petites unit\u00e9s, les cils individuels seraient souvent <a href=\"https:\/\/www.wikihow.com\/Apply-Individual-Eyelashes\">prennent 30 minutes \u00e0 mettre en place<\/a>. Ils sont \u00e9galement tr\u00e8s bon march\u00e9. Chaque cil est \u00e9galement facile \u00e0 modifier pour s'adapter \u00e0 la longueur ou \u00e0 la courbure de votre choix. Comme ils sont attach\u00e9s ou assortis \u00e0 vos cils naturels, ils peuvent \u00eatre port\u00e9s \u00e0 tout moment, m\u00eame au lit.<\/p>\n\n\n\n<h3>Inconv\u00e9nients des cils individuels<\/h3>\n\n\n\n<p>Comme il s'agit de cils individuels, ils peuvent sembler trop lourds pour soutenir vos cils naturels. Ainsi, les groupes de cils individuels peuvent faire plus de mal que de bien. Les cils naturels poussent \u00e0 des rythmes diff\u00e9rents et la pose de cils individuels peut potentiellement causer des dommages sur la paupi\u00e8re. Les cils individuels ne sont pas non plus r\u00e9utilisables car ils tombent facilement avec les cils naturels.&nbsp;<\/p>\n\n\n\n<h2>Qu'est-ce qu'un cil en bande ?<\/h2>\n\n\n\n<p>Les bandes de cils sont constitu\u00e9es de poils de cils maintenus ensemble dans des bandes en tissu ou synth\u00e9tiques qui adh\u00e8rent bien \u00e0 votre peau. Ce qui les diff\u00e9rencie des extensions de cils individuelles, c'est qu'il s'agit d'un ensemble complet de cils amovibles. En raison de leur commodit\u00e9, vous pouvez les trouver facilement dans n'importe quelle pharmacie \u00e0 des prix abordables.<\/p>\n\n\n\n<h3>Avantages des cils en bandes<\/h3>\n\n\n\n<p>Comme ils peuvent \u00eatre port\u00e9s plusieurs fois, ils durent beaucoup plus longtemps que les extensions et peuvent vous faire \u00e9conomiser beaucoup d'argent. M\u00eame avec des mat\u00e9riaux diff\u00e9rents ou des choix personnalis\u00e9s, vous pouvez les garder plusieurs jours et continuer \u00e0 m\u00e9langer vos styles. Les bandes prennent moins de temps \u00e0 mettre en place, ce qui en fait le choix id\u00e9al pour les d\u00e9placements.<\/p>\n\n\n\n<h3>Inconv\u00e9nients des cils en bandes<\/h3>\n\n\n\n<p>Pour que vos bandelettes durent plus longtemps, vous devez vous engager \u00e0 les entretenir en permanence. Elles ne doivent pas \u00eatre port\u00e9es au lit. Les bandes de cils doivent \u00e9galement \u00eatre nettoy\u00e9es apr\u00e8s chaque utilisation, car la colle peut facilement rester coll\u00e9e sur les cils. Cependant, vous devez \u00e9galement \u00e9viter de les mouiller pour pr\u00e9server leur qualit\u00e9.&nbsp;<\/p>\n\n\n\n<h2>\u00c9l\u00e9ments \u00e0 prendre en compte pour choisir entre les cils individuels et les cils en bandes<\/h2>\n\n\n\n<p>Lorsque vous choisissez les cils qui vous accompagneront tout au long des semaines, vous devez tenir compte d'un certain nombre de consid\u00e9rations. Tenez compte de votre budget personnel et choisissez les moments pr\u00e9cis o\u00f9 vous opterez pour votre type de cils. Le prix, la commodit\u00e9 et le style sont autant d'\u00e9l\u00e9ments qui vous permettront de ne pas vous tromper.<\/p>\n\n\n\n<h3>Prix<\/h3>\n\n\n\n<p>Bien que les extensions individuelles soient assez l\u00e9g\u00e8res et durent jusqu'\u00e0 six semaines, leur utilisation \u00e0 long terme a un prix assez \u00e9lev\u00e9. La plupart des extensions de cils individuelles s'ach\u00e8tent entre $100 et $500 environ, sans compter les frais d'entretien. Des retouches sont \u00e9galement n\u00e9cessaires pour les pr\u00e9server et leur donner un aspect plus pulpeux, ce qui entra\u00eene des frais suppl\u00e9mentaires. Les faux cils en vison sont particuli\u00e8rement on\u00e9reux. En fonction des mat\u00e9riaux, vous pourriez d\u00e9penser jusqu'\u00e0 $2000 par an, sans compter les conseils pour une recharge.\u00a0<\/p>\n\n\n\n<p>D'autre part, les bandelettes sont assez abordables, entre $10 et 50 pour chaque paire achet\u00e9e. Toutefois, ce qui distingue les bandes, c'est qu'elles sont facilement r\u00e9utilisables. Les bandes compl\u00e8tent vos cils naturels plut\u00f4t que d'agir comme des extensions de cils individuels et peuvent \u00eatre retir\u00e9es. Vous pouvez ainsi les conserver pendant plus de quatre semaines, ce qui vous permet d'\u00e9conomiser environ $50 pour un achat unique.<\/p>\n\n\n\n<h3>Commodit\u00e9<\/h3>\n\n\n\n<p>Le temps est souvent un facteur essentiel pour les cils. Dans ce cas, vous avez le choix entre des individus de longue dur\u00e9e, que vous gardez m\u00eame au lit, et des cils en bande d\u00e9tachable.<\/p>\n\n\n\n<p>Ils peuvent \u00eatre conserv\u00e9s pendant des semaines sans \u00eatre enlev\u00e9s, mais il faut prendre le temps de les appliquer un par un. Ce temps peut aller de quelques minutes \u00e0 une heure ou plus, en fonction du nombre de pi\u00e8ces n\u00e9cessaires. Vous devrez \u00e9galement maintenir la qualit\u00e9 de vos produits individuels par des retouches et quelques visites au salon de coiffure. Vous investirez beaucoup d'efforts pour que vos cils de longue dur\u00e9e en valent la peine. D'un autre c\u00f4t\u00e9, vous pouvez poser des bandes de cils en une dizaine de minutes et les retirer plus rapidement.&nbsp;<\/p>\n\n\n\n<h3>Style et choix personnalis\u00e9s<\/h3>\n\n\n\n<p>Ces deux types de cils peuvent \u00eatre fabriqu\u00e9s \u00e0 partir de mat\u00e9riaux diff\u00e9rents, dont les prix et les effets varient. Les cils synth\u00e9tiques sont abordables en raison de leur mat\u00e9riau, mais ils \u00e9voquent une d\u00e9claration audacieuse. C'est pourquoi ils sont tr\u00e8s appr\u00e9ci\u00e9s lors des f\u00eates. <a href=\"https:\/\/www.figarolondon.uk\/why-faux-mink-eyelash-extensions-are-your-best-bet\/#:~:text=Faux%2Dmink%20lashes%20are%20man,Zero%20animal%20cruelty.\">Faux vison<\/a> est excellent pour sa texture brillante et sa densit\u00e9 l\u00e9g\u00e8re.<\/p>\n\n\n\n<p>Les cils individuels sont fabriqu\u00e9s en fonction d'un style sp\u00e9cifique et mettent en valeur la beaut\u00e9 de vos yeux. Par exemple, les cils individuels traditionnels ou les cils flare sont des extensions synth\u00e9tiques qui renforcent vos cils naturels et exsudent une audace gracieuse. Les cils individuels peuvent se d\u00e9cliner en styles 3D \u00e0 10D, ce qui leur conf\u00e8re une plus grande intensit\u00e9.&nbsp;<\/p>\n\n\n\n<p>La qualit\u00e9 des bandes varie souvent et il est pr\u00e9f\u00e9rable de recourber d'abord les cils naturels. De cette mani\u00e8re, les bandes ne paraissent pas artificielles lorsque vous les appliquez. Vos cils naturels seront encore modifi\u00e9s par diff\u00e9rents mod\u00e8les, allant de l'aile au style gradu\u00e9 et ondul\u00e9.<\/p>\n\n\n\n<h2>Cils individuels ou cils en bandes : Lequel est le meilleur ?<\/h2>\n\n\n\n<p>Dans l'ensemble, nous donnons la pr\u00e9f\u00e9rence aux cils en bande, qui allient long\u00e9vit\u00e9 et facilit\u00e9 d'application. Bien que les cils individuels n'aient pas besoin d'\u00eatre retir\u00e9s et conserv\u00e9s en permanence, ils peuvent provoquer une l\u00e9g\u00e8re irritation lorsqu'ils prennent la poussi\u00e8re. Les bandes de cils sont certes fabriqu\u00e9es \u00e0 partir de mat\u00e9riaux bon march\u00e9, mais elles durent plus longtemps car elles peuvent \u00eatre conserv\u00e9es pour un usage ult\u00e9rieur. M\u00eame si les cils individuels ont un aspect particulier, les bandes de cils peuvent se fondre facilement dans les cils naturels, avec un minimum d'inconv\u00e9nients.&nbsp;<\/p>\n\n\n\n<h2>La gamme de cils en bande de Starseed Makeup<\/h2>\n\n\n\n<p>Pour une exp\u00e9rience de cils exceptionnelle, optez pour les bandes de cils Starseed Makeup qui maximisent le confort \u00e0 tous points de vue. Gr\u00e2ce aux bandes de coton lisse qui se fondent dans votre peau, vous n'aurez aucune r\u00e9action allergique. Choisissez parmi diff\u00e9rents styles de cils qui s'harmonisent avec vos cils naturels. Qu'ils soient synth\u00e9tiques ou naturels, les poils de nos cils ne provoquent aucune irritation et s'adaptent parfaitement \u00e0 vos yeux.<\/p>\n\n\n\n<p>\u00c0 des prix abordables, vous pouvez obtenir des cils sur mesure, adapt\u00e9s \u00e0 la forme de vos yeux. Essayez nos <a href=\"http:\/\/starseedmakeup.com\/fr\/strip-eyelashes\/\">des bandes fabriqu\u00e9es \u00e0 la main<\/a> d\u00e8s aujourd'hui pour commencer un voyage de beaut\u00e9 des cils qui durera toute la vie.<\/p>","protected":false},"excerpt":{"rendered":"<p>Have you ever had a hard time picking what lashes you want to wear? Two of the most popular choices are individual and strip lashes. They each work for different people and carry distinct functions in your regular life. We pick these lash types not only for their popularity but for how flexibly they can&#8230;<\/p>","protected":false},"author":1,"featured_media":3910,"parent":0,"menu_order":0,"comment_status":"closed","ping_status":"closed","template":"","meta":[],"categories":[],"tags":[30],"yoast_head":"<!-- This site is optimized with the Yoast SEO Premium plugin v20.5 (Yoast SEO v20.5) - https:\/\/yoast.com\/wordpress\/plugins\/seo\/ -->\n<title>Individual Lashes vs Strip Lashes: Which Is Better? - Starseed<\/title>\n<meta name=\"description\" content=\"We compare individual and strip lashes to see what style most provides an easier, more comfortable eye makeup experience.\" \/>\n<meta name=\"robots\" content=\"index, follow, max-snippet:-1, max-image-preview:large, max-video-preview:-1\" \/>\n<link rel=\"canonical\" href=\"http:\/\/starseedmakeup.com\/fr\/individual-lashes-vs-strip-lashes-which-is-better\/\" \/>\n<meta property=\"og:locale\" content=\"fr_FR\" \/>\n<meta property=\"og:type\" content=\"article\" \/>\n<meta property=\"og:title\" content=\"Individual Lashes vs Strip Lashes: Which Is Better? - Starseed\" \/>\n<meta property=\"og:description\" content=\"We compare individual and strip lashes to see what style most provides an easier, more comfortable eye makeup experience.\" \/>\n<meta property=\"og:url\" content=\"http:\/\/starseedmakeup.com\/fr\/individual-lashes-vs-strip-lashes-which-is-better\/\" \/>\n<meta property=\"og:site_name\" content=\"Starseed\" \/>\n<meta property=\"article:modified_time\" content=\"2021-06-14T15:01:14+00:00\" \/>\n<meta property=\"og:image\" content=\"http:\/\/starseedmakeup.com\/wp-content\/uploads\/2021\/06\/Individual-eyelashes.jpg\" \/>\n\t<meta property=\"og:image:width\" content=\"772\" \/>\n\t<meta property=\"og:image:height\" content=\"579\" \/>\n\t<meta property=\"og:image:type\" content=\"image\/jpeg\" \/>\n<meta name=\"twitter:card\" content=\"summary_large_image\" \/>\n<meta name=\"twitter:label1\" content=\"Est. reading time\" \/>\n\t<meta name=\"twitter:data1\" content=\"5 minutes\" \/>\n<script type=\"application\/ld+json\" class=\"yoast-schema-graph\">{\"@context\":\"https:\/\/schema.org\",\"@graph\":[{\"@type\":\"WebPage\",\"@id\":\"http:\/\/starseedmakeup.com\/ru\/individual-lashes-vs-strip-lashes-which-is-better\/\",\"url\":\"http:\/\/starseedmakeup.com\/ru\/individual-lashes-vs-strip-lashes-which-is-better\/\",\"name\":\"Individual Lashes vs Strip Lashes: Which Is Better? - Starseed\",\"isPartOf\":{\"@id\":\"http:\/\/starseedmakeup.com\/#website\"},\"datePublished\":\"2021-06-14T15:01:13+00:00\",\"dateModified\":\"2021-06-14T15:01:14+00:00\",\"description\":\"We compare individual and strip lashes to see what style most provides an easier, more comfortable eye makeup experience.\",\"inLanguage\":\"fr-FR\",\"potentialAction\":[{\"@type\":\"ReadAction\",\"target\":[\"http:\/\/starseedmakeup.com\/ru\/individual-lashes-vs-strip-lashes-which-is-better\/\"]}]},{\"@type\":\"WebSite\",\"@id\":\"http:\/\/starseedmakeup.com\/#website\",\"url\":\"http:\/\/starseedmakeup.com\/\",\"name\":\"Starseed\",\"description\":\"Just another WordPress site\",\"potentialAction\":[{\"@type\":\"SearchAction\",\"target\":{\"@type\":\"EntryPoint\",\"urlTemplate\":\"http:\/\/starseedmakeup.com\/?s={search_term_string}\"},\"query-input\":\"required name=search_term_string\"}],\"inLanguage\":\"fr-FR\"}]}<\/script>\n<!-- \/ Yoast SEO Premium plugin. -->","yoast_head_json":{"title":"Individual Lashes vs Strip Lashes: Which Is Better? - Starseed","description":"We compare individual and strip lashes to see what style most provides an easier, more comfortable eye makeup experience.","robots":{"index":"index","follow":"follow","max-snippet":"max-snippet:-1","max-image-preview":"max-image-preview:large","max-video-preview":"max-video-preview:-1"},"canonical":"http:\/\/starseedmakeup.com\/fr\/individual-lashes-vs-strip-lashes-which-is-better\/","og_locale":"fr_FR","og_type":"article","og_title":"Individual Lashes vs Strip Lashes: Which Is Better? - Starseed","og_description":"We compare individual and strip lashes to see what style most provides an easier, more comfortable eye makeup experience.","og_url":"http:\/\/starseedmakeup.com\/fr\/individual-lashes-vs-strip-lashes-which-is-better\/","og_site_name":"Starseed","article_modified_time":"2021-06-14T15:01:14+00:00","og_image":[{"width":772,"height":579,"url":"http:\/\/starseedmakeup.com\/wp-content\/uploads\/2021\/06\/Individual-eyelashes.jpg","type":"image\/jpeg"}],"twitter_card":"summary_large_image","twitter_misc":{"Est. reading time":"5 minutes"},"schema":{"@context":"https:\/\/schema.org","@graph":[{"@type":"WebPage","@id":"http:\/\/starseedmakeup.com\/ru\/individual-lashes-vs-strip-lashes-which-is-better\/","url":"http:\/\/starseedmakeup.com\/ru\/individual-lashes-vs-strip-lashes-which-is-better\/","name":"Individual Lashes vs Strip Lashes: Which Is Better? - Starseed","isPartOf":{"@id":"http:\/\/starseedmakeup.com\/#website"},"datePublished":"2021-06-14T15:01:13+00:00","dateModified":"2021-06-14T15:01:14+00:00","description":"We compare individual and strip lashes to see what style most provides an easier, more comfortable eye makeup experience.","inLanguage":"fr-FR","potentialAction":[{"@type":"ReadAction","target":["http:\/\/starseedmakeup.com\/ru\/individual-lashes-vs-strip-lashes-which-is-better\/"]}]},{"@type":"WebSite","@id":"http:\/\/starseedmakeup.com\/#website","url":"http:\/\/starseedmakeup.com\/","name":"Starseed","description":"Just another WordPress site","potentialAction":[{"@type":"SearchAction","target":{"@type":"EntryPoint","urlTemplate":"http:\/\/starseedmakeup.com\/?s={search_term_string}"},"query-input":"required name=search_term_string"}],"inLanguage":"fr-FR"}]}},"_links":{"self":[{"href":"http:\/\/starseedmakeup.com\/fr\/wp-json\/wp\/v2\/pages\/3908"}],"collection":[{"href":"http:\/\/starseedmakeup.com\/fr\/wp-json\/wp\/v2\/pages"}],"about":[{"href":"http:\/\/starseedmakeup.com\/fr\/wp-json\/wp\/v2\/types\/page"}],"author":[{"embeddable":true,"href":"http:\/\/starseedmakeup.com\/fr\/wp-json\/wp\/v2\/users\/1"}],"replies":[{"embeddable":true,"href":"http:\/\/starseedmakeup.com\/fr\/wp-json\/wp\/v2\/comments?post=3908"}],"version-history":[{"count":1,"href":"http:\/\/starseedmakeup.com\/fr\/wp-json\/wp\/v2\/pages\/3908\/revisions"}],"predecessor-version":[{"id":3909,"href":"http:\/\/starseedmakeup.com\/fr\/wp-json\/wp\/v2\/pages\/3908\/revisions\/3909"}],"wp:featuredmedia":[{"embeddable":true,"href":"http:\/\/starseedmakeup.com\/fr\/wp-json\/wp\/v2\/media\/3910"}],"wp:attachment":[{"href":"http:\/\/starseedmakeup.com\/fr\/wp-json\/wp\/v2\/media?parent=3908"}],"wp:term":[{"taxonomy":"category","embeddable":true,"href":"http:\/\/starseedmakeup.com\/fr\/wp-json\/wp\/v2\/categories?post=3908"},{"taxonomy":"post_tag","embeddable":true,"href":"http:\/\/starseedmakeup.com\/fr\/wp-json\/wp\/v2\/tags?post=3908"}],"curies":[{"name":"wp","href":"https:\/\/api.w.org\/{rel}","templated":true}]}}