{"id":4847,"date":"2021-06-16T16:50:57","date_gmt":"2021-06-16T16:50:57","guid":{"rendered":"https:\/\/starseedmakeup.com\/?page_id=4847"},"modified":"2021-06-16T16:58:32","modified_gmt":"2021-06-16T16:58:32","slug":"eyelashes-tweezers","status":"publish","type":"page","link":"http:\/\/starseedmakeup.com\/fr\/eyelashes-tweezers\/","title":{"rendered":"Pince \u00e0 cils"},"content":{"rendered":"<section class=\"l-section wpb_row us_custom_51786714 height_medium\"><div class=\"l-section-h i-cf\"><div class=\"g-cols vc_row via_flex valign_top type_default stacking_default\"><div class=\"vc_col-sm-12 wpb_column vc_column_container\"><div class=\"vc_column-inner\"><div class=\"wpb_wrapper\"><div class=\"wpb_text_column\"><div class=\"wpb_wrapper\"><h1>Pince \u00e0 cils<\/h1>\n<\/div><\/div><\/div><\/div><\/div><\/div><\/div><\/section><section class=\"l-section wpb_row us_custom_217cb94a has_text_color height_small\"><div class=\"l-section-h i-cf\"><div class=\"g-cols vc_row via_flex valign_top type_default stacking_default\"><div class=\"vc_col-sm-12 wpb_column vc_column_container\"><div class=\"vc_column-inner\"><div class=\"wpb_wrapper\"><ol class=\"g-breadcrumbs us_custom_ae99f6aa has_text_color separator_icon align_none\" itemscope itemtype=\"http:\/\/schema.org\/BreadcrumbList\"><li class=\"g-breadcrumbs-item\" itemscope itemprop=\"itemListElement\" itemtype=\"http:\/\/schema.org\/ListItem\"><a itemprop=\"item\" href=\"http:\/\/starseedmakeup.com\/fr\/\"><span itemprop=\"name\">Accueil<\/span><\/a><meta itemprop=\"position\" content=\"1\"\/><\/li><li class=\"g-breadcrumbs-separator\"><i class=\"far fa-angle-right\"><\/i><\/li><li class=\"g-breadcrumbs-item\">Pages<\/li><\/ol><\/div><\/div><\/div><\/div><\/div><\/section><section class=\"l-section wpb_row height_medium\"><div class=\"l-section-h i-cf\"><div class=\"g-cols vc_row via_flex valign_top type_default stacking_default\"><div class=\"vc_col-sm-3 vc_hidden-sm vc_hidden-xs wpb_column vc_column_container\"><div class=\"vc_column-inner\"><div class=\"wpb_wrapper\"><section class=\"l-section wpb_row height_auto width_full\"><div class=\"l-section-h i-cf\"><div class=\"g-cols vc_row via_flex valign_top type_default stacking_default\"><div class=\"vc_col-sm-12 wpb_column vc_column_container\"><div class=\"vc_column-inner\"><div class=\"wpb_wrapper\"><div class=\"w-menu my-menu-color layout_ver style_blocks us_menu_1 with_children\" style=\"--main-gap:1rem;--main-ver-indent:0.8em;--main-hor-indent:0.8em;--sub-gap:1rem;\"><ul id=\"menu-category-side-bar\" class=\"menu\"><li id=\"menu-item-4483\" class=\"menu-item menu-item-type-post_type menu-item-object-page menu-item-has-children menu-item-4483\"><a href=\"http:\/\/starseedmakeup.com\/fr\/cils-minces\/\">Cils en vison<\/a><ul class=\"sub-menu\"><li id=\"menu-item-4502\" class=\"menu-item menu-item-type-post_type menu-item-object-page menu-item-4502\"><a href=\"http:\/\/starseedmakeup.com\/fr\/15-20mm-mink-eyelashes\/\">Cils en vison de 15 \u00e0 20 mm<\/a><\/li><li id=\"menu-item-4519\" class=\"menu-item menu-item-type-post_type menu-item-object-page menu-item-4519\"><a href=\"http:\/\/starseedmakeup.com\/fr\/25mm-mink-eyelashes\/\">Cils en vison de 25 mm<\/a><\/li><li id=\"menu-item-4543\" class=\"menu-item menu-item-type-post_type menu-item-object-page menu-item-4543\"><a href=\"http:\/\/starseedmakeup.com\/fr\/3d5d-mink-eyelashes\/\">Cils en vison 3D~5D<\/a><\/li><li id=\"menu-item-4579\" class=\"menu-item menu-item-type-post_type menu-item-object-page menu-item-4579\"><a href=\"http:\/\/starseedmakeup.com\/fr\/6d-mink-eyelashes\/\">Cils en vison 6D<\/a><\/li><\/ul><\/li><li id=\"menu-item-4597\" class=\"menu-item menu-item-type-post_type menu-item-object-page menu-item-has-children menu-item-4597\"><a href=\"http:\/\/starseedmakeup.com\/fr\/faux-cils-minces\/\">Faux cils<\/a><ul class=\"sub-menu\"><li id=\"menu-item-4613\" class=\"menu-item menu-item-type-post_type menu-item-object-page menu-item-4613\"><a href=\"http:\/\/starseedmakeup.com\/fr\/15-20mm-faux-mink-eyelashes\/\">Cils en faux vison 15-20mm<\/a><\/li><li id=\"menu-item-4650\" class=\"menu-item menu-item-type-post_type menu-item-object-page menu-item-4650\"><a href=\"http:\/\/starseedmakeup.com\/fr\/3d5d-faux-mink-eyelashes\/\">3D~5D Faux cils en vison<\/a><\/li><li id=\"menu-item-4663\" class=\"menu-item menu-item-type-post_type menu-item-object-page menu-item-4663\"><a href=\"http:\/\/starseedmakeup.com\/fr\/6d-faux-mink-eyelashes\/\">Cils en faux vison 6D<\/a><\/li><\/ul><\/li><li id=\"menu-item-2868\" class=\"menu-item menu-item-type-custom menu-item-object-custom menu-item-has-children menu-item-2868\"><a href=\"#\">Cils magn\u00e9tiques<\/a><ul class=\"sub-menu\"><li id=\"menu-item-4721\" class=\"menu-item menu-item-type-post_type menu-item-object-page menu-item-4721\"><a href=\"http:\/\/starseedmakeup.com\/fr\/3-pairs-magnetic-lashes\/\">3 paires de cils magn\u00e9tiques<\/a><\/li><\/ul><\/li><li id=\"menu-item-4737\" class=\"menu-item menu-item-type-post_type menu-item-object-page menu-item-has-children menu-item-4737\"><a href=\"http:\/\/starseedmakeup.com\/fr\/extensions-de-cils\/\">Extensions de cils<\/a><ul class=\"sub-menu\"><li id=\"menu-item-4751\" class=\"menu-item menu-item-type-post_type menu-item-object-page menu-item-4751\"><a href=\"http:\/\/starseedmakeup.com\/fr\/classic-eyelash-extensions\/\">Extensions de cils classiques<\/a><\/li><li id=\"menu-item-4742\" class=\"menu-item menu-item-type-post_type menu-item-object-page menu-item-4742\"><a href=\"http:\/\/starseedmakeup.com\/fr\/hybrid-eyelash-extensions\/\">Extensions de cils hybrides<\/a><\/li><li id=\"menu-item-4748\" class=\"menu-item menu-item-type-post_type menu-item-object-page menu-item-4748\"><a href=\"http:\/\/starseedmakeup.com\/fr\/volume-eyelash-extensions\/\">Extensions de cils en volume<\/a><\/li><li id=\"menu-item-4756\" class=\"menu-item menu-item-type-post_type menu-item-object-page menu-item-4756\"><a href=\"http:\/\/starseedmakeup.com\/fr\/ellipse-flat-eyelash-extensions\/\">Extensions de cils Ellipse\/Flat<\/a><\/li><\/ul><\/li><li id=\"menu-item-4869\" class=\"menu-item menu-item-type-post_type menu-item-object-page menu-item-has-children menu-item-4869\"><a href=\"http:\/\/starseedmakeup.com\/fr\/outils-pour-cils\/\">Outils pour cils<\/a><ul class=\"sub-menu\"><li id=\"menu-item-4773\" class=\"menu-item menu-item-type-post_type menu-item-object-page menu-item-4773\"><a href=\"http:\/\/starseedmakeup.com\/fr\/eyelash-extension-tools\/\">Outils d'extension de cils<\/a><\/li><li id=\"menu-item-4858\" class=\"menu-item menu-item-type-post_type menu-item-object-page menu-item-4858\"><a href=\"http:\/\/starseedmakeup.com\/fr\/eyelashes-tweezers\/\">Pince \u00e0 cils<\/a><\/li><li id=\"menu-item-4832\" class=\"menu-item menu-item-type-post_type menu-item-object-page menu-item-4832\"><a href=\"http:\/\/starseedmakeup.com\/fr\/strip-eyelashes-curlers\/\">Recourbe-cils en bandes<\/a><\/li><li id=\"menu-item-4845\" class=\"menu-item menu-item-type-post_type menu-item-object-page menu-item-4845\"><a href=\"http:\/\/starseedmakeup.com\/fr\/makeup-scissors\/\">Ciseaux \u00e0 maquillage<\/a><\/li><\/ul><\/li><\/ul><style>.us_menu_1 .menu>li>a{background:rgba(252,232,238,0.90)}.us_menu_1 .menu>li>a{color:inherit}@media ( max-width:600px ){.us_menu_1 .menu{display:block!important}.us_menu_1 .menu>li{margin:0 0 var(--main-gap,1rem)!important}}<\/style><\/div><\/div><\/div><\/div><\/div><\/div><\/section>\n<\/div><\/div><\/div><div class=\"vc_col-sm-9 wpb_column vc_column_container\"><div class=\"vc_column-inner\"><div class=\"wpb_wrapper\"><div class=\"w-grid type_grid layout_2886 cols_3 with_pagination overflow_hidden\" id=\"us_grid_1\" data-filterable=\"true\"><style>#us_grid_1 .w-grid-item{padding:1.2rem}#us_grid_1 .w-grid-list{margin:-1.2rem -1.2rem 1.2rem}.w-grid + #us_grid_1 .w-grid-list,.w-grid-none + #us_grid_1 .w-grid-list{margin-top:1.2rem}@media (max-width:899px){#us_grid_1 .w-grid-item{width:50%}}@media (max-width:599px){#us_grid_1 .w-grid-item{width:50%}}@media (min-width:1024px){#us_grid_1 .w-post-elm.post_title{font-size:14px!important}}.layout_2886 .w-grid-item-h{background:var(--color-content-bg);color:var(--color-content-heading);border-radius:0.3rem;box-shadow:0 0.03rem 0.06rem rgba(0,0,0,0.1),0 0.1rem 0.3rem rgba(0,0,0,0.1);transition-duration:0.3s}.no-touch .layout_2886 .w-grid-item-h:hover{box-shadow:0 0.12rem 0.24rem rgba(0,0,0,0.1),0 0.4rem 1.2rem rgba(0,0,0,0.15);z-index:4}.layout_2886 .usg_vwrapper_1{padding:0.8rem 1.5rem 1.5rem 1.5rem!important}.layout_2886 .usg_post_title_1{line-height:20px!important}<\/style><div class=\"w-grid-list\">\t<article class=\"w-grid-item size_1x1 post-4859 page type-page status-publish has-post-thumbnail hentry tag-eyelashes-tweezers\" data-id=\"4859\">\r\n\t\t<div class=\"w-grid-item-h\">\r\n\t\t\t\t\t\t<div class=\"w-vwrapper usg_vwrapper_1 align_left valign_top\"><div class=\"w-post-elm post_image usg_post_image_1 stretched\"><a href=\"http:\/\/starseedmakeup.com\/fr\/eyelashes-tweezers\/matte-metal-eyelash-tweezers\/\" aria-label=\"Pince \u00e0 cils en m\u00e9tal mat\"><img width=\"677\" height=\"677\" src=\"http:\/\/starseedmakeup.com\/wp-content\/uploads\/2021\/06\/Matte-Metal-Eyelash-Tweezers6.jpg\" class=\"attachment-large size-large wp-post-image\" alt=\"Pince \u00e0 cils en m\u00e9tal mat\" decoding=\"async\" loading=\"lazy\" srcset=\"http:\/\/starseedmakeup.com\/wp-content\/uploads\/2021\/06\/Matte-Metal-Eyelash-Tweezers6.jpg 677w, http:\/\/starseedmakeup.com\/wp-content\/uploads\/2021\/06\/Matte-Metal-Eyelash-Tweezers6-300x300.jpg 300w, http:\/\/starseedmakeup.com\/wp-content\/uploads\/2021\/06\/Matte-Metal-Eyelash-Tweezers6-150x150.jpg 150w\" sizes=\"(max-width: 677px) 100vw, 677px\" \/><\/a><\/div><p class=\"w-post-elm post_title usg_post_title_1 align_center entry-title color_link_inherit\"><a href=\"http:\/\/starseedmakeup.com\/fr\/eyelashes-tweezers\/matte-metal-eyelash-tweezers\/\">Pince \u00e0 cils en m\u00e9tal mat<\/a><\/p><\/div>\t\t<\/div>\r\n\t<\/article>\r\n\t<article class=\"w-grid-item size_1x1 post-4849 page type-page status-publish has-post-thumbnail hentry tag-eyelashes-tweezers\" data-id=\"4849\">\r\n\t\t<div class=\"w-grid-item-h\">\r\n\t\t\t\t\t\t<div class=\"w-vwrapper usg_vwrapper_1 align_left valign_top\"><div class=\"w-post-elm post_image usg_post_image_1 stretched\"><a href=\"http:\/\/starseedmakeup.com\/fr\/eyelashes-tweezers\/gradient-strip-eyelashes-metal-tweezers\/\" aria-label=\"Cils en bandes d\u00e9grad\u00e9es Pince \u00e0 \u00e9piler en m\u00e9tal\"><img width=\"677\" height=\"677\" src=\"http:\/\/starseedmakeup.com\/wp-content\/uploads\/2021\/06\/Gradient-Strip-Eyelashes-Metal-Tweezers4.jpg\" class=\"attachment-large size-large wp-post-image\" alt=\"Cils en bandes d\u00e9grad\u00e9es Pince \u00e0 \u00e9piler en m\u00e9tal\" decoding=\"async\" loading=\"lazy\" srcset=\"http:\/\/starseedmakeup.com\/wp-content\/uploads\/2021\/06\/Gradient-Strip-Eyelashes-Metal-Tweezers4.jpg 677w, http:\/\/starseedmakeup.com\/wp-content\/uploads\/2021\/06\/Gradient-Strip-Eyelashes-Metal-Tweezers4-300x300.jpg 300w, http:\/\/starseedmakeup.com\/wp-content\/uploads\/2021\/06\/Gradient-Strip-Eyelashes-Metal-Tweezers4-150x150.jpg 150w\" sizes=\"(max-width: 677px) 100vw, 677px\" \/><\/a><\/div><p class=\"w-post-elm post_title usg_post_title_1 align_center entry-title color_link_inherit\"><a href=\"http:\/\/starseedmakeup.com\/fr\/eyelashes-tweezers\/gradient-strip-eyelashes-metal-tweezers\/\">Cils en bandes d\u00e9grad\u00e9es Pince \u00e0 \u00e9piler en m\u00e9tal<\/a><\/p><\/div>\t\t<\/div>\r\n\t<\/article>\r\n<\/div><div class=\"w-grid-preloader\"><div class=\"g-preloader type_1\">\r\n\t<div><\/div>\r\n<\/div>\r\n<\/div>\t<div class=\"w-grid-json hidden\" onclick='return {&quot;action&quot;:&quot;us_ajax_grid&quot;,&quot;ajax_url&quot;:&quot;http:\\\/\\\/starseedmakeup.com\\\/wp-admin\\\/admin-ajax.php&quot;,&quot;infinite_scroll&quot;:0,&quot;max_num_pages&quot;:1,&quot;pagination&quot;:&quot;regular&quot;,&quot;permalink_url&quot;:&quot;http:\\\/\\\/starseedmakeup.com\\\/fr\\\/wp-json\\\/wp\\\/v2\\\/pages\\\/4847&quot;,&quot;template_vars&quot;:{&quot;columns&quot;:&quot;3&quot;,&quot;exclude_items&quot;:&quot;none&quot;,&quot;img_size&quot;:&quot;default&quot;,&quot;ignore_items_size&quot;:false,&quot;items_layout&quot;:&quot;2886&quot;,&quot;items_offset&quot;:&quot;1&quot;,&quot;load_animation&quot;:&quot;none&quot;,&quot;overriding_link&quot;:&quot;none&quot;,&quot;post_id&quot;:4847,&quot;query_args&quot;:{&quot;post_type&quot;:[&quot;page&quot;],&quot;tax_query&quot;:[{&quot;taxonomy&quot;:&quot;post_tag&quot;,&quot;field&quot;:&quot;slug&quot;,&quot;terms&quot;:[&quot;strip-eyelashes-tweezers&quot;,&quot;eyelashes-tweezers&quot;]}],&quot;post_status&quot;:[&quot;publish&quot;],&quot;posts_per_page&quot;:&quot;12&quot;},&quot;orderby_query_args&quot;:{&quot;orderby&quot;:{&quot;date&quot;:&quot;DESC&quot;}},&quot;type&quot;:&quot;grid&quot;,&quot;us_grid_ajax_index&quot;:1,&quot;us_grid_filter_params&quot;:null,&quot;us_grid_index&quot;:1,&quot;_us_grid_post_type&quot;:&quot;page&quot;}}'><\/div>\r\n\t<\/div><div class=\"w-separator size_medium\"><\/div><\/div><\/div><\/div><\/div><\/div><\/section>","protected":false},"excerpt":{"rendered":"AccueilPagesGradient Strip Eyelashes Metal Tweezers Can be used to help you put on or take off false eyelashes, or to help you adjust or fix false eyelashes. Product Highlights: Easy carrying without damagingDurable stainless steel and alloyEasy to put on eyelashesHumanized multi-functional designQuick private labelingGet Instant QuoteGet in Touch for Instant Quote! Send your request...","protected":false},"author":1,"featured_media":0,"parent":0,"menu_order":0,"comment_status":"closed","ping_status":"closed","template":"","meta":[],"categories":[],"tags":[],"yoast_head":"<!-- This site is optimized with the Yoast SEO Premium plugin v20.5 (Yoast SEO v20.5) - https:\/\/yoast.com\/wordpress\/plugins\/seo\/ -->\n<title>Eyelashes Tweezers Supplier with Low MOQ - Starseed<\/title>\n<meta name=\"description\" content=\"Wholesale Eyelashes Tweezers with customized colors, packaging, sizes and packaging boxes. Order in low MOQ and free samples!\" \/>\n<meta name=\"robots\" content=\"index, follow, max-snippet:-1, max-image-preview:large, max-video-preview:-1\" \/>\n<link rel=\"canonical\" href=\"http:\/\/starseedmakeup.com\/fr\/eyelashes-tweezers\/\" \/>\n<meta property=\"og:locale\" content=\"fr_FR\" \/>\n<meta property=\"og:type\" content=\"article\" \/>\n<meta property=\"og:title\" content=\"Eyelashes Tweezers Supplier with Low MOQ - Starseed\" \/>\n<meta property=\"og:description\" content=\"Wholesale Eyelashes Tweezers with customized colors, packaging, sizes and packaging boxes. Order in low MOQ and free samples!\" \/>\n<meta property=\"og:url\" content=\"http:\/\/starseedmakeup.com\/fr\/eyelashes-tweezers\/\" \/>\n<meta property=\"og:site_name\" content=\"Starseed\" \/>\n<meta property=\"article:modified_time\" content=\"2021-06-16T16:58:32+00:00\" \/>\n<meta name=\"twitter:card\" content=\"summary_large_image\" \/>\n<meta name=\"twitter:label1\" content=\"Est. reading time\" \/>\n\t<meta name=\"twitter:data1\" content=\"1 minute\" \/>\n<script type=\"application\/ld+json\" class=\"yoast-schema-graph\">{\"@context\":\"https:\/\/schema.org\",\"@graph\":[{\"@type\":\"WebPage\",\"@id\":\"http:\/\/starseedmakeup.com\/es\/eyelashes-tweezers\/\",\"url\":\"http:\/\/starseedmakeup.com\/es\/eyelashes-tweezers\/\",\"name\":\"Eyelashes Tweezers Supplier with Low MOQ - Starseed\",\"isPartOf\":{\"@id\":\"http:\/\/starseedmakeup.com\/#website\"},\"datePublished\":\"2021-06-16T16:50:57+00:00\",\"dateModified\":\"2021-06-16T16:58:32+00:00\",\"description\":\"Wholesale Eyelashes Tweezers with customized colors, packaging, sizes and packaging boxes. Order in low MOQ and free samples!\",\"inLanguage\":\"fr-FR\",\"potentialAction\":[{\"@type\":\"ReadAction\",\"target\":[\"http:\/\/starseedmakeup.com\/es\/eyelashes-tweezers\/\"]}]},{\"@type\":\"WebSite\",\"@id\":\"http:\/\/starseedmakeup.com\/#website\",\"url\":\"http:\/\/starseedmakeup.com\/\",\"name\":\"Starseed\",\"description\":\"Just another WordPress site\",\"potentialAction\":[{\"@type\":\"SearchAction\",\"target\":{\"@type\":\"EntryPoint\",\"urlTemplate\":\"http:\/\/starseedmakeup.com\/?s={search_term_string}\"},\"query-input\":\"required name=search_term_string\"}],\"inLanguage\":\"fr-FR\"}]}<\/script>\n<!-- \/ Yoast SEO Premium plugin. -->","yoast_head_json":{"title":"Eyelashes Tweezers Supplier with Low MOQ - Starseed","description":"Wholesale Eyelashes Tweezers with customized colors, packaging, sizes and packaging boxes. Order in low MOQ and free samples!","robots":{"index":"index","follow":"follow","max-snippet":"max-snippet:-1","max-image-preview":"max-image-preview:large","max-video-preview":"max-video-preview:-1"},"canonical":"http:\/\/starseedmakeup.com\/fr\/eyelashes-tweezers\/","og_locale":"fr_FR","og_type":"article","og_title":"Eyelashes Tweezers Supplier with Low MOQ - Starseed","og_description":"Wholesale Eyelashes Tweezers with customized colors, packaging, sizes and packaging boxes. Order in low MOQ and free samples!","og_url":"http:\/\/starseedmakeup.com\/fr\/eyelashes-tweezers\/","og_site_name":"Starseed","article_modified_time":"2021-06-16T16:58:32+00:00","twitter_card":"summary_large_image","twitter_misc":{"Est. reading time":"1 minute"},"schema":{"@context":"https:\/\/schema.org","@graph":[{"@type":"WebPage","@id":"http:\/\/starseedmakeup.com\/es\/eyelashes-tweezers\/","url":"http:\/\/starseedmakeup.com\/es\/eyelashes-tweezers\/","name":"Eyelashes Tweezers Supplier with Low MOQ - Starseed","isPartOf":{"@id":"http:\/\/starseedmakeup.com\/#website"},"datePublished":"2021-06-16T16:50:57+00:00","dateModified":"2021-06-16T16:58:32+00:00","description":"Wholesale Eyelashes Tweezers with customized colors, packaging, sizes and packaging boxes. Order in low MOQ and free samples!","inLanguage":"fr-FR","potentialAction":[{"@type":"ReadAction","target":["http:\/\/starseedmakeup.com\/es\/eyelashes-tweezers\/"]}]},{"@type":"WebSite","@id":"http:\/\/starseedmakeup.com\/#website","url":"http:\/\/starseedmakeup.com\/","name":"Starseed","description":"Just another WordPress site","potentialAction":[{"@type":"SearchAction","target":{"@type":"EntryPoint","urlTemplate":"http:\/\/starseedmakeup.com\/?s={search_term_string}"},"query-input":"required name=search_term_string"}],"inLanguage":"fr-FR"}]}},"_links":{"self":[{"href":"http:\/\/starseedmakeup.com\/fr\/wp-json\/wp\/v2\/pages\/4847"}],"collection":[{"href":"http:\/\/starseedmakeup.com\/fr\/wp-json\/wp\/v2\/pages"}],"about":[{"href":"http:\/\/starseedmakeup.com\/fr\/wp-json\/wp\/v2\/types\/page"}],"author":[{"embeddable":true,"href":"http:\/\/starseedmakeup.com\/fr\/wp-json\/wp\/v2\/users\/1"}],"replies":[{"embeddable":true,"href":"http:\/\/starseedmakeup.com\/fr\/wp-json\/wp\/v2\/comments?post=4847"}],"version-history":[{"count":2,"href":"http:\/\/starseedmakeup.com\/fr\/wp-json\/wp\/v2\/pages\/4847\/revisions"}],"predecessor-version":[{"id":4856,"href":"http:\/\/starseedmakeup.com\/fr\/wp-json\/wp\/v2\/pages\/4847\/revisions\/4856"}],"wp:attachment":[{"href":"http:\/\/starseedmakeup.com\/fr\/wp-json\/wp\/v2\/media?parent=4847"}],"wp:term":[{"taxonomy":"category","embeddable":true,"href":"http:\/\/starseedmakeup.com\/fr\/wp-json\/wp\/v2\/categories?post=4847"},{"taxonomy":"post_tag","embeddable":true,"href":"http:\/\/starseedmakeup.com\/fr\/wp-json\/wp\/v2\/tags?post=4847"}],"curies":[{"name":"wp","href":"https:\/\/api.w.org\/{rel}","templated":true}]}}