{"id":5145,"date":"2021-07-08T08:31:50","date_gmt":"2021-07-08T08:31:50","guid":{"rendered":"https:\/\/starseedmakeup.com\/?page_id=5145"},"modified":"2021-09-15T18:31:09","modified_gmt":"2021-09-15T10:31:09","slug":"custom-lash","status":"publish","type":"page","link":"http:\/\/starseedmakeup.com\/fr\/cils-personnalises\/","title":{"rendered":"Cils sur mesure"},"content":{"rendered":"<section class=\"l-section wpb_row height_medium with_img\"><div class=\"l-section-img\" style=\"background-image: url(http:\/\/starseedmakeup.com\/wp-content\/uploads\/2021\/07\/inner-page-banner6-1.jpg);\" data-img-width=\"1919\" data-img-height=\"404\"><\/div><div class=\"l-section-h i-cf\"><div class=\"g-cols vc_row via_flex valign_top type_default stacking_default\"><div class=\"vc_col-sm-12 wpb_column vc_column_container\"><div class=\"vc_column-inner\"><div class=\"wpb_wrapper\"><div class=\"wpb_text_column\"><div class=\"wpb_wrapper\"><h1>Cils sur mesure<\/h1>\n<p>Une br\u00e8ve introduction \u00e0 nos services de cils personnalis\u00e9s con\u00e7us pour vous donner<br \/>\nla libert\u00e9 de donner vie \u00e0 vos id\u00e9es uniques en mati\u00e8re de cils.<\/p>\n<\/div><\/div><\/div><\/div><\/div><\/div><\/div><\/section><section class=\"l-section wpb_row us_custom_d14fb310 height_small\"><div class=\"l-section-h i-cf\"><div class=\"g-cols vc_row via_flex valign_top type_default stacking_default\"><div class=\"vc_col-sm-12 wpb_column vc_column_container\"><div class=\"vc_column-inner\"><div class=\"wpb_wrapper\"><ol class=\"g-breadcrumbs us_custom_ae99f6aa has_text_color separator_icon align_none\" itemscope itemtype=\"http:\/\/schema.org\/BreadcrumbList\"><li class=\"g-breadcrumbs-item\" itemscope itemprop=\"itemListElement\" itemtype=\"http:\/\/schema.org\/ListItem\"><a itemprop=\"item\" href=\"http:\/\/starseedmakeup.com\/fr\/\"><span itemprop=\"name\">Accueil<\/span><\/a><meta itemprop=\"position\" content=\"1\"\/><\/li><li class=\"g-breadcrumbs-separator\"><i class=\"far fa-angle-right\"><\/i><\/li><li class=\"g-breadcrumbs-item\">Pages<\/li><\/ol><\/div><\/div><\/div><\/div><\/div><\/section><section class=\"l-section wpb_row us_custom_29a0f245 height_auto\"><div class=\"l-section-h i-cf\"><div class=\"g-cols vc_row via_flex valign_middle type_default stacking_default\"><div class=\"vc_col-sm-12 wpb_column vc_column_container\"><div class=\"vc_column-inner\"><div class=\"wpb_wrapper\"><div class=\"wpb_text_column\"><div class=\"wpb_wrapper\"><h2 style=\"font-size: 40px; font-weight: 900; margin-top: 130px; text-align: center;\">Cils sur mesure<\/h2>\n<\/div><\/div><div class=\"wpb_text_column\"><div class=\"wpb_wrapper\"><p style=\"text-align: center;\"><span style=\"font-weight: 400; font-size: 16px; line-height: 2;\">Nous disposons de capacit\u00e9s de fabrication de haute qualit\u00e9 qui nous permettent de r\u00e9pondre \u00e0 vos souhaits sp\u00e9cifiques et de vous offrir <\/span><a href=\"http:\/\/starseedmakeup.com\/fr\/extensions-de-cils\/\"><span style=\"font-weight: 400;\">extensions de cils sur mesure<\/span><\/a><span style=\"font-weight: 400;\">.<br \/>\nNous disposons d'un personnel qualifi\u00e9 qui travaille en \u00e9troite collaboration avec vous pour r\u00e9aliser les mod\u00e8les sp\u00e9cifiques que vous envisagez pour vos commandes de cils personnalis\u00e9s. <\/span><\/p>\n<\/div><\/div><div class=\"w-separator size_small\"><\/div><div class=\"g-cols wpb_row via_flex valign_top type_default stacking_default\"><div class=\"vc_col-sm-1\/5 wpb_column vc_column_container\"><div class=\"vc_column-inner\"><div class=\"wpb_wrapper\"><div class=\"w-image align_none\"><div class=\"w-image-h\"><img width=\"150\" height=\"150\" src=\"http:\/\/starseedmakeup.com\/wp-content\/uploads\/2021\/06\/15-20mm-Faux-Mink-Eyelashes-Supplier-1-150x150.jpg\" class=\"attachment-thumbnail size-thumbnail\" alt=\"15-20mm Faux cils de vison Fournisseur\" decoding=\"async\" loading=\"lazy\" \/><\/div><\/div><\/div><\/div><\/div><div class=\"vc_col-sm-1\/5 wpb_column vc_column_container\"><div class=\"vc_column-inner\"><div class=\"wpb_wrapper\"><div class=\"w-image align_none\"><div class=\"w-image-h\"><img width=\"150\" height=\"150\" src=\"http:\/\/starseedmakeup.com\/wp-content\/uploads\/2021\/06\/6D-Faux-Mink-Eyelashes-Supplier-1-150x150.jpg\" class=\"attachment-thumbnail size-thumbnail\" alt=\"6D Faux cils de vison Fournisseur\" decoding=\"async\" loading=\"lazy\" \/><\/div><\/div><\/div><\/div><\/div><div class=\"vc_col-sm-1\/5 wpb_column vc_column_container\"><div class=\"vc_column-inner\"><div class=\"wpb_wrapper\"><div class=\"w-image align_none\"><div class=\"w-image-h\"><img width=\"150\" height=\"150\" src=\"http:\/\/starseedmakeup.com\/wp-content\/uploads\/2021\/06\/30mm-Faux-Mink-Lashes6-150x150.jpg\" class=\"attachment-thumbnail size-thumbnail\" alt=\"Cils en faux vison de 30 mm\" decoding=\"async\" loading=\"lazy\" srcset=\"http:\/\/starseedmakeup.com\/wp-content\/uploads\/2021\/06\/30mm-Faux-Mink-Lashes6-150x150.jpg 150w, http:\/\/starseedmakeup.com\/wp-content\/uploads\/2021\/06\/30mm-Faux-Mink-Lashes6-300x300.jpg 300w, http:\/\/starseedmakeup.com\/wp-content\/uploads\/2021\/06\/30mm-Faux-Mink-Lashes6.jpg 324w\" sizes=\"(max-width: 150px) 100vw, 150px\" \/><\/div><\/div><\/div><\/div><\/div><div class=\"vc_col-sm-1\/5 wpb_column vc_column_container\"><div class=\"vc_column-inner\"><div class=\"wpb_wrapper\"><div class=\"w-image align_none\"><div class=\"w-image-h\"><img width=\"150\" height=\"150\" src=\"http:\/\/starseedmakeup.com\/wp-content\/uploads\/2021\/06\/30mm-Mink-Eyelashes-Packaging3-150x150.jpg\" class=\"attachment-thumbnail size-thumbnail\" alt=\"Emballage de cils de vison de 30 mm\" decoding=\"async\" loading=\"lazy\" srcset=\"http:\/\/starseedmakeup.com\/wp-content\/uploads\/2021\/06\/30mm-Mink-Eyelashes-Packaging3-150x150.jpg 150w, http:\/\/starseedmakeup.com\/wp-content\/uploads\/2021\/06\/30mm-Mink-Eyelashes-Packaging3-300x300.jpg 300w, http:\/\/starseedmakeup.com\/wp-content\/uploads\/2021\/06\/30mm-Mink-Eyelashes-Packaging3.jpg 324w\" sizes=\"(max-width: 150px) 100vw, 150px\" \/><\/div><\/div><\/div><\/div><\/div><div class=\"vc_col-sm-1\/5 wpb_column vc_column_container\"><div class=\"vc_column-inner\"><div class=\"wpb_wrapper\"><div class=\"w-image align_none\"><div class=\"w-image-h\"><img width=\"150\" height=\"150\" src=\"http:\/\/starseedmakeup.com\/wp-content\/uploads\/2021\/06\/Top-30mm-Mink-Eyelashes-Vendor-1-150x150.jpg\" class=\"attachment-thumbnail size-thumbnail\" alt=\"Top 30mm Mink Eyelashes Vendor\" decoding=\"async\" loading=\"lazy\" \/><\/div><\/div><\/div><\/div><\/div><\/div><div class=\"w-separator size_custom\" style=\"height:130px\"><\/div><div class=\"wpb_text_column us_custom_50cc7d67\"><div class=\"wpb_wrapper\"><h2 style=\"font-weight: 900; font-size: 40px; margin-bottom: 50px;\">Pourquoi les cils Custom Lash sont-ils recommand\u00e9s ?<\/h2>\n<\/div><\/div><\/div><\/div><\/div><\/div><\/div><\/section><section class=\"l-section wpb_row height_auto\"><div class=\"l-section-h i-cf\"><div class=\"g-cols vc_row via_flex valign_top type_default stacking_default\"><div class=\"vc_col-sm-6 wpb_column vc_column_container\"><div class=\"vc_column-inner\"><div class=\"wpb_wrapper\"><div class=\"w-iconbox us_custom_f029a2ba iconpos_left style_circle color_primary align_left\"><div class=\"w-iconbox-icon\" style=\"font-size:2rem;\"><i class=\"far fa-eye\"><\/i><\/div><div class=\"w-iconbox-meta\"><h3 class=\"w-iconbox-title\" style=\"font-size:24px;\">D\u00e9veloppez la reconnaissance de votre marque de cils<\/h3><div class=\"w-iconbox-text\"><p style=\"font-weight: 400; font-size: 16px; line-height: 2; margin: 0;\">Investir dans <a href=\"http:\/\/starseedmakeup.com\/fr\/cils-minces\/\"><span style=\"font-weight: 400;\">cils de vison personnalis\u00e9s<\/span><\/a><span style=\"font-weight: 400;\"> Les cils et autres produits que nous proposons vous permettent de construire une image de marque et un nom qui vous aideront \u00e0 vous d\u00e9marquer. Nous vous fournirons des cils de qualit\u00e9 avec des designs et des forfaits uniques pour votre entreprise.<\/span><\/p>\n<\/div><\/div><\/div><div class=\"w-iconbox us_custom_79a6436d iconpos_left style_circle color_primary align_left\"><div class=\"w-iconbox-icon\" style=\"font-size:2rem;\"><i class=\"far fa-ballot\"><\/i><\/div><div class=\"w-iconbox-meta\"><h3 class=\"w-iconbox-title\" style=\"font-size:24px;\">Gamme de produits Stretch Your Lash<\/h3><div class=\"w-iconbox-text\"><p style=\"font-weight: 400; font-size: 16px; line-height: 2; margin: 0;\">En tant qu'entreprise, il est essentiel d'\u00e9largir votre catalogue de produits. Investir dans des cils magn\u00e9tiques personnalis\u00e9s et dans d'autres qui pr\u00e9sentent des styles diff\u00e9rents vous permettra d'augmenter votre offre de produits.<\/p>\n<\/div><\/div><\/div><div class=\"w-iconbox us_custom_7994ac52 iconpos_left style_default color_primary align_left no_title\"><div class=\"w-iconbox-icon\" style=\"font-size:2rem;\"><i class=\"far fa-arrows-alt-h\"><\/i><\/div><div class=\"w-iconbox-meta\"><div class=\"w-iconbox-text\"><p><i class=\"fas fa-arrows-alt-h\"><\/i><\/p>\n<\/div><\/div><\/div><\/div><\/div><\/div><div class=\"vc_col-sm-6 wpb_column vc_column_container\"><div class=\"vc_column-inner\"><div class=\"wpb_wrapper\"><div class=\"w-iconbox us_custom_f029a2ba iconpos_left style_circle color_primary align_left\"><div class=\"w-iconbox-icon\" style=\"font-size:2rem;\"><i class=\"far fa-chart-bar\"><\/i><\/div><div class=\"w-iconbox-meta\"><h3 class=\"w-iconbox-title\" style=\"font-size:24px;\">Gagner plus de parts de march\u00e9 dans le domaine des cils<\/h3><div class=\"w-iconbox-text\"><p style=\"font-weight: 400; font-size: 16px; line-height: 2; margin: 0;\">En sortant du lot et en apportant une nouvelle perspective avec vos cils personnalis\u00e9s, vous attirerez facilement des clients. Cela vous permettra d'accro\u00eetre votre influence et d'atteindre un plus grand nombre de personnes sur le march\u00e9.<\/p>\n<\/div><\/div><\/div><div class=\"w-iconbox us_custom_f029a2ba iconpos_left style_circle color_primary align_left\"><div class=\"w-iconbox-icon\" style=\"font-size:2rem;\"><i class=\"far fa-star\"><\/i><\/div><div class=\"w-iconbox-meta\"><h3 class=\"w-iconbox-title\" style=\"font-size:24px;\">R\u00e9alisez vos options uniques de cils sur mesure<\/h3><div class=\"w-iconbox-text\"><p style=\"font-weight: 400; font-size: 16px; line-height: 2; margin: 0;\">Les cils personnalis\u00e9s vous permettent de faire appel \u00e0 votre cr\u00e9ativit\u00e9 et de d\u00e9velopper diff\u00e9rents cils que vous pouvez vendre dans votre entreprise. Cela vous permettra d'apporter de nouveaux styles de cils frais et uniques sur le march\u00e9.<\/p>\n<\/div><\/div><\/div><\/div><\/div><\/div><\/div><\/div><\/section><section class=\"l-section wpb_row height_auto\"><div class=\"l-section-h i-cf\"><div class=\"g-cols vc_row via_flex valign_top type_default stacking_default\"><div class=\"vc_col-sm-12 wpb_column vc_column_container\"><div class=\"vc_column-inner\"><div class=\"wpb_wrapper\"><div class=\"w-btn-wrapper align_center\"><a class=\"w-btn us-btn-style_1\" href=\"javascript:void(0)\"><span class=\"w-btn-label\">Personnalisez vos cils<\/span><\/a><\/div><\/div><\/div><\/div><\/div><\/div><\/section><section class=\"l-section wpb_row height_auto\"><div class=\"l-section-h i-cf\"><div class=\"g-cols vc_row via_flex valign_top type_default stacking_default\"><div class=\"vc_col-sm-12 wpb_column vc_column_container\"><div class=\"vc_column-inner\"><div class=\"wpb_wrapper\"><div class=\"w-separator size_large\"><\/div><div class=\"wpb_text_column\"><div class=\"wpb_wrapper\"><h2 style=\"font-weight: 900; font-size: 40px; margin: 50px 0;\">Personnalisez vos propres cils en 3 \u00e9tapes<\/h2>\n<\/div><\/div><div class=\"w-iconbox us_custom_54e7f678 iconpos_left style_default color_primary align_left icontype_img\"><div class=\"w-iconbox-icon\" style=\"font-size:2rem;\"><img width=\"275\" height=\"277\" src=\"http:\/\/starseedmakeup.com\/wp-content\/uploads\/2021\/07\/1Artboard-1.png\" class=\"attachment-full size-full\" alt=\"1Tableau de bord-1\" decoding=\"async\" loading=\"lazy\" srcset=\"http:\/\/starseedmakeup.com\/wp-content\/uploads\/2021\/07\/1Artboard-1.png 275w, http:\/\/starseedmakeup.com\/wp-content\/uploads\/2021\/07\/1Artboard-1-150x150.png 150w\" sizes=\"(max-width: 275px) 100vw, 275px\" \/><\/div><div class=\"w-iconbox-meta\"><h3 class=\"w-iconbox-title\" style=\"font-size:24px;\">Envoyez-nous votre logo<\/h3><div class=\"w-iconbox-text\"><p style=\"font-weight: 400; font-size: 16px; line-height: 2;\">Pour personnaliser vos propres cils, envoyez-nous le nom et l'image de votre logo au format Png pour le processus d'emballage. Nous proposons d'imprimer vos mots et logos sur les produits d'emballage sp\u00e9cifiques que vous choisissez pour vos cils.<\/p>\n<\/div><\/div><\/div><div class=\"w-iconbox us_custom_54e7f678 iconpos_left style_default color_primary align_left icontype_img\"><div class=\"w-iconbox-icon\" style=\"font-size:2rem;\"><img width=\"275\" height=\"277\" src=\"http:\/\/starseedmakeup.com\/wp-content\/uploads\/2021\/07\/2Artboard-1.png\" class=\"attachment-full size-full\" alt=\"\" decoding=\"async\" loading=\"lazy\" srcset=\"http:\/\/starseedmakeup.com\/wp-content\/uploads\/2021\/07\/2Artboard-1.png 275w, http:\/\/starseedmakeup.com\/wp-content\/uploads\/2021\/07\/2Artboard-1-150x150.png 150w\" sizes=\"(max-width: 275px) 100vw, 275px\" \/><\/div><div class=\"w-iconbox-meta\"><h3 class=\"w-iconbox-title\" style=\"font-size:24px;\">Choisir des cils personnalis\u00e9s \u00e0 vendre<\/h3><div class=\"w-iconbox-text\"><p style=\"font-weight: 400; font-size: 16px; line-height: 2;\">Nous disposons de diff\u00e9rents types de cils, comme les cils en bandes personnalis\u00e9s, et d'autres encore, qui se d\u00e9clinent en une vari\u00e9t\u00e9 de styles que vous pouvez choisir de vendre. Vous pouvez travailler avec ce qui est d\u00e9j\u00e0 en stock ou nous fournir un design diff\u00e9rent.<\/p>\n<\/div><\/div><\/div><div class=\"w-iconbox us_custom_54e7f678 iconpos_left style_default color_primary align_left icontype_img\"><div class=\"w-iconbox-icon\" style=\"font-size:2rem;\"><img width=\"275\" height=\"277\" src=\"http:\/\/starseedmakeup.com\/wp-content\/uploads\/2021\/07\/3Artboard-1.png\" class=\"attachment-full size-full\" alt=\"\" decoding=\"async\" loading=\"lazy\" srcset=\"http:\/\/starseedmakeup.com\/wp-content\/uploads\/2021\/07\/3Artboard-1.png 275w, http:\/\/starseedmakeup.com\/wp-content\/uploads\/2021\/07\/3Artboard-1-150x150.png 150w\" sizes=\"(max-width: 275px) 100vw, 275px\" \/><\/div><div class=\"w-iconbox-meta\"><h3 class=\"w-iconbox-title\" style=\"font-size:24px;\">Confirmer les bo\u00eetes \u00e0 cils avec logo personnalis\u00e9<\/h3><div class=\"w-iconbox-text\"><p style=\"font-weight: 400; font-size: 16px; line-height: 2;\">Nos bo\u00eetes \u00e0 lani\u00e8res sont disponibles en diff\u00e9rentes tailles et comportent des inserts personnalis\u00e9s de qualit\u00e9 avec lesquels vous pouvez travailler. Nous vous donnons un aper\u00e7u final des bo\u00eetes \u00e0 cils avec logo personnalis\u00e9 pour voir comment elles se pr\u00e9sentent afin d'obtenir une confirmation pour la production en s\u00e9rie.<\/p>\n<\/div><\/div><\/div><div class=\"w-separator size_huge\"><\/div><\/div><\/div><\/div><\/div><\/div><\/section>","protected":false},"excerpt":{"rendered":"Custom Lash A brief introduction to our custom lash services designed to give you the freedom to bring your unique eyelash ideas to life. AccueilPagesCustom Lash We feature high-quality manufacturing capabilities that allow us to cater to your specific desires and offer custom lash extensions. We feature qualified staff members who work with you closely...","protected":false},"author":1,"featured_media":0,"parent":0,"menu_order":0,"comment_status":"closed","ping_status":"closed","template":"","meta":[],"categories":[],"tags":[],"yoast_head":"<!-- This site is optimized with the Yoast SEO Premium plugin v20.5 (Yoast SEO v20.5) - https:\/\/yoast.com\/wordpress\/plugins\/seo\/ -->\n<title>Customized Mink\/Silk Eyelashes Solutions - Starseed<\/title>\n<meta name=\"description\" content=\"Boost your eyelashes business and expand your lash brand recognition. Starseed caters to your special needs and offers custom eyelashes.\" \/>\n<meta name=\"robots\" content=\"index, follow, max-snippet:-1, max-image-preview:large, max-video-preview:-1\" \/>\n<link rel=\"canonical\" href=\"http:\/\/starseedmakeup.com\/fr\/\u0440\u0435\u0441\u043d\u0438\u0446\u044b-\u043d\u0430-\u0437\u0430\u043a\u0430\u0437\/\" \/>\n<meta property=\"og:locale\" content=\"fr_FR\" \/>\n<meta property=\"og:type\" content=\"article\" \/>\n<meta property=\"og:title\" content=\"Customized Mink\/Silk Eyelashes Solutions - Starseed\" \/>\n<meta property=\"og:description\" content=\"Boost your eyelashes business and expand your lash brand recognition. Starseed caters to your special needs and offers custom eyelashes.\" \/>\n<meta property=\"og:url\" content=\"http:\/\/starseedmakeup.com\/fr\/\u0440\u0435\u0441\u043d\u0438\u0446\u044b-\u043d\u0430-\u0437\u0430\u043a\u0430\u0437\/\" \/>\n<meta property=\"og:site_name\" content=\"Starseed\" \/>\n<meta property=\"article:modified_time\" content=\"2021-09-15T10:31:09+00:00\" \/>\n<meta name=\"twitter:card\" content=\"summary_large_image\" \/>\n<meta name=\"twitter:label1\" content=\"Est. reading time\" \/>\n\t<meta name=\"twitter:data1\" content=\"3 minutes\" \/>\n<script type=\"application\/ld+json\" class=\"yoast-schema-graph\">{\"@context\":\"https:\/\/schema.org\",\"@graph\":[{\"@type\":\"WebPage\",\"@id\":\"http:\/\/starseedmakeup.com\/ru\/\u0440\u0435\u0441\u043d\u0438\u0446\u044b-\u043d\u0430-\u0437\u0430\u043a\u0430\u0437\/\",\"url\":\"http:\/\/starseedmakeup.com\/ru\/\u0440\u0435\u0441\u043d\u0438\u0446\u044b-\u043d\u0430-\u0437\u0430\u043a\u0430\u0437\/\",\"name\":\"Customized Mink\/Silk Eyelashes Solutions - Starseed\",\"isPartOf\":{\"@id\":\"http:\/\/starseedmakeup.com\/#website\"},\"datePublished\":\"2021-07-08T08:31:50+00:00\",\"dateModified\":\"2021-09-15T10:31:09+00:00\",\"description\":\"Boost your eyelashes business and expand your lash brand recognition. Starseed caters to your special needs and offers custom eyelashes.\",\"inLanguage\":\"fr-FR\",\"potentialAction\":[{\"@type\":\"ReadAction\",\"target\":[\"http:\/\/starseedmakeup.com\/ru\/\u0440\u0435\u0441\u043d\u0438\u0446\u044b-\u043d\u0430-\u0437\u0430\u043a\u0430\u0437\/\"]}]},{\"@type\":\"WebSite\",\"@id\":\"http:\/\/starseedmakeup.com\/#website\",\"url\":\"http:\/\/starseedmakeup.com\/\",\"name\":\"Starseed\",\"description\":\"Just another WordPress site\",\"potentialAction\":[{\"@type\":\"SearchAction\",\"target\":{\"@type\":\"EntryPoint\",\"urlTemplate\":\"http:\/\/starseedmakeup.com\/?s={search_term_string}\"},\"query-input\":\"required name=search_term_string\"}],\"inLanguage\":\"fr-FR\"}]}<\/script>\n<!-- \/ Yoast SEO Premium plugin. -->","yoast_head_json":{"title":"Customized Mink\/Silk Eyelashes Solutions - Starseed","description":"Boost your eyelashes business and expand your lash brand recognition. Starseed caters to your special needs and offers custom eyelashes.","robots":{"index":"index","follow":"follow","max-snippet":"max-snippet:-1","max-image-preview":"max-image-preview:large","max-video-preview":"max-video-preview:-1"},"canonical":"http:\/\/starseedmakeup.com\/fr\/\u0440\u0435\u0441\u043d\u0438\u0446\u044b-\u043d\u0430-\u0437\u0430\u043a\u0430\u0437\/","og_locale":"fr_FR","og_type":"article","og_title":"Customized Mink\/Silk Eyelashes Solutions - Starseed","og_description":"Boost your eyelashes business and expand your lash brand recognition. Starseed caters to your special needs and offers custom eyelashes.","og_url":"http:\/\/starseedmakeup.com\/fr\/\u0440\u0435\u0441\u043d\u0438\u0446\u044b-\u043d\u0430-\u0437\u0430\u043a\u0430\u0437\/","og_site_name":"Starseed","article_modified_time":"2021-09-15T10:31:09+00:00","twitter_card":"summary_large_image","twitter_misc":{"Est. reading time":"3 minutes"},"schema":{"@context":"https:\/\/schema.org","@graph":[{"@type":"WebPage","@id":"http:\/\/starseedmakeup.com\/ru\/\u0440\u0435\u0441\u043d\u0438\u0446\u044b-\u043d\u0430-\u0437\u0430\u043a\u0430\u0437\/","url":"http:\/\/starseedmakeup.com\/ru\/\u0440\u0435\u0441\u043d\u0438\u0446\u044b-\u043d\u0430-\u0437\u0430\u043a\u0430\u0437\/","name":"Customized Mink\/Silk Eyelashes Solutions - Starseed","isPartOf":{"@id":"http:\/\/starseedmakeup.com\/#website"},"datePublished":"2021-07-08T08:31:50+00:00","dateModified":"2021-09-15T10:31:09+00:00","description":"Boost your eyelashes business and expand your lash brand recognition. Starseed caters to your special needs and offers custom eyelashes.","inLanguage":"fr-FR","potentialAction":[{"@type":"ReadAction","target":["http:\/\/starseedmakeup.com\/ru\/\u0440\u0435\u0441\u043d\u0438\u0446\u044b-\u043d\u0430-\u0437\u0430\u043a\u0430\u0437\/"]}]},{"@type":"WebSite","@id":"http:\/\/starseedmakeup.com\/#website","url":"http:\/\/starseedmakeup.com\/","name":"Starseed","description":"Just another WordPress site","potentialAction":[{"@type":"SearchAction","target":{"@type":"EntryPoint","urlTemplate":"http:\/\/starseedmakeup.com\/?s={search_term_string}"},"query-input":"required name=search_term_string"}],"inLanguage":"fr-FR"}]}},"_links":{"self":[{"href":"http:\/\/starseedmakeup.com\/fr\/wp-json\/wp\/v2\/pages\/5145"}],"collection":[{"href":"http:\/\/starseedmakeup.com\/fr\/wp-json\/wp\/v2\/pages"}],"about":[{"href":"http:\/\/starseedmakeup.com\/fr\/wp-json\/wp\/v2\/types\/page"}],"author":[{"embeddable":true,"href":"http:\/\/starseedmakeup.com\/fr\/wp-json\/wp\/v2\/users\/1"}],"replies":[{"embeddable":true,"href":"http:\/\/starseedmakeup.com\/fr\/wp-json\/wp\/v2\/comments?post=5145"}],"version-history":[{"count":49,"href":"http:\/\/starseedmakeup.com\/fr\/wp-json\/wp\/v2\/pages\/5145\/revisions"}],"predecessor-version":[{"id":6127,"href":"http:\/\/starseedmakeup.com\/fr\/wp-json\/wp\/v2\/pages\/5145\/revisions\/6127"}],"wp:attachment":[{"href":"http:\/\/starseedmakeup.com\/fr\/wp-json\/wp\/v2\/media?parent=5145"}],"wp:term":[{"taxonomy":"category","embeddable":true,"href":"http:\/\/starseedmakeup.com\/fr\/wp-json\/wp\/v2\/categories?post=5145"},{"taxonomy":"post_tag","embeddable":true,"href":"http:\/\/starseedmakeup.com\/fr\/wp-json\/wp\/v2\/tags?post=5145"}],"curies":[{"name":"wp","href":"https:\/\/api.w.org\/{rel}","templated":true}]}}