{"id":5274,"date":"2021-07-13T06:54:53","date_gmt":"2021-07-13T06:54:53","guid":{"rendered":"https:\/\/starseedmakeup.com\/?page_id=5274"},"modified":"2021-09-09T11:06:25","modified_gmt":"2021-09-09T03:06:25","slug":"lash-wholesale-program","status":"publish","type":"page","link":"http:\/\/starseedmakeup.com\/fr\/programme-de-vente-en-gros-de-cils\/","title":{"rendered":"Programme de vente en gros de cils"},"content":{"rendered":"<section class=\"l-section wpb_row height_medium with_img\"><div class=\"l-section-img\" style=\"background-image: url(http:\/\/starseedmakeup.com\/wp-content\/uploads\/2021\/07\/inner-page-banner6-1.jpg);\" data-img-width=\"1919\" data-img-height=\"404\"><\/div><div class=\"l-section-h i-cf\"><div class=\"g-cols vc_row via_flex valign_top type_default stacking_default\"><div class=\"vc_col-sm-12 wpb_column vc_column_container\"><div class=\"vc_column-inner\"><div class=\"wpb_wrapper\"><div class=\"wpb_text_column\"><div class=\"wpb_wrapper\"><h1>Programme de vente en gros de cils<\/h1>\n<p>Nous vous pr\u00e9sentons notre programme de vente en gros de cils, con\u00e7u pour vous aider \u00e0 r\u00e9aliser des \u00e9conomies importantes sur vos achats de cils en vrac.<\/p>\n<\/div><\/div><\/div><\/div><\/div><\/div><\/div><\/section><section class=\"l-section wpb_row us_custom_d14fb310 height_small\"><div class=\"l-section-h i-cf\"><div class=\"g-cols vc_row via_flex valign_top type_default stacking_default\"><div class=\"vc_col-sm-12 wpb_column vc_column_container\"><div class=\"vc_column-inner\"><div class=\"wpb_wrapper\"><ol class=\"g-breadcrumbs us_custom_ae99f6aa has_text_color separator_icon align_none\" itemscope itemtype=\"http:\/\/schema.org\/BreadcrumbList\"><li class=\"g-breadcrumbs-item\" itemscope itemprop=\"itemListElement\" itemtype=\"http:\/\/schema.org\/ListItem\"><a itemprop=\"item\" href=\"http:\/\/starseedmakeup.com\/fr\/\"><span itemprop=\"name\">Accueil<\/span><\/a><meta itemprop=\"position\" content=\"1\"\/><\/li><li class=\"g-breadcrumbs-separator\"><i class=\"far fa-angle-right\"><\/i><\/li><li class=\"g-breadcrumbs-item\">Pages<\/li><\/ol><\/div><\/div><\/div><\/div><\/div><\/section><section class=\"l-section wpb_row height_medium\"><div class=\"l-section-h i-cf\"><div class=\"g-cols vc_row via_flex valign_top type_default stacking_default\"><div class=\"vc_col-sm-12 wpb_column vc_column_container\"><div class=\"vc_column-inner\"><div class=\"wpb_wrapper\"><div class=\"wpb_text_column\"><div class=\"wpb_wrapper\"><h2 style=\"text-align: center;\">\u00c9conomisez beaucoup gr\u00e2ce \u00e0 notre programme de vente en gros de cils<\/h2>\n<\/div><\/div><div class=\"wpb_text_column\"><div class=\"wpb_wrapper\"><p><span style=\"font-weight: 400;\">Starseed propose une vente en gros de cils con\u00e7ue pour vous aider \u00e0 r\u00e9duire les co\u00fbts tout en investissant dans des options de qualit\u00e9. Nous proposons <\/span><a href=\"http:\/\/starseedmakeup.com\/fr\/cils-minces\/\"><span style=\"font-weight: 400;\">Cils de vison individuels en gros<\/span><\/a><span style=\"font-weight: 400;\"> Nous proposons des cils en gros et des \u00e9ventails de volume pr\u00e9-fabriqu\u00e9s con\u00e7us pour r\u00e9pondre aux besoins des grossistes en cils, des fournisseurs, des salons et des entreprises qui cherchent \u00e0 \u00e9tendre leurs activit\u00e9s. Nous offrons des remises sur les cils et les options d'emballage achet\u00e9s en gros pour vous donner un avantage sur le march\u00e9. Investir dans votre entreprise en travaillant avec nous vous donne une grande flexibilit\u00e9 avec l'assurance de la qualit\u00e9 \u00e0 des prix raisonnables.<\/span><\/p>\n<\/div><\/div><\/div><\/div><\/div><\/div><\/div><\/section><section class=\"l-section wpb_row height_medium\"><div class=\"l-section-h i-cf\"><div class=\"g-cols vc_row via_flex valign_top type_default stacking_default\"><div class=\"vc_col-sm-12 wpb_column vc_column_container\"><div class=\"vc_column-inner\"><div class=\"wpb_wrapper\"><div class=\"w-separator size_medium with_line width_30 thick_1 style_solid color_secondary align_center with_content\"><div class=\"w-separator-h\"><i class=\"far fa-star\"><\/i><\/div><\/div><div class=\"wpb_text_column\"><div class=\"wpb_wrapper\"><h2 style=\"text-align: left;\">Listes des options de vente en gros de cils pour votre entreprise<\/h2>\n<\/div><\/div><div class=\"wpb_text_column\"><div class=\"wpb_wrapper\"><p><span style=\"font-weight: 400;\">Nous proposons une large gamme de produits pour les cils dans lesquels vous pouvez investir. Notre catalogue de produits comprend <\/span><a href=\"http:\/\/starseedmakeup.com\/fr\/extensions-de-cils\/\"><span style=\"font-weight: 400;\">Extensions de cils en gros<\/span><\/a><span style=\"font-weight: 400;\">Cils en vison, <\/span><a href=\"http:\/\/starseedmakeup.com\/fr\/cils-magnetiques\/\"><span style=\"font-weight: 400;\">cils magn\u00e9tiques en gros<\/span><\/a><span style=\"font-weight: 400;\">Les outils pour les cils et les options d'emballage des cils, entre autres. Travailler avec nous vous donne l'avantage d'avoir tout ce dont vous avez besoin en un seul endroit. Nous nous occuperons de tous vos besoins en mati\u00e8re de cils afin de garantir que vous disposiez des solutions parfaites pour votre entreprise.<\/span><\/p>\n<\/div><\/div><div class=\"w-separator size_custom\" style=\"height:80px\"><\/div><\/div><\/div><\/div><\/div><\/div><\/section>","protected":false},"excerpt":{"rendered":"Lash Wholesale Program Introducing our wholesale eyelash program designed to help you save big on your bulk eyelash purchases. AccueilPagesSave Big from Our Wholesale Eyelash Program Starseed features lash wholesale designed to help you save on cost while investing in quality options. We feature individual mink lashes wholesale and premade volume fans wholesale designed to...","protected":false},"author":1,"featured_media":0,"parent":0,"menu_order":0,"comment_status":"closed","ping_status":"closed","template":"","meta":[],"categories":[],"tags":[],"yoast_head":"<!-- This site is optimized with the Yoast SEO Premium plugin v20.5 (Yoast SEO v20.5) - https:\/\/yoast.com\/wordpress\/plugins\/seo\/ -->\n<title>Lash Wholesale Program - Starseed<\/title>\n<meta name=\"description\" content=\"Starseed lash wholesale program is designed to help you save on cost while investing in quality options. Contact us now.\" \/>\n<meta name=\"robots\" content=\"index, follow, max-snippet:-1, max-image-preview:large, max-video-preview:-1\" \/>\n<link rel=\"canonical\" href=\"http:\/\/starseedmakeup.com\/fr\/programme-de-vente-en-gros-de-cils\/\" \/>\n<meta property=\"og:locale\" content=\"fr_FR\" \/>\n<meta property=\"og:type\" content=\"article\" \/>\n<meta property=\"og:title\" content=\"Lash Wholesale Program - Starseed\" \/>\n<meta property=\"og:description\" content=\"Starseed lash wholesale program is designed to help you save on cost while investing in quality options. Contact us now.\" \/>\n<meta property=\"og:url\" content=\"http:\/\/starseedmakeup.com\/fr\/programme-de-vente-en-gros-de-cils\/\" \/>\n<meta property=\"og:site_name\" content=\"Starseed\" \/>\n<meta property=\"article:modified_time\" content=\"2021-09-09T03:06:25+00:00\" \/>\n<meta name=\"twitter:card\" content=\"summary_large_image\" \/>\n<meta name=\"twitter:label1\" content=\"Est. reading time\" \/>\n\t<meta name=\"twitter:data1\" content=\"1 minute\" \/>\n<script type=\"application\/ld+json\" class=\"yoast-schema-graph\">{\"@context\":\"https:\/\/schema.org\",\"@graph\":[{\"@type\":\"WebPage\",\"@id\":\"http:\/\/starseedmakeup.com\/lash-wholesale-program\/\",\"url\":\"http:\/\/starseedmakeup.com\/lash-wholesale-program\/\",\"name\":\"Lash Wholesale Program - Starseed\",\"isPartOf\":{\"@id\":\"http:\/\/starseedmakeup.com\/#website\"},\"datePublished\":\"2021-07-13T06:54:53+00:00\",\"dateModified\":\"2021-09-09T03:06:25+00:00\",\"description\":\"Starseed lash wholesale program is designed to help you save on cost while investing in quality options. Contact us now.\",\"inLanguage\":\"fr-FR\",\"potentialAction\":[{\"@type\":\"ReadAction\",\"target\":[\"http:\/\/starseedmakeup.com\/lash-wholesale-program\/\"]}]},{\"@type\":\"WebSite\",\"@id\":\"http:\/\/starseedmakeup.com\/#website\",\"url\":\"http:\/\/starseedmakeup.com\/\",\"name\":\"Starseed\",\"description\":\"Just another WordPress site\",\"potentialAction\":[{\"@type\":\"SearchAction\",\"target\":{\"@type\":\"EntryPoint\",\"urlTemplate\":\"http:\/\/starseedmakeup.com\/?s={search_term_string}\"},\"query-input\":\"required name=search_term_string\"}],\"inLanguage\":\"fr-FR\"}]}<\/script>\n<!-- \/ Yoast SEO Premium plugin. -->","yoast_head_json":{"title":"Lash Wholesale Program - Starseed","description":"Starseed lash wholesale program is designed to help you save on cost while investing in quality options. Contact us now.","robots":{"index":"index","follow":"follow","max-snippet":"max-snippet:-1","max-image-preview":"max-image-preview:large","max-video-preview":"max-video-preview:-1"},"canonical":"http:\/\/starseedmakeup.com\/fr\/programme-de-vente-en-gros-de-cils\/","og_locale":"fr_FR","og_type":"article","og_title":"Lash Wholesale Program - Starseed","og_description":"Starseed lash wholesale program is designed to help you save on cost while investing in quality options. Contact us now.","og_url":"http:\/\/starseedmakeup.com\/fr\/programme-de-vente-en-gros-de-cils\/","og_site_name":"Starseed","article_modified_time":"2021-09-09T03:06:25+00:00","twitter_card":"summary_large_image","twitter_misc":{"Est. reading time":"1 minute"},"schema":{"@context":"https:\/\/schema.org","@graph":[{"@type":"WebPage","@id":"http:\/\/starseedmakeup.com\/lash-wholesale-program\/","url":"http:\/\/starseedmakeup.com\/lash-wholesale-program\/","name":"Lash Wholesale Program - Starseed","isPartOf":{"@id":"http:\/\/starseedmakeup.com\/#website"},"datePublished":"2021-07-13T06:54:53+00:00","dateModified":"2021-09-09T03:06:25+00:00","description":"Starseed lash wholesale program is designed to help you save on cost while investing in quality options. Contact us now.","inLanguage":"fr-FR","potentialAction":[{"@type":"ReadAction","target":["http:\/\/starseedmakeup.com\/lash-wholesale-program\/"]}]},{"@type":"WebSite","@id":"http:\/\/starseedmakeup.com\/#website","url":"http:\/\/starseedmakeup.com\/","name":"Starseed","description":"Just another WordPress site","potentialAction":[{"@type":"SearchAction","target":{"@type":"EntryPoint","urlTemplate":"http:\/\/starseedmakeup.com\/?s={search_term_string}"},"query-input":"required name=search_term_string"}],"inLanguage":"fr-FR"}]}},"_links":{"self":[{"href":"http:\/\/starseedmakeup.com\/fr\/wp-json\/wp\/v2\/pages\/5274"}],"collection":[{"href":"http:\/\/starseedmakeup.com\/fr\/wp-json\/wp\/v2\/pages"}],"about":[{"href":"http:\/\/starseedmakeup.com\/fr\/wp-json\/wp\/v2\/types\/page"}],"author":[{"embeddable":true,"href":"http:\/\/starseedmakeup.com\/fr\/wp-json\/wp\/v2\/users\/1"}],"replies":[{"embeddable":true,"href":"http:\/\/starseedmakeup.com\/fr\/wp-json\/wp\/v2\/comments?post=5274"}],"version-history":[{"count":23,"href":"http:\/\/starseedmakeup.com\/fr\/wp-json\/wp\/v2\/pages\/5274\/revisions"}],"predecessor-version":[{"id":7652,"href":"http:\/\/starseedmakeup.com\/fr\/wp-json\/wp\/v2\/pages\/5274\/revisions\/7652"}],"wp:attachment":[{"href":"http:\/\/starseedmakeup.com\/fr\/wp-json\/wp\/v2\/media?parent=5274"}],"wp:term":[{"taxonomy":"category","embeddable":true,"href":"http:\/\/starseedmakeup.com\/fr\/wp-json\/wp\/v2\/categories?post=5274"},{"taxonomy":"post_tag","embeddable":true,"href":"http:\/\/starseedmakeup.com\/fr\/wp-json\/wp\/v2\/tags?post=5274"}],"curies":[{"name":"wp","href":"https:\/\/api.w.org\/{rel}","templated":true}]}}