{"id":5318,"date":"2021-07-14T06:59:28","date_gmt":"2021-07-14T06:59:28","guid":{"rendered":"https:\/\/starseedmakeup.com\/?page_id=5318"},"modified":"2021-09-15T18:33:00","modified_gmt":"2021-09-15T10:33:00","slug":"eyelash-bulk-order","status":"publish","type":"page","link":"http:\/\/starseedmakeup.com\/fr\/commande-de-cils\/","title":{"rendered":"Commande de cils en vrac"},"content":{"rendered":"<section class=\"l-section wpb_row height_medium with_img\"><div class=\"l-section-img\" style=\"background-image: url(http:\/\/starseedmakeup.com\/wp-content\/uploads\/2021\/07\/inner-page-banner6-1.jpg);\" data-img-width=\"1919\" data-img-height=\"404\"><\/div><div class=\"l-section-h i-cf\"><div class=\"g-cols vc_row via_flex valign_top type_default stacking_default\"><div class=\"vc_col-sm-12 wpb_column vc_column_container\"><div class=\"vc_column-inner\"><div class=\"wpb_wrapper\"><div class=\"wpb_text_column\"><div class=\"wpb_wrapper\"><h1>Commande en vrac d'yeux<\/h1>\n<p><span style=\"font-weight: 400;\">Un rapide coup d'\u0153il sur les options de quantit\u00e9 de cils que nous proposons et qui sont parfaitement adapt\u00e9es \u00e0 votre budget et aux besoins de votre entreprise. <\/span><\/p>\n<\/div><\/div><\/div><\/div><\/div><\/div><\/div><\/section><section class=\"l-section wpb_row us_custom_d14fb310 height_small\"><div class=\"l-section-h i-cf\"><div class=\"g-cols vc_row via_flex valign_top type_default stacking_default\"><div class=\"vc_col-sm-12 wpb_column vc_column_container\"><div class=\"vc_column-inner\"><div class=\"wpb_wrapper\"><ol class=\"g-breadcrumbs us_custom_ae99f6aa has_text_color separator_icon align_none\" itemscope itemtype=\"http:\/\/schema.org\/BreadcrumbList\"><li class=\"g-breadcrumbs-item\" itemscope itemprop=\"itemListElement\" itemtype=\"http:\/\/schema.org\/ListItem\"><a itemprop=\"item\" href=\"http:\/\/starseedmakeup.com\/fr\/\"><span itemprop=\"name\">Accueil<\/span><\/a><meta itemprop=\"position\" content=\"1\"\/><\/li><li class=\"g-breadcrumbs-separator\"><i class=\"far fa-angle-right\"><\/i><\/li><li class=\"g-breadcrumbs-item\">Pages<\/li><\/ol><\/div><\/div><\/div><\/div><\/div><\/section><section class=\"l-section wpb_row height_medium\"><div class=\"l-section-h i-cf\"><div class=\"g-cols vc_row via_flex valign_middle type_default stacking_default\"><div class=\"vc_col-sm-12 wpb_column vc_column_container\"><div class=\"vc_column-inner\"><div class=\"wpb_wrapper\"><div class=\"wpb_text_column\"><div class=\"wpb_wrapper\"><h2 style=\"text-align: center;\">Cils complets Quantit\u00e9 d'options \u00e0 votre budget<\/h2>\n<\/div><\/div><div class=\"wpb_text_column\"><div class=\"wpb_wrapper\"><p style=\"text-align: left;\">Chez Starseed, nous avons \u00e0 c\u0153ur de voir votre marque se d\u00e9velopper et de r\u00e9pondre aux besoins de diff\u00e9rents clients. Pour vous aider \u00e0 y parvenir, nous vous proposons une faible quantit\u00e9 de 50 pi\u00e8ces pour commencer. Le plus int\u00e9ressant est que plus vous achetez de cils en vrac, plus nous pouvons vous offrir de remises.<\/p>\n<\/div><\/div><\/div><\/div><\/div><\/div><\/div><\/section><section class=\"l-section wpb_row height_auto\"><div class=\"l-section-h i-cf\"><div class=\"g-cols vc_row via_flex valign_top type_default stacking_default\"><div class=\"vc_col-sm-12 wpb_column vc_column_container\"><div class=\"vc_column-inner\"><div class=\"wpb_wrapper\"><div class=\"w-separator size_medium with_line width_30 thick_1 style_solid color_secondary align_center with_content\"><div class=\"w-separator-h\"><i class=\"far fa-star\"><\/i><\/div><\/div><div class=\"wpb_text_column\"><div class=\"wpb_wrapper\"><h2 style=\"text-align: center;\">3 \u00e9tapes pour commander des cils en masse<\/h2>\n<\/div><\/div><div class=\"g-cols wpb_row us_custom_35d02291 via_flex valign_top type_default stacking_default\"><div class=\"vc_col-sm-4 wpb_column vc_column_container\"><div class=\"vc_column-inner\"><div class=\"wpb_wrapper\"><div class=\"w-iconbox iconpos_left style_default color_primary align_left icontype_img\"><div class=\"w-iconbox-icon\" style=\"font-size:2rem;\"><img width=\"275\" height=\"277\" src=\"http:\/\/starseedmakeup.com\/wp-content\/uploads\/2021\/07\/1Artboard-1.png\" class=\"attachment-full size-full\" alt=\"1Tableau de bord-1\" decoding=\"async\" loading=\"lazy\" srcset=\"http:\/\/starseedmakeup.com\/wp-content\/uploads\/2021\/07\/1Artboard-1.png 275w, http:\/\/starseedmakeup.com\/wp-content\/uploads\/2021\/07\/1Artboard-1-150x150.png 150w\" sizes=\"(max-width: 275px) 100vw, 275px\" \/><\/div><div class=\"w-iconbox-meta\"><h4 class=\"w-iconbox-title\">Choisissez votre style de cils id\u00e9al<\/h4><div class=\"w-iconbox-text\"><p>Nous proposons diff\u00e9rents styles de cils que vous pouvez commander, notamment :<\/p>\n<ul>\n<li>Cils en bandes<\/li>\n<li>Demi-cils ou demi-cils<\/li>\n<li>Cils magn\u00e9tiques<\/li>\n<li>Cils magn\u00e9tiques Sandwich<\/li>\n<li>Extensions de cils<\/li>\n<\/ul>\n<p>Comme vous pouvez le constater, nous sommes bien \u00e9quip\u00e9s pour r\u00e9pondre \u00e0 vos besoins. <a href=\"http:\/\/starseedmakeup.com\/fr\/cils-minces\/\">cils de vison en vrac<\/a>Nous pouvons \u00e9galement vous fournir des cils en vrac, des cils individuels et bien plus encore. Il vous suffit de nous indiquer le style sp\u00e9cifique que vous souhaitez et nous pourrons commencer \u00e0 nous occuper de la logistique.<\/p>\n<\/div><\/div><\/div><\/div><\/div><\/div><div class=\"vc_col-sm-4 wpb_column vc_column_container\"><div class=\"vc_column-inner\"><div class=\"wpb_wrapper\"><div class=\"w-iconbox iconpos_left style_default color_primary align_left icontype_img\"><div class=\"w-iconbox-icon\" style=\"font-size:2rem;\"><img width=\"275\" height=\"277\" src=\"http:\/\/starseedmakeup.com\/wp-content\/uploads\/2021\/07\/2Artboard-1.png\" class=\"attachment-full size-full\" alt=\"\" decoding=\"async\" loading=\"lazy\" srcset=\"http:\/\/starseedmakeup.com\/wp-content\/uploads\/2021\/07\/2Artboard-1.png 275w, http:\/\/starseedmakeup.com\/wp-content\/uploads\/2021\/07\/2Artboard-1-150x150.png 150w\" sizes=\"(max-width: 275px) 100vw, 275px\" \/><\/div><div class=\"w-iconbox-meta\"><h4 class=\"w-iconbox-title\">Choisissez vos types d'emballage de cils<\/h4><div class=\"w-iconbox-text\"><p>Nos options d'emballage se d\u00e9clinent en diff\u00e9rents types, notamment<\/p>\n<ul>\n<li>Bo\u00eetes magn\u00e9tiques<\/li>\n<li>Bo\u00eetes \u00e0 tiroirs en cristal<\/li>\n<li>Bo\u00eetes enti\u00e8rement personnalis\u00e9es<\/li>\n<li>Livres de cils personnalis\u00e9s<\/li>\n<li>Bo\u00eetes \u00e0 cubes et \u00e0 tiroirs transparentes<\/li>\n<\/ul>\n<p>Nous proposons diff\u00e9rentes options pour <a href=\"http:\/\/starseedmakeup.com\/fr\/emballage-personnalise\/\">bo\u00eetes \u00e0 cils en vrac<\/a> dans lesquels vous pouvez investir. Choisissez un mod\u00e8le qui vous convient et indiquez-nous les exigences que vous souhaitez en mati\u00e8re d'image de marque.<\/p>\n<\/div><\/div><\/div><\/div><\/div><\/div><div class=\"vc_col-sm-4 wpb_column vc_column_container\"><div class=\"vc_column-inner\"><div class=\"wpb_wrapper\"><div class=\"w-iconbox iconpos_left style_default color_primary align_left icontype_img\"><div class=\"w-iconbox-icon\" style=\"font-size:2rem;\"><img width=\"275\" height=\"277\" src=\"http:\/\/starseedmakeup.com\/wp-content\/uploads\/2021\/07\/3Artboard-1.png\" class=\"attachment-full size-full\" alt=\"\" decoding=\"async\" loading=\"lazy\" srcset=\"http:\/\/starseedmakeup.com\/wp-content\/uploads\/2021\/07\/3Artboard-1.png 275w, http:\/\/starseedmakeup.com\/wp-content\/uploads\/2021\/07\/3Artboard-1-150x150.png 150w\" sizes=\"(max-width: 275px) 100vw, 275px\" \/><\/div><div class=\"w-iconbox-meta\"><h4 class=\"w-iconbox-title\">Choisissez vos quantit\u00e9s de commande<\/h4><div class=\"w-iconbox-text\"><p><span style=\"font-weight: 400;\">Notre soci\u00e9t\u00e9 vous propose une faible quantit\u00e9 de 50 pi\u00e8ces, ce qui vous permet de d\u00e9marrer avec un budget moins \u00e9lev\u00e9 et plus convivial. Nos options pour <\/span><a href=\"http:\/\/starseedmakeup.com\/fr\/low-moq-service\/\"><span style=\"font-weight: 400;\">\u00e9ventails de cils en vrac<\/span><\/a><span style=\"font-weight: 400;\"> et autres commandes group\u00e9es sont flexibles en fonction de votre budget et de vos besoins. <\/span><\/p>\n<\/div><\/div><\/div><\/div><\/div><\/div><\/div><div class=\"w-separator size_custom\" style=\"height:80px\"><\/div><\/div><\/div><\/div><\/div><\/div><\/section>","protected":false},"excerpt":{"rendered":"Eye Bulk Order A quick look at the eyelash quantity options we offer that are perfectly tailored to suit your budget and business needs. AccueilPagesFull Lashes Quantity Options at Your Budget At Starseed, we are dedicated to seeing your brand grow and cater to different customers. To help you do this, we feature a low...","protected":false},"author":1,"featured_media":0,"parent":0,"menu_order":0,"comment_status":"closed","ping_status":"closed","template":"","meta":[],"categories":[],"tags":[],"yoast_head":"<!-- This site is optimized with the Yoast SEO Premium plugin v20.5 (Yoast SEO v20.5) - https:\/\/yoast.com\/wordpress\/plugins\/seo\/ -->\n<title>Order Private Label Eyelashes in Bulk and Free Samples - Starseed<\/title>\n<meta name=\"description\" content=\"Starseed offers full lashes quantity options at your budget and business neeeds. Click to order lashes in bulk and get a free quote.\" \/>\n<meta name=\"robots\" content=\"index, follow, max-snippet:-1, max-image-preview:large, max-video-preview:-1\" \/>\n<link rel=\"canonical\" href=\"http:\/\/starseedmakeup.com\/fr\/commande-de-cils\/\" \/>\n<meta property=\"og:locale\" content=\"fr_FR\" \/>\n<meta property=\"og:type\" content=\"article\" \/>\n<meta property=\"og:title\" content=\"Order Private Label Eyelashes in Bulk and Free Samples - Starseed\" \/>\n<meta property=\"og:description\" content=\"Starseed offers full lashes quantity options at your budget and business neeeds. Click to order lashes in bulk and get a free quote.\" \/>\n<meta property=\"og:url\" content=\"http:\/\/starseedmakeup.com\/fr\/commande-de-cils\/\" \/>\n<meta property=\"og:site_name\" content=\"Starseed\" \/>\n<meta property=\"article:modified_time\" content=\"2021-09-15T10:33:00+00:00\" \/>\n<meta name=\"twitter:card\" content=\"summary_large_image\" \/>\n<meta name=\"twitter:label1\" content=\"Est. reading time\" \/>\n\t<meta name=\"twitter:data1\" content=\"2 minutes\" \/>\n<script type=\"application\/ld+json\" class=\"yoast-schema-graph\">{\"@context\":\"https:\/\/schema.org\",\"@graph\":[{\"@type\":\"WebPage\",\"@id\":\"http:\/\/starseedmakeup.com\/fr\/commande-de-cils\/\",\"url\":\"http:\/\/starseedmakeup.com\/fr\/commande-de-cils\/\",\"name\":\"Order Private Label Eyelashes in Bulk and Free Samples - Starseed\",\"isPartOf\":{\"@id\":\"http:\/\/starseedmakeup.com\/#website\"},\"datePublished\":\"2021-07-14T06:59:28+00:00\",\"dateModified\":\"2021-09-15T10:33:00+00:00\",\"description\":\"Starseed offers full lashes quantity options at your budget and business neeeds. Click to order lashes in bulk and get a free quote.\",\"inLanguage\":\"fr-FR\",\"potentialAction\":[{\"@type\":\"ReadAction\",\"target\":[\"http:\/\/starseedmakeup.com\/fr\/commande-de-cils\/\"]}]},{\"@type\":\"WebSite\",\"@id\":\"http:\/\/starseedmakeup.com\/#website\",\"url\":\"http:\/\/starseedmakeup.com\/\",\"name\":\"Starseed\",\"description\":\"Just another WordPress site\",\"potentialAction\":[{\"@type\":\"SearchAction\",\"target\":{\"@type\":\"EntryPoint\",\"urlTemplate\":\"http:\/\/starseedmakeup.com\/?s={search_term_string}\"},\"query-input\":\"required name=search_term_string\"}],\"inLanguage\":\"fr-FR\"}]}<\/script>\n<!-- \/ Yoast SEO Premium plugin. -->","yoast_head_json":{"title":"Order Private Label Eyelashes in Bulk and Free Samples - Starseed","description":"Starseed offers full lashes quantity options at your budget and business neeeds. Click to order lashes in bulk and get a free quote.","robots":{"index":"index","follow":"follow","max-snippet":"max-snippet:-1","max-image-preview":"max-image-preview:large","max-video-preview":"max-video-preview:-1"},"canonical":"http:\/\/starseedmakeup.com\/fr\/commande-de-cils\/","og_locale":"fr_FR","og_type":"article","og_title":"Order Private Label Eyelashes in Bulk and Free Samples - Starseed","og_description":"Starseed offers full lashes quantity options at your budget and business neeeds. Click to order lashes in bulk and get a free quote.","og_url":"http:\/\/starseedmakeup.com\/fr\/commande-de-cils\/","og_site_name":"Starseed","article_modified_time":"2021-09-15T10:33:00+00:00","twitter_card":"summary_large_image","twitter_misc":{"Est. reading time":"2 minutes"},"schema":{"@context":"https:\/\/schema.org","@graph":[{"@type":"WebPage","@id":"http:\/\/starseedmakeup.com\/fr\/commande-de-cils\/","url":"http:\/\/starseedmakeup.com\/fr\/commande-de-cils\/","name":"Order Private Label Eyelashes in Bulk and Free Samples - Starseed","isPartOf":{"@id":"http:\/\/starseedmakeup.com\/#website"},"datePublished":"2021-07-14T06:59:28+00:00","dateModified":"2021-09-15T10:33:00+00:00","description":"Starseed offers full lashes quantity options at your budget and business neeeds. Click to order lashes in bulk and get a free quote.","inLanguage":"fr-FR","potentialAction":[{"@type":"ReadAction","target":["http:\/\/starseedmakeup.com\/fr\/commande-de-cils\/"]}]},{"@type":"WebSite","@id":"http:\/\/starseedmakeup.com\/#website","url":"http:\/\/starseedmakeup.com\/","name":"Starseed","description":"Just another WordPress site","potentialAction":[{"@type":"SearchAction","target":{"@type":"EntryPoint","urlTemplate":"http:\/\/starseedmakeup.com\/?s={search_term_string}"},"query-input":"required name=search_term_string"}],"inLanguage":"fr-FR"}]}},"_links":{"self":[{"href":"http:\/\/starseedmakeup.com\/fr\/wp-json\/wp\/v2\/pages\/5318"}],"collection":[{"href":"http:\/\/starseedmakeup.com\/fr\/wp-json\/wp\/v2\/pages"}],"about":[{"href":"http:\/\/starseedmakeup.com\/fr\/wp-json\/wp\/v2\/types\/page"}],"author":[{"embeddable":true,"href":"http:\/\/starseedmakeup.com\/fr\/wp-json\/wp\/v2\/users\/1"}],"replies":[{"embeddable":true,"href":"http:\/\/starseedmakeup.com\/fr\/wp-json\/wp\/v2\/comments?post=5318"}],"version-history":[{"count":15,"href":"http:\/\/starseedmakeup.com\/fr\/wp-json\/wp\/v2\/pages\/5318\/revisions"}],"predecessor-version":[{"id":8202,"href":"http:\/\/starseedmakeup.com\/fr\/wp-json\/wp\/v2\/pages\/5318\/revisions\/8202"}],"wp:attachment":[{"href":"http:\/\/starseedmakeup.com\/fr\/wp-json\/wp\/v2\/media?parent=5318"}],"wp:term":[{"taxonomy":"category","embeddable":true,"href":"http:\/\/starseedmakeup.com\/fr\/wp-json\/wp\/v2\/categories?post=5318"},{"taxonomy":"post_tag","embeddable":true,"href":"http:\/\/starseedmakeup.com\/fr\/wp-json\/wp\/v2\/tags?post=5318"}],"curies":[{"name":"wp","href":"https:\/\/api.w.org\/{rel}","templated":true}]}}