{"id":5468,"date":"2021-07-28T05:36:45","date_gmt":"2021-07-28T05:36:45","guid":{"rendered":"https:\/\/starseedmakeup.com\/?page_id=5468"},"modified":"2021-09-09T10:53:01","modified_gmt":"2021-09-09T02:53:01","slug":"eyelash-factory","status":"publish","type":"page","link":"http:\/\/starseedmakeup.com\/fr\/usine-de-fabrication-de-cils\/","title":{"rendered":"Usine \u00e0 cils"},"content":{"rendered":"<section class=\"l-section wpb_row us_custom_51786714 height_medium\"><div class=\"l-section-h i-cf\"><div class=\"g-cols vc_row via_flex valign_top type_default stacking_default\"><div class=\"vc_col-sm-12 wpb_column vc_column_container\"><div class=\"vc_column-inner\"><div class=\"wpb_wrapper\"><div class=\"wpb_text_column\"><div class=\"wpb_wrapper\"><h1>Usine \u00e0 cils<\/h1>\n<p>Un rapide coup d'\u0153il \u00e0 notre propre usine de fabrication de cils en Chine, con\u00e7ue pour garantir que nous fournissons toujours des extensions de cils de qualit\u00e9.<\/p>\n<\/div><\/div><\/div><\/div><\/div><\/div><\/div><\/section><section class=\"l-section wpb_row us_custom_d14fb310 height_small\"><div class=\"l-section-h i-cf\"><div class=\"g-cols vc_row via_flex valign_top type_default stacking_default\"><div class=\"vc_col-sm-12 wpb_column vc_column_container\"><div class=\"vc_column-inner\"><div class=\"wpb_wrapper\"><ol class=\"g-breadcrumbs us_custom_ae99f6aa has_text_color separator_icon align_none\" itemscope itemtype=\"http:\/\/schema.org\/BreadcrumbList\"><li class=\"g-breadcrumbs-item\" itemscope itemprop=\"itemListElement\" itemtype=\"http:\/\/schema.org\/ListItem\"><a itemprop=\"item\" href=\"http:\/\/starseedmakeup.com\/fr\/\"><span itemprop=\"name\">Accueil<\/span><\/a><meta itemprop=\"position\" content=\"1\"\/><\/li><li class=\"g-breadcrumbs-separator\"><i class=\"far fa-angle-right\"><\/i><\/li><li class=\"g-breadcrumbs-item\">Pages<\/li><\/ol><\/div><\/div><\/div><\/div><\/div><\/section><section class=\"l-section wpb_row height_medium\"><div class=\"l-section-h i-cf\"><div class=\"g-cols vc_row via_flex valign_top type_default stacking_default\"><div class=\"vc_col-sm-12 wpb_column vc_column_container\"><div class=\"vc_column-inner\"><div class=\"wpb_wrapper\"><div class=\"wpb_text_column\"><div class=\"wpb_wrapper\"><h2 style=\"text-align: center;\">Usine autonome de fabrication de cils en Chine<\/h2>\n<\/div><\/div><div class=\"w-separator size_medium with_line width_30 thick_1 style_solid color_secondary align_center with_content\"><div class=\"w-separator-h\"><i class=\"far fa-star\"><\/i><\/div><\/div><div class=\"wpb_text_column\"><div class=\"wpb_wrapper\"><p><span style=\"font-weight: 400;\">Starseed est une entreprise chinoise de fabrication de cils bien \u00e9tablie, avec des ann\u00e9es d'exp\u00e9rience dans l'industrie. Nous offrons les <\/span><a href=\"http:\/\/starseedmakeup.com\/fr\/qualite-du-laser\/\"><span style=\"font-weight: 400;\">extensions de cils de meilleure qualit\u00e9<\/span><\/a><span style=\"font-weight: 400;\"> pour d\u00e9velopper votre activit\u00e9 et r\u00e9pondre aux besoins de vos clients. Travailler avec notre usine de fabrication de cils vous permet d'acc\u00e9der \u00e0 une capacit\u00e9 de production vaste et tr\u00e8s appr\u00e9ci\u00e9e. Nous sommes fiers des diff\u00e9rents aspects qui permettent \u00e0 notre entreprise de se d\u00e9marquer et de r\u00e9pondre aux besoins de votre entreprise. <\/span><\/p>\n<\/div><\/div><\/div><\/div><\/div><\/div><\/div><\/section><section class=\"l-section wpb_row height_medium\"><div class=\"l-section-h i-cf\"><div class=\"g-cols vc_row via_flex valign_top type_default stacking_default\"><div class=\"vc_col-sm-12 wpb_column vc_column_container\"><div class=\"vc_column-inner\"><div class=\"wpb_wrapper\"><div class=\"g-cols wpb_row via_flex valign_middle type_default reversed stacking_default\"><div class=\"vc_col-sm-6 wpb_column vc_column_container\"><div class=\"vc_column-inner\"><div class=\"wpb_wrapper\"><div class=\"wpb_text_column\"><div class=\"wpb_wrapper\"><h3>Salle de conception de cils<\/h3>\n<p>Notre salle de conception de cils est con\u00e7ue pour nous aider \u00e0 r\u00e9pondre facilement \u00e0 vos conceptions de cils sp\u00e9cifiques avec une grande pr\u00e9cision. Vous avez ainsi l'assurance d'investir dans des mod\u00e8les de cils qui ont \u00e9t\u00e9 bien pens\u00e9s et mis au point par les meilleurs du secteur.<\/p>\n<\/div><\/div><\/div><\/div><\/div><div class=\"vc_col-sm-6 wpb_column vc_column_container\"><div class=\"vc_column-inner\"><div class=\"wpb_wrapper\"><div class=\"w-image us_custom_ad939d16 has_ratio align_none\"><div class=\"w-image-h\"><div style=\"padding-bottom:56.25%\"><\/div><img width=\"1024\" height=\"576\" src=\"http:\/\/starseedmakeup.com\/wp-content\/uploads\/2021\/07\/eyelash-design-room-2.jpg\" class=\"attachment-large size-large\" alt=\"cils-design-room\" decoding=\"async\" loading=\"lazy\" srcset=\"http:\/\/starseedmakeup.com\/wp-content\/uploads\/2021\/07\/eyelash-design-room-2.jpg 1024w, http:\/\/starseedmakeup.com\/wp-content\/uploads\/2021\/07\/eyelash-design-room-2-300x169.jpg 300w\" sizes=\"(max-width: 1024px) 100vw, 1024px\" \/><\/div><\/div><\/div><\/div><\/div><\/div><\/div><\/div><\/div><div class=\"vc_col-sm-12 wpb_column vc_column_container\"><div class=\"vc_column-inner\"><div class=\"wpb_wrapper\"><div class=\"g-cols wpb_row via_flex valign_middle type_default stacking_default\"><div class=\"vc_col-sm-6 wpb_column vc_column_container\"><div class=\"vc_column-inner\"><div class=\"wpb_wrapper\"><div class=\"w-image has_ratio align_none\"><div class=\"w-image-h\"><div style=\"padding-bottom:56.25%\"><\/div><img width=\"1024\" height=\"683\" src=\"http:\/\/starseedmakeup.com\/wp-content\/uploads\/2021\/07\/eyelash-materials-workshop-1.jpg\" class=\"attachment-large size-large\" alt=\"Atelier sur les mat\u00e9riaux pour les cils\" decoding=\"async\" loading=\"lazy\" srcset=\"http:\/\/starseedmakeup.com\/wp-content\/uploads\/2021\/07\/eyelash-materials-workshop-1.jpg 1024w, http:\/\/starseedmakeup.com\/wp-content\/uploads\/2021\/07\/eyelash-materials-workshop-1-300x200.jpg 300w\" sizes=\"(max-width: 1024px) 100vw, 1024px\" \/><\/div><\/div><\/div><\/div><\/div><div class=\"vc_col-sm-6 wpb_column vc_column_container\"><div class=\"vc_column-inner\"><div class=\"wpb_wrapper\"><div class=\"wpb_text_column\"><div class=\"wpb_wrapper\"><h3>Atelier sur les mat\u00e9riaux pour les cils<\/h3>\n<p>Notre atelier de fabrication de cils est charg\u00e9 de veiller \u00e0 ce que nous utilisions des mat\u00e9riaux durables, abordables et respectueux de l'environnement. Cela nous permet de travailler avec des mat\u00e9riaux de qualit\u00e9 qui ont un impact positif sur la performance des cils dans lesquels vous investissez.<\/p>\n<\/div><\/div><\/div><\/div><\/div><\/div><\/div><\/div><\/div><div class=\"vc_col-sm-12 wpb_column vc_column_container\"><div class=\"vc_column-inner\"><div class=\"wpb_wrapper\"><div class=\"g-cols wpb_row via_flex valign_middle type_default reversed stacking_default\"><div class=\"vc_col-sm-6 wpb_column vc_column_container\"><div class=\"vc_column-inner\"><div class=\"wpb_wrapper\"><div class=\"wpb_text_column\"><div class=\"wpb_wrapper\"><h3>Usine de fabrication de cils<\/h3>\n<p>Nous disposons d'une usine de fabrication o\u00f9 tous nos cils sont produits selon les normes en vigueur dans l'industrie. Cela nous permet d'offrir des produits de qualit\u00e9 qui r\u00e9pondent aux besoins de vos clients et d'\u00e9tablir votre marque sur le march\u00e9.<\/p>\n<\/div><\/div><\/div><\/div><\/div><div class=\"vc_col-sm-6 wpb_column vc_column_container\"><div class=\"vc_column-inner\"><div class=\"wpb_wrapper\"><div class=\"w-image has_ratio align_none\"><div class=\"w-image-h\"><div style=\"padding-bottom:56.25%\"><\/div><img width=\"1024\" height=\"683\" src=\"http:\/\/starseedmakeup.com\/wp-content\/uploads\/2021\/07\/eyelash-manufacturing-plant-1.jpg\" class=\"attachment-large size-large\" alt=\"Usine de fabrication de cils\" decoding=\"async\" loading=\"lazy\" srcset=\"http:\/\/starseedmakeup.com\/wp-content\/uploads\/2021\/07\/eyelash-manufacturing-plant-1.jpg 1024w, http:\/\/starseedmakeup.com\/wp-content\/uploads\/2021\/07\/eyelash-manufacturing-plant-1-300x200.jpg 300w\" sizes=\"(max-width: 1024px) 100vw, 1024px\" \/><\/div><\/div><\/div><\/div><\/div><\/div><\/div><\/div><\/div><div class=\"vc_col-sm-12 wpb_column vc_column_container\"><div class=\"vc_column-inner\"><div class=\"wpb_wrapper\"><div class=\"g-cols wpb_row via_flex valign_middle type_default stacking_default\"><div class=\"vc_col-sm-6 wpb_column vc_column_container\"><div class=\"vc_column-inner\"><div class=\"wpb_wrapper\"><div class=\"w-image has_ratio align_none\"><div class=\"w-image-h\"><div style=\"padding-bottom:56.25%\"><\/div><img width=\"1\" height=\"1\" src=\"http:\/\/starseedmakeup.com\/wp-content\/uploads\/2021\/07\/eyelash-quality-control-workshop.jpg\" class=\"attachment-large size-large\" alt=\"atelier de contr\u00f4le de la qualit\u00e9 des cils\" decoding=\"async\" loading=\"lazy\" \/><\/div><\/div><\/div><\/div><\/div><div class=\"vc_col-sm-6 wpb_column vc_column_container\"><div class=\"vc_column-inner\"><div class=\"wpb_wrapper\"><div class=\"wpb_text_column\"><div class=\"wpb_wrapper\"><h3>Atelier sur le contr\u00f4le de la qualit\u00e9 des cils<\/h3>\n<p>Notre atelier de contr\u00f4le de la qualit\u00e9 des cils est charg\u00e9 de veiller \u00e0 ce que tous les cils produits soient de la meilleure qualit\u00e9. Nous garantissons notre qualit\u00e9 selon les certifications SGS et RoHS afin de nous assurer que nous r\u00e9pondons aux besoins de votre entreprise.<\/p>\n<\/div><\/div><\/div><\/div><\/div><\/div><\/div><\/div><\/div><div class=\"vc_col-sm-12 wpb_column vc_column_container\"><div class=\"vc_column-inner\"><div class=\"wpb_wrapper\"><div class=\"g-cols wpb_row via_flex valign_middle type_default reversed stacking_default\"><div class=\"vc_col-sm-6 wpb_column vc_column_container\"><div class=\"vc_column-inner\"><div class=\"wpb_wrapper\"><div class=\"wpb_text_column\"><div class=\"wpb_wrapper\"><h3>Usine de conditionnement de cils<\/h3>\n<p>Notre usine d'emballage de cils d\u00e9veloppe les produits d'emballage parfaits pour les styles de cils sp\u00e9cifiques dans lesquels vous investissez. Nous proposons des options d'emballage de cils personnalis\u00e9es qui vous permettent de pr\u00e9senter diff\u00e9rents aspects du design et des graphiques afin de repr\u00e9senter votre marque de mani\u00e8re ad\u00e9quate.<\/p>\n<\/div><\/div><\/div><\/div><\/div><div class=\"vc_col-sm-6 wpb_column vc_column_container\"><div class=\"vc_column-inner\"><div class=\"wpb_wrapper\"><div class=\"w-image has_ratio align_none\"><div class=\"w-image-h\"><div style=\"padding-bottom:56.25%\"><\/div><img width=\"1024\" height=\"683\" src=\"http:\/\/starseedmakeup.com\/wp-content\/uploads\/2021\/07\/eyelash-packaging-plant.jpg\" class=\"attachment-large size-large\" alt=\"Plante d&#039;emballage pour cils\" decoding=\"async\" loading=\"lazy\" srcset=\"http:\/\/starseedmakeup.com\/wp-content\/uploads\/2021\/07\/eyelash-packaging-plant.jpg 1024w, http:\/\/starseedmakeup.com\/wp-content\/uploads\/2021\/07\/eyelash-packaging-plant-300x200.jpg 300w\" sizes=\"(max-width: 1024px) 100vw, 1024px\" \/><\/div><\/div><\/div><\/div><\/div><\/div><\/div><\/div><\/div><\/div><\/div><\/section>","protected":false},"excerpt":{"rendered":"Eyelash Factory A quick look at our self-owned eyelash factory from China designed to ensure that we always provide quality lash extensions. AccueilPagesSelf-Owned Eyelash Factory from China Starseed is a well-established eyelash manufacturing company from China with years of experience in the industry. We offer the best quality eyelash extensions to further your business and...","protected":false},"author":1,"featured_media":0,"parent":0,"menu_order":0,"comment_status":"closed","ping_status":"closed","template":"","meta":[],"categories":[],"tags":[],"yoast_head":"<!-- This site is optimized with the Yoast SEO Premium plugin v20.5 (Yoast SEO v20.5) - https:\/\/yoast.com\/wordpress\/plugins\/seo\/ -->\n<title>Eyelash Factory - Starseed<\/title>\n<meta name=\"description\" content=\"A quick look at Starseed, a leading eyelash manufacturing company from China with years of experience provides high-quality lash extensions.\" \/>\n<meta name=\"robots\" content=\"index, follow, max-snippet:-1, max-image-preview:large, max-video-preview:-1\" \/>\n<link rel=\"canonical\" href=\"http:\/\/starseedmakeup.com\/fr\/usine-de-fabrication-de-cils\/\" \/>\n<meta property=\"og:locale\" content=\"fr_FR\" \/>\n<meta property=\"og:type\" content=\"article\" \/>\n<meta property=\"og:title\" content=\"Eyelash Factory - Starseed\" \/>\n<meta property=\"og:description\" content=\"A quick look at Starseed, a leading eyelash manufacturing company from China with years of experience provides high-quality lash extensions.\" \/>\n<meta property=\"og:url\" content=\"http:\/\/starseedmakeup.com\/fr\/usine-de-fabrication-de-cils\/\" \/>\n<meta property=\"og:site_name\" content=\"Starseed\" \/>\n<meta property=\"article:modified_time\" content=\"2021-09-09T02:53:01+00:00\" \/>\n<meta name=\"twitter:card\" content=\"summary_large_image\" \/>\n<meta name=\"twitter:label1\" content=\"Est. reading time\" \/>\n\t<meta name=\"twitter:data1\" content=\"2 minutes\" \/>\n<script type=\"application\/ld+json\" class=\"yoast-schema-graph\">{\"@context\":\"https:\/\/schema.org\",\"@graph\":[{\"@type\":\"WebPage\",\"@id\":\"http:\/\/starseedmakeup.com\/fr\/usine-de-fabrication-de-cils\/\",\"url\":\"http:\/\/starseedmakeup.com\/fr\/usine-de-fabrication-de-cils\/\",\"name\":\"Eyelash Factory - Starseed\",\"isPartOf\":{\"@id\":\"http:\/\/starseedmakeup.com\/#website\"},\"datePublished\":\"2021-07-28T05:36:45+00:00\",\"dateModified\":\"2021-09-09T02:53:01+00:00\",\"description\":\"A quick look at Starseed, a leading eyelash manufacturing company from China with years of experience provides high-quality lash extensions.\",\"inLanguage\":\"fr-FR\",\"potentialAction\":[{\"@type\":\"ReadAction\",\"target\":[\"http:\/\/starseedmakeup.com\/fr\/usine-de-fabrication-de-cils\/\"]}]},{\"@type\":\"WebSite\",\"@id\":\"http:\/\/starseedmakeup.com\/#website\",\"url\":\"http:\/\/starseedmakeup.com\/\",\"name\":\"Starseed\",\"description\":\"Just another WordPress site\",\"potentialAction\":[{\"@type\":\"SearchAction\",\"target\":{\"@type\":\"EntryPoint\",\"urlTemplate\":\"http:\/\/starseedmakeup.com\/?s={search_term_string}\"},\"query-input\":\"required name=search_term_string\"}],\"inLanguage\":\"fr-FR\"}]}<\/script>\n<!-- \/ Yoast SEO Premium plugin. -->","yoast_head_json":{"title":"Eyelash Factory - Starseed","description":"A quick look at Starseed, a leading eyelash manufacturing company from China with years of experience provides high-quality lash extensions.","robots":{"index":"index","follow":"follow","max-snippet":"max-snippet:-1","max-image-preview":"max-image-preview:large","max-video-preview":"max-video-preview:-1"},"canonical":"http:\/\/starseedmakeup.com\/fr\/usine-de-fabrication-de-cils\/","og_locale":"fr_FR","og_type":"article","og_title":"Eyelash Factory - Starseed","og_description":"A quick look at Starseed, a leading eyelash manufacturing company from China with years of experience provides high-quality lash extensions.","og_url":"http:\/\/starseedmakeup.com\/fr\/usine-de-fabrication-de-cils\/","og_site_name":"Starseed","article_modified_time":"2021-09-09T02:53:01+00:00","twitter_card":"summary_large_image","twitter_misc":{"Est. reading time":"2 minutes"},"schema":{"@context":"https:\/\/schema.org","@graph":[{"@type":"WebPage","@id":"http:\/\/starseedmakeup.com\/fr\/usine-de-fabrication-de-cils\/","url":"http:\/\/starseedmakeup.com\/fr\/usine-de-fabrication-de-cils\/","name":"Eyelash Factory - Starseed","isPartOf":{"@id":"http:\/\/starseedmakeup.com\/#website"},"datePublished":"2021-07-28T05:36:45+00:00","dateModified":"2021-09-09T02:53:01+00:00","description":"A quick look at Starseed, a leading eyelash manufacturing company from China with years of experience provides high-quality lash extensions.","inLanguage":"fr-FR","potentialAction":[{"@type":"ReadAction","target":["http:\/\/starseedmakeup.com\/fr\/usine-de-fabrication-de-cils\/"]}]},{"@type":"WebSite","@id":"http:\/\/starseedmakeup.com\/#website","url":"http:\/\/starseedmakeup.com\/","name":"Starseed","description":"Just another WordPress site","potentialAction":[{"@type":"SearchAction","target":{"@type":"EntryPoint","urlTemplate":"http:\/\/starseedmakeup.com\/?s={search_term_string}"},"query-input":"required name=search_term_string"}],"inLanguage":"fr-FR"}]}},"_links":{"self":[{"href":"http:\/\/starseedmakeup.com\/fr\/wp-json\/wp\/v2\/pages\/5468"}],"collection":[{"href":"http:\/\/starseedmakeup.com\/fr\/wp-json\/wp\/v2\/pages"}],"about":[{"href":"http:\/\/starseedmakeup.com\/fr\/wp-json\/wp\/v2\/types\/page"}],"author":[{"embeddable":true,"href":"http:\/\/starseedmakeup.com\/fr\/wp-json\/wp\/v2\/users\/1"}],"replies":[{"embeddable":true,"href":"http:\/\/starseedmakeup.com\/fr\/wp-json\/wp\/v2\/comments?post=5468"}],"version-history":[{"count":21,"href":"http:\/\/starseedmakeup.com\/fr\/wp-json\/wp\/v2\/pages\/5468\/revisions"}],"predecessor-version":[{"id":6578,"href":"http:\/\/starseedmakeup.com\/fr\/wp-json\/wp\/v2\/pages\/5468\/revisions\/6578"}],"wp:attachment":[{"href":"http:\/\/starseedmakeup.com\/fr\/wp-json\/wp\/v2\/media?parent=5468"}],"wp:term":[{"taxonomy":"category","embeddable":true,"href":"http:\/\/starseedmakeup.com\/fr\/wp-json\/wp\/v2\/categories?post=5468"},{"taxonomy":"post_tag","embeddable":true,"href":"http:\/\/starseedmakeup.com\/fr\/wp-json\/wp\/v2\/tags?post=5468"}],"curies":[{"name":"wp","href":"https:\/\/api.w.org\/{rel}","templated":true}]}}