{"id":6260,"date":"2021-07-28T02:39:41","date_gmt":"2021-07-28T02:39:41","guid":{"rendered":"https:\/\/starseedmakeup.com\/?page_id=6260"},"modified":"2021-09-15T18:28:39","modified_gmt":"2021-09-15T10:28:39","slug":"lash-business","status":"publish","type":"page","link":"http:\/\/starseedmakeup.com\/fr\/lash-business\/","title":{"rendered":"Lash Business"},"content":{"rendered":"<section class=\"l-section wpb_row us_custom_88301c1a height_medium\"><div class=\"l-section-h i-cf\"><div class=\"g-cols vc_row via_flex valign_top type_default stacking_default\"><div class=\"vc_col-sm-12 wpb_column vc_column_container\"><div class=\"vc_column-inner\"><div class=\"wpb_wrapper\"><div class=\"wpb_text_column\"><div class=\"wpb_wrapper\"><h1>Lash Business<\/h1>\n<p><span style=\"font-weight: 400;\">Starseed fait partie des meilleurs fabricants de cils sous marque de distributeur en Chine et dans le monde.<br \/>\nNos services nous permettent de vous aider \u00e0 cr\u00e9er une entreprise de pose de cils de qualit\u00e9 et r\u00e9pondant aux besoins de vos clients. <\/span><\/p>\n<\/div><\/div><\/div><\/div><\/div><\/div><\/div><\/section><section class=\"l-section wpb_row us_custom_d14fb310 height_small\"><div class=\"l-section-h i-cf\"><div class=\"g-cols vc_row via_flex valign_top type_default stacking_default\"><div class=\"vc_col-sm-12 wpb_column vc_column_container\"><div class=\"vc_column-inner\"><div class=\"wpb_wrapper\"><ol class=\"g-breadcrumbs us_custom_ae99f6aa has_text_color separator_icon align_none\" itemscope itemtype=\"http:\/\/schema.org\/BreadcrumbList\"><li class=\"g-breadcrumbs-item\" itemscope itemprop=\"itemListElement\" itemtype=\"http:\/\/schema.org\/ListItem\"><a itemprop=\"item\" href=\"http:\/\/starseedmakeup.com\/fr\/\"><span itemprop=\"name\">Accueil<\/span><\/a><meta itemprop=\"position\" content=\"1\"\/><\/li><li class=\"g-breadcrumbs-separator\"><i class=\"far fa-angle-right\"><\/i><\/li><li class=\"g-breadcrumbs-item\">Pages<\/li><\/ol><\/div><\/div><\/div><\/div><\/div><\/section><section class=\"l-section wpb_row height_medium\"><div class=\"l-section-h i-cf\"><div class=\"g-cols vc_row via_flex valign_top type_default stacking_default\"><div class=\"vc_col-sm-6 wpb_column vc_column_container\"><div class=\"vc_column-inner\"><div class=\"wpb_wrapper\"><div class=\"wpb_text_column\"><div class=\"wpb_wrapper\"><h2>Le meilleur de la classe<br \/>\nFournisseur de cils<\/h2>\n<\/div><\/div><div class=\"wpb_text_column\"><div class=\"wpb_wrapper\"><p><span style=\"font-weight: 400;\">En tant que l'un des principaux <\/span><a href=\"http:\/\/starseedmakeup.com\/fr\/a-propos-de\/\"><span style=\"font-weight: 400;\">cils de vison vendeurs en gros<\/span><\/a><span style=\"font-weight: 400;\">Nous sommes fiers de fournir des cils de qualit\u00e9 sup\u00e9rieure \u00e0 tous nos clients. Nous vous aidons \u00e0 d\u00e9marrer votre activit\u00e9 dans le domaine des cils en vous proposant des options personnalis\u00e9es de qualit\u00e9 \u00e0 des prix raisonnables. Nous disposons de syst\u00e8mes de fabrication bien \u00e9tablis et faisons appel \u00e0 des professionnels tr\u00e8s exp\u00e9riment\u00e9s. Cela nous a permis de proposer diff\u00e9rentes options de cils avec diff\u00e9rents forfaits pour compl\u00e9ter vos commandes. Nous disposons \u00e9galement de syst\u00e8mes d'assurance qualit\u00e9 mis en place pour garantir que nous r\u00e9pondons aux besoins de vos clients. <\/span><\/p>\n<\/div><\/div><\/div><\/div><\/div><div class=\"vc_col-sm-6 wpb_column vc_column_container\"><div class=\"vc_column-inner\"><div class=\"wpb_wrapper\"><div class=\"w-image has_ratio align_none\"><div class=\"w-image-h\"><div style=\"padding-bottom:56.25%\"><\/div><img width=\"882\" height=\"661\" src=\"http:\/\/starseedmakeup.com\/wp-content\/uploads\/2021\/06\/vegan-magnetic-false-eyelashes-1.jpg\" class=\"attachment-large size-large\" alt=\"faux cils magn\u00e9tiques v\u00e9g\u00e9taliens\" decoding=\"async\" loading=\"lazy\" srcset=\"http:\/\/starseedmakeup.com\/wp-content\/uploads\/2021\/06\/vegan-magnetic-false-eyelashes-1.jpg 882w, http:\/\/starseedmakeup.com\/wp-content\/uploads\/2021\/06\/vegan-magnetic-false-eyelashes-1-300x225.jpg 300w, http:\/\/starseedmakeup.com\/wp-content\/uploads\/2021\/06\/vegan-magnetic-false-eyelashes-1-600x450.jpg 600w\" sizes=\"(max-width: 882px) 100vw, 882px\" \/><\/div><\/div><\/div><\/div><\/div><\/div><\/div><\/section><section class=\"l-section wpb_row height_medium\"><div class=\"l-section-h i-cf\"><div class=\"g-cols vc_row via_flex valign_top type_default stacking_default\"><div class=\"vc_col-sm-12 wpb_column vc_column_container\"><div class=\"vc_column-inner\"><div class=\"wpb_wrapper\"><div class=\"w-separator size_medium with_line width_30 thick_1 style_solid color_secondary align_center with_content\"><div class=\"w-separator-h\"><i class=\"far fa-star\"><\/i><\/div><\/div><div class=\"wpb_text_column\"><div class=\"wpb_wrapper\"><h2 style=\"text-align: center;\">Ce que vous pouvez obtenir aupr\u00e8s des meilleurs vendeurs de cils<\/h2>\n<\/div><\/div><div class=\"w-separator size_medium\"><\/div><div class=\"g-cols wpb_row via_flex valign_top type_default stacking_default\"><div class=\"vc_col-sm-6 wpb_column vc_column_container\"><div class=\"vc_column-inner\"><div class=\"wpb_wrapper\"><div class=\"w-iconbox iconpos_left style_default color_primary align_left\"><div class=\"w-iconbox-icon\" style=\"font-size:2rem;\"><i class=\"fas fa-copy\"><\/i><\/div><div class=\"w-iconbox-meta\"><h3 class=\"w-iconbox-title\">Par applications\/types<\/h3><div class=\"w-iconbox-text\"><p>Il est important de conna\u00eetre l'application ou le type de cils dans lesquels vous devez investir afin de vous assurer que vous obtenez les bonnes options pour vos clients cibles. Nous proposons diff\u00e9rentes applications et diff\u00e9rents types de cils :<\/p>\n<ul>\n<li>Extensions de cils<\/li>\n<li>Faux cils<\/li>\n<li>Emballage pour cils<\/li>\n<li>Outils pour cils<\/li>\n<\/ul>\n<\/div><\/div><\/div><\/div><\/div><\/div><div class=\"vc_col-sm-6 wpb_column vc_column_container\"><div class=\"vc_column-inner\"><div class=\"wpb_wrapper\"><div class=\"w-iconbox iconpos_left style_default color_primary align_left\"><div class=\"w-iconbox-icon\" style=\"font-size:2rem;\"><i class=\"fas fa-ruler-combined\"><\/i><\/div><div class=\"w-iconbox-meta\"><h3 class=\"w-iconbox-title\">Par volume<\/h3><div class=\"w-iconbox-text\"><p>En tant que vendeur de faux cils de vison de confiance, nous proposons des cils de diff\u00e9rents volumes. Certains sont plus \u00e9pais que d'autres, un facteur que vous devez garder \u00e0 l'esprit pour mieux servir vos clients. Les diff\u00e9rents volumes de cils que nous proposons dans notre entreprise sont les suivants :<\/p>\n<ul>\n<li>Extensions de cils classiques<\/li>\n<li>Extensions de cils hybrides<\/li>\n<li>Extension de cils en volume<\/li>\n<li>Extensions de cils m\u00e9ga volume<\/li>\n<li>Extensions de cils plats<\/li>\n<li>Extensions de cils pr\u00e9-pann\u00e9es<\/li>\n<\/ul>\n<\/div><\/div><\/div><\/div><\/div><\/div><\/div><div class=\"w-separator size_medium\"><\/div><div class=\"g-cols wpb_row via_flex valign_top type_default stacking_default\"><div class=\"vc_col-sm-6 wpb_column vc_column_container\"><div class=\"vc_column-inner\"><div class=\"wpb_wrapper\"><div class=\"w-iconbox iconpos_left style_default color_primary align_left\"><div class=\"w-iconbox-icon\" style=\"font-size:2rem;\"><i class=\"fas fa-check\"><\/i><\/div><div class=\"w-iconbox-meta\"><h3 class=\"w-iconbox-title\">Par les mat\u00e9riaux<\/h3><div class=\"w-iconbox-text\"><p>Les cils sont fabriqu\u00e9s \u00e0 partir de diff\u00e9rents mat\u00e9riaux en fonction de vos besoins sp\u00e9cifiques. Nous utilisons des mat\u00e9riaux de la meilleure qualit\u00e9 pour garantir la durabilit\u00e9 des cils et leur longue dur\u00e9e de vie. Voici quelques-unes des options que nous proposons :<\/p>\n<ul>\n<li>Faux cils<\/li>\n<li>Cils en vison<\/li>\n<li>Cils en soie<\/li>\n<\/ul>\n<\/div><\/div><\/div><\/div><\/div><\/div><div class=\"vc_col-sm-6 wpb_column vc_column_container\"><div class=\"vc_column-inner\"><div class=\"wpb_wrapper\"><div class=\"w-iconbox iconpos_left style_default color_primary align_left\"><div class=\"w-iconbox-icon\" style=\"font-size:2rem;\"><i class=\"fas fa-star\"><\/i><\/div><div class=\"w-iconbox-meta\"><h3 class=\"w-iconbox-title\">Par effets<\/h3><div class=\"w-iconbox-text\"><p>Il est \u00e9galement important de tenir compte du rendu des cils et de la fa\u00e7on dont vos clients les recevront. Nous proposons diff\u00e9rents types de cils qui ont des effets vari\u00e9s lorsqu'ils sont port\u00e9s. Voici quelques-unes des meilleures options que nous proposons :<\/p>\n<ul>\n<li>Cils en bandes<\/li>\n<li>Cils individuels<\/li>\n<li>Cils en grappe<\/li>\n<li>Cils magn\u00e9tiques<\/li>\n<\/ul>\n<\/div><\/div><\/div><\/div><\/div><\/div><\/div><\/div><\/div><\/div><\/div><\/div><\/section><section class=\"l-section wpb_row height_medium color_alternate\"><div class=\"l-section-h i-cf\"><div class=\"g-cols vc_row via_flex valign_top type_default stacking_default\"><div class=\"vc_col-sm-12 wpb_column vc_column_container\"><div class=\"vc_column-inner\"><div class=\"wpb_wrapper\"><div class=\"w-separator size_medium with_line width_30 thick_1 style_solid color_secondary align_center with_content\"><div class=\"w-separator-h\"><i class=\"far fa-star\"><\/i><\/div><\/div><div class=\"wpb_text_column\"><div class=\"wpb_wrapper\"><h2 style=\"text-align: center;\">Choix pour les grandes et petites marques de cr\u00e9er une entreprise de fabrication de cils<\/h2>\n<\/div><\/div><div class=\"w-separator size_large\"><\/div><div class=\"g-cols wpb_row via_flex valign_top type_default stacking_default\"><div class=\"vc_col-sm-3 wpb_column vc_column_container has_bg_color\"><div class=\"vc_column-inner us_custom_4fb9e5a3\"><div class=\"wpb_wrapper\"><div class=\"w-vwrapper us_custom_ca26f023 align_none valign_top\"><div class=\"w-iconbox iconpos_left style_default color_custom align_center no_title no_text\"><div class=\"w-iconbox-icon\" style=\"font-size:2rem;color:#566D8F;\"><i class=\"far fa-tag\"><\/i><\/div><div class=\"w-iconbox-meta\"><\/div><\/div><div class=\"w-btn-wrapper align_none\"><a class=\"w-btn us-btn-style_3 us_custom_09598f3e has_text_color\" title=\"Label priv\u00e9\" target=\"_blank\" href=\"http:\/\/starseedmakeup.com\/fr\/label-prive\/\" rel=\"noopener\"><span class=\"w-btn-label\">Label priv\u00e9 Lash<\/span><\/a><\/div><div class=\"wpb_text_column\"><div class=\"wpb_wrapper\"><p><span style=\"font-weight: 400;\">Notre marque de cils priv\u00e9e est une excellente option pour les particuliers ou les entreprises qui souhaitent proposer leurs propres cils. Cette option vous permet de personnaliser vos cils et leur emballage. <\/span><\/p>\n<\/div><\/div><\/div><\/div><\/div><\/div><div class=\"vc_col-sm-3 wpb_column vc_column_container has_bg_color\"><div class=\"vc_column-inner us_custom_4fb9e5a3\"><div class=\"wpb_wrapper\"><div class=\"w-vwrapper us_custom_ca26f023 align_none valign_top\"><div class=\"w-iconbox iconpos_left style_default color_custom align_center no_title no_text\"><div class=\"w-iconbox-icon\" style=\"font-size:2rem;color:#566D8F;\"><i class=\"far fa-store\"><\/i><\/div><div class=\"w-iconbox-meta\"><\/div><\/div><div class=\"w-btn-wrapper align_none\"><a class=\"w-btn us-btn-style_3 us_custom_968b4096 has_text_color\" title=\"Label priv\u00e9\" target=\"_blank\" href=\"http:\/\/starseedmakeup.com\/fr\/programme-de-vente-en-gros-de-cils\/\" rel=\"noopener\"><span class=\"w-btn-label\">Programme de vente en gros de cils<\/span><\/a><\/div><div class=\"wpb_text_column\"><div class=\"wpb_wrapper\"><p><span style=\"font-weight: 400;\">Nous nous sommes impos\u00e9s comme les meilleurs vendeurs de cils individuels, offrant des options de vente en gros \u00e0 des prix incroyables. Cela s'av\u00e8re tr\u00e8s utile pour les fournisseurs de cils \u00e9tablis qui cherchent \u00e0 satisfaire une client\u00e8le croissante. <\/span><\/p>\n<\/div><\/div><\/div><\/div><\/div><\/div><div class=\"vc_col-sm-3 wpb_column vc_column_container has_bg_color\"><div class=\"vc_column-inner us_custom_4fb9e5a3\"><div class=\"wpb_wrapper\"><div class=\"w-vwrapper us_custom_ca26f023 align_none valign_top\"><div class=\"w-iconbox iconpos_left style_default color_custom align_center no_title no_text\"><div class=\"w-iconbox-icon\" style=\"font-size:2rem;color:#566D8F;\"><i class=\"far fa-truck\"><\/i><\/div><div class=\"w-iconbox-meta\"><\/div><\/div><div class=\"w-btn-wrapper align_none\"><a class=\"w-btn us-btn-style_3 us_custom_968b4096 has_text_color\" title=\"Label priv\u00e9\" target=\"_blank\" href=\"http:\/\/starseedmakeup.com\/fr\/commande-de-cils\/\" rel=\"noopener\"><span class=\"w-btn-label\">Commander des cils en vrac<\/span><\/a><\/div><div class=\"wpb_text_column\"><div class=\"wpb_wrapper\"><p><span style=\"font-weight: 400;\">Nous offrons la possibilit\u00e9 de commander des cils en gros pour r\u00e9pondre aux besoins des entreprises qui disposent d'un budget plus important. Cette option vous donne un grand avantage avec la possibilit\u00e9 d'obtenir plus de r\u00e9ductions sur les commandes effectu\u00e9es.<\/span><\/p>\n<\/div><\/div><\/div><\/div><\/div><\/div><div class=\"vc_col-sm-3 wpb_column vc_column_container has_bg_color\"><div class=\"vc_column-inner us_custom_4fb9e5a3\"><div class=\"wpb_wrapper\"><div class=\"w-vwrapper us_custom_0eba8a1a align_none valign_top\"><div class=\"w-iconbox iconpos_left style_default color_custom align_center no_title no_text\"><div class=\"w-iconbox-icon\" style=\"font-size:2rem;color:#566D8F;\"><i class=\"far fa-palette\"><\/i><\/div><div class=\"w-iconbox-meta\"><\/div><\/div><div class=\"w-btn-wrapper align_none\"><a class=\"w-btn us-btn-style_3 us_custom_968b4096 has_text_color\" title=\"Label priv\u00e9\" target=\"_blank\" href=\"http:\/\/starseedmakeup.com\/fr\/cils-personnalises\/\" rel=\"noopener\"><span class=\"w-btn-label\">Cils sur mesure<\/span><\/a><\/div><div class=\"wpb_text_column\"><div class=\"wpb_wrapper\"><p><span style=\"font-weight: 400;\">Nos services de cils sur mesure s'adressent aux entreprises qui souhaitent apporter un aspect unique sur le march\u00e9. Cela vous permet de laisser libre cours \u00e0 votre cr\u00e9ativit\u00e9 et d'offrir des produits diff\u00e9rents qui vous aideront \u00e0 vous d\u00e9marquer. <\/span><\/p>\n<\/div><\/div><\/div><div class=\"w-vwrapper align_none valign_top\"><\/div><\/div><\/div><\/div><\/div><\/div><\/div><\/div><\/div><\/div><\/section><section class=\"l-section wpb_row height_medium\"><div class=\"l-section-h i-cf\"><div class=\"g-cols vc_row via_flex valign_top type_default stacking_default\"><div class=\"vc_col-sm-12 wpb_column vc_column_container\"><div class=\"vc_column-inner\"><div class=\"wpb_wrapper\"><div class=\"w-separator size_medium with_line width_30 thick_1 style_solid color_secondary align_center with_content\"><div class=\"w-separator-h\"><i class=\"far fa-star\"><\/i><\/div><\/div><div class=\"wpb_text_column\"><div class=\"wpb_wrapper\"><h2 style=\"text-align: center;\">\u00c9l\u00e9ments \u00e0 prendre en compte lors de la cr\u00e9ation d'une entreprise de fabrication de cils<\/h2>\n<\/div><\/div><div class=\"w-separator size_large\"><\/div><div class=\"g-cols wpb_row via_flex valign_top type_default stacking_default\"><div class=\"vc_col-sm-4 wpb_column vc_column_container\"><div class=\"vc_column-inner\"><div class=\"wpb_wrapper\"><div class=\"w-iconbox iconpos_left style_circle color_primary align_left\"><div class=\"w-iconbox-icon\" style=\"font-size:2rem;\"><i class=\"fas fa-conveyor-belt-alt\"><\/i><\/div><div class=\"w-iconbox-meta\"><h4 class=\"w-iconbox-title\">Test d'\u00e9chantillons<\/h4><div class=\"w-iconbox-text\"><p><span style=\"font-weight: 400;\">Le test d'\u00e9chantillons est un aspect essentiel \u00e0 prendre en compte lorsque vous d\u00e9marrez votre activit\u00e9 de vente de cils. Chez Starseed, nous proposons <\/span><a href=\"http:\/\/starseedmakeup.com\/fr\/echantillons-de-cils-gratuits\/\"><span style=\"font-weight: 400;\">\u00e9chantillons de cils gratuits<\/span><\/a><span style=\"font-weight: 400;\"> \u00e0 tester. <\/span><\/p>\n<\/div><\/div><\/div><\/div><\/div><\/div><div class=\"vc_col-sm-4 wpb_column vc_column_container\"><div class=\"vc_column-inner\"><div class=\"wpb_wrapper\"><div class=\"w-iconbox iconpos_left style_circle color_primary align_left\"><div class=\"w-iconbox-icon\" style=\"font-size:2rem;\"><i class=\"fas fa-dollar-sign\"><\/i><\/div><div class=\"w-iconbox-meta\"><h4 class=\"w-iconbox-title\">Budget des entreprises<\/h4><div class=\"w-iconbox-text\"><p><span style=\"font-weight: 400;\">Le budget de votre entreprise vous aidera \u00e0 d\u00e9terminer la quantit\u00e9 minimale \u00e0 commander. Nous proposons un <\/span><a href=\"http:\/\/starseedmakeup.com\/fr\/low-moq-service\/\"><span style=\"font-weight: 400;\">faible MOQ<\/span><\/a><span style=\"font-weight: 400;\"> de 50 pi\u00e8ces pour nous aider \u00e0 r\u00e9pondre \u00e0 tous les budgets. <\/span><\/p>\n<\/div><\/div><\/div><\/div><\/div><\/div><div class=\"vc_col-sm-4 wpb_column vc_column_container\"><div class=\"vc_column-inner\"><div class=\"wpb_wrapper\"><div class=\"w-iconbox iconpos_left style_circle color_primary align_left\"><div class=\"w-iconbox-icon\" style=\"font-size:2rem;\"><i class=\"fas fa-truck\"><\/i><\/div><div class=\"w-iconbox-meta\"><h4 class=\"w-iconbox-title\">Livraison dans les d\u00e9lais<\/h4><div class=\"w-iconbox-text\"><p><span style=\"font-weight: 400;\">Une bonne compr\u00e9hension du transport et de la logistique vous aidera \u00e0 planifier votre activit\u00e9. Nous pr\u00e9sentons <\/span><a href=\"http:\/\/starseedmakeup.com\/fr\/livraison-a-temps\/\"><span style=\"font-weight: 400;\">services de livraison rapide<\/span><\/a><span style=\"font-weight: 400;\"> par DHL ou FedEx, ce qui prend jusqu'\u00e0 3 jours.<\/span><\/p>\n<\/div><\/div><\/div><\/div><\/div><\/div><\/div><div class=\"w-separator size_large\"><\/div><div class=\"g-cols wpb_row via_flex valign_top type_default stacking_default\"><div class=\"vc_col-sm-4 wpb_column vc_column_container\"><div class=\"vc_column-inner\"><div class=\"wpb_wrapper\"><div class=\"w-vwrapper align_none valign_top\"><div class=\"w-iconbox iconpos_left style_circle color_primary align_left\"><div class=\"w-iconbox-icon\" style=\"font-size:2rem;\"><i class=\"fas fa-star\"><\/i><\/div><div class=\"w-iconbox-meta\"><h4 class=\"w-iconbox-title\">Qualit\u00e9 des cils<\/h4><div class=\"w-iconbox-text\"><p><span style=\"font-weight: 400;\">La qualit\u00e9 des cils d\u00e9termine la durabilit\u00e9 et la dur\u00e9e d'utilisation de vos cils par vos clients. Nous disposons de proc\u00e9d\u00e9s certifi\u00e9s qui nous permettent d'offrir la meilleure qualit\u00e9 de cils. <\/span><a href=\"http:\/\/starseedmakeup.com\/fr\/qualite-du-laser\/\"><span style=\"font-weight: 400;\">cils de qualit\u00e9<\/span><\/a><span style=\"font-weight: 400;\"> pour votre entreprise.<\/span><\/p>\n<\/div><\/div><\/div><\/div><\/div><\/div><\/div><div class=\"vc_col-sm-4 wpb_column vc_column_container\"><div class=\"vc_column-inner\"><div class=\"wpb_wrapper\"><div class=\"w-vwrapper align_none valign_top\"><div class=\"w-iconbox iconpos_left style_circle color_primary align_left\"><div class=\"w-iconbox-icon\" style=\"font-size:2rem;\"><i class=\"fas fa-bars\"><\/i><\/div><div class=\"w-iconbox-meta\"><h4 class=\"w-iconbox-title\">Options pour les cils<\/h4><div class=\"w-iconbox-text\"><p><span style=\"font-weight: 400;\">Vous avez le choix entre plusieurs options de cils qui se d\u00e9clinent en diff\u00e9rents styles, ce qui vous offre une grande vari\u00e9t\u00e9. Nous vous proposons diff\u00e9rents choix dans notre catalogue de produits existants. <\/span><\/p>\n<\/div><\/div><\/div><\/div><\/div><\/div><\/div><div class=\"vc_col-sm-4 wpb_column vc_column_container\"><div class=\"vc_column-inner us_custom_c121a82a\"><div class=\"wpb_wrapper\"><div class=\"w-btn-wrapper align_center\"><a class=\"w-btn us-btn-style_1 test-popup\" href=\"javascript:void(0)\"><span class=\"w-btn-label\">Lancez votre entreprise de fabrication de cils<\/span><\/a><\/div><\/div><\/div><\/div><\/div><div class=\"w-separator size_custom\" style=\"height:80px\"><\/div><\/div><\/div><\/div><\/div><\/div><\/section>","protected":false},"excerpt":{"rendered":"Lash Business Starseed is among the best private label lash manufacturers in China and around the world. Our services allow us to help you start a lash business that offers quality and caters to your customers\u2019 needs. AccueilPagesYour Best-in-Class Lash Supplier As one of the leading mink lashes wholesale vendors, we pride ourselves on providing...","protected":false},"author":1,"featured_media":0,"parent":0,"menu_order":0,"comment_status":"closed","ping_status":"closed","template":"","meta":[],"categories":[],"tags":[],"yoast_head":"<!-- This site is optimized with the Yoast SEO Premium plugin v20.5 (Yoast SEO v20.5) - https:\/\/yoast.com\/wordpress\/plugins\/seo\/ -->\n<title>Top Private Label Eyelashes Business Provider - Starseed<\/title>\n<meta name=\"description\" content=\"As one of the leading mink lashes wholesale vendors, we pride ourselves on providing top-quality eyelashes to all our clients.\" \/>\n<meta name=\"robots\" content=\"index, follow, max-snippet:-1, max-image-preview:large, max-video-preview:-1\" \/>\n<link rel=\"canonical\" href=\"http:\/\/starseedmakeup.com\/fr\/lash-business\/\" \/>\n<meta property=\"og:locale\" content=\"fr_FR\" \/>\n<meta property=\"og:type\" content=\"article\" \/>\n<meta property=\"og:title\" content=\"Top Private Label Eyelashes Business Provider - Starseed\" \/>\n<meta property=\"og:description\" content=\"As one of the leading mink lashes wholesale vendors, we pride ourselves on providing top-quality eyelashes to all our clients.\" \/>\n<meta property=\"og:url\" content=\"http:\/\/starseedmakeup.com\/fr\/lash-business\/\" \/>\n<meta property=\"og:site_name\" content=\"Starseed\" \/>\n<meta property=\"article:modified_time\" content=\"2021-09-15T10:28:39+00:00\" \/>\n<meta name=\"twitter:card\" content=\"summary_large_image\" \/>\n<meta name=\"twitter:label1\" content=\"Est. reading time\" \/>\n\t<meta name=\"twitter:data1\" content=\"3 minutes\" \/>\n<script type=\"application\/ld+json\" class=\"yoast-schema-graph\">{\"@context\":\"https:\/\/schema.org\",\"@graph\":[{\"@type\":\"WebPage\",\"@id\":\"http:\/\/starseedmakeup.com\/fr\/lash-business\/\",\"url\":\"http:\/\/starseedmakeup.com\/fr\/lash-business\/\",\"name\":\"Top Private Label Eyelashes Business Provider - Starseed\",\"isPartOf\":{\"@id\":\"http:\/\/starseedmakeup.com\/#website\"},\"datePublished\":\"2021-07-28T02:39:41+00:00\",\"dateModified\":\"2021-09-15T10:28:39+00:00\",\"description\":\"As one of the leading mink lashes wholesale vendors, we pride ourselves on providing top-quality eyelashes to all our clients.\",\"inLanguage\":\"fr-FR\",\"potentialAction\":[{\"@type\":\"ReadAction\",\"target\":[\"http:\/\/starseedmakeup.com\/fr\/lash-business\/\"]}]},{\"@type\":\"WebSite\",\"@id\":\"http:\/\/starseedmakeup.com\/#website\",\"url\":\"http:\/\/starseedmakeup.com\/\",\"name\":\"Starseed\",\"description\":\"Just another WordPress site\",\"potentialAction\":[{\"@type\":\"SearchAction\",\"target\":{\"@type\":\"EntryPoint\",\"urlTemplate\":\"http:\/\/starseedmakeup.com\/?s={search_term_string}\"},\"query-input\":\"required name=search_term_string\"}],\"inLanguage\":\"fr-FR\"}]}<\/script>\n<!-- \/ Yoast SEO Premium plugin. -->","yoast_head_json":{"title":"Top Private Label Eyelashes Business Provider - Starseed","description":"As one of the leading mink lashes wholesale vendors, we pride ourselves on providing top-quality eyelashes to all our clients.","robots":{"index":"index","follow":"follow","max-snippet":"max-snippet:-1","max-image-preview":"max-image-preview:large","max-video-preview":"max-video-preview:-1"},"canonical":"http:\/\/starseedmakeup.com\/fr\/lash-business\/","og_locale":"fr_FR","og_type":"article","og_title":"Top Private Label Eyelashes Business Provider - Starseed","og_description":"As one of the leading mink lashes wholesale vendors, we pride ourselves on providing top-quality eyelashes to all our clients.","og_url":"http:\/\/starseedmakeup.com\/fr\/lash-business\/","og_site_name":"Starseed","article_modified_time":"2021-09-15T10:28:39+00:00","twitter_card":"summary_large_image","twitter_misc":{"Est. reading time":"3 minutes"},"schema":{"@context":"https:\/\/schema.org","@graph":[{"@type":"WebPage","@id":"http:\/\/starseedmakeup.com\/fr\/lash-business\/","url":"http:\/\/starseedmakeup.com\/fr\/lash-business\/","name":"Top Private Label Eyelashes Business Provider - Starseed","isPartOf":{"@id":"http:\/\/starseedmakeup.com\/#website"},"datePublished":"2021-07-28T02:39:41+00:00","dateModified":"2021-09-15T10:28:39+00:00","description":"As one of the leading mink lashes wholesale vendors, we pride ourselves on providing top-quality eyelashes to all our clients.","inLanguage":"fr-FR","potentialAction":[{"@type":"ReadAction","target":["http:\/\/starseedmakeup.com\/fr\/lash-business\/"]}]},{"@type":"WebSite","@id":"http:\/\/starseedmakeup.com\/#website","url":"http:\/\/starseedmakeup.com\/","name":"Starseed","description":"Just another WordPress site","potentialAction":[{"@type":"SearchAction","target":{"@type":"EntryPoint","urlTemplate":"http:\/\/starseedmakeup.com\/?s={search_term_string}"},"query-input":"required name=search_term_string"}],"inLanguage":"fr-FR"}]}},"_links":{"self":[{"href":"http:\/\/starseedmakeup.com\/fr\/wp-json\/wp\/v2\/pages\/6260"}],"collection":[{"href":"http:\/\/starseedmakeup.com\/fr\/wp-json\/wp\/v2\/pages"}],"about":[{"href":"http:\/\/starseedmakeup.com\/fr\/wp-json\/wp\/v2\/types\/page"}],"author":[{"embeddable":true,"href":"http:\/\/starseedmakeup.com\/fr\/wp-json\/wp\/v2\/users\/1"}],"replies":[{"embeddable":true,"href":"http:\/\/starseedmakeup.com\/fr\/wp-json\/wp\/v2\/comments?post=6260"}],"version-history":[{"count":43,"href":"http:\/\/starseedmakeup.com\/fr\/wp-json\/wp\/v2\/pages\/6260\/revisions"}],"predecessor-version":[{"id":8201,"href":"http:\/\/starseedmakeup.com\/fr\/wp-json\/wp\/v2\/pages\/6260\/revisions\/8201"}],"wp:attachment":[{"href":"http:\/\/starseedmakeup.com\/fr\/wp-json\/wp\/v2\/media?parent=6260"}],"wp:term":[{"taxonomy":"category","embeddable":true,"href":"http:\/\/starseedmakeup.com\/fr\/wp-json\/wp\/v2\/categories?post=6260"},{"taxonomy":"post_tag","embeddable":true,"href":"http:\/\/starseedmakeup.com\/fr\/wp-json\/wp\/v2\/tags?post=6260"}],"curies":[{"name":"wp","href":"https:\/\/api.w.org\/{rel}","templated":true}]}}