{"id":8454,"date":"2021-10-05T18:03:31","date_gmt":"2021-10-05T10:03:31","guid":{"rendered":"https:\/\/starseedmakeup.com\/?page_id=8454"},"modified":"2021-10-05T18:29:03","modified_gmt":"2021-10-05T10:29:03","slug":"eyelash-extension-thickness-guide","status":"publish","type":"page","link":"http:\/\/starseedmakeup.com\/fr\/guide-de-lextension-du-cil-et-de-lepine-dorsale\/","title":{"rendered":"Guide de l'\u00e9paisseur de l'extension de cils"},"content":{"rendered":"<section class=\"l-section wpb_row us_custom_51786714 height_medium\"><div class=\"l-section-h i-cf\"><div class=\"g-cols vc_row via_flex valign_top type_default stacking_default\"><div class=\"vc_col-sm-12 wpb_column vc_column_container\"><div class=\"vc_column-inner\"><div class=\"wpb_wrapper\"><div class=\"wpb_text_column\"><div class=\"wpb_wrapper\"><h1>Guide de l'\u00e9paisseur de l'extension de cils<\/h1>\n<p>Comprendre les diff\u00e9rents types d'extension de cils (courbure, \u00e9paisseur, longueur) et la fa\u00e7on dont chaque fonction peut rehausser votre art.<\/p>\n<\/div><\/div><\/div><\/div><\/div><\/div><\/div><\/section><section class=\"l-section wpb_row us_custom_217cb94a has_text_color height_small\"><div class=\"l-section-h i-cf\"><div class=\"g-cols vc_row via_flex valign_top type_default stacking_default\"><div class=\"vc_col-sm-12 wpb_column vc_column_container\"><div class=\"vc_column-inner\"><div class=\"wpb_wrapper\"><ol class=\"g-breadcrumbs us_custom_ae99f6aa has_text_color separator_icon align_none\" itemscope itemtype=\"http:\/\/schema.org\/BreadcrumbList\"><li class=\"g-breadcrumbs-item\" itemscope itemprop=\"itemListElement\" itemtype=\"http:\/\/schema.org\/ListItem\"><a itemprop=\"item\" href=\"http:\/\/starseedmakeup.com\/fr\/\"><span itemprop=\"name\">Accueil<\/span><\/a><meta itemprop=\"position\" content=\"1\"\/><\/li><li class=\"g-breadcrumbs-separator\"><i class=\"far fa-angle-right\"><\/i><\/li><li class=\"g-breadcrumbs-item\">Pages<\/li><\/ol><\/div><\/div><\/div><\/div><\/div><\/section><section class=\"l-section wpb_row height_medium\"><div class=\"l-section-h i-cf\"><div class=\"g-cols vc_row via_flex valign_top type_default stacking_default\"><div class=\"vc_col-sm-12 wpb_column vc_column_container\"><div class=\"vc_column-inner\"><div class=\"wpb_wrapper\"><div class=\"wpb_text_column\"><div class=\"wpb_wrapper\"><h2 style=\"text-align: center;\">Conna\u00eetre l'\u00e9paisseur des cils<\/h2>\n<p style=\"text-align: center;\">La pose d'extensions de cils n'est pas une op\u00e9ration unique. Savoir quelle \u00e9paisseur de cils convient \u00e0 telle ou telle forme d'\u0153il permettra \u00e0 votre marque de s'adresser \u00e0 un plus grand nombre de march\u00e9s. Ce guide vous aidera \u00e9galement \u00e0 cr\u00e9er des styles personnalis\u00e9s qui vous permettront de vous d\u00e9marquer dans l'industrie. Nous avons \u00e9labor\u00e9 ce tableau complet sur l'\u00e9paisseur des extensions de cils pour vous aider \u00e0 mieux comprendre le sujet.<\/p>\n<\/div><\/div><div class=\"w-separator size_small with_line width_default thick_1 style_solid color_border align_center with_content\"><div class=\"w-separator-h\"><i class=\"fas fa-eye\"><\/i><\/div><\/div><\/div><\/div><\/div><\/div><\/div><\/section><section class=\"l-section wpb_row height_small\"><div class=\"l-section-h i-cf\"><div class=\"g-cols vc_row via_flex valign_top type_default stacking_default\"><div class=\"vc_col-sm-12 wpb_column vc_column_container\"><div class=\"vc_column-inner\"><div class=\"wpb_wrapper\"><div class=\"wpb_text_column\"><div class=\"wpb_wrapper\"><h2 style=\"text-align: center;\">Types d'\u00e9paisseur de cils pour vos marques<\/h2>\n<p style=\"text-align: center;\"><span style=\"font-weight: 400;\">Nous avons class\u00e9 les cils en fonction de l'aspect fini qu'ils donnent aux yeux de la cliente. La diff\u00e9rence d'\u00e9paisseur des cils permet de varier les volumes et les finitions, ce qui rationalise votre offre sur le march\u00e9.\u00a0 <\/span><\/p>\n<\/div><\/div><div class=\"w-separator size_medium\"><\/div><div class=\"g-cols wpb_row via_flex valign_top type_default stacking_default\"><div class=\"vc_col-sm-3 wpb_column vc_column_container\"><div class=\"vc_column-inner\"><div class=\"wpb_wrapper\"><div class=\"w-image align_none\"><div class=\"w-image-h\"><img width=\"540\" height=\"540\" src=\"http:\/\/starseedmakeup.com\/wp-content\/uploads\/2021\/10\/Mega-Volume.jpg\" class=\"attachment-full size-full\" alt=\"M\u00e9ga volume\" decoding=\"async\" loading=\"lazy\" srcset=\"http:\/\/starseedmakeup.com\/wp-content\/uploads\/2021\/10\/Mega-Volume.jpg 540w, http:\/\/starseedmakeup.com\/wp-content\/uploads\/2021\/10\/Mega-Volume-300x300.jpg 300w, http:\/\/starseedmakeup.com\/wp-content\/uploads\/2021\/10\/Mega-Volume-150x150.jpg 150w\" sizes=\"(max-width: 540px) 100vw, 540px\" \/><\/div><\/div><\/div><\/div><\/div><div class=\"vc_col-sm-9 wpb_column vc_column_container\"><div class=\"vc_column-inner\"><div class=\"wpb_wrapper\"><div class=\"wpb_text_column\"><div class=\"wpb_wrapper\"><h3>M\u00e9ga volume<\/h3>\n<p><span style=\"font-weight: 400;\">Si vous recherchez un ensemble de cils \u00e9pais et fabuleux, optez pour des extensions de cils d'une \u00e9paisseur de 0,03 \u00e0 0,05 mm. Les cils m\u00e9ga-volume donnent aux yeux un aspect plus dense et plus sombre qui met l'accent sur les yeux.\u00a0\u00a0\u00a0<\/span><\/p>\n<p><span style=\"font-weight: 400;\">Ces <\/span><a href=\"http:\/\/starseedmakeup.com\/fr\/mega-volume-lash-extensions\/\"><span style=\"font-weight: 400;\">les extensions de cils sont pratiquement l\u00e9g\u00e8res<\/span><\/a><span style=\"font-weight: 400;\">Les techniciens des cils peuvent donc appliquer de nombreux cils sur les paupi\u00e8res sans les alourdir. Pour obtenir un look m\u00e9ga-volume, jusqu'\u00e0 20 couches de cils de 0,03 mm ou jusqu'\u00e0 15 vari\u00e9t\u00e9s de 0,05 mm sont empil\u00e9es les unes sur les autres. Le r\u00e9sultat est un \u00e9ventail de cils glamour qui fait honneur \u00e0 son surnom de \"m\u00e9ga\".<\/span><\/p>\n<\/div><\/div><\/div><\/div><\/div><\/div><div class=\"w-separator size_medium\"><\/div><div class=\"g-cols wpb_row via_flex valign_top type_default stacking_default\"><div class=\"vc_col-sm-3 wpb_column vc_column_container\"><div class=\"vc_column-inner\"><div class=\"wpb_wrapper\"><div class=\"w-image align_none\"><div class=\"w-image-h\"><img width=\"540\" height=\"540\" src=\"http:\/\/starseedmakeup.com\/wp-content\/uploads\/2021\/10\/Russian-Volume.jpg\" class=\"attachment-full size-full\" alt=\"Volume russe\" decoding=\"async\" loading=\"lazy\" srcset=\"http:\/\/starseedmakeup.com\/wp-content\/uploads\/2021\/10\/Russian-Volume.jpg 540w, http:\/\/starseedmakeup.com\/wp-content\/uploads\/2021\/10\/Russian-Volume-300x300.jpg 300w, http:\/\/starseedmakeup.com\/wp-content\/uploads\/2021\/10\/Russian-Volume-150x150.jpg 150w\" sizes=\"(max-width: 540px) 100vw, 540px\" \/><\/div><\/div><\/div><\/div><\/div><div class=\"vc_col-sm-9 wpb_column vc_column_container\"><div class=\"vc_column-inner\"><div class=\"wpb_wrapper\"><div class=\"wpb_text_column\"><div class=\"wpb_wrapper\"><h3>Volume russe<\/h3>\n<p><span style=\"font-weight: 400;\">Une tendance r\u00e9cente du secteur qui <\/span><a href=\"http:\/\/justperfecttouch.com.au\/blog\/what-are-russian-volume-eyelash-extensions\/\"><span style=\"font-weight: 400;\">a d\u00e9but\u00e9 en Russie en 2010<\/span><\/a><span style=\"font-weight: 400;\">Les extensions de cils \u00e0 volume russe ont encore aujourd'hui un grand public. Destin\u00e9es \u00e0 donner aux cils un aspect doux et duveteux, ces extensions de cils permettent \u00e0 la cliente d'avoir confiance en elle et de se sentir fabuleuse, m\u00eame sans maquillage ni mascara.<\/span><\/p>\n<p><span style=\"font-weight: 400;\">Les extensions de cils \u00e0 volume russe visent \u00e0 combler les espaces laiss\u00e9s par les cils naturels \u00e0 l'aide de couches d'extensions l\u00e9g\u00e8res. Cette finition est possible gr\u00e2ce \u00e0 plusieurs couches d'extensions de cils d'une \u00e9paisseur de 0,06 mm et 0,07 mm. Des \u00e9ventails allant jusqu'\u00e0 5 couches sont typiques pour une extension de volume russe \u00e9tonnante, mais nous recommandons 2 ou 3 couches pour les clients dont les cils naturels sont extr\u00eamement fins.<\/span><\/p>\n<\/div><\/div><\/div><\/div><\/div><\/div><div class=\"w-separator size_medium\"><\/div><div class=\"g-cols wpb_row via_flex valign_top type_default stacking_default\"><div class=\"vc_col-sm-3 wpb_column vc_column_container\"><div class=\"vc_column-inner\"><div class=\"wpb_wrapper\"><div class=\"w-image align_none\"><div class=\"w-image-h\"><img width=\"540\" height=\"540\" src=\"http:\/\/starseedmakeup.com\/wp-content\/uploads\/2021\/10\/classic-volume.jpg\" class=\"attachment-full size-full\" alt=\"volume classique\" decoding=\"async\" loading=\"lazy\" srcset=\"http:\/\/starseedmakeup.com\/wp-content\/uploads\/2021\/10\/classic-volume.jpg 540w, http:\/\/starseedmakeup.com\/wp-content\/uploads\/2021\/10\/classic-volume-300x300.jpg 300w, http:\/\/starseedmakeup.com\/wp-content\/uploads\/2021\/10\/classic-volume-150x150.jpg 150w\" sizes=\"(max-width: 540px) 100vw, 540px\" \/><\/div><\/div><\/div><\/div><\/div><div class=\"vc_col-sm-9 wpb_column vc_column_container\"><div class=\"vc_column-inner\"><div class=\"wpb_wrapper\"><div class=\"wpb_text_column\"><div class=\"wpb_wrapper\"><h3>Volume classique<\/h3>\n<p><span style=\"font-weight: 400;\">Vous souhaitez offrir un ensemble d'extensions de cils simple mais n\u00e9anmoins magnifique aux artistes des cils et \u00e0 leurs clients ? <\/span><a href=\"http:\/\/starseedmakeup.com\/fr\/classic-eyelash-extensions\/\"><span style=\"font-weight: 400;\">Un look classique<\/span><\/a><span style=\"font-weight: 400;\"> est la meilleure solution. Il apporte le volume n\u00e9cessaire, en particulier pour celles qui ont des cils naturels plus fins, tout en conservant un fini plus authentique.<\/span><\/p>\n<p><span style=\"font-weight: 400;\">Les \u00e9paisseurs qui conviennent le mieux au look classique sont 0,12 mm, 0,15 mm, 0,18 mm, 0,20 mm et 0,25 mm. Cependant, les extensions de cils d'une \u00e9paisseur de 0.15mm <\/span><a href=\"https:\/\/medium.com\/@candeelashlehi\/everything-you-need-to-know-about-eyelash-extensions-de1bb7947169\"><span style=\"font-weight: 400;\">se distinguent comme l'option la plus populaire<\/span><\/a><span style=\"font-weight: 400;\">L'\u00e9paisseur de 0,20 mm est la deuxi\u00e8me \u00e9paisseur la plus demand\u00e9e, mais il est pr\u00e9f\u00e9rable de l'appliquer sur des cils naturels \u00e9pais et sains. 0,20 mm est la deuxi\u00e8me \u00e9paisseur la plus populaire, mais il est pr\u00e9f\u00e9rable de l'appliquer sur des cils naturels \u00e9pais et sains.\u00a0\u00a0\u00a0\u00a0<\/span><\/p>\n<\/div><\/div><\/div><\/div><\/div><\/div><\/div><\/div><\/div><\/div><\/div><\/section><section class=\"l-section wpb_row height_medium\"><div class=\"l-section-h i-cf\"><div class=\"g-cols vc_row via_flex valign_top type_default stacking_default\"><div class=\"vc_col-sm-12 wpb_column vc_column_container\"><div class=\"vc_column-inner\"><div class=\"wpb_wrapper\"><div class=\"wpb_text_column\"><div class=\"wpb_wrapper\"><h2 style=\"text-align: center;\"><strong>Conseils pour choisir la bonne \u00e9paisseur de cils<\/strong><\/h2>\n<p><span style=\"font-weight: 400;\">Maintenant que nous avons une id\u00e9e de l'\u00e9paisseur des cils qui convient le mieux \u00e0 un look sp\u00e9cifique, voyons comment choisir les cils appropri\u00e9s pour les yeux.<\/span><\/p>\n<ul>\n<li style=\"font-weight: 400;\" aria-level=\"1\"><span style=\"font-weight: 400;\">L'emballage des extensions de cils doit indiquer l'\u00e9paisseur des extensions. Utilisez cette mesure sur les yeux du client pour d\u00e9terminer l'\u00e9paisseur des cils naturels.<\/span><\/li>\n<li style=\"font-weight: 400;\" aria-level=\"1\"><span style=\"font-weight: 400;\">V\u00e9rifiez l'\u00e9tat des cils naturels de la cliente. Des cils naturels plus sains et plus \u00e9pais peuvent g\u00e9n\u00e9ralement supporter des extensions plus \u00e9paisses et plus lourdes.<\/span><\/li>\n<\/ul>\n<p><span style=\"font-weight: 400;\">\u00c9vitez de d\u00e9passer 2 ou 3 couches si vous portez des extensions pour la premi\u00e8re fois. Il n'est pas recommand\u00e9 de poser des extensions pour les yeux asiatiques <\/span><a href=\"https:\/\/girlstyle.com\/sg\/article\/55028\/a-guide-to-which-length-curl-and-style-to-go-for-when-getting-eyelash-extensions\"><span style=\"font-weight: 400;\">plus de 5 couches<\/span><\/a><span style=\"font-weight: 400;\">car elles ont des cils naturels plus fins.<\/span><\/p>\n<\/div><\/div><\/div><\/div><\/div><\/div><\/div><\/section><section class=\"l-section wpb_row height_medium\"><div class=\"l-section-h i-cf\"><div class=\"g-cols vc_row via_flex valign_middle type_default stacking_default\"><div class=\"vc_col-sm-6 wpb_column vc_column_container\"><div class=\"vc_column-inner\"><div class=\"wpb_wrapper\"><div class=\"wpb_text_column\"><div class=\"wpb_wrapper\"><h2><strong>Faites de Starseedmakeup votre fournisseur<\/strong><\/h2>\n<p><span style=\"font-weight: 400;\">La recherche d'un ensemble d'extensions de cils adapt\u00e9 \u00e0 votre marque peut s'av\u00e9rer une v\u00e9ritable corv\u00e9e, de la v\u00e9rification des produits aux attentes en mati\u00e8re de livraison. Starseedmakeup propose une <\/span><a href=\"http:\/\/starseedmakeup.com\/fr\/extensions-de-cils\/\"><span style=\"font-weight: 400;\">large gamme d'extensions de cils <\/span><\/a><span style=\"font-weight: 400;\">avec des \u00e9paisseurs variables pour r\u00e9pondre aux exigences uniques de votre march\u00e9. Nos installations \u00e0 l'abri de la salet\u00e9 et notre assurance qualit\u00e9 stricte garantissent la fiabilit\u00e9 des extensions de cils, tandis que notre service d'\u00e9tiquetage rapide permet d'apposer votre logo sur l'emballage pour une meilleure reconnaissance de la marque.<\/span><\/p>\n<p><span style=\"font-weight: 400;\">De plus, avec notre faible exigence de commande, un entrep\u00f4t moderne enti\u00e8rement approvisionn\u00e9 en extensions de cils, et une garantie de livraison \u00e0 temps de 99%, nous fournissons l'effet de levier dont vous avez besoin pour stimuler votre activit\u00e9. Parlez \u00e0 nos consultants experts et faites l'exp\u00e9rience de produits et de services de haut niveau que seul Starseedmakeup peut vous offrir.<\/span><\/p>\n<\/div><\/div><\/div><\/div><\/div><div class=\"vc_col-sm-6 wpb_column vc_column_container\"><div class=\"vc_column-inner\"><div class=\"wpb_wrapper\"><div class=\"w-image align_none\"><div class=\"w-image-h\"><img width=\"1600\" height=\"1600\" src=\"http:\/\/starseedmakeup.com\/wp-content\/uploads\/2021\/07\/Pre-fanned-Eyelash-Extension.jpg\" class=\"attachment-full size-full\" alt=\"\" decoding=\"async\" loading=\"lazy\" srcset=\"http:\/\/starseedmakeup.com\/wp-content\/uploads\/2021\/07\/Pre-fanned-Eyelash-Extension.jpg 1600w, http:\/\/starseedmakeup.com\/wp-content\/uploads\/2021\/07\/Pre-fanned-Eyelash-Extension-300x300.jpg 300w, http:\/\/starseedmakeup.com\/wp-content\/uploads\/2021\/07\/Pre-fanned-Eyelash-Extension-1024x1024.jpg 1024w, http:\/\/starseedmakeup.com\/wp-content\/uploads\/2021\/07\/Pre-fanned-Eyelash-Extension-150x150.jpg 150w\" sizes=\"(max-width: 1600px) 100vw, 1600px\" \/><\/div><\/div><\/div><\/div><\/div><\/div><\/div><\/section>","protected":false},"excerpt":{"rendered":"Eyelash Extension Thickness Guide Understanding different types of lash extension curls, thickness, length, and how each function can elevate your artistry. AccueilPagesKnow About Lash Thickness Applying eyelash extensions is more than \u201cone size fits all.\u201d Knowing which lash thickness works with specific eye shapes will aid your brand caters to more markets. This guide will...","protected":false},"author":1,"featured_media":0,"parent":0,"menu_order":0,"comment_status":"closed","ping_status":"closed","template":"","meta":[],"categories":[],"tags":[],"yoast_head":"<!-- This site is optimized with the Yoast SEO Premium plugin v20.5 (Yoast SEO v20.5) - https:\/\/yoast.com\/wordpress\/plugins\/seo\/ -->\n<title>Best Eyelash Extension Thickness Guide for Lash Business - Starseed<\/title>\n<meta name=\"description\" content=\"Lead you in creating custom styles that will make you stand out in the industry. We\u2019ve made this comprehensive eyelash extension thickness chart to help you understand more about the topic.\" \/>\n<meta name=\"robots\" content=\"index, follow, max-snippet:-1, max-image-preview:large, max-video-preview:-1\" \/>\n<link rel=\"canonical\" href=\"http:\/\/starseedmakeup.com\/fr\/eyelash-extension-thickness-guide\/\" \/>\n<meta property=\"og:locale\" content=\"fr_FR\" \/>\n<meta property=\"og:type\" content=\"article\" \/>\n<meta property=\"og:title\" content=\"Best Eyelash Extension Thickness Guide for Lash Business - Starseed\" \/>\n<meta property=\"og:description\" content=\"Lead you in creating custom styles that will make you stand out in the industry. We\u2019ve made this comprehensive eyelash extension thickness chart to help you understand more about the topic.\" \/>\n<meta property=\"og:url\" content=\"http:\/\/starseedmakeup.com\/fr\/eyelash-extension-thickness-guide\/\" \/>\n<meta property=\"og:site_name\" content=\"Starseed\" \/>\n<meta property=\"article:modified_time\" content=\"2021-10-05T10:29:03+00:00\" \/>\n<meta name=\"twitter:card\" content=\"summary_large_image\" \/>\n<meta name=\"twitter:label1\" content=\"Est. reading time\" \/>\n\t<meta name=\"twitter:data1\" content=\"4 minutes\" \/>\n<script type=\"application\/ld+json\" class=\"yoast-schema-graph\">{\"@context\":\"https:\/\/schema.org\",\"@graph\":[{\"@type\":\"WebPage\",\"@id\":\"http:\/\/starseedmakeup.com\/ru\/eyelash-extension-thickness-guide\/\",\"url\":\"http:\/\/starseedmakeup.com\/ru\/eyelash-extension-thickness-guide\/\",\"name\":\"Best Eyelash Extension Thickness Guide for Lash Business - Starseed\",\"isPartOf\":{\"@id\":\"http:\/\/starseedmakeup.com\/#website\"},\"datePublished\":\"2021-10-05T10:03:31+00:00\",\"dateModified\":\"2021-10-05T10:29:03+00:00\",\"description\":\"Lead you in creating custom styles that will make you stand out in the industry. We\u2019ve made this comprehensive eyelash extension thickness chart to help you understand more about the topic.\",\"inLanguage\":\"fr-FR\",\"potentialAction\":[{\"@type\":\"ReadAction\",\"target\":[\"http:\/\/starseedmakeup.com\/ru\/eyelash-extension-thickness-guide\/\"]}]},{\"@type\":\"WebSite\",\"@id\":\"http:\/\/starseedmakeup.com\/#website\",\"url\":\"http:\/\/starseedmakeup.com\/\",\"name\":\"Starseed\",\"description\":\"Just another WordPress site\",\"potentialAction\":[{\"@type\":\"SearchAction\",\"target\":{\"@type\":\"EntryPoint\",\"urlTemplate\":\"http:\/\/starseedmakeup.com\/?s={search_term_string}\"},\"query-input\":\"required name=search_term_string\"}],\"inLanguage\":\"fr-FR\"}]}<\/script>\n<!-- \/ Yoast SEO Premium plugin. -->","yoast_head_json":{"title":"Best Eyelash Extension Thickness Guide for Lash Business - Starseed","description":"Lead you in creating custom styles that will make you stand out in the industry. We\u2019ve made this comprehensive eyelash extension thickness chart to help you understand more about the topic.","robots":{"index":"index","follow":"follow","max-snippet":"max-snippet:-1","max-image-preview":"max-image-preview:large","max-video-preview":"max-video-preview:-1"},"canonical":"http:\/\/starseedmakeup.com\/fr\/eyelash-extension-thickness-guide\/","og_locale":"fr_FR","og_type":"article","og_title":"Best Eyelash Extension Thickness Guide for Lash Business - Starseed","og_description":"Lead you in creating custom styles that will make you stand out in the industry. We\u2019ve made this comprehensive eyelash extension thickness chart to help you understand more about the topic.","og_url":"http:\/\/starseedmakeup.com\/fr\/eyelash-extension-thickness-guide\/","og_site_name":"Starseed","article_modified_time":"2021-10-05T10:29:03+00:00","twitter_card":"summary_large_image","twitter_misc":{"Est. reading time":"4 minutes"},"schema":{"@context":"https:\/\/schema.org","@graph":[{"@type":"WebPage","@id":"http:\/\/starseedmakeup.com\/ru\/eyelash-extension-thickness-guide\/","url":"http:\/\/starseedmakeup.com\/ru\/eyelash-extension-thickness-guide\/","name":"Best Eyelash Extension Thickness Guide for Lash Business - Starseed","isPartOf":{"@id":"http:\/\/starseedmakeup.com\/#website"},"datePublished":"2021-10-05T10:03:31+00:00","dateModified":"2021-10-05T10:29:03+00:00","description":"Lead you in creating custom styles that will make you stand out in the industry. We\u2019ve made this comprehensive eyelash extension thickness chart to help you understand more about the topic.","inLanguage":"fr-FR","potentialAction":[{"@type":"ReadAction","target":["http:\/\/starseedmakeup.com\/ru\/eyelash-extension-thickness-guide\/"]}]},{"@type":"WebSite","@id":"http:\/\/starseedmakeup.com\/#website","url":"http:\/\/starseedmakeup.com\/","name":"Starseed","description":"Just another WordPress site","potentialAction":[{"@type":"SearchAction","target":{"@type":"EntryPoint","urlTemplate":"http:\/\/starseedmakeup.com\/?s={search_term_string}"},"query-input":"required name=search_term_string"}],"inLanguage":"fr-FR"}]}},"_links":{"self":[{"href":"http:\/\/starseedmakeup.com\/fr\/wp-json\/wp\/v2\/pages\/8454"}],"collection":[{"href":"http:\/\/starseedmakeup.com\/fr\/wp-json\/wp\/v2\/pages"}],"about":[{"href":"http:\/\/starseedmakeup.com\/fr\/wp-json\/wp\/v2\/types\/page"}],"author":[{"embeddable":true,"href":"http:\/\/starseedmakeup.com\/fr\/wp-json\/wp\/v2\/users\/1"}],"replies":[{"embeddable":true,"href":"http:\/\/starseedmakeup.com\/fr\/wp-json\/wp\/v2\/comments?post=8454"}],"version-history":[{"count":13,"href":"http:\/\/starseedmakeup.com\/fr\/wp-json\/wp\/v2\/pages\/8454\/revisions"}],"predecessor-version":[{"id":8485,"href":"http:\/\/starseedmakeup.com\/fr\/wp-json\/wp\/v2\/pages\/8454\/revisions\/8485"}],"wp:attachment":[{"href":"http:\/\/starseedmakeup.com\/fr\/wp-json\/wp\/v2\/media?parent=8454"}],"wp:term":[{"taxonomy":"category","embeddable":true,"href":"http:\/\/starseedmakeup.com\/fr\/wp-json\/wp\/v2\/categories?post=8454"},{"taxonomy":"post_tag","embeddable":true,"href":"http:\/\/starseedmakeup.com\/fr\/wp-json\/wp\/v2\/tags?post=8454"}],"curies":[{"name":"wp","href":"https:\/\/api.w.org\/{rel}","templated":true}]}}