{"id":8473,"date":"2021-10-05T18:24:45","date_gmt":"2021-10-05T10:24:45","guid":{"rendered":"https:\/\/starseedmakeup.com\/?page_id=8473"},"modified":"2021-10-05T18:28:20","modified_gmt":"2021-10-05T10:28:20","slug":"eyelash-extension-curl-guide-guide","status":"publish","type":"page","link":"http:\/\/starseedmakeup.com\/fr\/guide-de-la-boucle-dextension-du-cil\/","title":{"rendered":"Extension de cils Guide de courbure Guide"},"content":{"rendered":"<section class=\"l-section wpb_row us_custom_51786714 height_medium\"><div class=\"l-section-h i-cf\"><div class=\"g-cols vc_row via_flex valign_top type_default stacking_default\"><div class=\"vc_col-sm-12 wpb_column vc_column_container\"><div class=\"vc_column-inner\"><div class=\"wpb_wrapper\"><div class=\"wpb_text_column\"><div class=\"wpb_wrapper\"><h1>Extension de cils Guide de courbure Guide<\/h1>\n<p>Apprenez comment fonctionnent les diff\u00e9rents types d'extensions de cils et offrez-vous des possibilit\u00e9s infinies de cr\u00e9ativit\u00e9 en mati\u00e8re de cils !<\/p>\n<\/div><\/div><\/div><\/div><\/div><\/div><\/div><\/section><section class=\"l-section wpb_row us_custom_217cb94a has_text_color height_small\"><div class=\"l-section-h i-cf\"><div class=\"g-cols vc_row via_flex valign_top type_default stacking_default\"><div class=\"vc_col-sm-12 wpb_column vc_column_container\"><div class=\"vc_column-inner\"><div class=\"wpb_wrapper\"><ol class=\"g-breadcrumbs us_custom_ae99f6aa has_text_color separator_icon align_none\" itemscope itemtype=\"http:\/\/schema.org\/BreadcrumbList\"><li class=\"g-breadcrumbs-item\" itemscope itemprop=\"itemListElement\" itemtype=\"http:\/\/schema.org\/ListItem\"><a itemprop=\"item\" href=\"http:\/\/starseedmakeup.com\/fr\/\"><span itemprop=\"name\">Accueil<\/span><\/a><meta itemprop=\"position\" content=\"1\"\/><\/li><li class=\"g-breadcrumbs-separator\"><i class=\"far fa-angle-right\"><\/i><\/li><li class=\"g-breadcrumbs-item\">Pages<\/li><\/ol><\/div><\/div><\/div><\/div><\/div><\/section><section class=\"l-section wpb_row height_medium\"><div class=\"l-section-h i-cf\"><div class=\"g-cols vc_row via_flex valign_top type_default stacking_default\"><div class=\"vc_col-sm-12 wpb_column vc_column_container\"><div class=\"vc_column-inner\"><div class=\"wpb_wrapper\"><div class=\"wpb_text_column\"><div class=\"wpb_wrapper\"><h2 style=\"text-align: center;\">Conna\u00eetre les courbes de cils<\/h2>\n<p style=\"text-align: center;\">Il existe une grande vari\u00e9t\u00e9 de courbes de cils sur le march\u00e9, avec des formes, des longueurs et des \u00e9paisseurs de courbes diff\u00e9rentes. En comprenant les diff\u00e9rentes courbes du march\u00e9, vous avez de bonnes chances d'attirer de nombreux clients dans votre entreprise. Vous trouverez ci-dessous notre guide essentiel de la courbure des extensions de cils ainsi qu'un tableau utile de la courbure des cils.<\/p>\n<\/div><\/div><div class=\"w-separator size_small with_line width_default thick_1 style_solid color_border align_center with_content\"><div class=\"w-separator-h\"><i class=\"fas fa-eye\"><\/i><\/div><\/div><\/div><\/div><\/div><\/div><\/div><\/section><section class=\"l-section wpb_row height_small\"><div class=\"l-section-h i-cf\"><div class=\"g-cols vc_row via_flex valign_top type_default stacking_default\"><div class=\"vc_col-sm-12 wpb_column vc_column_container\"><div class=\"vc_column-inner\"><div class=\"wpb_wrapper\"><div class=\"wpb_text_column\"><div class=\"wpb_wrapper\"><h2 style=\"text-align: center;\">Les types de courbes de cils au service de votre r\u00e9ussite<\/h2>\n<\/div><\/div><div class=\"w-separator size_medium\"><\/div><div class=\"g-cols wpb_row via_flex valign_top type_default stacking_default\"><div class=\"vc_col-sm-12 wpb_column vc_column_container\"><div class=\"vc_column-inner\"><div class=\"wpb_wrapper\"><div class=\"wpb_text_column\"><div class=\"wpb_wrapper\"><h3><span style=\"font-weight: 400;\">I Curl Lashes<\/span><\/h3>\n<p><span style=\"font-weight: 400;\">Je recourbe les extensions de cils qui ont une orientation plate ou presque droite. La forme de ces <\/span><a href=\"http:\/\/starseedmakeup.com\/fr\/\"><span style=\"font-weight: 400;\">extensions de cils <\/span><\/a><span style=\"font-weight: 400;\">est cens\u00e9 \u00eatre neutre ou n'a que peu ou pas d'effet dramatique. Il est important de noter que la forme \"neutre\" des cils I curl peut cr\u00e9er un cadre d\u00e9finissant la forme naturelle de l'\u0153il.\u00a0<\/span><\/p>\n<p><span style=\"font-weight: 400;\">Les hommes sont les principaux utilisateurs des extensions de cils I curl en raison de leur forme de vanille. Pour les femmes, ces extensions de cils conviennent \u00e9galement \u00e0 celles qui ont un sens de la mode simple ou qui ont besoin de quelque chose de terre-\u00e0-terre dans le tableau de courbure des cils.\u00a0<\/span><\/p>\n<\/div><\/div><\/div><\/div><\/div><\/div><div class=\"w-separator size_medium\"><\/div><div class=\"g-cols wpb_row via_flex valign_top type_default stacking_default\"><div class=\"vc_col-sm-3 wpb_column vc_column_container\"><div class=\"vc_column-inner\"><div class=\"wpb_wrapper\"><div class=\"w-image align_none\"><div class=\"w-image-h\"><img width=\"540\" height=\"540\" src=\"http:\/\/starseedmakeup.com\/wp-content\/uploads\/2021\/10\/J-Curl-eyelashes-extension.jpg\" class=\"attachment-full size-full\" alt=\"Extension de cils J Curl\" decoding=\"async\" loading=\"lazy\" srcset=\"http:\/\/starseedmakeup.com\/wp-content\/uploads\/2021\/10\/J-Curl-eyelashes-extension.jpg 540w, http:\/\/starseedmakeup.com\/wp-content\/uploads\/2021\/10\/J-Curl-eyelashes-extension-300x300.jpg 300w, http:\/\/starseedmakeup.com\/wp-content\/uploads\/2021\/10\/J-Curl-eyelashes-extension-150x150.jpg 150w\" sizes=\"(max-width: 540px) 100vw, 540px\" \/><\/div><\/div><\/div><\/div><\/div><div class=\"vc_col-sm-9 wpb_column vc_column_container\"><div class=\"vc_column-inner\"><div class=\"wpb_wrapper\"><div class=\"wpb_text_column\"><div class=\"wpb_wrapper\"><h3><span style=\"font-weight: 400;\">J Curl Lashes<\/span><\/h3>\n<p><span style=\"font-weight: 400;\">Les cils J curl ont une courbure presque identique \u00e0 celle des cils naturels. Ces cils se distinguent par leur petite courbe orient\u00e9e vers le bas. Avec la forme de ce <\/span><a href=\"http:\/\/starseedmakeup.com\/fr\/\"><span style=\"font-weight: 400;\">extension de cils polyvalente<\/span><\/a><span style=\"font-weight: 400;\">Les cils j curl ont une propri\u00e9t\u00e9 d'am\u00e9lioration des cils naturels. Sa forme permet \u00e9galement de relever les cils pour ouvrir le regard.\u00a0<\/span><\/p>\n<p><span style=\"font-weight: 400;\">Les personnes qui cherchent \u00e0 obtenir un look naturel \u00e9lev\u00e9 peuvent tirer le meilleur parti des cils j curl. La nature exaltante de ces cils convient \u00e9galement pour mettre les yeux en valeur. Selon le tableau de courbure des cils, les cils J curl conviennent \u00e9galement aux hommes.\u00a0<\/span><\/p>\n<\/div><\/div><\/div><\/div><\/div><\/div><div class=\"w-separator size_medium\"><\/div><div class=\"g-cols wpb_row via_flex valign_top type_default stacking_default\"><div class=\"vc_col-sm-3 wpb_column vc_column_container\"><div class=\"vc_column-inner\"><div class=\"wpb_wrapper\"><div class=\"w-image align_none\"><div class=\"w-image-h\"><img width=\"540\" height=\"540\" src=\"http:\/\/starseedmakeup.com\/wp-content\/uploads\/2021\/10\/B-Curl-eyelashes-extension.jpg\" class=\"attachment-full size-full\" alt=\"B Recourbement des cils extension\" decoding=\"async\" loading=\"lazy\" srcset=\"http:\/\/starseedmakeup.com\/wp-content\/uploads\/2021\/10\/B-Curl-eyelashes-extension.jpg 540w, http:\/\/starseedmakeup.com\/wp-content\/uploads\/2021\/10\/B-Curl-eyelashes-extension-300x300.jpg 300w, http:\/\/starseedmakeup.com\/wp-content\/uploads\/2021\/10\/B-Curl-eyelashes-extension-150x150.jpg 150w\" sizes=\"(max-width: 540px) 100vw, 540px\" \/><\/div><\/div><\/div><\/div><\/div><div class=\"vc_col-sm-9 wpb_column vc_column_container\"><div class=\"vc_column-inner\"><div class=\"wpb_wrapper\"><div class=\"wpb_text_column\"><div class=\"wpb_wrapper\"><h3><span style=\"font-weight: 400;\">B Curl Lashes<\/span><\/h3>\n<p><span style=\"font-weight: 400;\">Les cils B Curl ont une courbure beaucoup plus prononc\u00e9e que les autres cils droits du tableau de courbure des cils. Tout en ayant la m\u00eame forme que les cils naturels, la forme des cils B Curl permet d'obtenir une meilleure r\u00e9tention et une meilleure \u00e9l\u00e9vation que d'autres cils similaires.\u00a0<\/span><\/p>\n<p><span style=\"font-weight: 400;\">Pour celles qui souhaitent un look naturel et de meilleurs coins int\u00e9rieurs, les cils B curl peuvent leur donner ce qu'elles veulent. Les cils <\/span><a href=\"http:\/\/starseedmakeup.com\/fr\/\"><span style=\"font-weight: 400;\">extension de cils flexible <\/span><\/a><span style=\"font-weight: 400;\">peut \u00e9galement ouvrir les yeux et mettre en valeur la forme incroyable de l'\u0153il. <\/span><\/p>\n<\/div><\/div><\/div><\/div><\/div><\/div><div class=\"w-separator size_medium\"><\/div><div class=\"g-cols wpb_row via_flex valign_top type_default stacking_default\"><div class=\"vc_col-sm-3 wpb_column vc_column_container\"><div class=\"vc_column-inner\"><div class=\"wpb_wrapper\"><div class=\"w-image align_none\"><div class=\"w-image-h\"><img width=\"540\" height=\"540\" src=\"http:\/\/starseedmakeup.com\/wp-content\/uploads\/2021\/10\/C-Curl-eyelashes-extension.jpg\" class=\"attachment-full size-full\" alt=\"Extension des cils C Curl\" decoding=\"async\" loading=\"lazy\" srcset=\"http:\/\/starseedmakeup.com\/wp-content\/uploads\/2021\/10\/C-Curl-eyelashes-extension.jpg 540w, http:\/\/starseedmakeup.com\/wp-content\/uploads\/2021\/10\/C-Curl-eyelashes-extension-300x300.jpg 300w, http:\/\/starseedmakeup.com\/wp-content\/uploads\/2021\/10\/C-Curl-eyelashes-extension-150x150.jpg 150w\" sizes=\"(max-width: 540px) 100vw, 540px\" \/><\/div><\/div><\/div><\/div><\/div><div class=\"vc_col-sm-9 wpb_column vc_column_container\"><div class=\"vc_column-inner\"><div class=\"wpb_wrapper\"><div class=\"wpb_text_column\"><div class=\"wpb_wrapper\"><h3><span style=\"font-weight: 400;\">Cils courb\u00e9s<\/span><\/h3>\n<p><span style=\"font-weight: 400;\">Les cils recourb\u00e9s sont l'une des extensions les plus courantes sur le march\u00e9, qui vous offre le meilleur des deux mondes. Cette extension pr\u00e9sente une courbure pro\u00e9minente dans le tableau de courbure des cils, ce qui lui conf\u00e8re un effet l\u00e9g\u00e8rement dramatique. Son angle l\u00e9g\u00e8rement descendant permet de soulever les cils et d'exposer les yeux de la personne qui les porte. Si les cils recourb\u00e9s sont orient\u00e9s vers un angle presque horizontal, cette extension de cils peut cr\u00e9er un regard de poup\u00e9e.\u00a0<\/span><\/p>\n<p><span style=\"font-weight: 400;\">Les personnes qui souhaitent un look naturel avec une petite touche dramatique appr\u00e9cieront les cils c curl. Les cils <\/span><a href=\"http:\/\/starseedmakeup.com\/fr\/\"><span style=\"font-weight: 400;\">extension de cils dramatique<\/span><\/a><span style=\"font-weight: 400;\"> convient \u00e9galement \u00e0 toutes celles qui souhaitent rehausser leurs cils naturels et cr\u00e9er un cadre tendance autour de leurs yeux. <\/span><\/p>\n<\/div><\/div><\/div><\/div><\/div><\/div><div class=\"w-separator size_medium\"><\/div><div class=\"g-cols wpb_row via_flex valign_top type_default stacking_default\"><div class=\"vc_col-sm-3 wpb_column vc_column_container\"><div class=\"vc_column-inner\"><div class=\"wpb_wrapper\"><div class=\"w-image align_none\"><div class=\"w-image-h\"><img width=\"540\" height=\"540\" src=\"http:\/\/starseedmakeup.com\/wp-content\/uploads\/2021\/10\/D-Curl-eyelashes-extension.jpg\" class=\"attachment-full size-full\" alt=\"D Extension des cils\" decoding=\"async\" loading=\"lazy\" srcset=\"http:\/\/starseedmakeup.com\/wp-content\/uploads\/2021\/10\/D-Curl-eyelashes-extension.jpg 540w, http:\/\/starseedmakeup.com\/wp-content\/uploads\/2021\/10\/D-Curl-eyelashes-extension-300x300.jpg 300w, http:\/\/starseedmakeup.com\/wp-content\/uploads\/2021\/10\/D-Curl-eyelashes-extension-150x150.jpg 150w\" sizes=\"(max-width: 540px) 100vw, 540px\" \/><\/div><\/div><\/div><\/div><\/div><div class=\"vc_col-sm-9 wpb_column vc_column_container\"><div class=\"vc_column-inner\"><div class=\"wpb_wrapper\"><div class=\"wpb_text_column\"><div class=\"wpb_wrapper\"><h3><span style=\"font-weight: 400;\">D Curl Lashes<\/span><\/h3>\n<p><span style=\"font-weight: 400;\">Les cils D curl ont une forme plus courb\u00e9e que les autres extensions de cils, tout en gardant une extr\u00e9mit\u00e9 l\u00e9g\u00e8rement droite. C'est la forme la plus spectaculaire de la gamme <\/span><a href=\"http:\/\/starseedmakeup.com\/fr\/\"><span style=\"font-weight: 400;\">Tableau de courbure des cils <\/span><\/a><span style=\"font-weight: 400;\">qui peuvent agrandir le regard. Il est important de noter que ces cils ont tendance \u00e0 avoir une dur\u00e9e de vie plus courte que les autres en raison de leur forme.\u00a0<\/span><\/p>\n<p><span style=\"font-weight: 400;\">Pour tous ceux qui souhaitent obtenir un look spectaculaire, les cils D Curl sont la solution. Cette extension de cils convient \u00e9galement aux personnes qui ont les yeux brid\u00e9s, car la forme des extensions de cils permet d'ouvrir les yeux. <\/span><\/p>\n<\/div><\/div><\/div><\/div><\/div><\/div><div class=\"w-separator size_medium\"><\/div><div class=\"g-cols wpb_row via_flex valign_top type_default stacking_default\"><div class=\"vc_col-sm-3 wpb_column vc_column_container\"><div class=\"vc_column-inner\"><div class=\"wpb_wrapper\"><div class=\"w-image align_none\"><div class=\"w-image-h\"><img width=\"540\" height=\"540\" src=\"http:\/\/starseedmakeup.com\/wp-content\/uploads\/2021\/10\/U-Curl-eyelashes-extension.jpg\" class=\"attachment-full size-full\" alt=\"Extension de cils U Curl\" decoding=\"async\" loading=\"lazy\" srcset=\"http:\/\/starseedmakeup.com\/wp-content\/uploads\/2021\/10\/U-Curl-eyelashes-extension.jpg 540w, http:\/\/starseedmakeup.com\/wp-content\/uploads\/2021\/10\/U-Curl-eyelashes-extension-300x300.jpg 300w, http:\/\/starseedmakeup.com\/wp-content\/uploads\/2021\/10\/U-Curl-eyelashes-extension-150x150.jpg 150w\" sizes=\"(max-width: 540px) 100vw, 540px\" \/><\/div><\/div><\/div><\/div><\/div><div class=\"vc_col-sm-9 wpb_column vc_column_container\"><div class=\"vc_column-inner\"><div class=\"wpb_wrapper\"><div class=\"wpb_text_column\"><div class=\"wpb_wrapper\"><h3><span style=\"font-weight: 400;\">Cils U Curl<\/span><\/h3>\n<p><span style=\"font-weight: 400;\">Les cils recourb\u00e9s en U ou les cils recourb\u00e9s en DD sont connus pour leur courbure \u00e0 180\u00b0, le cil se recourbant directement au milieu pour cr\u00e9er une forme en U. Cette courbure <\/span><a href=\"http:\/\/starseedmakeup.com\/fr\/\"><span style=\"font-weight: 400;\">extension de cils curvy <\/span><\/a><span style=\"font-weight: 400;\">est l'une des formes les plus importantes du tableau de courbure des cils. Les larges boucles de ce cil peuvent donner un aspect dramatique \u00e0 la personne qui le porte et soulever compl\u00e8tement ses cils naturels.\u00a0<\/span><\/p>\n<p><span style=\"font-weight: 400;\">La courbure des cils recourb\u00e9s peut cr\u00e9er un regard dynamique et plein de volume. Les personnes dont les cils naturels sont orient\u00e9s vers le bas peuvent ouvrir leur regard avec des cils recourb\u00e9s.\u00a0<\/span><\/p>\n<p><span style=\"font-weight: 400;\">Il est important de noter que la courbure peut irriter les personnes ayant des paupi\u00e8res \u00e0 capuchon, car la pointe des cils peut piquer leur peau. Heureusement, il existe des cils recourb\u00e9s plus courts pour les personnes ayant des paupi\u00e8res \u00e0 capuchon.<\/span><\/p>\n<\/div><\/div><\/div><\/div><\/div><\/div><\/div><\/div><\/div><\/div><\/div><\/section><section class=\"l-section wpb_row height_medium\"><div class=\"l-section-h i-cf\"><div class=\"g-cols vc_row via_flex valign_middle type_default stacking_default\"><div class=\"vc_col-sm-6 wpb_column vc_column_container\"><div class=\"vc_column-inner\"><div class=\"wpb_wrapper\"><div class=\"wpb_text_column\"><div class=\"wpb_wrapper\"><h2><strong>Faites de StarSeedMakeup votre fournisseur\u00a0<\/strong><\/h2>\n<p><span style=\"font-weight: 400;\">Vous avez du mal \u00e0 trouver <\/span><a href=\"http:\/\/starseedmakeup.com\/fr\/\"><span style=\"font-weight: 400;\">extensions de cils premium<\/span><\/a><span style=\"font-weight: 400;\"> pour votre marque ? Starseedmakeup dispose de toute la gamme de courbes de cils pour vous aider \u00e0 vous d\u00e9marquer sur le march\u00e9. Chaque cil que nous produisons est fabriqu\u00e9 dans nos ateliers exempts de toute contamination et soumis \u00e0 des tests de qualit\u00e9 et \u00e0 des inspections strictes.\u00a0<\/span><\/p>\n<p><span style=\"font-weight: 400;\">Starseedmakeup a pour objectif de soutenir votre activit\u00e9. Nous offrons une politique de qualit\u00e9 raisonnable sur nos cils, nous assurons une livraison \u00e0 temps et nous avons un approvisionnement r\u00e9gulier de cils de qualit\u00e9 sup\u00e9rieure pendant les p\u00e9riodes de pointe. Prenez contact avec nos consultants pour faire la diff\u00e9rence dans votre entreprise d\u00e8s aujourd'hui !<\/span><\/p>\n<\/div><\/div><\/div><\/div><\/div><div class=\"vc_col-sm-6 wpb_column vc_column_container\"><div class=\"vc_column-inner\"><div class=\"wpb_wrapper\"><div class=\"w-image align_none\"><div class=\"w-image-h\"><img width=\"463\" height=\"463\" src=\"http:\/\/starseedmakeup.com\/wp-content\/uploads\/2021\/04\/Hybrid-Eyelash-Extensions.jpg\" class=\"attachment-full size-full\" alt=\"Extensions de cils hybrides\" decoding=\"async\" loading=\"lazy\" srcset=\"http:\/\/starseedmakeup.com\/wp-content\/uploads\/2021\/04\/Hybrid-Eyelash-Extensions.jpg 463w, http:\/\/starseedmakeup.com\/wp-content\/uploads\/2021\/04\/Hybrid-Eyelash-Extensions-300x300.jpg 300w, http:\/\/starseedmakeup.com\/wp-content\/uploads\/2021\/04\/Hybrid-Eyelash-Extensions-150x150.jpg 150w\" sizes=\"(max-width: 463px) 100vw, 463px\" \/><\/div><\/div><\/div><\/div><\/div><\/div><\/div><\/section>","protected":false},"excerpt":{"rendered":"Eyelash Extension Curl Guide Guide Learn how different types of lash extensions curl work and allow yourself endless opportunities with your lash creativity! AccueilPagesKnow About Lash Curls There are a wide variety of eyelash curls in the market with different shapes, lengths, and curl thicknesses. By understanding the different curls in the market, you have...","protected":false},"author":1,"featured_media":0,"parent":0,"menu_order":0,"comment_status":"closed","ping_status":"closed","template":"","meta":[],"categories":[],"tags":[],"yoast_head":"<!-- This site is optimized with the Yoast SEO Premium plugin v20.5 (Yoast SEO v20.5) - https:\/\/yoast.com\/wordpress\/plugins\/seo\/ -->\n<title>Best Eyelash Extension Curl Guide Guide for Lash Business - Starseed<\/title>\n<meta name=\"description\" content=\"Understanding the different curls in the market, you have a good chance of drawing in numerous customers to your business.\" \/>\n<meta name=\"robots\" content=\"index, follow, max-snippet:-1, max-image-preview:large, max-video-preview:-1\" \/>\n<link rel=\"canonical\" href=\"http:\/\/starseedmakeup.com\/fr\/\u0443\u0434\u043b\u0438\u043d\u0435\u043d\u0438\u0435-\u0440\u0435\u0441\u043d\u0438\u0446-\u043a\u0443\u0440\u043a\u0430-\u0440\u0443\u043a\u043e\u0432\u043e\u0434\u0441\u0442\u0432\u043e\/\" \/>\n<meta property=\"og:locale\" content=\"fr_FR\" \/>\n<meta property=\"og:type\" content=\"article\" \/>\n<meta property=\"og:title\" content=\"Best Eyelash Extension Curl Guide Guide for Lash Business - Starseed\" \/>\n<meta property=\"og:description\" content=\"Understanding the different curls in the market, you have a good chance of drawing in numerous customers to your business.\" \/>\n<meta property=\"og:url\" content=\"http:\/\/starseedmakeup.com\/fr\/\u0443\u0434\u043b\u0438\u043d\u0435\u043d\u0438\u0435-\u0440\u0435\u0441\u043d\u0438\u0446-\u043a\u0443\u0440\u043a\u0430-\u0440\u0443\u043a\u043e\u0432\u043e\u0434\u0441\u0442\u0432\u043e\/\" \/>\n<meta property=\"og:site_name\" content=\"Starseed\" \/>\n<meta property=\"article:modified_time\" content=\"2021-10-05T10:28:20+00:00\" \/>\n<meta name=\"twitter:card\" content=\"summary_large_image\" \/>\n<meta name=\"twitter:label1\" content=\"Est. reading time\" \/>\n\t<meta name=\"twitter:data1\" content=\"4 minutes\" \/>\n<script type=\"application\/ld+json\" class=\"yoast-schema-graph\">{\"@context\":\"https:\/\/schema.org\",\"@graph\":[{\"@type\":\"WebPage\",\"@id\":\"http:\/\/starseedmakeup.com\/ru\/\u0443\u0434\u043b\u0438\u043d\u0435\u043d\u0438\u0435-\u0440\u0435\u0441\u043d\u0438\u0446-\u043a\u0443\u0440\u043a\u0430-\u0440\u0443\u043a\u043e\u0432\u043e\u0434\u0441\u0442\u0432\u043e\/\",\"url\":\"http:\/\/starseedmakeup.com\/ru\/\u0443\u0434\u043b\u0438\u043d\u0435\u043d\u0438\u0435-\u0440\u0435\u0441\u043d\u0438\u0446-\u043a\u0443\u0440\u043a\u0430-\u0440\u0443\u043a\u043e\u0432\u043e\u0434\u0441\u0442\u0432\u043e\/\",\"name\":\"Best Eyelash Extension Curl Guide Guide for Lash Business - Starseed\",\"isPartOf\":{\"@id\":\"http:\/\/starseedmakeup.com\/#website\"},\"datePublished\":\"2021-10-05T10:24:45+00:00\",\"dateModified\":\"2021-10-05T10:28:20+00:00\",\"description\":\"Understanding the different curls in the market, you have a good chance of drawing in numerous customers to your business.\",\"inLanguage\":\"fr-FR\",\"potentialAction\":[{\"@type\":\"ReadAction\",\"target\":[\"http:\/\/starseedmakeup.com\/ru\/\u0443\u0434\u043b\u0438\u043d\u0435\u043d\u0438\u0435-\u0440\u0435\u0441\u043d\u0438\u0446-\u043a\u0443\u0440\u043a\u0430-\u0440\u0443\u043a\u043e\u0432\u043e\u0434\u0441\u0442\u0432\u043e\/\"]}]},{\"@type\":\"WebSite\",\"@id\":\"http:\/\/starseedmakeup.com\/#website\",\"url\":\"http:\/\/starseedmakeup.com\/\",\"name\":\"Starseed\",\"description\":\"Just another WordPress site\",\"potentialAction\":[{\"@type\":\"SearchAction\",\"target\":{\"@type\":\"EntryPoint\",\"urlTemplate\":\"http:\/\/starseedmakeup.com\/?s={search_term_string}\"},\"query-input\":\"required name=search_term_string\"}],\"inLanguage\":\"fr-FR\"}]}<\/script>\n<!-- \/ Yoast SEO Premium plugin. -->","yoast_head_json":{"title":"Best Eyelash Extension Curl Guide Guide for Lash Business - Starseed","description":"Understanding the different curls in the market, you have a good chance of drawing in numerous customers to your business.","robots":{"index":"index","follow":"follow","max-snippet":"max-snippet:-1","max-image-preview":"max-image-preview:large","max-video-preview":"max-video-preview:-1"},"canonical":"http:\/\/starseedmakeup.com\/fr\/\u0443\u0434\u043b\u0438\u043d\u0435\u043d\u0438\u0435-\u0440\u0435\u0441\u043d\u0438\u0446-\u043a\u0443\u0440\u043a\u0430-\u0440\u0443\u043a\u043e\u0432\u043e\u0434\u0441\u0442\u0432\u043e\/","og_locale":"fr_FR","og_type":"article","og_title":"Best Eyelash Extension Curl Guide Guide for Lash Business - Starseed","og_description":"Understanding the different curls in the market, you have a good chance of drawing in numerous customers to your business.","og_url":"http:\/\/starseedmakeup.com\/fr\/\u0443\u0434\u043b\u0438\u043d\u0435\u043d\u0438\u0435-\u0440\u0435\u0441\u043d\u0438\u0446-\u043a\u0443\u0440\u043a\u0430-\u0440\u0443\u043a\u043e\u0432\u043e\u0434\u0441\u0442\u0432\u043e\/","og_site_name":"Starseed","article_modified_time":"2021-10-05T10:28:20+00:00","twitter_card":"summary_large_image","twitter_misc":{"Est. reading time":"4 minutes"},"schema":{"@context":"https:\/\/schema.org","@graph":[{"@type":"WebPage","@id":"http:\/\/starseedmakeup.com\/ru\/\u0443\u0434\u043b\u0438\u043d\u0435\u043d\u0438\u0435-\u0440\u0435\u0441\u043d\u0438\u0446-\u043a\u0443\u0440\u043a\u0430-\u0440\u0443\u043a\u043e\u0432\u043e\u0434\u0441\u0442\u0432\u043e\/","url":"http:\/\/starseedmakeup.com\/ru\/\u0443\u0434\u043b\u0438\u043d\u0435\u043d\u0438\u0435-\u0440\u0435\u0441\u043d\u0438\u0446-\u043a\u0443\u0440\u043a\u0430-\u0440\u0443\u043a\u043e\u0432\u043e\u0434\u0441\u0442\u0432\u043e\/","name":"Best Eyelash Extension Curl Guide Guide for Lash Business - Starseed","isPartOf":{"@id":"http:\/\/starseedmakeup.com\/#website"},"datePublished":"2021-10-05T10:24:45+00:00","dateModified":"2021-10-05T10:28:20+00:00","description":"Understanding the different curls in the market, you have a good chance of drawing in numerous customers to your business.","inLanguage":"fr-FR","potentialAction":[{"@type":"ReadAction","target":["http:\/\/starseedmakeup.com\/ru\/\u0443\u0434\u043b\u0438\u043d\u0435\u043d\u0438\u0435-\u0440\u0435\u0441\u043d\u0438\u0446-\u043a\u0443\u0440\u043a\u0430-\u0440\u0443\u043a\u043e\u0432\u043e\u0434\u0441\u0442\u0432\u043e\/"]}]},{"@type":"WebSite","@id":"http:\/\/starseedmakeup.com\/#website","url":"http:\/\/starseedmakeup.com\/","name":"Starseed","description":"Just another WordPress site","potentialAction":[{"@type":"SearchAction","target":{"@type":"EntryPoint","urlTemplate":"http:\/\/starseedmakeup.com\/?s={search_term_string}"},"query-input":"required name=search_term_string"}],"inLanguage":"fr-FR"}]}},"_links":{"self":[{"href":"http:\/\/starseedmakeup.com\/fr\/wp-json\/wp\/v2\/pages\/8473"}],"collection":[{"href":"http:\/\/starseedmakeup.com\/fr\/wp-json\/wp\/v2\/pages"}],"about":[{"href":"http:\/\/starseedmakeup.com\/fr\/wp-json\/wp\/v2\/types\/page"}],"author":[{"embeddable":true,"href":"http:\/\/starseedmakeup.com\/fr\/wp-json\/wp\/v2\/users\/1"}],"replies":[{"embeddable":true,"href":"http:\/\/starseedmakeup.com\/fr\/wp-json\/wp\/v2\/comments?post=8473"}],"version-history":[{"count":3,"href":"http:\/\/starseedmakeup.com\/fr\/wp-json\/wp\/v2\/pages\/8473\/revisions"}],"predecessor-version":[{"id":8484,"href":"http:\/\/starseedmakeup.com\/fr\/wp-json\/wp\/v2\/pages\/8473\/revisions\/8484"}],"wp:attachment":[{"href":"http:\/\/starseedmakeup.com\/fr\/wp-json\/wp\/v2\/media?parent=8473"}],"wp:term":[{"taxonomy":"category","embeddable":true,"href":"http:\/\/starseedmakeup.com\/fr\/wp-json\/wp\/v2\/categories?post=8473"},{"taxonomy":"post_tag","embeddable":true,"href":"http:\/\/starseedmakeup.com\/fr\/wp-json\/wp\/v2\/tags?post=8473"}],"curies":[{"name":"wp","href":"https:\/\/api.w.org\/{rel}","templated":true}]}}